{"id":1795,"date":"2017-01-12T21:11:41","date_gmt":"2017-01-12T20:11:41","guid":{"rendered":"https:\/\/woo.audacieuse-galerie.ch\/produit\/kurs-fuer-anfaenger\/"},"modified":"2026-03-15T14:49:13","modified_gmt":"2026-03-15T13:49:13","slug":"kurs-fuer-anfaenger","status":"publish","type":"product","link":"https:\/\/www.audacieuse-galerie.ch\/de\/produit\/kurs-fuer-anfaenger\/","title":{"rendered":"Individueller Einsteiger Fotokurs"},"content":{"rendered":"<h2>Dein Anf\u00e4nger-Fotokurs<\/h2>\n<p>G\u00f6nnen Sie sich eine exklusive fotografische Einf\u00fchrung, die f\u00fcr diejenigen gedacht ist, die die Fotografie einfach angehen m\u00f6chten.<\/p>\n<p>Dieser einst\u00fcndige Einzelfotokurs, der f\u00fcr Anf\u00e4nger gedacht ist, bietet Ihnen einen privilegierten Moment des Lernens. Sie gewinnen ein tiefgehendes Verst\u00e4ndnis Ihrer DSLR oder spiegellosen Kamera, beherrschen alle wichtigen Einstellungen und entdecken die Tricks, die Amateurfotografen von Profis unterscheiden. <\/p>\n<p>Begleitet von einem renommierten Fotografen profitieren Sie von ma\u00dfgeschneidertem Unterricht, der an Ihr Tempo, Ihre Ausr\u00fcstung und Ihre k\u00fcnstlerische Sensibilit\u00e4t angepasst ist.<\/p>\n<h2>Eine vollst\u00e4ndige, zug\u00e4ngliche und strukturierte Initiation<\/h2>\n<p>Dieser hochwertige Kurs konzentriert sich darauf, Ihre Digitalkamera klar und progressiv zu erlernen, auf einen einfachen, fl\u00fcssigen und umfassenden Ansatz.<\/p>\n<p>Sie verlassen den automatischen Modus, um das volle Potenzial Ihrer Kamera zu erkunden und jede n\u00fctzliche Funktion f\u00fcr Ihre zuk\u00fcnftigen Fotos zu meistern.<\/p>\n<p>Dieser einst\u00fcndige Kurs wird auf Franz\u00f6sisch im Zentrum von Carouge in einer eleganten Umgebung unterrichtet, die die Konzentration f\u00f6rdert.<\/p>\n<h2>Was du in der Praxis lernen wirst<\/h2>\n<ul>\n<li>Stellen Sie Ihr Ger\u00e4t selbstbewusst und ohne Z\u00f6gern ein<\/li>\n<li>W\u00e4hle die perfekten Schaupl\u00e4tze f\u00fcr jede Szene<\/li>\n<li>Beherrschung von Fokus, Belichtung und Licht<\/li>\n<li>Spielen mit Zeit und Sch\u00e4rfentiefe f\u00fcr kreativere Bilder<\/li>\n<li>Verstehe, wie jede Umgebung funktioniert und wie sie deine Fotografie beeinflusst<\/li>\n<li>Lerne fortgeschrittene Techniken wie Bracketing, HDR und Arbeit bei wenig Licht kennen<\/li>\n<li>Verbessern Sie sofort die Komposition, die Rahmung und die visuelle Wirkung Ihrer Bilder<\/li>\n<\/ul>\n<p>Jedes Konzept wird klar erkl\u00e4rt, mit konkreten Beispielen illustriert und auf der eigenen Ausr\u00fcstung umgesetzt.<\/p>\n<h2>Kursdetails \u2013 1 Stunde gef\u00fchrte \u00dcbung<\/h2>\n<ul>\n<li>Auswahl Ihrer Fotoausr\u00fcstung entsprechend ihrer Verwendung<\/li>\n<li>Verst\u00e4ndnis von ISO, Farbkorrektur und ersten Anpassungen<\/li>\n<li>Beherrsche die <strong>P\/A\/S\/M-Modi der Kamera<\/strong><\/li>\n<li>Nutze effektiv manuellen Fokus und einen anderen Autofokus<\/li>\n<li>Verst\u00e4ndnis der Sch\u00e4rfentiefe: Membran, Brennweite und Entfernung zum Motiv<\/li>\n<li>Strukturiere deine Bilder: Plan, Sch\u00e4rfe und Sch\u00e4rfentiefe<\/li>\n<li>Mit der Zeit spielen: lange Belichtungen, Schwenken und Bewegung<\/li>\n<li>Lesen und Verst\u00e4ndnis von nat\u00fcrlichem und k\u00fcnstlichem Licht<\/li>\n<li>Verstehen Sie die Vorteile von RAW- und JPG-Kompression<\/li>\n<li>Beherrschung des Rahmens, der Komposition und der Weiterentwicklung eines Themas<\/li>\n<\/ul>\n<h2>Warum diesen Kurs w\u00e4hlen?<\/h2>\n<ul>\n<li><strong>Exklusivit\u00e4t<\/strong> : individuelle, ma\u00dfgeschneiderte und personalisierte Lektionen<\/li>\n<li><strong>Effizienz<\/strong> : Alle wesentlichen Inhalte in 1 Stunde komprimiert<\/li>\n<li><strong>Selbstvertrauen und Autonomie<\/strong> : Gehen Sie mit allen Schl\u00fcsseln nach Hause, um mit Selbstvertrauen zu fotografieren<\/li>\n<li><strong>Premium-Support<\/strong> : Beratung durch einen professionellen Fotografen<\/li>\n<\/ul>\n<h2>Online-Buchung<\/h2>\n<p>Diese Sitzung kann <strong>direkt online und ganz einfach gebucht werden<\/strong>.  <strong>Buchen Sie <\/strong><strong>jetzt Ihren individuellen Fotokurs<\/strong><strong>. W\u00e4hlen Sie Ihren Termin, best\u00e4tigen Sie Ihre Reservierung und g\u00f6nnen Sie sich eine <strong>exklusive fotografische Begleitung<\/strong>, die das Potenzial Ihres Blicks voll entfalten soll.<\/strong> <\/p>\n<p>&nbsp;<\/p>\n","protected":false},"excerpt":{"rendered":"<p>G\u00f6nnen Sie sich eine einst\u00fcndige Premium-Eins-zu-eins-Fotografie-Einf\u00fchrung, die speziell f\u00fcr Anf\u00e4nger konzipiert ist. Dieser Kurs erm\u00f6glicht es Ihnen, Ihre DSLR oder spiegellose Kamera kennenzulernen, den automatischen Modus zu verlassen und alle wichtigen Funktionen mit professionellem und pers\u00f6nlichem Support zu erkunden. Du lernst, wie du Sch\u00e4rfentiefe, Blende, Zeit und Licht beherrschst sowie alle wesentlichen Funktionen f\u00fcr elegante Fotografien. Eine vollst\u00e4ndige, zug\u00e4ngliche und praktische Session, die Ihnen alle Schl\u00fcssel gibt, um von der ersten Stunde an mit Selbstvertrauen und Kreativit\u00e4t zu fotografieren.   <\/p>\n","protected":false},"featured_media":1790,"comment_status":"open","ping_status":"closed","template":"","meta":{"_glsr_average":0,"_glsr_ranking":0,"_glsr_reviews":0,"jetpack_publicize_message":"","jetpack_publicize_feature_enabled":true,"jetpack_social_post_already_shared":true,"jetpack_social_options":{"image_generator_settings":{"template":"highway","default_image_id":0,"font":"","enabled":false},"version":2}},"product_brand":[],"product_cat":[51,180],"product_tag":[],"class_list":{"0":"post-1795","1":"product","2":"type-product","3":"status-publish","4":"has-post-thumbnail","6":"product_cat-familienfotos","7":"product_cat-ihr-fotokurs-in-carouge-ge","8":"pa_nombredestagiaires-1auszubildende-de","9":"pa_nombredheuresdeformation-1stunde-de","10":"bookacti-activity","12":"first","13":"instock","14":"sale","15":"downloadable","16":"virtual","17":"taxable","18":"purchasable","19":"product-type-simple"},"yoast_head":"<!-- This site is optimized with the Yoast SEO plugin v27.4 - https:\/\/yoast.com\/product\/yoast-seo-wordpress\/ -->\n<title>Einzelfotokurs \u2013 Anf\u00e4nger in Carouge Genf<\/title>\n<meta name=\"description\" content=\"Einzelfotounterricht f\u00fcr Anf\u00e4nger. Lerne mit einem professionellen Fotografen, wie du deine Kamera und die wichtigsten Einstellungen in einer Stunde meisterst.\" \/>\n<meta name=\"robots\" content=\"index, follow, max-snippet:-1, max-image-preview:large, max-video-preview:-1\" \/>\n<link rel=\"canonical\" href=\"https:\/\/www.audacieuse-galerie.ch\/de\/produit\/kurs-fuer-anfaenger\/\" \/>\n<meta property=\"og:locale\" content=\"de_DE\" \/>\n<meta property=\"og:type\" content=\"article\" \/>\n<meta property=\"og:title\" content=\"Einzelfotokurs \u2013 Anf\u00e4nger in Carouge Genf\" \/>\n<meta property=\"og:description\" content=\"Einzelfotounterricht f\u00fcr Anf\u00e4nger. Lerne mit einem professionellen Fotografen, wie du deine Kamera und die wichtigsten Einstellungen in einer Stunde meisterst.\" \/>\n<meta property=\"og:url\" content=\"https:\/\/www.audacieuse-galerie.ch\/de\/produit\/kurs-fuer-anfaenger\/\" \/>\n<meta property=\"og:site_name\" content=\"Audacieuse-Galerie\" \/>\n<meta property=\"article:publisher\" content=\"https:\/\/www.facebook.com\/audacieuse.galerie\" \/>\n<meta property=\"article:modified_time\" content=\"2026-03-15T13:49:13+00:00\" \/>\n<meta property=\"og:image\" content=\"https:\/\/www.audacieuse-galerie.ch\/wp-content\/uploads\/2017\/01\/183-Cours-photo-debutant.jpg\" \/>\n\t<meta property=\"og:image:width\" content=\"1000\" \/>\n\t<meta property=\"og:image:height\" content=\"1000\" \/>\n\t<meta property=\"og:image:type\" content=\"image\/jpeg\" \/>\n<meta name=\"twitter:card\" content=\"summary_large_image\" \/>\n<meta name=\"twitter:label1\" content=\"Gesch\u00e4tzte Lesezeit\" \/>\n\t<meta name=\"twitter:data1\" content=\"3 Minuten\" \/>\n<script type=\"application\/ld+json\" class=\"yoast-schema-graph\">{\"@context\":\"https:\\\/\\\/schema.org\",\"@graph\":[{\"@type\":\"ImageObject\",\"inLanguage\":\"de\",\"@id\":\"https:\\\/\\\/www.audacieuse-galerie.ch\\\/de\\\/produit\\\/kurs-fuer-anfaenger\\\/#primaryimage\",\"url\":\"https:\\\/\\\/www.audacieuse-galerie.ch\\\/wp-content\\\/uploads\\\/2017\\\/01\\\/183-Cours-photo-debutant.jpg\",\"contentUrl\":\"https:\\\/\\\/www.audacieuse-galerie.ch\\\/wp-content\\\/uploads\\\/2017\\\/01\\\/183-Cours-photo-debutant.jpg\",\"width\":1000,\"height\":1000,\"caption\":\"Fotokurs f\u00fcr Anf\u00e4nger\"}]}<\/script>\n<!-- \/ Yoast SEO plugin. -->","yoast_head_json":{"title":"Einzelfotokurs \u2013 Anf\u00e4nger in Carouge Genf","description":"Einzelfotounterricht f\u00fcr Anf\u00e4nger. Lerne mit einem professionellen Fotografen, wie du deine Kamera und die wichtigsten Einstellungen in einer Stunde meisterst.","robots":{"index":"index","follow":"follow","max-snippet":"max-snippet:-1","max-image-preview":"max-image-preview:large","max-video-preview":"max-video-preview:-1"},"canonical":"https:\/\/www.audacieuse-galerie.ch\/de\/produit\/kurs-fuer-anfaenger\/","og_locale":"de_DE","og_type":"article","og_title":"Einzelfotokurs \u2013 Anf\u00e4nger in Carouge Genf","og_description":"Einzelfotounterricht f\u00fcr Anf\u00e4nger. Lerne mit einem professionellen Fotografen, wie du deine Kamera und die wichtigsten Einstellungen in einer Stunde meisterst.","og_url":"https:\/\/www.audacieuse-galerie.ch\/de\/produit\/kurs-fuer-anfaenger\/","og_site_name":"Audacieuse-Galerie","article_publisher":"https:\/\/www.facebook.com\/audacieuse.galerie","article_modified_time":"2026-03-15T13:49:13+00:00","og_image":[{"width":1000,"height":1000,"url":"https:\/\/www.audacieuse-galerie.ch\/wp-content\/uploads\/2017\/01\/183-Cours-photo-debutant.jpg","type":"image\/jpeg"}],"twitter_card":"summary_large_image","twitter_misc":{"Gesch\u00e4tzte Lesezeit":"3 Minuten"},"schema":{"@context":"https:\/\/schema.org","@graph":[{"@type":"ImageObject","inLanguage":"de","@id":"https:\/\/www.audacieuse-galerie.ch\/de\/produit\/kurs-fuer-anfaenger\/#primaryimage","url":"https:\/\/www.audacieuse-galerie.ch\/wp-content\/uploads\/2017\/01\/183-Cours-photo-debutant.jpg","contentUrl":"https:\/\/www.audacieuse-galerie.ch\/wp-content\/uploads\/2017\/01\/183-Cours-photo-debutant.jpg","width":1000,"height":1000,"caption":"Fotokurs f\u00fcr Anf\u00e4nger"}]}},"jetpack_publicize_connections":[],"_links":{"self":[{"href":"https:\/\/www.audacieuse-galerie.ch\/de\/wp-json\/wp\/v2\/product\/1795","targetHints":{"allow":["GET"]}}],"collection":[{"href":"https:\/\/www.audacieuse-galerie.ch\/de\/wp-json\/wp\/v2\/product"}],"about":[{"href":"https:\/\/www.audacieuse-galerie.ch\/de\/wp-json\/wp\/v2\/types\/product"}],"replies":[{"embeddable":true,"href":"https:\/\/www.audacieuse-galerie.ch\/de\/wp-json\/wp\/v2\/comments?post=1795"}],"version-history":[{"count":0,"href":"https:\/\/www.audacieuse-galerie.ch\/de\/wp-json\/wp\/v2\/product\/1795\/revisions"}],"wp:featuredmedia":[{"embeddable":true,"href":"https:\/\/www.audacieuse-galerie.ch\/de\/wp-json\/wp\/v2\/media\/1790"}],"wp:attachment":[{"href":"https:\/\/www.audacieuse-galerie.ch\/de\/wp-json\/wp\/v2\/media?parent=1795"}],"wp:term":[{"taxonomy":"product_brand","embeddable":true,"href":"https:\/\/www.audacieuse-galerie.ch\/de\/wp-json\/wp\/v2\/product_brand?post=1795"},{"taxonomy":"product_cat","embeddable":true,"href":"https:\/\/www.audacieuse-galerie.ch\/de\/wp-json\/wp\/v2\/product_cat?post=1795"},{"taxonomy":"product_tag","embeddable":true,"href":"https:\/\/www.audacieuse-galerie.ch\/de\/wp-json\/wp\/v2\/product_tag?post=1795"}],"curies":[{"name":"wp","href":"https:\/\/api.w.org\/{rel}","templated":true}]}}