{"id":17995,"date":"2017-06-20T08:37:23","date_gmt":"2017-06-20T06:37:23","guid":{"rendered":"https:\/\/woo.audacieuse-galerie.ch\/produit\/miroir-vanitae-2\/"},"modified":"2025-06-05T14:02:49","modified_gmt":"2025-06-05T12:02:49","slug":"miroir-vanitae-2","status":"publish","type":"product","link":"https:\/\/www.audacieuse-galerie.ch\/de\/produit\/miroir-vanitae-2\/","title":{"rendered":"Vanitae Spiegel"},"content":{"rendered":"<p>Im zehnten Panel der Serie, nach dem Angriff des Oktopus auf den Geist, ist es an der Zeit, das Gesicht des Todes in einer scharfen Reflexion zu konfrontieren. Als eindringliche Erinnerung an die Eitelkeit aller Dinge und an das eigene Fleisch \u00fcberhaupt. Sch\u00f6nheit, der sechste Sephiroth (Tiphereth = Harmonie, Licht) als einzige Antwort auf diesen Abgrund, die Jungfrau l\u00e4dt uns zu dieser introspektiven Reise und zum gef\u00e4hrlichen Angesicht von Angesicht zu Angesicht mit ihrem eigenen Nichts ein!  <\/p>\n","protected":false},"excerpt":{"rendered":"<p>Nach dem Angriff des Oktopus auf den Geist ist die Zeit gekommen, das Antlitz des Todes in einer scharfen Reflexion zu konfrontieren. Als einzige Antwort auf diesen Abgrund l\u00e4dt uns die Jungfrau zu dieser introspektiven Reise und zum Gef\u00e4hrlichen von Angesicht zu Angesicht mit ihrem eigenen Nichts ein! Serie: Das M\u00e4dchen und der Tod  <\/p>\n","protected":false},"featured_media":17972,"comment_status":"open","ping_status":"closed","template":"","meta":{"_glsr_average":0,"_glsr_ranking":0,"_glsr_reviews":0,"jetpack_publicize_message":"","jetpack_publicize_feature_enabled":true,"jetpack_social_post_already_shared":true,"jetpack_social_options":{"image_generator_settings":{"template":"highway","default_image_id":0,"font":"","enabled":false},"version":2}},"product_brand":[],"product_cat":[177,111,2233,153,132],"product_tag":[],"class_list":{"0":"post-17995","1":"product","2":"type-product","3":"status-publish","4":"has-post-thumbnail","6":"product_cat-experimentelle-methoden","7":"product_cat-farben","8":"product_cat-fotograf-maximilien-minsk","9":"product_cat-grafik","10":"product_cat-portraets","11":"pa_dimensions-65x100cm-de","12":"pa_encadrements-dunklesholz-de","13":"pa_encadrements-farben-de","14":"pa_encadrements-grau-de","15":"pa_encadrements-hellesholz-de","16":"pa_encadrements-keinen-de","17":"pa_encadrements-schwarz-de","18":"pa_encadrements-weiss-de","19":"pa_oeuvresnumerotees_limitees-10exemplaren-de","20":"pa_protectionfinitionsupport-druckunterglasacrylglass-de","21":"pa_protectionfinitionsupport-20-kunstpapieraufdibondr_alu-de","22":"pa_protectionfinitionsupport-e4-kunstpapieraufholzplatteu-de","23":"pa_techniquesphotographiques-alternativeprozesse-de","24":"pa_techniquesphotographiques-farbe-de","25":"pa_themesphotographiques-grafik-de","26":"pa_themesphotographiques-portrat-de","27":"pa_themesphotographiques-tierwelt-de","29":"first","30":"instock","31":"taxable","32":"shipping-taxable","33":"purchasable","34":"product-type-variable","35":"has-default-attributes"},"yoast_head":"<!-- This site is optimized with the Yoast SEO plugin v27.4 - https:\/\/yoast.com\/product\/yoast-seo-wordpress\/ -->\n<title>Vanitae Spiegel - Audacieuse-Galerie<\/title>\n<meta name=\"description\" content=\"Vanitae Spiegel - Audacieuse-Galerie\" \/>\n<meta name=\"robots\" content=\"index, follow, max-snippet:-1, max-image-preview:large, max-video-preview:-1\" \/>\n<link rel=\"canonical\" href=\"https:\/\/www.audacieuse-galerie.ch\/de\/produit\/miroir-vanitae-2\/\" \/>\n<meta property=\"og:locale\" content=\"de_DE\" \/>\n<meta property=\"og:type\" content=\"article\" \/>\n<meta property=\"og:title\" content=\"Vanitae Spiegel - Audacieuse-Galerie\" \/>\n<meta property=\"og:description\" content=\"Vanitae Spiegel - Audacieuse-Galerie\" \/>\n<meta property=\"og:url\" content=\"https:\/\/www.audacieuse-galerie.ch\/de\/produit\/miroir-vanitae-2\/\" \/>\n<meta property=\"og:site_name\" content=\"Audacieuse-Galerie\" \/>\n<meta property=\"article:publisher\" content=\"https:\/\/www.facebook.com\/audacieuse.galerie\" \/>\n<meta property=\"article:modified_time\" content=\"2025-06-05T12:02:49+00:00\" \/>\n<meta property=\"og:image\" content=\"https:\/\/www.audacieuse-galerie.ch\/wp-content\/uploads\/2017\/06\/275-Miroir-Vanitae.jpg\" \/>\n\t<meta property=\"og:image:width\" content=\"650\" \/>\n\t<meta property=\"og:image:height\" content=\"1000\" \/>\n\t<meta property=\"og:image:type\" content=\"image\/jpeg\" \/>\n<meta name=\"twitter:card\" content=\"summary_large_image\" \/>\n<script type=\"application\/ld+json\" class=\"yoast-schema-graph\">{\"@context\":\"https:\\\/\\\/schema.org\",\"@graph\":[{\"@type\":\"ImageObject\",\"inLanguage\":\"de\",\"@id\":\"https:\\\/\\\/www.audacieuse-galerie.ch\\\/de\\\/produit\\\/miroir-vanitae-2\\\/#primaryimage\",\"url\":\"https:\\\/\\\/www.audacieuse-galerie.ch\\\/wp-content\\\/uploads\\\/2017\\\/06\\\/275-Miroir-Vanitae.jpg\",\"contentUrl\":\"https:\\\/\\\/www.audacieuse-galerie.ch\\\/wp-content\\\/uploads\\\/2017\\\/06\\\/275-Miroir-Vanitae.jpg\",\"width\":650,\"height\":1000,\"caption\":\"Vanitae Spiegel\"}]}<\/script>\n<!-- \/ Yoast SEO plugin. -->","yoast_head_json":{"title":"Vanitae Spiegel - Audacieuse-Galerie","description":"Vanitae Spiegel - Audacieuse-Galerie","robots":{"index":"index","follow":"follow","max-snippet":"max-snippet:-1","max-image-preview":"max-image-preview:large","max-video-preview":"max-video-preview:-1"},"canonical":"https:\/\/www.audacieuse-galerie.ch\/de\/produit\/miroir-vanitae-2\/","og_locale":"de_DE","og_type":"article","og_title":"Vanitae Spiegel - Audacieuse-Galerie","og_description":"Vanitae Spiegel - Audacieuse-Galerie","og_url":"https:\/\/www.audacieuse-galerie.ch\/de\/produit\/miroir-vanitae-2\/","og_site_name":"Audacieuse-Galerie","article_publisher":"https:\/\/www.facebook.com\/audacieuse.galerie","article_modified_time":"2025-06-05T12:02:49+00:00","og_image":[{"width":650,"height":1000,"url":"https:\/\/www.audacieuse-galerie.ch\/wp-content\/uploads\/2017\/06\/275-Miroir-Vanitae.jpg","type":"image\/jpeg"}],"twitter_card":"summary_large_image","schema":{"@context":"https:\/\/schema.org","@graph":[{"@type":"ImageObject","inLanguage":"de","@id":"https:\/\/www.audacieuse-galerie.ch\/de\/produit\/miroir-vanitae-2\/#primaryimage","url":"https:\/\/www.audacieuse-galerie.ch\/wp-content\/uploads\/2017\/06\/275-Miroir-Vanitae.jpg","contentUrl":"https:\/\/www.audacieuse-galerie.ch\/wp-content\/uploads\/2017\/06\/275-Miroir-Vanitae.jpg","width":650,"height":1000,"caption":"Vanitae Spiegel"}]}},"jetpack_publicize_connections":[],"_links":{"self":[{"href":"https:\/\/www.audacieuse-galerie.ch\/de\/wp-json\/wp\/v2\/product\/17995","targetHints":{"allow":["GET"]}}],"collection":[{"href":"https:\/\/www.audacieuse-galerie.ch\/de\/wp-json\/wp\/v2\/product"}],"about":[{"href":"https:\/\/www.audacieuse-galerie.ch\/de\/wp-json\/wp\/v2\/types\/product"}],"replies":[{"embeddable":true,"href":"https:\/\/www.audacieuse-galerie.ch\/de\/wp-json\/wp\/v2\/comments?post=17995"}],"version-history":[{"count":0,"href":"https:\/\/www.audacieuse-galerie.ch\/de\/wp-json\/wp\/v2\/product\/17995\/revisions"}],"wp:featuredmedia":[{"embeddable":true,"href":"https:\/\/www.audacieuse-galerie.ch\/de\/wp-json\/wp\/v2\/media\/17972"}],"wp:attachment":[{"href":"https:\/\/www.audacieuse-galerie.ch\/de\/wp-json\/wp\/v2\/media?parent=17995"}],"wp:term":[{"taxonomy":"product_brand","embeddable":true,"href":"https:\/\/www.audacieuse-galerie.ch\/de\/wp-json\/wp\/v2\/product_brand?post=17995"},{"taxonomy":"product_cat","embeddable":true,"href":"https:\/\/www.audacieuse-galerie.ch\/de\/wp-json\/wp\/v2\/product_cat?post=17995"},{"taxonomy":"product_tag","embeddable":true,"href":"https:\/\/www.audacieuse-galerie.ch\/de\/wp-json\/wp\/v2\/product_tag?post=17995"}],"curies":[{"name":"wp","href":"https:\/\/api.w.org\/{rel}","templated":true}]}}