{"id":18202,"date":"2017-06-20T21:02:23","date_gmt":"2017-06-20T19:02:23","guid":{"rendered":"https:\/\/woo.audacieuse-galerie.ch\/produit\/octopuss-2\/"},"modified":"2025-06-05T12:17:02","modified_gmt":"2025-06-05T10:17:02","slug":"octopuss-2","status":"publish","type":"product","link":"https:\/\/www.audacieuse-galerie.ch\/de\/produit\/octopuss-2\/","title":{"rendered":"Oktopus"},"content":{"rendered":"<p style=\"margin-bottom:0cm;\">Es ist die neunte Tafel der Serie und stellt die Allegorie der Psyche dar, die ihren unbeantworteten Fragen zum Opfer f\u00e4llt. Die tentakelartige Verflechtung des Kopff\u00fc\u00dfers (cephalus = Gehirn = Psyche) mit dem &#8222;M\u00e4dchen&#8220; illustriert den komplexen Angriff des Geistes, der vergeblich nach Antworten auf existenzielle Fragen sucht. Der Tod, diese unheilbare Antwort auf den Einwand des Lebens. Die Trottel, diese starren, obsessiven und berauschenden Ideen, die den Geist wie so viele \u00c4ngste fesseln und jedes m\u00f6gliche Urteil verwischen!  <\/p>\n","protected":false},"excerpt":{"rendered":"<p style=\"margin-bottom:0cm;\">Die tentakelartige Verflechtung des Kopff\u00fc\u00dfers (cephalus = Gehirn = Psyche) mit dem &#8222;M\u00e4dchen&#8220; illustriert den komplexen Angriff des Geistes, der vergeblich nach Antworten auf existenzielle Fragen sucht.<\/p>\n","protected":false},"featured_media":18179,"comment_status":"open","ping_status":"closed","template":"","meta":{"_glsr_average":0,"_glsr_ranking":0,"_glsr_reviews":0,"jetpack_publicize_message":"","jetpack_publicize_feature_enabled":true,"jetpack_social_post_already_shared":true,"jetpack_social_options":{"image_generator_settings":{"template":"highway","default_image_id":0,"font":"","enabled":false},"version":2}},"product_brand":[],"product_cat":[177,111,2233,171,132,243],"product_tag":[],"class_list":{"0":"post-18202","1":"product","2":"type-product","3":"status-publish","4":"has-post-thumbnail","6":"product_cat-experimentelle-methoden","7":"product_cat-farben","8":"product_cat-fotograf-maximilien-minsk","9":"product_cat-kunstlerischen-aktfotografien","10":"product_cat-portraets","11":"product_cat-tierwelt","12":"pa_dimensions-68x100cm-de","13":"pa_encadrements-dunklesholz-de","14":"pa_encadrements-farben-de","15":"pa_encadrements-grau-de","16":"pa_encadrements-hellesholz-de","17":"pa_encadrements-keinen-de","18":"pa_encadrements-schwarz-de","19":"pa_encadrements-weiss-de","20":"pa_oeuvresnumerotees_limitees-10exemplaren-de","21":"pa_protectionfinitionsupport-druckunterglasacrylglass-de","22":"pa_protectionfinitionsupport-20-kunstpapieraufdibondr_alu-de","23":"pa_protectionfinitionsupport-e4-kunstpapieraufholzplatteu-de","24":"pa_techniquesphotographiques-alternativeprozesse-de","25":"pa_techniquesphotographiques-farbe-de","26":"pa_themesphotographiques-grafik-de","27":"pa_themesphotographiques-nackt-de","28":"pa_themesphotographiques-portrat-de","30":"first","31":"instock","32":"taxable","33":"shipping-taxable","34":"purchasable","35":"product-type-variable","36":"has-default-attributes"},"yoast_head":"<!-- This site is optimized with the Yoast SEO plugin v27.4 - https:\/\/yoast.com\/product\/yoast-seo-wordpress\/ -->\n<title>Oktopus - Audacieuse-Galerie<\/title>\n<meta name=\"description\" content=\"Oktopus - Audacieuse-Galerie\" \/>\n<meta name=\"robots\" content=\"index, follow, max-snippet:-1, max-image-preview:large, max-video-preview:-1\" \/>\n<link rel=\"canonical\" href=\"https:\/\/www.audacieuse-galerie.ch\/de\/produit\/octopuss-2\/\" \/>\n<meta property=\"og:locale\" content=\"de_DE\" \/>\n<meta property=\"og:type\" content=\"article\" \/>\n<meta property=\"og:title\" content=\"Oktopus - Audacieuse-Galerie\" \/>\n<meta property=\"og:description\" content=\"Oktopus - Audacieuse-Galerie\" \/>\n<meta property=\"og:url\" content=\"https:\/\/www.audacieuse-galerie.ch\/de\/produit\/octopuss-2\/\" \/>\n<meta property=\"og:site_name\" content=\"Audacieuse-Galerie\" \/>\n<meta property=\"article:publisher\" content=\"https:\/\/www.facebook.com\/audacieuse.galerie\" \/>\n<meta property=\"article:modified_time\" content=\"2025-06-05T10:17:02+00:00\" \/>\n<meta property=\"og:image\" content=\"https:\/\/www.audacieuse-galerie.ch\/wp-content\/uploads\/2017\/06\/278-Octopuss.jpg\" \/>\n\t<meta property=\"og:image:width\" content=\"685\" \/>\n\t<meta property=\"og:image:height\" content=\"1000\" \/>\n\t<meta property=\"og:image:type\" content=\"image\/jpeg\" \/>\n<meta name=\"twitter:card\" content=\"summary_large_image\" \/>\n<script type=\"application\/ld+json\" class=\"yoast-schema-graph\">{\"@context\":\"https:\\\/\\\/schema.org\",\"@graph\":[{\"@type\":\"ImageObject\",\"inLanguage\":\"de\",\"@id\":\"https:\\\/\\\/www.audacieuse-galerie.ch\\\/de\\\/produit\\\/octopuss-2\\\/#primaryimage\",\"url\":\"https:\\\/\\\/www.audacieuse-galerie.ch\\\/wp-content\\\/uploads\\\/2017\\\/06\\\/278-Octopuss.jpg\",\"contentUrl\":\"https:\\\/\\\/www.audacieuse-galerie.ch\\\/wp-content\\\/uploads\\\/2017\\\/06\\\/278-Octopuss.jpg\",\"width\":685,\"height\":1000,\"caption\":\"Oktopus\"}]}<\/script>\n<!-- \/ Yoast SEO plugin. -->","yoast_head_json":{"title":"Oktopus - Audacieuse-Galerie","description":"Oktopus - Audacieuse-Galerie","robots":{"index":"index","follow":"follow","max-snippet":"max-snippet:-1","max-image-preview":"max-image-preview:large","max-video-preview":"max-video-preview:-1"},"canonical":"https:\/\/www.audacieuse-galerie.ch\/de\/produit\/octopuss-2\/","og_locale":"de_DE","og_type":"article","og_title":"Oktopus - Audacieuse-Galerie","og_description":"Oktopus - Audacieuse-Galerie","og_url":"https:\/\/www.audacieuse-galerie.ch\/de\/produit\/octopuss-2\/","og_site_name":"Audacieuse-Galerie","article_publisher":"https:\/\/www.facebook.com\/audacieuse.galerie","article_modified_time":"2025-06-05T10:17:02+00:00","og_image":[{"width":685,"height":1000,"url":"https:\/\/www.audacieuse-galerie.ch\/wp-content\/uploads\/2017\/06\/278-Octopuss.jpg","type":"image\/jpeg"}],"twitter_card":"summary_large_image","schema":{"@context":"https:\/\/schema.org","@graph":[{"@type":"ImageObject","inLanguage":"de","@id":"https:\/\/www.audacieuse-galerie.ch\/de\/produit\/octopuss-2\/#primaryimage","url":"https:\/\/www.audacieuse-galerie.ch\/wp-content\/uploads\/2017\/06\/278-Octopuss.jpg","contentUrl":"https:\/\/www.audacieuse-galerie.ch\/wp-content\/uploads\/2017\/06\/278-Octopuss.jpg","width":685,"height":1000,"caption":"Oktopus"}]}},"jetpack_publicize_connections":[],"_links":{"self":[{"href":"https:\/\/www.audacieuse-galerie.ch\/de\/wp-json\/wp\/v2\/product\/18202","targetHints":{"allow":["GET"]}}],"collection":[{"href":"https:\/\/www.audacieuse-galerie.ch\/de\/wp-json\/wp\/v2\/product"}],"about":[{"href":"https:\/\/www.audacieuse-galerie.ch\/de\/wp-json\/wp\/v2\/types\/product"}],"replies":[{"embeddable":true,"href":"https:\/\/www.audacieuse-galerie.ch\/de\/wp-json\/wp\/v2\/comments?post=18202"}],"version-history":[{"count":0,"href":"https:\/\/www.audacieuse-galerie.ch\/de\/wp-json\/wp\/v2\/product\/18202\/revisions"}],"wp:featuredmedia":[{"embeddable":true,"href":"https:\/\/www.audacieuse-galerie.ch\/de\/wp-json\/wp\/v2\/media\/18179"}],"wp:attachment":[{"href":"https:\/\/www.audacieuse-galerie.ch\/de\/wp-json\/wp\/v2\/media?parent=18202"}],"wp:term":[{"taxonomy":"product_brand","embeddable":true,"href":"https:\/\/www.audacieuse-galerie.ch\/de\/wp-json\/wp\/v2\/product_brand?post=18202"},{"taxonomy":"product_cat","embeddable":true,"href":"https:\/\/www.audacieuse-galerie.ch\/de\/wp-json\/wp\/v2\/product_cat?post=18202"},{"taxonomy":"product_tag","embeddable":true,"href":"https:\/\/www.audacieuse-galerie.ch\/de\/wp-json\/wp\/v2\/product_tag?post=18202"}],"curies":[{"name":"wp","href":"https:\/\/api.w.org\/{rel}","templated":true}]}}