{"id":1834,"date":"2024-06-07T11:48:47","date_gmt":"2024-06-07T09:48:47","guid":{"rendered":"https:\/\/woo.audacieuse-galerie.ch\/?post_type=product&#038;p=1834"},"modified":"2025-06-04T20:38:41","modified_gmt":"2025-06-04T18:38:41","slug":"photobuch-mit-box-und-mineralglass","status":"publish","type":"product","link":"https:\/\/www.audacieuse-galerie.ch\/de\/produit\/photobuch-mit-box-und-mineralglass\/","title":{"rendered":"Fotobuch mit Box und mineralischem Pr\u00e4sentationsglas"},"content":{"rendered":"<h2>Ein Fotobuch zum attraktiven Preis<\/h2>\n<p>Dieses Fotobuch basiert auf einem einfachen Konzept: sch\u00f6ne Qualit\u00e4t, handgefertigt, zu einem attraktiven Preis. Diese Eigenschaften, zusammen mit verk\u00fcrzten Herstellungszeiten, machen dieses Produkt zum idealen Buch f\u00fcr kleine Veranstaltungen oder f\u00fcr Shootings, bei denen es nicht notwendig ist, einen sehr hochwertigen Einband und au\u00dfergew\u00f6hnliche Papiere mit Passepartouts oder Metalleinlagen zu erhalten. Wenn nur ein sch\u00f6ner und raffinierter Bezug und einfache und sch\u00f6ne Materialien ausreichen:<\/p>\n<h2>Abmessungen und Materialien<\/h2>\n<p>Dieses Modell garantiert eine echte flache \u00d6ffnung sowie zwei Abdeckungsoptionen: Abdeckung auf laminiertem, mattem Fotopapier oder Kunstleder. Kunstleder, Kante, R\u00fcckseite und Satinband sind in 40 Farben erh\u00e4ltlich. Die Innenverkleidung besteht aus schwarzem oder wei\u00dfem Karton. Die Fotos werden auf Hochglanzpapier gedruckt, von 10 bis 30 Seiten (20 bis 60 Seiten). Ein quadratisches, rechteckiges, vertikales oder horizontales Buch mit einer Auswahl an Abmessungen: 20&#215;20 30&#215;30 20&#215;30 25&#215;25 25x35cm.<\/p>\n<h2>Box und Mineralglas<\/h2>\n<p>Die optionale Box ist auch in 40 Farben mit transparenter oder halbtransparenter Plexiglasfront erh\u00e4ltlich, die von 4 Magneten verschlossen wird. Bitte kontaktieren Sie uns, um die Eigenschaften Ihres Buches anzugeben.<\/p>\n","protected":false},"excerpt":{"rendered":"<p>Zus\u00e4tzlich zu den digitalen Versionen Ihrer Fotos werden Ihnen dieses Buch und sein Box-Set sicherlich zu einem sehr g\u00fcnstigen Preis gefallen. Es kann mit oder ohne passende Box in vierzig verschiedenen Farben bestellt werden.<\/p>\n","protected":false},"featured_media":1811,"comment_status":"open","ping_status":"closed","template":"","meta":{"_glsr_average":0,"_glsr_ranking":0,"_glsr_reviews":0,"jetpack_publicize_message":"","jetpack_publicize_feature_enabled":true,"jetpack_social_post_already_shared":false,"jetpack_social_options":{"image_generator_settings":{"template":"highway","default_image_id":0,"font":"","enabled":false},"version":2}},"product_brand":[],"product_cat":[195],"product_tag":[2132,2129,2131,2130],"class_list":{"0":"post-1834","1":"product","2":"type-product","3":"status-publish","4":"has-post-thumbnail","6":"product_cat-unsere-foto-buecher-und-boxes","7":"product_tag-attraktiver-preis","8":"product_tag-fotobuch","9":"product_tag-qualitat","10":"product_tag-sarg","12":"first","13":"instock","14":"sale","15":"featured","16":"taxable","17":"shipping-taxable","18":"purchasable","19":"product-type-simple"},"yoast_head":"<!-- This site is optimized with the Yoast SEO plugin v27.4 - https:\/\/yoast.com\/product\/yoast-seo-wordpress\/ -->\n<title>Fotobuch mit Box und mineralischem Pr\u00e4sentationsglas - Audacieuse-Galerie<\/title>\n<meta name=\"description\" content=\"Fotobuch mit Box und mineralischem Pr\u00e4sentationsglas - Audacieuse-Galerie\" \/>\n<meta name=\"robots\" content=\"index, follow, max-snippet:-1, max-image-preview:large, max-video-preview:-1\" \/>\n<link rel=\"canonical\" href=\"https:\/\/www.audacieuse-galerie.ch\/de\/produit\/photobuch-mit-box-und-mineralglass\/\" \/>\n<meta property=\"og:locale\" content=\"de_DE\" \/>\n<meta property=\"og:type\" content=\"article\" \/>\n<meta property=\"og:title\" content=\"Fotobuch mit Box und mineralischem Pr\u00e4sentationsglas - Audacieuse-Galerie\" \/>\n<meta property=\"og:description\" content=\"Fotobuch mit Box und mineralischem Pr\u00e4sentationsglas - Audacieuse-Galerie\" \/>\n<meta property=\"og:url\" content=\"https:\/\/www.audacieuse-galerie.ch\/de\/produit\/photobuch-mit-box-und-mineralglass\/\" \/>\n<meta property=\"og:site_name\" content=\"Audacieuse-Galerie\" \/>\n<meta property=\"article:publisher\" content=\"https:\/\/www.facebook.com\/audacieuse.galerie\" \/>\n<meta property=\"article:modified_time\" content=\"2025-06-04T18:38:41+00:00\" \/>\n<meta property=\"og:image\" content=\"https:\/\/www.audacieuse-galerie.ch\/wp-content\/uploads\/2017\/06\/120-Livre-photos-avec-coffret-et-verre-mineral-de-presentation.jpg\" \/>\n\t<meta property=\"og:image:width\" content=\"1000\" \/>\n\t<meta property=\"og:image:height\" content=\"766\" \/>\n\t<meta property=\"og:image:type\" content=\"image\/jpeg\" \/>\n<meta name=\"twitter:card\" content=\"summary_large_image\" \/>\n<meta name=\"twitter:label1\" content=\"Gesch\u00e4tzte Lesezeit\" \/>\n\t<meta name=\"twitter:data1\" content=\"1 Minute\" \/>\n<script type=\"application\/ld+json\" class=\"yoast-schema-graph\">{\"@context\":\"https:\\\/\\\/schema.org\",\"@graph\":[{\"@type\":\"ImageObject\",\"inLanguage\":\"de\",\"@id\":\"https:\\\/\\\/www.audacieuse-galerie.ch\\\/de\\\/produit\\\/photobuch-mit-box-und-mineralglass\\\/#primaryimage\",\"url\":\"https:\\\/\\\/www.audacieuse-galerie.ch\\\/wp-content\\\/uploads\\\/2017\\\/06\\\/120-Livre-photos-avec-coffret-et-verre-mineral-de-presentation.jpg\",\"contentUrl\":\"https:\\\/\\\/www.audacieuse-galerie.ch\\\/wp-content\\\/uploads\\\/2017\\\/06\\\/120-Livre-photos-avec-coffret-et-verre-mineral-de-presentation.jpg\",\"width\":1000,\"height\":766,\"caption\":\"Fotobuch mit Box und mineralischem Pr\u00e4sentationsglas\"}]}<\/script>\n<!-- \/ Yoast SEO plugin. -->","yoast_head_json":{"title":"Fotobuch mit Box und mineralischem Pr\u00e4sentationsglas - Audacieuse-Galerie","description":"Fotobuch mit Box und mineralischem Pr\u00e4sentationsglas - Audacieuse-Galerie","robots":{"index":"index","follow":"follow","max-snippet":"max-snippet:-1","max-image-preview":"max-image-preview:large","max-video-preview":"max-video-preview:-1"},"canonical":"https:\/\/www.audacieuse-galerie.ch\/de\/produit\/photobuch-mit-box-und-mineralglass\/","og_locale":"de_DE","og_type":"article","og_title":"Fotobuch mit Box und mineralischem Pr\u00e4sentationsglas - Audacieuse-Galerie","og_description":"Fotobuch mit Box und mineralischem Pr\u00e4sentationsglas - Audacieuse-Galerie","og_url":"https:\/\/www.audacieuse-galerie.ch\/de\/produit\/photobuch-mit-box-und-mineralglass\/","og_site_name":"Audacieuse-Galerie","article_publisher":"https:\/\/www.facebook.com\/audacieuse.galerie","article_modified_time":"2025-06-04T18:38:41+00:00","og_image":[{"width":1000,"height":766,"url":"https:\/\/www.audacieuse-galerie.ch\/wp-content\/uploads\/2017\/06\/120-Livre-photos-avec-coffret-et-verre-mineral-de-presentation.jpg","type":"image\/jpeg"}],"twitter_card":"summary_large_image","twitter_misc":{"Gesch\u00e4tzte Lesezeit":"1 Minute"},"schema":{"@context":"https:\/\/schema.org","@graph":[{"@type":"ImageObject","inLanguage":"de","@id":"https:\/\/www.audacieuse-galerie.ch\/de\/produit\/photobuch-mit-box-und-mineralglass\/#primaryimage","url":"https:\/\/www.audacieuse-galerie.ch\/wp-content\/uploads\/2017\/06\/120-Livre-photos-avec-coffret-et-verre-mineral-de-presentation.jpg","contentUrl":"https:\/\/www.audacieuse-galerie.ch\/wp-content\/uploads\/2017\/06\/120-Livre-photos-avec-coffret-et-verre-mineral-de-presentation.jpg","width":1000,"height":766,"caption":"Fotobuch mit Box und mineralischem Pr\u00e4sentationsglas"}]}},"jetpack_publicize_connections":[],"_links":{"self":[{"href":"https:\/\/www.audacieuse-galerie.ch\/de\/wp-json\/wp\/v2\/product\/1834","targetHints":{"allow":["GET"]}}],"collection":[{"href":"https:\/\/www.audacieuse-galerie.ch\/de\/wp-json\/wp\/v2\/product"}],"about":[{"href":"https:\/\/www.audacieuse-galerie.ch\/de\/wp-json\/wp\/v2\/types\/product"}],"replies":[{"embeddable":true,"href":"https:\/\/www.audacieuse-galerie.ch\/de\/wp-json\/wp\/v2\/comments?post=1834"}],"version-history":[{"count":0,"href":"https:\/\/www.audacieuse-galerie.ch\/de\/wp-json\/wp\/v2\/product\/1834\/revisions"}],"wp:featuredmedia":[{"embeddable":true,"href":"https:\/\/www.audacieuse-galerie.ch\/de\/wp-json\/wp\/v2\/media\/1811"}],"wp:attachment":[{"href":"https:\/\/www.audacieuse-galerie.ch\/de\/wp-json\/wp\/v2\/media?parent=1834"}],"wp:term":[{"taxonomy":"product_brand","embeddable":true,"href":"https:\/\/www.audacieuse-galerie.ch\/de\/wp-json\/wp\/v2\/product_brand?post=1834"},{"taxonomy":"product_cat","embeddable":true,"href":"https:\/\/www.audacieuse-galerie.ch\/de\/wp-json\/wp\/v2\/product_cat?post=1834"},{"taxonomy":"product_tag","embeddable":true,"href":"https:\/\/www.audacieuse-galerie.ch\/de\/wp-json\/wp\/v2\/product_tag?post=1834"}],"curies":[{"name":"wp","href":"https:\/\/api.w.org\/{rel}","templated":true}]}}