{"id":1938,"date":"2017-03-17T16:58:26","date_gmt":"2017-03-17T15:58:26","guid":{"rendered":"https:\/\/woo.audacieuse-galerie.ch\/produit\/ihr-hochzeitsfotograf-in-genf-und-in-der-westschweiz\/"},"modified":"2025-11-28T22:50:20","modified_gmt":"2025-11-28T21:50:20","slug":"ihr-hochzeitsfotograf-in-genf-und-in-der-westschweiz","status":"publish","type":"product","link":"https:\/\/www.audacieuse-galerie.ch\/de\/produit\/ihr-hochzeitsfotograf-in-genf-und-in-der-westschweiz\/","title":{"rendered":"Ihr Hochzeitsfotograf in Genf und der franz\u00f6sischsprachigen Schweiz"},"content":{"rendered":"<h2>Hochzeitsfotograf in Genf und der franz\u00f6sischsprachigen Schweiz<\/h2>\n<h3>Unvergessliche Erinnerungen, eingefangen mit Emotion und Eleganz<\/h3>\n<p>Ihre Hochzeit ist ein einzigartiger Moment. Jeder Blick, jedes L\u00e4cheln, jede Tr\u00e4ne verdient es, genau festgehalten zu werden. Wenn Sie einen professionellen Hochzeitsfotografen in Anspruch nehmen, w\u00e4hlen Sie weit mehr als nur einen Dienstleister: Sie bieten Ihrer Geschichte authentische und zeitlose Bilder.  <\/p>\n<p>Ich begleite Sie durch diesen unvergesslichen Tag, um die H\u00f6hepunkte und subtilen Details festzuhalten: Ihre Vorbereitungen, die Zeremonie, den Ringtausch, den Kuss, den Ehrenwein, die Reden, den Empfang und die Tanzparty.<\/p>\n<h3>Vollst\u00e4ndige Fotoberichterstattung von morgens bis abends<\/h3>\n<ul>\n<li><strong>Personalisierte Pr\u00e4senz<\/strong> : W\u00e4hlen Sie Ihren Zeitplan frei, von 2 Stunden bis zu mehr als 16 Stunden Berichterstattung.<\/li>\n<li><strong>Von den Vorbereitungen bis zur Party<\/strong> : Ich kann euch von den ersten Momenten bis zur Tanzfl\u00e4che begleiten. Alles ist so gestaltet, dass es in deinen Zeitplan passt. <\/li>\n<li><strong>Diskretion und Professionalit\u00e4t<\/strong> : ein nat\u00fcrlicher, fl\u00fcssiger und menschlicher Ansatz f\u00fcr lebhafte Aufnahmen, fernab von eingefrorenen Posen.<\/li>\n<\/ul>\n<h3>Sorgf\u00e4ltige Lieferung und hochwertige Unterst\u00fctzungen<\/h3>\n<p>Ihre hochaufl\u00f6senden Fotos werden einige Tage nach Ihrer Hochzeit auf einem USB-Stick geliefert, sorgf\u00e4ltig sortiert und subtil retuschiert, um jedes Bild zu verst\u00e4rken.<\/p>\n<p>Optional kannst du dein eigenes pers\u00f6nliches Hochzeitsfotobuch, Kunstdrucke oder hochwertige Alben erstellen \u2013 damit Erinnerungen jederzeit weitergegeben und neu erlebt werden k\u00f6nnen.<\/p>\n<h3>Buchen Sie ganz einfach Ihren Hochzeitsfotografen<\/h3>\n<p><strong>Schnelle und einfache Online-Buchungen auf der gegen\u00fcberliegenden Agenda.<\/strong><\/p>\n<p>Oder telefonisch unter <a href=\"tel:0041225565253\">+41 22.556.52.53<\/a><br \/>\noder bitten Sie um einen R\u00fcckruf \u00fcber unser Kontaktformular.<\/p>\n<p>Die Reise ist im Kanton Genf enthalten. Wir sind au\u00dferdem in der gesamten franz\u00f6sischsprachigen Schweiz t\u00e4tig (1 CHF\/km jenseits von Genf). <\/p>\n<h3>Warum w\u00e4hlen Sie unseren Hochzeitsfoto-Service<\/h3>\n<ul>\n<li>Erfahrung und k\u00fcnstlerische Sensibilit\u00e4t<\/li>\n<li>Geeignet f\u00fcr alle Hochzeitsstile (zivil, religi\u00f6s, weltlich)<\/li>\n<li>Reibungslose Kommunikation vor und nach der Veranstaltung<\/li>\n<li>Gro\u00dfe Flexibilit\u00e4t bei den Arbeitszeiten<\/li>\n<li>Ausgezeichnetes Kundenfeedback<\/li>\n<\/ul>\n<p>Hochzeitsfotograf in Genf, Lausanne, Nyon, Montreux, Fribourg, Neuch\u00e2tel und in der gesamten franz\u00f6sischsprachigen Schweiz.<\/p>\n<p><strong>Begrenzte Verf\u00fcgbarkeit \u2013 buchen Sie Ihr Date jetzt<\/strong>.<\/p>\n","protected":false},"excerpt":{"rendered":"<p>Indem Sie f\u00fcr Ihre Hochzeit einen professionellen Fotografen ausw\u00e4hlen, vertrauen Sie diesen kostbaren Moment derjenigen an, der wei\u00df, wie man ihn versch\u00f6nert. Deine Eheringe, deine Zeremonie, dein Kuss, dein Ehrenwein, dein Empfang, dein Abend&#8230;<\/p>\n","protected":false},"featured_media":1922,"comment_status":"open","ping_status":"closed","template":"","meta":{"_glsr_average":0,"_glsr_ranking":0,"_glsr_reviews":0,"jetpack_publicize_message":"","jetpack_publicize_feature_enabled":true,"jetpack_social_post_already_shared":true,"jetpack_social_options":{"image_generator_settings":{"template":"highway","default_image_id":0,"font":"","enabled":false},"version":2}},"product_brand":[],"product_cat":[51,114,33],"product_tag":[],"class_list":{"0":"post-1938","1":"product","2":"type-product","3":"status-publish","4":"has-post-thumbnail","6":"product_cat-familienfotos","7":"product_cat-ihr-fotograf-fuer-ihre-verlobung-und-hochzeit","8":"product_cat-kunst-und-fotogalerie-in-carouge-gleich-neben-genf-schweiz","9":"pa_qualitedesphotos-42mopixelsvollbild-de","10":"pa_qualitedesphotos-qualitatsoptik-de","11":"bookacti-activity","13":"first","14":"instock","15":"sale","16":"virtual","17":"taxable","18":"purchasable","19":"product-type-simple"},"yoast_head":"<!-- This site is optimized with the Yoast SEO plugin v27.4 - https:\/\/yoast.com\/product\/yoast-seo-wordpress\/ -->\n<title>Hochzeitsfotograf in Genf: Einzigartige Emotionen und Erinnerungen<\/title>\n<meta name=\"description\" content=\"Fangen Sie Ihren Tag mit einem Hochzeitsfotografen in Genf fest: nat\u00fcrliche, elegante und unvergessliche Bilder. M\u00f6glichkeit vom Morgen bis zur Party.\" \/>\n<meta name=\"robots\" content=\"index, follow, max-snippet:-1, max-image-preview:large, max-video-preview:-1\" \/>\n<link rel=\"canonical\" href=\"https:\/\/www.audacieuse-galerie.ch\/de\/produit\/ihr-hochzeitsfotograf-in-genf-und-in-der-westschweiz\/\" \/>\n<meta property=\"og:locale\" content=\"de_DE\" \/>\n<meta property=\"og:type\" content=\"article\" \/>\n<meta property=\"og:title\" content=\"Hochzeitsfotograf in Genf: Einzigartige Emotionen und Erinnerungen\" \/>\n<meta property=\"og:description\" content=\"Fangen Sie Ihren Tag mit einem Hochzeitsfotografen in Genf fest: nat\u00fcrliche, elegante und unvergessliche Bilder. M\u00f6glichkeit vom Morgen bis zur Party.\" \/>\n<meta property=\"og:url\" content=\"https:\/\/www.audacieuse-galerie.ch\/de\/produit\/ihr-hochzeitsfotograf-in-genf-und-in-der-westschweiz\/\" \/>\n<meta property=\"og:site_name\" content=\"Audacieuse-Galerie\" \/>\n<meta property=\"article:publisher\" content=\"https:\/\/www.facebook.com\/audacieuse.galerie\" \/>\n<meta property=\"article:modified_time\" content=\"2025-11-28T21:50:20+00:00\" \/>\n<meta property=\"og:image\" content=\"https:\/\/www.audacieuse-galerie.ch\/wp-content\/uploads\/2017\/03\/144-Votre-photographe-de-mariage-a-Geneve-et-en-Suisse-Romande.jpg\" \/>\n\t<meta property=\"og:image:width\" content=\"1000\" \/>\n\t<meta property=\"og:image:height\" content=\"768\" \/>\n\t<meta property=\"og:image:type\" content=\"image\/jpeg\" \/>\n<meta name=\"twitter:card\" content=\"summary_large_image\" \/>\n<meta name=\"twitter:label1\" content=\"Gesch\u00e4tzte Lesezeit\" \/>\n\t<meta name=\"twitter:data1\" content=\"2 Minuten\" \/>\n<script type=\"application\/ld+json\" class=\"yoast-schema-graph\">{\"@context\":\"https:\\\/\\\/schema.org\",\"@graph\":[{\"@type\":\"ImageObject\",\"inLanguage\":\"de\",\"@id\":\"https:\\\/\\\/www.audacieuse-galerie.ch\\\/de\\\/produit\\\/ihr-hochzeitsfotograf-in-genf-und-in-der-westschweiz\\\/#primaryimage\",\"url\":\"https:\\\/\\\/www.audacieuse-galerie.ch\\\/wp-content\\\/uploads\\\/2017\\\/03\\\/144-Votre-photographe-de-mariage-a-Geneve-et-en-Suisse-Romande.jpg\",\"contentUrl\":\"https:\\\/\\\/www.audacieuse-galerie.ch\\\/wp-content\\\/uploads\\\/2017\\\/03\\\/144-Votre-photographe-de-mariage-a-Geneve-et-en-Suisse-Romande.jpg\",\"width\":1000,\"height\":768,\"caption\":\"Ihr Hochzeitsfotograf in Genf und der franz\u00f6sischsprachigen Schweiz\"}]}<\/script>\n<!-- \/ Yoast SEO plugin. -->","yoast_head_json":{"title":"Hochzeitsfotograf in Genf: Einzigartige Emotionen und Erinnerungen","description":"Fangen Sie Ihren Tag mit einem Hochzeitsfotografen in Genf fest: nat\u00fcrliche, elegante und unvergessliche Bilder. M\u00f6glichkeit vom Morgen bis zur Party.","robots":{"index":"index","follow":"follow","max-snippet":"max-snippet:-1","max-image-preview":"max-image-preview:large","max-video-preview":"max-video-preview:-1"},"canonical":"https:\/\/www.audacieuse-galerie.ch\/de\/produit\/ihr-hochzeitsfotograf-in-genf-und-in-der-westschweiz\/","og_locale":"de_DE","og_type":"article","og_title":"Hochzeitsfotograf in Genf: Einzigartige Emotionen und Erinnerungen","og_description":"Fangen Sie Ihren Tag mit einem Hochzeitsfotografen in Genf fest: nat\u00fcrliche, elegante und unvergessliche Bilder. M\u00f6glichkeit vom Morgen bis zur Party.","og_url":"https:\/\/www.audacieuse-galerie.ch\/de\/produit\/ihr-hochzeitsfotograf-in-genf-und-in-der-westschweiz\/","og_site_name":"Audacieuse-Galerie","article_publisher":"https:\/\/www.facebook.com\/audacieuse.galerie","article_modified_time":"2025-11-28T21:50:20+00:00","og_image":[{"width":1000,"height":768,"url":"https:\/\/www.audacieuse-galerie.ch\/wp-content\/uploads\/2017\/03\/144-Votre-photographe-de-mariage-a-Geneve-et-en-Suisse-Romande.jpg","type":"image\/jpeg"}],"twitter_card":"summary_large_image","twitter_misc":{"Gesch\u00e4tzte Lesezeit":"2 Minuten"},"schema":{"@context":"https:\/\/schema.org","@graph":[{"@type":"ImageObject","inLanguage":"de","@id":"https:\/\/www.audacieuse-galerie.ch\/de\/produit\/ihr-hochzeitsfotograf-in-genf-und-in-der-westschweiz\/#primaryimage","url":"https:\/\/www.audacieuse-galerie.ch\/wp-content\/uploads\/2017\/03\/144-Votre-photographe-de-mariage-a-Geneve-et-en-Suisse-Romande.jpg","contentUrl":"https:\/\/www.audacieuse-galerie.ch\/wp-content\/uploads\/2017\/03\/144-Votre-photographe-de-mariage-a-Geneve-et-en-Suisse-Romande.jpg","width":1000,"height":768,"caption":"Ihr Hochzeitsfotograf in Genf und der franz\u00f6sischsprachigen Schweiz"}]}},"jetpack_publicize_connections":[],"_links":{"self":[{"href":"https:\/\/www.audacieuse-galerie.ch\/de\/wp-json\/wp\/v2\/product\/1938","targetHints":{"allow":["GET"]}}],"collection":[{"href":"https:\/\/www.audacieuse-galerie.ch\/de\/wp-json\/wp\/v2\/product"}],"about":[{"href":"https:\/\/www.audacieuse-galerie.ch\/de\/wp-json\/wp\/v2\/types\/product"}],"replies":[{"embeddable":true,"href":"https:\/\/www.audacieuse-galerie.ch\/de\/wp-json\/wp\/v2\/comments?post=1938"}],"version-history":[{"count":0,"href":"https:\/\/www.audacieuse-galerie.ch\/de\/wp-json\/wp\/v2\/product\/1938\/revisions"}],"wp:featuredmedia":[{"embeddable":true,"href":"https:\/\/www.audacieuse-galerie.ch\/de\/wp-json\/wp\/v2\/media\/1922"}],"wp:attachment":[{"href":"https:\/\/www.audacieuse-galerie.ch\/de\/wp-json\/wp\/v2\/media?parent=1938"}],"wp:term":[{"taxonomy":"product_brand","embeddable":true,"href":"https:\/\/www.audacieuse-galerie.ch\/de\/wp-json\/wp\/v2\/product_brand?post=1938"},{"taxonomy":"product_cat","embeddable":true,"href":"https:\/\/www.audacieuse-galerie.ch\/de\/wp-json\/wp\/v2\/product_cat?post=1938"},{"taxonomy":"product_tag","embeddable":true,"href":"https:\/\/www.audacieuse-galerie.ch\/de\/wp-json\/wp\/v2\/product_tag?post=1938"}],"curies":[{"name":"wp","href":"https:\/\/api.w.org\/{rel}","templated":true}]}}