{"id":1965,"date":"2017-03-21T12:08:40","date_gmt":"2017-03-21T11:08:40","guid":{"rendered":"https:\/\/woo.audacieuse-galerie.ch\/produit\/fotograf-fuer-familio-in-studio\/"},"modified":"2026-03-13T17:57:50","modified_gmt":"2026-03-13T16:57:50","slug":"fotograf-fuer-familio-in-studio","status":"publish","type":"product","link":"https:\/\/www.audacieuse-galerie.ch\/de\/produit\/fotograf-fuer-familio-in-studio\/","title":{"rendered":"Familienfotograf, im Studio"},"content":{"rendered":"<h2>Familienfotografie im Studio: Halten Sie Ihre sch\u00f6nsten Momente fest.<\/h2>\n<p>G\u00f6nnen Sie sich ein einzigartiges Familienerlebnis mit einer professionellen Fotosession im Studio. Egal, ob Sie die Z\u00e4rtlichkeit eines Eltern-Kind-Moments einfangen m\u00f6chten, mehrere Generationen zusammenbringen oder einfach nur Ihre Komplizenschaft verewigen m\u00f6chten, wir erstellen Portr\u00e4ts, die wie Sie aussehen. <\/p>\n<p>In einer warmen und komfortablen Umgebung f\u00fchren wir Sie zu nat\u00fcrlichen und harmonischen Aufnahmen, bei denen jeder hervorgehoben wird. Unsere Aufnahmen passen sich Ihren W\u00fcnschen an: ein filmischer Schwarz-Wei\u00df-Stil f\u00fcr zeitlose Eleganz, ein Greenscreen f\u00fcr kreative Overlays und optionale Retuschen oder farbige Portr\u00e4ts auf einem sauberen Hintergrund, um jeden Ausdruck zu unterstreichen. <\/p>\n<p>Jede Sitzung ist ein besonderer Moment, in dem Sie Ihre Lieben in vollen Z\u00fcgen genie\u00dfen k\u00f6nnen, w\u00e4hrend wir Ihre sch\u00f6nsten Erinnerungen festhalten. Wir machen eine gro\u00dfe Auswahl an Fotos und bieten Ihnen eine vielf\u00e4ltige Auswahl an qualitativ hochwertigen Bildern. Optional bieten wir Ihnen hochwertige Drucke und Rahmen, sch\u00f6ne Hardcover-B\u00fccher an.  <\/p>\n<p>Denn Familienmomente sind kostbar, machen Sie sie zu einer unvergesslichen Erinnerung. Buchen Sie jetzt Ihre Studio-Fotosession und erstellen Sie Bilder, die die Zeit \u00fcberdauern. <\/p>\n","protected":false},"excerpt":{"rendered":"<p>G\u00f6nnen Sie sich ein Fotoshooting im Studio, um wertvolle Erinnerungen mit Ihrer Familie festzuhalten. Ob in filmischem Schwarz-Wei\u00df, auf einem eleganten farbigen Hintergrund oder mit kreativen Overlays, wir heben jeden Moment der Komplizenschaft hervor. In einer warmen Umgebung f\u00fchren wir Sie zu nat\u00fcrlichen und harmonischen Portr\u00e4ts. Sie werden mit einer vielf\u00e4ltigen Auswahl an hochwertigen Bildern nach Hause gehen, die die Emotionen und die Authentizit\u00e4t Ihrer Familie widerspiegeln. Buchen Sie jetzt, um diese einzigartigen Momente zu verewigen.    <\/p>\n","protected":false},"featured_media":1952,"comment_status":"open","ping_status":"closed","template":"","meta":{"_glsr_average":0,"_glsr_ranking":0,"_glsr_reviews":0,"jetpack_publicize_message":"","jetpack_publicize_feature_enabled":true,"jetpack_social_post_already_shared":true,"jetpack_social_options":{"image_generator_settings":{"template":"highway","default_image_id":0,"font":"","enabled":false},"version":2}},"product_brand":[],"product_cat":[138,51,93],"product_tag":[2152,2429,2275,2130,2427,2418],"class_list":{"0":"post-1965","1":"product","2":"type-product","3":"status-publish","4":"has-post-thumbnail","6":"product_cat-familienfotografie","7":"product_cat-familienfotos","8":"product_cat-fotostudio-in-carouge-genf","9":"product_tag-eindrucke","10":"product_tag-familie","11":"product_tag-photograph","12":"product_tag-sarg","13":"product_tag-studio-de","14":"product_tag-vielseitig","15":"pa_qualitedesphotos-42mopixelsvollbild-de","16":"pa_qualitedesphotos-qualitatsoptik-de","17":"bookacti-activity","19":"first","20":"instock","21":"sale","22":"virtual","23":"taxable","24":"purchasable","25":"product-type-simple"},"yoast_head":"<!-- This site is optimized with the Yoast SEO plugin v27.4 - https:\/\/yoast.com\/product\/yoast-seo-wordpress\/ -->\n<title>Familienfotoshooting im Studio, Portr\u00e4ts, zeitlose Erinnerungen<\/title>\n<meta name=\"description\" content=\"G\u00f6nnen Sie sich ein Familienstudio-Fotoshooting, um wertvolle Momente festzuhalten. Nat\u00fcrliche Portr\u00e4ts, hochwertige Drucke und Fotob\u00fccher.\" \/>\n<meta name=\"robots\" content=\"index, follow, max-snippet:-1, max-image-preview:large, max-video-preview:-1\" \/>\n<link rel=\"canonical\" href=\"https:\/\/www.audacieuse-galerie.ch\/de\/produit\/fotograf-fuer-familio-in-studio\/\" \/>\n<meta property=\"og:locale\" content=\"de_DE\" \/>\n<meta property=\"og:type\" content=\"article\" \/>\n<meta property=\"og:title\" content=\"Familienfotoshooting im Studio, Portr\u00e4ts, zeitlose Erinnerungen\" \/>\n<meta property=\"og:description\" content=\"G\u00f6nnen Sie sich ein Familienstudio-Fotoshooting, um wertvolle Momente festzuhalten. Nat\u00fcrliche Portr\u00e4ts, hochwertige Drucke und Fotob\u00fccher.\" \/>\n<meta property=\"og:url\" content=\"https:\/\/www.audacieuse-galerie.ch\/de\/produit\/fotograf-fuer-familio-in-studio\/\" \/>\n<meta property=\"og:site_name\" content=\"Audacieuse-Galerie\" \/>\n<meta property=\"article:publisher\" content=\"https:\/\/www.facebook.com\/audacieuse.galerie\" \/>\n<meta property=\"article:modified_time\" content=\"2026-03-13T16:57:50+00:00\" \/>\n<meta property=\"og:image\" content=\"https:\/\/www.audacieuse-galerie.ch\/wp-content\/uploads\/2017\/03\/217-Photographe-de-famille-en-studio.jpg\" \/>\n\t<meta property=\"og:image:width\" content=\"1000\" \/>\n\t<meta property=\"og:image:height\" content=\"1000\" \/>\n\t<meta property=\"og:image:type\" content=\"image\/jpeg\" \/>\n<meta name=\"twitter:card\" content=\"summary_large_image\" \/>\n<meta name=\"twitter:label1\" content=\"Gesch\u00e4tzte Lesezeit\" \/>\n\t<meta name=\"twitter:data1\" content=\"2 Minuten\" \/>\n<script type=\"application\/ld+json\" class=\"yoast-schema-graph\">{\"@context\":\"https:\\\/\\\/schema.org\",\"@graph\":[{\"@type\":\"ImageObject\",\"inLanguage\":\"de\",\"@id\":\"https:\\\/\\\/www.audacieuse-galerie.ch\\\/de\\\/produit\\\/fotograf-fuer-familio-in-studio\\\/#primaryimage\",\"url\":\"https:\\\/\\\/www.audacieuse-galerie.ch\\\/wp-content\\\/uploads\\\/2017\\\/03\\\/217-Photographe-de-famille-en-studio.jpg\",\"contentUrl\":\"https:\\\/\\\/www.audacieuse-galerie.ch\\\/wp-content\\\/uploads\\\/2017\\\/03\\\/217-Photographe-de-famille-en-studio.jpg\",\"width\":1000,\"height\":1000,\"caption\":\"Familienfotograf, im Studio\"}]}<\/script>\n<!-- \/ Yoast SEO plugin. -->","yoast_head_json":{"title":"Familienfotoshooting im Studio, Portr\u00e4ts, zeitlose Erinnerungen","description":"G\u00f6nnen Sie sich ein Familienstudio-Fotoshooting, um wertvolle Momente festzuhalten. Nat\u00fcrliche Portr\u00e4ts, hochwertige Drucke und Fotob\u00fccher.","robots":{"index":"index","follow":"follow","max-snippet":"max-snippet:-1","max-image-preview":"max-image-preview:large","max-video-preview":"max-video-preview:-1"},"canonical":"https:\/\/www.audacieuse-galerie.ch\/de\/produit\/fotograf-fuer-familio-in-studio\/","og_locale":"de_DE","og_type":"article","og_title":"Familienfotoshooting im Studio, Portr\u00e4ts, zeitlose Erinnerungen","og_description":"G\u00f6nnen Sie sich ein Familienstudio-Fotoshooting, um wertvolle Momente festzuhalten. Nat\u00fcrliche Portr\u00e4ts, hochwertige Drucke und Fotob\u00fccher.","og_url":"https:\/\/www.audacieuse-galerie.ch\/de\/produit\/fotograf-fuer-familio-in-studio\/","og_site_name":"Audacieuse-Galerie","article_publisher":"https:\/\/www.facebook.com\/audacieuse.galerie","article_modified_time":"2026-03-13T16:57:50+00:00","og_image":[{"width":1000,"height":1000,"url":"https:\/\/www.audacieuse-galerie.ch\/wp-content\/uploads\/2017\/03\/217-Photographe-de-famille-en-studio.jpg","type":"image\/jpeg"}],"twitter_card":"summary_large_image","twitter_misc":{"Gesch\u00e4tzte Lesezeit":"2 Minuten"},"schema":{"@context":"https:\/\/schema.org","@graph":[{"@type":"ImageObject","inLanguage":"de","@id":"https:\/\/www.audacieuse-galerie.ch\/de\/produit\/fotograf-fuer-familio-in-studio\/#primaryimage","url":"https:\/\/www.audacieuse-galerie.ch\/wp-content\/uploads\/2017\/03\/217-Photographe-de-famille-en-studio.jpg","contentUrl":"https:\/\/www.audacieuse-galerie.ch\/wp-content\/uploads\/2017\/03\/217-Photographe-de-famille-en-studio.jpg","width":1000,"height":1000,"caption":"Familienfotograf, im Studio"}]}},"jetpack_publicize_connections":[],"_links":{"self":[{"href":"https:\/\/www.audacieuse-galerie.ch\/de\/wp-json\/wp\/v2\/product\/1965","targetHints":{"allow":["GET"]}}],"collection":[{"href":"https:\/\/www.audacieuse-galerie.ch\/de\/wp-json\/wp\/v2\/product"}],"about":[{"href":"https:\/\/www.audacieuse-galerie.ch\/de\/wp-json\/wp\/v2\/types\/product"}],"replies":[{"embeddable":true,"href":"https:\/\/www.audacieuse-galerie.ch\/de\/wp-json\/wp\/v2\/comments?post=1965"}],"version-history":[{"count":0,"href":"https:\/\/www.audacieuse-galerie.ch\/de\/wp-json\/wp\/v2\/product\/1965\/revisions"}],"wp:featuredmedia":[{"embeddable":true,"href":"https:\/\/www.audacieuse-galerie.ch\/de\/wp-json\/wp\/v2\/media\/1952"}],"wp:attachment":[{"href":"https:\/\/www.audacieuse-galerie.ch\/de\/wp-json\/wp\/v2\/media?parent=1965"}],"wp:term":[{"taxonomy":"product_brand","embeddable":true,"href":"https:\/\/www.audacieuse-galerie.ch\/de\/wp-json\/wp\/v2\/product_brand?post=1965"},{"taxonomy":"product_cat","embeddable":true,"href":"https:\/\/www.audacieuse-galerie.ch\/de\/wp-json\/wp\/v2\/product_cat?post=1965"},{"taxonomy":"product_tag","embeddable":true,"href":"https:\/\/www.audacieuse-galerie.ch\/de\/wp-json\/wp\/v2\/product_tag?post=1965"}],"curies":[{"name":"wp","href":"https:\/\/api.w.org\/{rel}","templated":true}]}}