{"id":2004,"date":"2017-03-21T13:36:54","date_gmt":"2017-03-21T12:36:54","guid":{"rendered":"https:\/\/woo.audacieuse-galerie.ch\/produit\/fotograf-fuer-die-familie-aussen\/"},"modified":"2026-03-03T15:16:53","modified_gmt":"2026-03-03T14:16:53","slug":"fotograf-fuer-die-familie-aussen","status":"publish","type":"product","link":"https:\/\/www.audacieuse-galerie.ch\/de\/produit\/fotograf-fuer-die-familie-aussen\/","title":{"rendered":"Familienfotograf, Naturfotos"},"content":{"rendered":"<h2>Ein Familienfotograf, Outdoor-Session f\u00fcr unvergessliche Erinnerungen.<\/h2>\n<p>M\u00f6chten Sie wertvolle Familienmomente in einer nat\u00fcrlichen und authentischen Umgebung festhalten? Wir bieten Ihnen eine Fotosession im Freien in einer Umgebung, die zu Ihnen passt. Ob in einem bewaldeten Park, auf einer Blumenwiese, auf einem Weizenfeld oder an einem anderen Ort Ihrer Wahl im Kanton Genf \u2013 wir heben jeden Moment der Verbundenheit mit professionellen Fotos hervor.  <\/p>\n<p>Lassen Sie uns diese besonderen Momente im Herzen der Natur verewigen, in einer beruhigenden und intimen Umgebung. Nutzen Sie diese Sitzung, um die Bindungen, die Sie verbinden, in einer entspannten und freundlichen Atmosph\u00e4re wiederzuentdecken und von unserer Expertise begleitet zu werden, um Fotos zu machen, die Ihre Pers\u00f6nlichkeit voll widerspiegeln. Dank unseres mobilen Studios bewegen wir uns dorthin, wo Sie m\u00f6chten, um dieses Erlebnis noch einzigartiger und unvergesslicher zu machen.  <\/p>\n<p>Ob f\u00fcr ein Familienalbum, Portr\u00e4ts zum Verschenken oder einfach nur, um diese gemeinsamen Momente in Erinnerung zu behalten, unsere Outdoor-Fotografien fangen die Sch\u00f6nheit und Emotionen Ihrer Familie in einer nat\u00fcrlichen Umgebung ein. Machen Sie jeden Moment zu einer bleibenden Erinnerung mit einem Fotoshooting im Freien, das Ihre Familienbande aufwertet. <\/p>\n","protected":false},"excerpt":{"rendered":"<p>Verewigen Sie Ihre Familienmomente mit einer Fotosession im Freien in einer nat\u00fcrlichen Umgebung, die zu Ihnen passt. Ob im Park, auf der Wiese oder auf dem Feld, unser Fotograf h\u00e4lt jeden Moment mit Fotos in professioneller Qualit\u00e4t fest. Dank unseres mobilen Studios reisen wir dorthin, wo Sie einzigartige und authentische Familienportr\u00e4ts anbieten m\u00f6chten. Nutzen Sie dieses Outdoor-Erlebnis, um Ihre Verbindungen in einer freundlichen Atmosph\u00e4re neu zu entdecken. Schenken Sie Ihrer Familie bleibende Erinnerungen mit nat\u00fcrlichen und bewegenden Fotos. Buchen Sie jetzt.     <\/p>\n","protected":false},"featured_media":1979,"comment_status":"open","ping_status":"closed","template":"","meta":{"_glsr_average":0,"_glsr_ranking":0,"_glsr_reviews":0,"jetpack_publicize_message":"","jetpack_publicize_feature_enabled":true,"jetpack_social_post_already_shared":true,"jetpack_social_options":{"image_generator_settings":{"template":"highway","default_image_id":0,"font":"","enabled":false},"version":2}},"product_brand":[],"product_cat":[138,51],"product_tag":[2419,2429,2362,2435,2275,2420,2434],"class_list":{"0":"post-2004","1":"product","2":"type-product","3":"status-publish","4":"has-post-thumbnail","6":"product_cat-familienfotografie","7":"product_cat-familienfotos","8":"product_tag-ausen","9":"product_tag-familie","10":"product_tag-foto","11":"product_tag-geschenk","12":"product_tag-photograph","13":"product_tag-sitzung","14":"product_tag-souvenir-de","15":"pa_qualitedesphotos-42mopixelsvollbild-de","16":"pa_qualitedesphotos-qualitatsoptik-de","17":"bookacti-activity","19":"first","20":"instock","21":"sale","22":"virtual","23":"taxable","24":"purchasable","25":"product-type-simple"},"yoast_head":"<!-- This site is optimized with the Yoast SEO plugin v27.4 - https:\/\/yoast.com\/product\/yoast-seo-wordpress\/ -->\n<title>Familienfotograf in Genf, Outdoor- und Naturfotoshooting<\/title>\n<meta name=\"description\" content=\"Laden Sie Ihre Familie auf ein Outdoor-Fotoshooting in Genf ein. Nat\u00fcrliche und zeitlose Portr\u00e4ts, die kostbare Erinnerungen schaffen.\" \/>\n<meta name=\"robots\" content=\"index, follow, max-snippet:-1, max-image-preview:large, max-video-preview:-1\" \/>\n<link rel=\"canonical\" href=\"https:\/\/www.audacieuse-galerie.ch\/de\/produit\/fotograf-fuer-die-familie-aussen\/\" \/>\n<meta property=\"og:locale\" content=\"de_DE\" \/>\n<meta property=\"og:type\" content=\"article\" \/>\n<meta property=\"og:title\" content=\"Familienfotograf in Genf, Outdoor- und Naturfotoshooting\" \/>\n<meta property=\"og:description\" content=\"Laden Sie Ihre Familie auf ein Outdoor-Fotoshooting in Genf ein. Nat\u00fcrliche und zeitlose Portr\u00e4ts, die kostbare Erinnerungen schaffen.\" \/>\n<meta property=\"og:url\" content=\"https:\/\/www.audacieuse-galerie.ch\/de\/produit\/fotograf-fuer-die-familie-aussen\/\" \/>\n<meta property=\"og:site_name\" content=\"Audacieuse-Galerie\" \/>\n<meta property=\"article:publisher\" content=\"https:\/\/www.facebook.com\/audacieuse.galerie\" \/>\n<meta property=\"article:modified_time\" content=\"2026-03-03T14:16:53+00:00\" \/>\n<meta property=\"og:image\" content=\"https:\/\/www.audacieuse-galerie.ch\/wp-content\/uploads\/2017\/03\/518-Photographe-de-famille-en-exterieur.jpg\" \/>\n\t<meta property=\"og:image:width\" content=\"1000\" \/>\n\t<meta property=\"og:image:height\" content=\"1000\" \/>\n\t<meta property=\"og:image:type\" content=\"image\/jpeg\" \/>\n<meta name=\"twitter:card\" content=\"summary_large_image\" \/>\n<meta name=\"twitter:label1\" content=\"Gesch\u00e4tzte Lesezeit\" \/>\n\t<meta name=\"twitter:data1\" content=\"1 Minute\" \/>\n<script type=\"application\/ld+json\" class=\"yoast-schema-graph\">{\"@context\":\"https:\\\/\\\/schema.org\",\"@graph\":[{\"@type\":\"ImageObject\",\"inLanguage\":\"de\",\"@id\":\"https:\\\/\\\/www.audacieuse-galerie.ch\\\/de\\\/produit\\\/fotograf-fuer-die-familie-aussen\\\/#primaryimage\",\"url\":\"https:\\\/\\\/www.audacieuse-galerie.ch\\\/wp-content\\\/uploads\\\/2017\\\/03\\\/518-Photographe-de-famille-en-exterieur.jpg\",\"contentUrl\":\"https:\\\/\\\/www.audacieuse-galerie.ch\\\/wp-content\\\/uploads\\\/2017\\\/03\\\/518-Photographe-de-famille-en-exterieur.jpg\",\"width\":1000,\"height\":1000,\"caption\":\"Familienfotograf, im Freien\"}]}<\/script>\n<!-- \/ Yoast SEO plugin. -->","yoast_head_json":{"title":"Familienfotograf in Genf, Outdoor- und Naturfotoshooting","description":"Laden Sie Ihre Familie auf ein Outdoor-Fotoshooting in Genf ein. Nat\u00fcrliche und zeitlose Portr\u00e4ts, die kostbare Erinnerungen schaffen.","robots":{"index":"index","follow":"follow","max-snippet":"max-snippet:-1","max-image-preview":"max-image-preview:large","max-video-preview":"max-video-preview:-1"},"canonical":"https:\/\/www.audacieuse-galerie.ch\/de\/produit\/fotograf-fuer-die-familie-aussen\/","og_locale":"de_DE","og_type":"article","og_title":"Familienfotograf in Genf, Outdoor- und Naturfotoshooting","og_description":"Laden Sie Ihre Familie auf ein Outdoor-Fotoshooting in Genf ein. Nat\u00fcrliche und zeitlose Portr\u00e4ts, die kostbare Erinnerungen schaffen.","og_url":"https:\/\/www.audacieuse-galerie.ch\/de\/produit\/fotograf-fuer-die-familie-aussen\/","og_site_name":"Audacieuse-Galerie","article_publisher":"https:\/\/www.facebook.com\/audacieuse.galerie","article_modified_time":"2026-03-03T14:16:53+00:00","og_image":[{"width":1000,"height":1000,"url":"https:\/\/www.audacieuse-galerie.ch\/wp-content\/uploads\/2017\/03\/518-Photographe-de-famille-en-exterieur.jpg","type":"image\/jpeg"}],"twitter_card":"summary_large_image","twitter_misc":{"Gesch\u00e4tzte Lesezeit":"1 Minute"},"schema":{"@context":"https:\/\/schema.org","@graph":[{"@type":"ImageObject","inLanguage":"de","@id":"https:\/\/www.audacieuse-galerie.ch\/de\/produit\/fotograf-fuer-die-familie-aussen\/#primaryimage","url":"https:\/\/www.audacieuse-galerie.ch\/wp-content\/uploads\/2017\/03\/518-Photographe-de-famille-en-exterieur.jpg","contentUrl":"https:\/\/www.audacieuse-galerie.ch\/wp-content\/uploads\/2017\/03\/518-Photographe-de-famille-en-exterieur.jpg","width":1000,"height":1000,"caption":"Familienfotograf, im Freien"}]}},"jetpack_publicize_connections":[],"_links":{"self":[{"href":"https:\/\/www.audacieuse-galerie.ch\/de\/wp-json\/wp\/v2\/product\/2004","targetHints":{"allow":["GET"]}}],"collection":[{"href":"https:\/\/www.audacieuse-galerie.ch\/de\/wp-json\/wp\/v2\/product"}],"about":[{"href":"https:\/\/www.audacieuse-galerie.ch\/de\/wp-json\/wp\/v2\/types\/product"}],"replies":[{"embeddable":true,"href":"https:\/\/www.audacieuse-galerie.ch\/de\/wp-json\/wp\/v2\/comments?post=2004"}],"version-history":[{"count":0,"href":"https:\/\/www.audacieuse-galerie.ch\/de\/wp-json\/wp\/v2\/product\/2004\/revisions"}],"wp:featuredmedia":[{"embeddable":true,"href":"https:\/\/www.audacieuse-galerie.ch\/de\/wp-json\/wp\/v2\/media\/1979"}],"wp:attachment":[{"href":"https:\/\/www.audacieuse-galerie.ch\/de\/wp-json\/wp\/v2\/media?parent=2004"}],"wp:term":[{"taxonomy":"product_brand","embeddable":true,"href":"https:\/\/www.audacieuse-galerie.ch\/de\/wp-json\/wp\/v2\/product_brand?post=2004"},{"taxonomy":"product_cat","embeddable":true,"href":"https:\/\/www.audacieuse-galerie.ch\/de\/wp-json\/wp\/v2\/product_cat?post=2004"},{"taxonomy":"product_tag","embeddable":true,"href":"https:\/\/www.audacieuse-galerie.ch\/de\/wp-json\/wp\/v2\/product_tag?post=2004"}],"curies":[{"name":"wp","href":"https:\/\/api.w.org\/{rel}","templated":true}]}}