{"id":2037,"date":"2017-03-21T13:43:26","date_gmt":"2017-03-21T12:43:26","guid":{"rendered":"https:\/\/woo.audacieuse-galerie.ch\/produit\/ein-fotograf-fuer-ihre-familie-zuhause\/"},"modified":"2026-04-01T12:25:11","modified_gmt":"2026-04-01T10:25:11","slug":"ein-fotograf-fuer-ihre-familie-zuhause","status":"publish","type":"product","link":"https:\/\/www.audacieuse-galerie.ch\/de\/produit\/ein-fotograf-fuer-ihre-familie-zuhause\/","title":{"rendered":"Family Home Photographer: Schaffen Sie einzigartige Erinnerungen mit Ihrer Familie zu Hause."},"content":{"rendered":"<h2>Family Home Photographer: Schaffen Sie einzigartige Erinnerungen mit Ihrer Familie zu Hause.<\/h2>\n<p>M\u00f6chten Sie authentische und pers\u00f6nliche Familienfotos? Ein spezialisierter Fotograf kommt zu Ihnen nach Hause, um diese kostbaren Momente in der Ihnen liebsten Umgebung festzuhalten. Dank unserer mobilen Studio-Flashes kommen wir direkt zu Ihnen nach Hause oder an den Ort Ihrer Wahl \u2013 ein Ort, der die einzigartige Pers\u00f6nlichkeit Ihrer Familie widerspiegelt.<\/p>\n<p>Wir legen gro\u00dfen Wert darauf, ma\u00dfgeschneiderte Bilder zu erstellen, die Ihre Geschichte auf originelle Weise erz\u00e4hlen. Gemeinsam definieren wir das Konzept Ihres Fotoshootings, egal ob es sich um spontane, gestellte Fotos oder Szenen aus dem Alltag handelt. Jedes Bild ist so konzipiert, dass es die Bindungen und Emotionen, die Sie verbinden, verewigt und Ihnen gleichzeitig einen professionellen und zeitlosen Look zu Hause bietet.<\/p>\n<p>Mit unserem personalisierten Ansatz werden Ihre Familienfotos zu einem wahren visuellen Erbst\u00fcck voller Erinnerungen und Authentizit\u00e4t. Sie werden in der Lage sein, diese kostbaren Momente durch Aufnahmen zu erleben, die die Essenz Ihres Familienlebens einfangen.<\/p>\n","protected":false},"excerpt":{"rendered":"<p>Fangen Sie einzigartige Momente mit einem Familienfotoshooting zu Hause fest. Wir bringen unsere Studioblitze direkt zu Ihnen nach Hause oder an den Ort Ihrer Wahl f\u00fcr authentische und personalisierte Fotos. Gemeinsam definieren wir ein Konzept, das die Pers\u00f6nlichkeit Ihrer Familie durch originelle und emotionale Bilder hervorhebt. Jede Aufnahme f\u00e4ngt das Wesen Ihrer famili\u00e4ren Bindungen ein und schafft eine zeitlose Erinnerung. Geben Sie Ihrer Familie Fotos, die Ihre Geschichte professionell und pers\u00f6nlich erz\u00e4hlen.<\/p>\n","protected":false},"featured_media":2018,"comment_status":"open","ping_status":"closed","template":"","meta":{"_glsr_average":0,"_glsr_ranking":0,"_glsr_reviews":0,"jetpack_publicize_message":"","jetpack_publicize_feature_enabled":true,"jetpack_social_post_already_shared":true,"jetpack_social_options":{"image_generator_settings":{"template":"highway","default_image_id":0,"font":"","enabled":false},"version":2}},"product_brand":[],"product_cat":[138,51],"product_tag":[2430,2431,2429,2275],"class_list":{"0":"post-2037","1":"product","2":"type-product","3":"status-publish","4":"has-post-thumbnail","6":"product_cat-familienfotografie","7":"product_cat-familienfotos","8":"product_tag-bei","9":"product_tag-du","10":"product_tag-familie","11":"product_tag-photograph","12":"pa_qualitedesphotos-42mopixelsvollbild-de","13":"pa_qualitedesphotos-qualitatsoptik-de","14":"bookacti-activity","16":"first","17":"instock","18":"sale","19":"virtual","20":"taxable","21":"purchasable","22":"product-type-simple"},"yoast_head":"<!-- This site is optimized with the Yoast SEO plugin v27.4 - https:\/\/yoast.com\/product\/yoast-seo-wordpress\/ -->\n<title>Familienfotograf zu Hause, Naturfotos zu Hause<\/title>\n<meta name=\"description\" content=\"Rufen Sie einen Familienfotografen zu Hause f\u00fcr authentische Fotos in Ihrer Umgebung und f\u00fcr Ihre sch\u00f6nsten Familienmomente.\" \/>\n<meta name=\"robots\" content=\"index, follow, max-snippet:-1, max-image-preview:large, max-video-preview:-1\" \/>\n<link rel=\"canonical\" href=\"https:\/\/www.audacieuse-galerie.ch\/de\/produit\/ein-fotograf-fuer-ihre-familie-zuhause\/\" \/>\n<meta property=\"og:locale\" content=\"de_DE\" \/>\n<meta property=\"og:type\" content=\"article\" \/>\n<meta property=\"og:title\" content=\"Family Home Photographer: Schaffen Sie einzigartige Erinnerungen mit Ihrer Familie zu Hause.\" \/>\n<meta property=\"og:description\" content=\"Family Home Photographer: Schaffen Sie einzigartige Erinnerungen mit Ihrer Familie zu Hause. Audacieuse-Galerie\" \/>\n<meta property=\"og:url\" content=\"https:\/\/www.audacieuse-galerie.ch\/de\/produit\/ein-fotograf-fuer-ihre-familie-zuhause\/\" \/>\n<meta property=\"og:site_name\" content=\"Audacieuse-Galerie\" \/>\n<meta property=\"article:publisher\" content=\"https:\/\/www.facebook.com\/audacieuse.galerie\" \/>\n<meta property=\"article:modified_time\" content=\"2026-04-01T10:25:11+00:00\" \/>\n<meta property=\"og:image\" content=\"https:\/\/www.audacieuse-galerie.ch\/wp-content\/uploads\/2017\/03\/211-Photographe-de-famille-chez-vous.jpg\" \/>\n\t<meta property=\"og:image:width\" content=\"1000\" \/>\n\t<meta property=\"og:image:height\" content=\"760\" \/>\n\t<meta property=\"og:image:type\" content=\"image\/jpeg\" \/>\n<meta name=\"twitter:card\" content=\"summary_large_image\" \/>\n<meta name=\"twitter:label1\" content=\"Gesch\u00e4tzte Lesezeit\" \/>\n\t<meta name=\"twitter:data1\" content=\"2 Minuten\" \/>\n<script type=\"application\/ld+json\" class=\"yoast-schema-graph\">{\"@context\":\"https:\\\/\\\/schema.org\",\"@graph\":[{\"@type\":\"ImageObject\",\"inLanguage\":\"de\",\"@id\":\"https:\\\/\\\/www.audacieuse-galerie.ch\\\/de\\\/produit\\\/ein-fotograf-fuer-ihre-familie-zuhause\\\/#primaryimage\",\"url\":\"https:\\\/\\\/www.audacieuse-galerie.ch\\\/wp-content\\\/uploads\\\/2017\\\/03\\\/211-Photographe-de-famille-chez-vous.jpg\",\"contentUrl\":\"https:\\\/\\\/www.audacieuse-galerie.ch\\\/wp-content\\\/uploads\\\/2017\\\/03\\\/211-Photographe-de-famille-chez-vous.jpg\",\"width\":1000,\"height\":760,\"caption\":\"Familienfotograf, zu Hause\"}]}<\/script>\n<!-- \/ Yoast SEO plugin. -->","yoast_head_json":{"title":"Familienfotograf zu Hause, Naturfotos zu Hause","description":"Rufen Sie einen Familienfotografen zu Hause f\u00fcr authentische Fotos in Ihrer Umgebung und f\u00fcr Ihre sch\u00f6nsten Familienmomente.","robots":{"index":"index","follow":"follow","max-snippet":"max-snippet:-1","max-image-preview":"max-image-preview:large","max-video-preview":"max-video-preview:-1"},"canonical":"https:\/\/www.audacieuse-galerie.ch\/de\/produit\/ein-fotograf-fuer-ihre-familie-zuhause\/","og_locale":"de_DE","og_type":"article","og_title":"Family Home Photographer: Schaffen Sie einzigartige Erinnerungen mit Ihrer Familie zu Hause.","og_description":"Family Home Photographer: Schaffen Sie einzigartige Erinnerungen mit Ihrer Familie zu Hause. Audacieuse-Galerie","og_url":"https:\/\/www.audacieuse-galerie.ch\/de\/produit\/ein-fotograf-fuer-ihre-familie-zuhause\/","og_site_name":"Audacieuse-Galerie","article_publisher":"https:\/\/www.facebook.com\/audacieuse.galerie","article_modified_time":"2026-04-01T10:25:11+00:00","og_image":[{"width":1000,"height":760,"url":"https:\/\/www.audacieuse-galerie.ch\/wp-content\/uploads\/2017\/03\/211-Photographe-de-famille-chez-vous.jpg","type":"image\/jpeg"}],"twitter_card":"summary_large_image","twitter_misc":{"Gesch\u00e4tzte Lesezeit":"2 Minuten"},"schema":{"@context":"https:\/\/schema.org","@graph":[{"@type":"ImageObject","inLanguage":"de","@id":"https:\/\/www.audacieuse-galerie.ch\/de\/produit\/ein-fotograf-fuer-ihre-familie-zuhause\/#primaryimage","url":"https:\/\/www.audacieuse-galerie.ch\/wp-content\/uploads\/2017\/03\/211-Photographe-de-famille-chez-vous.jpg","contentUrl":"https:\/\/www.audacieuse-galerie.ch\/wp-content\/uploads\/2017\/03\/211-Photographe-de-famille-chez-vous.jpg","width":1000,"height":760,"caption":"Familienfotograf, zu Hause"}]}},"jetpack_publicize_connections":[],"_links":{"self":[{"href":"https:\/\/www.audacieuse-galerie.ch\/de\/wp-json\/wp\/v2\/product\/2037","targetHints":{"allow":["GET"]}}],"collection":[{"href":"https:\/\/www.audacieuse-galerie.ch\/de\/wp-json\/wp\/v2\/product"}],"about":[{"href":"https:\/\/www.audacieuse-galerie.ch\/de\/wp-json\/wp\/v2\/types\/product"}],"replies":[{"embeddable":true,"href":"https:\/\/www.audacieuse-galerie.ch\/de\/wp-json\/wp\/v2\/comments?post=2037"}],"version-history":[{"count":0,"href":"https:\/\/www.audacieuse-galerie.ch\/de\/wp-json\/wp\/v2\/product\/2037\/revisions"}],"wp:featuredmedia":[{"embeddable":true,"href":"https:\/\/www.audacieuse-galerie.ch\/de\/wp-json\/wp\/v2\/media\/2018"}],"wp:attachment":[{"href":"https:\/\/www.audacieuse-galerie.ch\/de\/wp-json\/wp\/v2\/media?parent=2037"}],"wp:term":[{"taxonomy":"product_brand","embeddable":true,"href":"https:\/\/www.audacieuse-galerie.ch\/de\/wp-json\/wp\/v2\/product_brand?post=2037"},{"taxonomy":"product_cat","embeddable":true,"href":"https:\/\/www.audacieuse-galerie.ch\/de\/wp-json\/wp\/v2\/product_cat?post=2037"},{"taxonomy":"product_tag","embeddable":true,"href":"https:\/\/www.audacieuse-galerie.ch\/de\/wp-json\/wp\/v2\/product_tag?post=2037"}],"curies":[{"name":"wp","href":"https:\/\/api.w.org\/{rel}","templated":true}]}}