{"id":2061,"date":"2017-03-24T22:34:39","date_gmt":"2017-03-24T21:34:39","guid":{"rendered":"https:\/\/woo.audacieuse-galerie.ch\/produit\/ihre-schwangerheit-fotosession\/"},"modified":"2026-04-06T11:47:34","modified_gmt":"2026-04-06T09:47:34","slug":"ihre-schwangerheit-fotosession","status":"publish","type":"product","link":"https:\/\/www.audacieuse-galerie.ch\/de\/produit\/ihre-schwangerheit-fotosession\/","title":{"rendered":"Schwangerschaftsfotografie-Session"},"content":{"rendered":"<h2>Schwangerschafts-Fotosession im Carouge Genf: ein intimer und unvergesslicher Moment<\/h2>\n<p>Kommen Sie und erleben Sie ein einzigartiges und intimes Erlebnis in unserem Studio in <strong>Carouge, Genf<\/strong> f\u00fcr Ihre <strong>Schwangerschaftsfotosession<\/strong>. Ob Sie alleine oder in Begleitung Ihres Partners, Ihrer Kinder oder Ihrer Lieben sind, wir bieten Ihnen einen privaten und herzlichen Rahmen, um diesen sch\u00f6nen Abschnitt Ihres Lebens zu verewigen. F\u00fcr harmonische Fotos empfehlen wir Ihnen, sich mit einer einheitlichen Kleiderordnung zu pr\u00e4sentieren und Kleidung in \u00e4hnlichen Farben zu w\u00e4hlen. Denken Sie auch daran, sich um Ihre Frisur zu k\u00fcmmern, sich f\u00fcr ein dezentes Make-up zu entscheiden und Kleidung zu tragen, die die Haut nicht abdr\u00fcckt, um ein perfektes Ergebnis zu erzielen.   <\/p>\n<h3>Schnelle Lieferung von Fotos und personalisierten Dienstleistungen<\/h3>\n<p>Ein paar Tage nach Ihrer Schwangerschafts-Fotosession geben wir Ihnen Ihre Fotos auf einem USB-Stick, nach einer sorgf\u00e4ltigen Auswahl und einer leichten digitalen Entwicklung. Zus\u00e4tzlich zu der angebotenen digitalen Version bieten wir hochwertige Drucke als Option an, um diese wertvollen Erinnerungen zu bewahren. Wir empfehlen langlebige Drucke, die sich perfekt eignen, um Ihre Fotos aufzuwerten und an zuk\u00fcnftige Generationen weiterzugeben.  <\/p>\n<h3>Verbesserte Eindr\u00fccke f\u00fcr eine bleibende Erinnerung<\/h3>\n<p>Optional bieten wir hochwertige Drucke an, um Ihre Schwangerschaftsfotos zu versch\u00f6nern. Wir verwenden Baryta-Fotopapiere mit intensiven und tiefen Schwarzt\u00f6nen, perfekt f\u00fcr Schwarzwei\u00dfportr\u00e4ts, die die Chiaroscuro-Technik offenbaren. F\u00fcr leuchtende Farben und subtile Farbt\u00f6ne hebt unser Satinpapier jedes Detail und jeden Farbverlauf hervor. Wir bevorzugen unser mattes Papier wegen der Weichheit von Pastellt\u00f6nen. Alle diese Drucke sind gegen Aufpreis erh\u00e4ltlich und k\u00f6nnen mit Matten, feinem Rahmen oder eleganten Fotob\u00fcchern in einer diskreten Box personalisiert werden \u2013 ideal, um Ihre Schwangerschaftserinnerungen zeitlos aufzubewahren.    <\/p>\n<h3>Buchen Sie ganz einfach Ihre Schwangerschafts-Fotosession<\/h3>\n<p>Die Buchung deines Fotoshootings ist im Kalender gegen\u00fcber schnell und einfach. Wir empfehlen Ihnen, Ihren Termin f\u00fcr den siebten Schwangerschaftsmonat zu reservieren, um einen sch\u00f6nen runden Bauch zu erfassen. Wenn Sie den Beginn Ihrer Schwangerschaftsgeschichte markieren m\u00f6chten, entscheiden Sie sich f\u00fcr eine Sitzung zwischen dem f\u00fcnften und sechsten Monat.  <\/p>\n<p>Wenn Sie sich in den letzten Monaten der Schwangerschaft befinden und eine anstrengende Reise vermeiden m\u00f6chten, empfehlen wir Ihnen auch, die Fotosession zu Hause durchzuf\u00fchren. <a href=\"https:\/\/www.audacieuse-galerie.ch\/produit\/photographe-de-famille-chez-vous-geneve\/\">Entdecken Sie unseren Service f\u00fcr Heimfotografie, indem Sie hier klicken<\/a> , und genie\u00dfen Sie ein Fotoshooting bequem von zu Hause aus, ohne Stress oder Reisen.<\/p>\n","protected":false},"excerpt":{"rendered":"<p>Erleben Sie ein einzigartiges Erlebnis mit einer Schwangerschaftsfotosession in unserem Studio in Carouge, nahe Genf. Egal, ob ihr allein, als Paar oder umgeben von euren Kindern posiert \u2013 jeder Moment wird sorgf\u00e4ltig eingefangen, um die Sch\u00f6nheit und Emotion dieses kostbaren Moments zu zeigen. Wir machen elegante und authentische Fotos, die weiches Licht, raffinierte Komposition und zeitlosen Stil verbinden, sodass Ihre Erinnerungen sowohl nat\u00fcrlich als auch anspruchsvoll sind. Unser personalisierter Ansatz stellt sicher, dass jedes Bild Ihre Pers\u00f6nlichkeit und die Einzigartigkeit Ihrer Mutterschaft widerspiegelt.   <\/p>\n","protected":false},"featured_media":2051,"comment_status":"open","ping_status":"closed","template":"","meta":{"_glsr_average":0,"_glsr_ranking":0,"_glsr_reviews":0,"jetpack_publicize_message":"","jetpack_publicize_feature_enabled":true,"jetpack_social_post_already_shared":true,"jetpack_social_options":{"image_generator_settings":{"template":"highway","default_image_id":0,"font":"","enabled":false},"version":2}},"product_brand":[],"product_cat":[138,51,93],"product_tag":[2152,2243,2369,2370,2251],"class_list":{"0":"post-2061","1":"product","2":"type-product","3":"status-publish","4":"has-post-thumbnail","6":"product_cat-familienfotografie","7":"product_cat-familienfotos","8":"product_cat-fotostudio-in-carouge-genf","9":"product_tag-eindrucke","10":"product_tag-fotografien","11":"product_tag-schwangerschaft-fotograf","12":"product_tag-schwangerschaft-fotosession","13":"product_tag-schwarz-weis","14":"pa_qualitedesphotos-42mopixelsvollbild-de","15":"pa_qualitedesphotos-qualitatsoptik-de","16":"bookacti-activity","18":"first","19":"instock","20":"sale","21":"virtual","22":"taxable","23":"purchasable","24":"product-type-simple"},"yoast_head":"<!-- This site is optimized with the Yoast SEO plugin v27.4 - https:\/\/yoast.com\/product\/yoast-seo-wordpress\/ -->\n<title>Intimes Studio-Schwangerschaftsfotoshooting in Carouge, Genf.<\/title>\n<meta name=\"description\" content=\"Schwangerschaftsfotoshooting in unserem Studio in Carouge, Genf. Allein, als Paar oder mit den Kindern, genie\u00dfen Sie elegante, authentische Fotos.\" \/>\n<meta name=\"robots\" content=\"index, follow, max-snippet:-1, max-image-preview:large, max-video-preview:-1\" \/>\n<link rel=\"canonical\" href=\"https:\/\/www.audacieuse-galerie.ch\/de\/produit\/ihre-schwangerheit-fotosession\/\" \/>\n<meta property=\"og:locale\" content=\"de_DE\" \/>\n<meta property=\"og:type\" content=\"article\" \/>\n<meta property=\"og:title\" content=\"Intimes Studio-Schwangerschaftsfotoshooting in Carouge, Genf.\" \/>\n<meta property=\"og:description\" content=\"Schwangerschaftsfotoshooting in unserem Studio in Carouge, Genf. Allein, als Paar oder mit den Kindern, genie\u00dfen Sie elegante, authentische Fotos.\" \/>\n<meta property=\"og:url\" content=\"https:\/\/www.audacieuse-galerie.ch\/de\/produit\/ihre-schwangerheit-fotosession\/\" \/>\n<meta property=\"og:site_name\" content=\"Audacieuse-Galerie\" \/>\n<meta property=\"article:publisher\" content=\"https:\/\/www.facebook.com\/audacieuse.galerie\" \/>\n<meta property=\"article:modified_time\" content=\"2026-04-06T09:47:34+00:00\" \/>\n<meta property=\"og:image\" content=\"https:\/\/www.audacieuse-galerie.ch\/wp-content\/uploads\/2017\/03\/738-Sceance-photographies-de-grosesse.jpg\" \/>\n\t<meta property=\"og:image:width\" content=\"1000\" \/>\n\t<meta property=\"og:image:height\" content=\"1000\" \/>\n\t<meta property=\"og:image:type\" content=\"image\/jpeg\" \/>\n<meta name=\"twitter:card\" content=\"summary_large_image\" \/>\n<meta name=\"twitter:label1\" content=\"Gesch\u00e4tzte Lesezeit\" \/>\n\t<meta name=\"twitter:data1\" content=\"3 Minuten\" \/>\n<script type=\"application\/ld+json\" class=\"yoast-schema-graph\">{\"@context\":\"https:\\\/\\\/schema.org\",\"@graph\":[{\"@type\":\"ImageObject\",\"inLanguage\":\"de\",\"@id\":\"https:\\\/\\\/www.audacieuse-galerie.ch\\\/de\\\/produit\\\/ihre-schwangerheit-fotosession\\\/#primaryimage\",\"url\":\"https:\\\/\\\/www.audacieuse-galerie.ch\\\/wp-content\\\/uploads\\\/2017\\\/03\\\/738-Sceance-photographies-de-grosesse.jpg\",\"contentUrl\":\"https:\\\/\\\/www.audacieuse-galerie.ch\\\/wp-content\\\/uploads\\\/2017\\\/03\\\/738-Sceance-photographies-de-grosesse.jpg\",\"width\":1000,\"height\":1000,\"caption\":\"Schwangerschaftsfotosession in Carouge Genf\"}]}<\/script>\n<!-- \/ Yoast SEO plugin. -->","yoast_head_json":{"title":"Intimes Studio-Schwangerschaftsfotoshooting in Carouge, Genf.","description":"Schwangerschaftsfotoshooting in unserem Studio in Carouge, Genf. Allein, als Paar oder mit den Kindern, genie\u00dfen Sie elegante, authentische Fotos.","robots":{"index":"index","follow":"follow","max-snippet":"max-snippet:-1","max-image-preview":"max-image-preview:large","max-video-preview":"max-video-preview:-1"},"canonical":"https:\/\/www.audacieuse-galerie.ch\/de\/produit\/ihre-schwangerheit-fotosession\/","og_locale":"de_DE","og_type":"article","og_title":"Intimes Studio-Schwangerschaftsfotoshooting in Carouge, Genf.","og_description":"Schwangerschaftsfotoshooting in unserem Studio in Carouge, Genf. Allein, als Paar oder mit den Kindern, genie\u00dfen Sie elegante, authentische Fotos.","og_url":"https:\/\/www.audacieuse-galerie.ch\/de\/produit\/ihre-schwangerheit-fotosession\/","og_site_name":"Audacieuse-Galerie","article_publisher":"https:\/\/www.facebook.com\/audacieuse.galerie","article_modified_time":"2026-04-06T09:47:34+00:00","og_image":[{"width":1000,"height":1000,"url":"https:\/\/www.audacieuse-galerie.ch\/wp-content\/uploads\/2017\/03\/738-Sceance-photographies-de-grosesse.jpg","type":"image\/jpeg"}],"twitter_card":"summary_large_image","twitter_misc":{"Gesch\u00e4tzte Lesezeit":"3 Minuten"},"schema":{"@context":"https:\/\/schema.org","@graph":[{"@type":"ImageObject","inLanguage":"de","@id":"https:\/\/www.audacieuse-galerie.ch\/de\/produit\/ihre-schwangerheit-fotosession\/#primaryimage","url":"https:\/\/www.audacieuse-galerie.ch\/wp-content\/uploads\/2017\/03\/738-Sceance-photographies-de-grosesse.jpg","contentUrl":"https:\/\/www.audacieuse-galerie.ch\/wp-content\/uploads\/2017\/03\/738-Sceance-photographies-de-grosesse.jpg","width":1000,"height":1000,"caption":"Schwangerschaftsfotosession in Carouge Genf"}]}},"jetpack_publicize_connections":[],"_links":{"self":[{"href":"https:\/\/www.audacieuse-galerie.ch\/de\/wp-json\/wp\/v2\/product\/2061","targetHints":{"allow":["GET"]}}],"collection":[{"href":"https:\/\/www.audacieuse-galerie.ch\/de\/wp-json\/wp\/v2\/product"}],"about":[{"href":"https:\/\/www.audacieuse-galerie.ch\/de\/wp-json\/wp\/v2\/types\/product"}],"replies":[{"embeddable":true,"href":"https:\/\/www.audacieuse-galerie.ch\/de\/wp-json\/wp\/v2\/comments?post=2061"}],"version-history":[{"count":3,"href":"https:\/\/www.audacieuse-galerie.ch\/de\/wp-json\/wp\/v2\/product\/2061\/revisions"}],"predecessor-version":[{"id":152123,"href":"https:\/\/www.audacieuse-galerie.ch\/de\/wp-json\/wp\/v2\/product\/2061\/revisions\/152123"}],"wp:featuredmedia":[{"embeddable":true,"href":"https:\/\/www.audacieuse-galerie.ch\/de\/wp-json\/wp\/v2\/media\/2051"}],"wp:attachment":[{"href":"https:\/\/www.audacieuse-galerie.ch\/de\/wp-json\/wp\/v2\/media?parent=2061"}],"wp:term":[{"taxonomy":"product_brand","embeddable":true,"href":"https:\/\/www.audacieuse-galerie.ch\/de\/wp-json\/wp\/v2\/product_brand?post=2061"},{"taxonomy":"product_cat","embeddable":true,"href":"https:\/\/www.audacieuse-galerie.ch\/de\/wp-json\/wp\/v2\/product_cat?post=2061"},{"taxonomy":"product_tag","embeddable":true,"href":"https:\/\/www.audacieuse-galerie.ch\/de\/wp-json\/wp\/v2\/product_tag?post=2061"}],"curies":[{"name":"wp","href":"https:\/\/api.w.org\/{rel}","templated":true}]}}