{"id":2109,"date":"2017-03-30T14:10:46","date_gmt":"2017-03-30T12:10:46","guid":{"rendered":"https:\/\/woo.audacieuse-galerie.ch\/produit\/corporate-portraet-im-studio\/"},"modified":"2026-04-14T12:01:52","modified_gmt":"2026-04-14T10:01:52","slug":"corporate-portraet-im-studio","status":"publish","type":"product","link":"https:\/\/www.audacieuse-galerie.ch\/de\/produit\/corporate-portraet-im-studio\/","title":{"rendered":"Firmen-Lebenslauf-Portr\u00e4t im Studio in 20 Minuten"},"content":{"rendered":"<h2><strong>Professionelles Portr\u00e4t: Verbessern Sie Ihr Bild auf den ersten Blick<\/strong><\/h2>\n<p>Dein Foto ist dein erster Eindruck. F\u00fcr einen Lebenslauf, LinkedIn, eine Biografie oder die Pr\u00e4sentation Ihres Unternehmens \u2013 ein professionelles Portr\u00e4t st\u00e4rkt Ihre Glaubw\u00fcrdigkeit und weckt Vertrauen. <\/p>\n<p>Jede Sitzung findet im Studio in einer komfortablen und eleganten Umgebung statt. Wir fangen Ihre Authentizit\u00e4t mit nat\u00fcrlichen Posen und Licht, die Ihren Ausdruck unterstreichen. <\/p>\n<p>Ich begleite dich auf jedem Schritt: Haltung, Schau, L\u00e4cheln&#8230; Jedes Detail z\u00e4hlt, um ein Portr\u00e4t zu schaffen, das Ihnen \u00e4hnelt und Sie hervorhebt.<\/p>\n<p>Nach der Sitzung wird eine strenge Auswahl der besten Bilder erstellt. Digitale Entwicklung sorgt f\u00fcr ein nat\u00fcrliches, frisches und optimiertes Aussehen. Hochaufl\u00f6sende Dateien werden schnell geliefert.  <\/p>\n<p>F\u00fcr eine nachhaltige Wirkung entscheiden Sie sich au\u00dferdem f\u00fcr unsere Premium-Drucke. Baryta-Papier f\u00fcr Schwarzwei\u00df, Satinpapier f\u00fcr Farbe, Mattdruck oder Hardcover-Fotobuch: Jede Option hebt deine Portr\u00e4ts mit Eleganz auf. <\/p>\n<p><strong>W\u00e4hlen Sie ein erfolgreiches professionelles Portr\u00e4t. Vereinbaren Sie noch heute einen Termin und machen Sie Ihr Image zu einer echten Bereicherung. <\/strong><\/p>\n","protected":false},"excerpt":{"rendered":"<p>G\u00f6nnen Sie sich ein professionelles Portr\u00e4t im Studio, um Ihr Image in einem Lebenslauf, einer Biografie oder einem Firmenprofil in 20 Minuten aufzuwerten. Nach der Aufnahme optimieren Sie durch sorgf\u00e4ltige Auswahl und digitale Entwicklung Ihr Foto f\u00fcr einen nat\u00fcrlichen, wirkungsvollen Look. Optional verst\u00e4rken Premium-Drucke Ihr Portr\u00e4t f\u00fcr einen langanhaltenden Highlight.  <\/p>\n","protected":false},"featured_media":2096,"comment_status":"open","ping_status":"closed","template":"","meta":{"_glsr_average":0,"_glsr_ranking":0,"_glsr_reviews":0,"jetpack_publicize_message":"","jetpack_publicize_feature_enabled":true,"jetpack_social_post_already_shared":true,"jetpack_social_options":{"image_generator_settings":{"template":"highway","default_image_id":0,"font":"","enabled":false},"version":2}},"product_brand":[],"product_cat":[141,93,159,252],"product_tag":[2362,2428,2363,2253,2427],"class_list":{"0":"post-2109","1":"product","2":"type-product","3":"status-publish","4":"has-post-thumbnail","6":"product_cat-fotografie-fuer-unternehmens","7":"product_cat-fotostudio-in-carouge-genf","8":"product_cat-ihr-fotograf-von-portraets","9":"product_cat-portraet-fuer-die-koerperschaft","10":"product_tag-foto","11":"product_tag-individuum","12":"product_tag-korperschaftlich","13":"product_tag-portrat","14":"product_tag-studio-de","15":"pa_qualitedesphotos-42mopixelsvollbild-de","16":"pa_qualitedesphotos-qualitatsoptik-de","17":"bookacti-activity","19":"first","20":"instock","21":"sale","22":"virtual","23":"taxable","24":"purchasable","25":"product-type-simple"},"yoast_head":"<!-- This site is optimized with the Yoast SEO plugin v27.4 - https:\/\/yoast.com\/product\/yoast-seo-wordpress\/ -->\n<title>Fotoportr\u00e4t im Studio in Carouge Genf \u2013 Inspirieren Sie Vertrauen.<\/title>\n<meta name=\"description\" content=\"Professionelles Firmenportr\u00e4t im Studio, um Ihren Lebenslauf, Ihr LinkedIn-Profil oder Ihre Unternehmenskommunikation zu verbessern. Ihr Fotograf in Carouge Genf.\" \/>\n<meta name=\"robots\" content=\"index, follow, max-snippet:-1, max-image-preview:large, max-video-preview:-1\" \/>\n<link rel=\"canonical\" href=\"https:\/\/www.audacieuse-galerie.ch\/de\/produit\/corporate-portraet-im-studio\/\" \/>\n<meta property=\"og:locale\" content=\"de_DE\" \/>\n<meta property=\"og:type\" content=\"article\" \/>\n<meta property=\"og:title\" content=\"Fotoportr\u00e4t im Studio in Carouge Genf \u2013 Inspirieren Sie Vertrauen.\" \/>\n<meta property=\"og:description\" content=\"Professionelles Firmenportr\u00e4t im Studio, um Ihren Lebenslauf, Ihr LinkedIn-Profil oder Ihre Unternehmenskommunikation zu verbessern. Ihr Fotograf in Carouge Genf.\" \/>\n<meta property=\"og:url\" content=\"https:\/\/www.audacieuse-galerie.ch\/de\/produit\/corporate-portraet-im-studio\/\" \/>\n<meta property=\"og:site_name\" content=\"Audacieuse-Galerie\" \/>\n<meta property=\"article:publisher\" content=\"https:\/\/www.facebook.com\/audacieuse.galerie\" \/>\n<meta property=\"article:modified_time\" content=\"2026-04-14T10:01:52+00:00\" \/>\n<meta property=\"og:image\" content=\"https:\/\/www.audacieuse-galerie.ch\/wp-content\/uploads\/2017\/03\/321-Portrait-corporate-indivuel-en-studio.jpg\" \/>\n\t<meta property=\"og:image:width\" content=\"741\" \/>\n\t<meta property=\"og:image:height\" content=\"1000\" \/>\n\t<meta property=\"og:image:type\" content=\"image\/jpeg\" \/>\n<meta name=\"twitter:card\" content=\"summary_large_image\" \/>\n<meta name=\"twitter:label1\" content=\"Gesch\u00e4tzte Lesezeit\" \/>\n\t<meta name=\"twitter:data1\" content=\"2 Minuten\" \/>\n<script type=\"application\/ld+json\" class=\"yoast-schema-graph\">{\"@context\":\"https:\\\/\\\/schema.org\",\"@graph\":[{\"@type\":\"ImageObject\",\"inLanguage\":\"de\",\"@id\":\"https:\\\/\\\/www.audacieuse-galerie.ch\\\/de\\\/produit\\\/corporate-portraet-im-studio\\\/#primaryimage\",\"url\":\"https:\\\/\\\/www.audacieuse-galerie.ch\\\/wp-content\\\/uploads\\\/2017\\\/03\\\/321-Portrait-corporate-indivuel-en-studio.jpg\",\"contentUrl\":\"https:\\\/\\\/www.audacieuse-galerie.ch\\\/wp-content\\\/uploads\\\/2017\\\/03\\\/321-Portrait-corporate-indivuel-en-studio.jpg\",\"width\":741,\"height\":1000,\"caption\":\"Individuelle Unternehmensportrait im Studio\"}]}<\/script>\n<!-- \/ Yoast SEO plugin. -->","yoast_head_json":{"title":"Fotoportr\u00e4t im Studio in Carouge Genf \u2013 Inspirieren Sie Vertrauen.","description":"Professionelles Firmenportr\u00e4t im Studio, um Ihren Lebenslauf, Ihr LinkedIn-Profil oder Ihre Unternehmenskommunikation zu verbessern. Ihr Fotograf in Carouge Genf.","robots":{"index":"index","follow":"follow","max-snippet":"max-snippet:-1","max-image-preview":"max-image-preview:large","max-video-preview":"max-video-preview:-1"},"canonical":"https:\/\/www.audacieuse-galerie.ch\/de\/produit\/corporate-portraet-im-studio\/","og_locale":"de_DE","og_type":"article","og_title":"Fotoportr\u00e4t im Studio in Carouge Genf \u2013 Inspirieren Sie Vertrauen.","og_description":"Professionelles Firmenportr\u00e4t im Studio, um Ihren Lebenslauf, Ihr LinkedIn-Profil oder Ihre Unternehmenskommunikation zu verbessern. Ihr Fotograf in Carouge Genf.","og_url":"https:\/\/www.audacieuse-galerie.ch\/de\/produit\/corporate-portraet-im-studio\/","og_site_name":"Audacieuse-Galerie","article_publisher":"https:\/\/www.facebook.com\/audacieuse.galerie","article_modified_time":"2026-04-14T10:01:52+00:00","og_image":[{"width":741,"height":1000,"url":"https:\/\/www.audacieuse-galerie.ch\/wp-content\/uploads\/2017\/03\/321-Portrait-corporate-indivuel-en-studio.jpg","type":"image\/jpeg"}],"twitter_card":"summary_large_image","twitter_misc":{"Gesch\u00e4tzte Lesezeit":"2 Minuten"},"schema":{"@context":"https:\/\/schema.org","@graph":[{"@type":"ImageObject","inLanguage":"de","@id":"https:\/\/www.audacieuse-galerie.ch\/de\/produit\/corporate-portraet-im-studio\/#primaryimage","url":"https:\/\/www.audacieuse-galerie.ch\/wp-content\/uploads\/2017\/03\/321-Portrait-corporate-indivuel-en-studio.jpg","contentUrl":"https:\/\/www.audacieuse-galerie.ch\/wp-content\/uploads\/2017\/03\/321-Portrait-corporate-indivuel-en-studio.jpg","width":741,"height":1000,"caption":"Individuelle Unternehmensportrait im Studio"}]}},"jetpack_publicize_connections":[],"_links":{"self":[{"href":"https:\/\/www.audacieuse-galerie.ch\/de\/wp-json\/wp\/v2\/product\/2109","targetHints":{"allow":["GET"]}}],"collection":[{"href":"https:\/\/www.audacieuse-galerie.ch\/de\/wp-json\/wp\/v2\/product"}],"about":[{"href":"https:\/\/www.audacieuse-galerie.ch\/de\/wp-json\/wp\/v2\/types\/product"}],"replies":[{"embeddable":true,"href":"https:\/\/www.audacieuse-galerie.ch\/de\/wp-json\/wp\/v2\/comments?post=2109"}],"version-history":[{"count":1,"href":"https:\/\/www.audacieuse-galerie.ch\/de\/wp-json\/wp\/v2\/product\/2109\/revisions"}],"predecessor-version":[{"id":154386,"href":"https:\/\/www.audacieuse-galerie.ch\/de\/wp-json\/wp\/v2\/product\/2109\/revisions\/154386"}],"wp:featuredmedia":[{"embeddable":true,"href":"https:\/\/www.audacieuse-galerie.ch\/de\/wp-json\/wp\/v2\/media\/2096"}],"wp:attachment":[{"href":"https:\/\/www.audacieuse-galerie.ch\/de\/wp-json\/wp\/v2\/media?parent=2109"}],"wp:term":[{"taxonomy":"product_brand","embeddable":true,"href":"https:\/\/www.audacieuse-galerie.ch\/de\/wp-json\/wp\/v2\/product_brand?post=2109"},{"taxonomy":"product_cat","embeddable":true,"href":"https:\/\/www.audacieuse-galerie.ch\/de\/wp-json\/wp\/v2\/product_cat?post=2109"},{"taxonomy":"product_tag","embeddable":true,"href":"https:\/\/www.audacieuse-galerie.ch\/de\/wp-json\/wp\/v2\/product_tag?post=2109"}],"curies":[{"name":"wp","href":"https:\/\/api.w.org\/{rel}","templated":true}]}}