{"id":2160,"date":"2017-03-30T14:30:59","date_gmt":"2017-03-30T12:30:59","guid":{"rendered":"https:\/\/woo.audacieuse-galerie.ch\/produit\/corporate-portraet-fuer-mitarbeiter-in-arbeitssituation\/"},"modified":"2026-04-09T08:59:02","modified_gmt":"2026-04-09T06:59:02","slug":"corporate-portraet-fuer-mitarbeiter-in-arbeitssituation","status":"publish","type":"product","link":"https:\/\/www.audacieuse-galerie.ch\/de\/produit\/corporate-portraet-fuer-mitarbeiter-in-arbeitssituation\/","title":{"rendered":"Portr\u00e4t von Unternehmensteams in Situationen"},"content":{"rendered":"<h2>Bringen Sie Ihre Trades zum Strahlen dank lohnender professioneller Fotos<\/h2>\n<p>Pr\u00e4sentieren Sie Ihr Unternehmen und Ihre Talente mit hochwertiger, professioneller Fotografie. Ob f\u00fcr Ihre Website, Ihre Kommunikationsmittel, Ihre E-Mail-Signatur, Ihre Visitenkarten, Ihre Pressemappen oder Ihre Werbekampagnen, wir kreieren Bilder, die Ihr Markenimage fesseln und st\u00e4rken. <\/p>\n<h3>Schnelle und sorgf\u00e4ltige Lieferung<\/h3>\n<p>Wenn Sie die besten Fotos ausgew\u00e4hlt und die Farben, Kontraste und den Bildausschnitt angepasst haben, k\u00f6nnen Sie Ihre Fotos in unsere private Cloud hochladen. Entdecken Sie zus\u00e4tzlich zu den digitalen Fotos, die in unserem Service enthalten sind, unsere Druckoptionen, um Ihre Bilder auf nachhaltige und stilvolle Weise zum Leben zu erwecken. <\/p>\n<h3><a href=\"#bookacti-wc-form-fields-product-2154\">Buchen Sie Ihre Fotosession mit wenigen Klicks<\/a><\/h3>\n<p>Vereinfachen Sie Ihre Buchung mit unserer <a href=\"#bookacti-wc-form-fields-product-2154\">Online-Plattform<\/a>! W\u00e4hlen Sie einen oder mehrere Zeitfenster nach Ihrem Ermessen. Eine Reise in den Kanton Genf ist in unserem Angebot enthalten. \u00dcber den Kanton hinaus f\u00e4llt ein Zuschlag von 1 CHF pro gefahrener Kilometer.   <\/p>\n<h3>Noch Fragen? Ben\u00f6tigen Sie ein Angebot? <\/h3>\n<p>Bevorzugen Sie ein Angebot? Fordern Sie Ihr Angebot auf dieser Seite an oder rufen Sie uns unter <a href=\"tel:0041225565253\">0041 22 556 52 53<\/a> an, um eine Schritt-f\u00fcr-Schritt-Anleitung zu erhalten. <\/p>\n<p><strong>Transformieren Sie Ihr Image noch heute \u2013 buchen Sie jetzt und heben Sie sich ab!<\/strong><\/p>\n","protected":false},"excerpt":{"rendered":"<p>Pr\u00e4sentieren Sie Ihre Gewerke mit Fotos in professioneller Qualit\u00e4t. Sei es f\u00fcr Ihre Website, die Unternehmenskommunikation Ihres Unternehmens, die Unterschrift einer E-Mail, eine Visitenkarte, eine Pressemappe, einen Lebenslauf oder ein Linkelin-Portr\u00e4t&#8230; <\/p>\n","protected":false},"featured_media":2141,"comment_status":"open","ping_status":"closed","template":"","meta":{"_glsr_average":0,"_glsr_ranking":0,"_glsr_reviews":0,"jetpack_publicize_message":"","jetpack_publicize_feature_enabled":true,"jetpack_social_post_already_shared":true,"jetpack_social_options":{"image_generator_settings":{"template":"highway","default_image_id":0,"font":"","enabled":false},"version":2}},"product_brand":[],"product_cat":[141,93,36,252,66],"product_tag":[2362,2363,2364,2253,2366,2365],"class_list":{"0":"post-2160","1":"product","2":"type-product","3":"status-publish","4":"has-post-thumbnail","6":"product_cat-fotografie-fuer-unternehmens","7":"product_cat-fotostudio-in-carouge-genf","8":"product_cat-ihr-fotograf-aus-carouge-neben-genf-fuer-private-und-firma","9":"product_cat-portraet-fuer-die-koerperschaft","10":"product_cat-professionelle-fotos-und-videos-carouge-geneve","11":"product_tag-foto","12":"product_tag-korperschaftlich","13":"product_tag-mannschaften","14":"product_tag-portrat","15":"product_tag-situation-de","16":"product_tag-trades-de","17":"pa_qualitedesphotos-42mopixelsvollbild-de","18":"pa_qualitedesphotos-qualitatsoptik-de","19":"bookacti-activity","21":"first","22":"instock","23":"sale","24":"virtual","25":"taxable","26":"purchasable","27":"product-type-simple"},"yoast_head":"<!-- This site is optimized with the Yoast SEO plugin v27.4 - https:\/\/yoast.com\/product\/yoast-seo-wordpress\/ -->\n<title>High-End-Firmenfotografie und Firmenportr\u00e4ts<\/title>\n<meta name=\"description\" content=\"St\u00e4rken Sie Ihr berufliches Image mit eleganten und strategischen Unternehmensportr\u00e4ts, die Exzellenz, Glaubw\u00fcrdigkeit und Markenidentit\u00e4t widerspiegeln.\" \/>\n<meta name=\"robots\" content=\"index, follow, max-snippet:-1, max-image-preview:large, max-video-preview:-1\" \/>\n<link rel=\"canonical\" href=\"https:\/\/www.audacieuse-galerie.ch\/de\/produit\/corporate-portraet-fuer-mitarbeiter-in-arbeitssituation\/\" \/>\n<meta property=\"og:locale\" content=\"de_DE\" \/>\n<meta property=\"og:type\" content=\"article\" \/>\n<meta property=\"og:title\" content=\"High-End-Firmenfotografie und Firmenportr\u00e4ts\" \/>\n<meta property=\"og:description\" content=\"St\u00e4rken Sie Ihr berufliches Image mit eleganten und strategischen Unternehmensportr\u00e4ts, die Exzellenz, Glaubw\u00fcrdigkeit und Markenidentit\u00e4t widerspiegeln.\" \/>\n<meta property=\"og:url\" content=\"https:\/\/www.audacieuse-galerie.ch\/de\/produit\/corporate-portraet-fuer-mitarbeiter-in-arbeitssituation\/\" \/>\n<meta property=\"og:site_name\" content=\"Audacieuse-Galerie\" \/>\n<meta property=\"article:publisher\" content=\"https:\/\/www.facebook.com\/audacieuse.galerie\" \/>\n<meta property=\"article:modified_time\" content=\"2026-04-09T06:59:02+00:00\" \/>\n<meta property=\"og:image\" content=\"https:\/\/www.audacieuse-galerie.ch\/wp-content\/uploads\/2017\/03\/1281-Portrait-dequipes-corporate-en-situation.jpg\" \/>\n\t<meta property=\"og:image:width\" content=\"1000\" \/>\n\t<meta property=\"og:image:height\" content=\"1000\" \/>\n\t<meta property=\"og:image:type\" content=\"image\/jpeg\" \/>\n<meta name=\"twitter:card\" content=\"summary_large_image\" \/>\n<meta name=\"twitter:label1\" content=\"Gesch\u00e4tzte Lesezeit\" \/>\n\t<meta name=\"twitter:data1\" content=\"1 Minute\" \/>\n<script type=\"application\/ld+json\" class=\"yoast-schema-graph\">{\"@context\":\"https:\\\/\\\/schema.org\",\"@graph\":[{\"@type\":\"ImageObject\",\"inLanguage\":\"de\",\"@id\":\"https:\\\/\\\/www.audacieuse-galerie.ch\\\/de\\\/produit\\\/corporate-portraet-fuer-mitarbeiter-in-arbeitssituation\\\/#primaryimage\",\"url\":\"https:\\\/\\\/www.audacieuse-galerie.ch\\\/wp-content\\\/uploads\\\/2017\\\/03\\\/1281-Portrait-dequipes-corporate-en-situation.jpg\",\"contentUrl\":\"https:\\\/\\\/www.audacieuse-galerie.ch\\\/wp-content\\\/uploads\\\/2017\\\/03\\\/1281-Portrait-dequipes-corporate-en-situation.jpg\",\"width\":1000,\"height\":1000,\"caption\":\"Portr\u00e4t von Unternehmensteams in Situationen\"}]}<\/script>\n<!-- \/ Yoast SEO plugin. -->","yoast_head_json":{"title":"High-End-Firmenfotografie und Firmenportr\u00e4ts","description":"St\u00e4rken Sie Ihr berufliches Image mit eleganten und strategischen Unternehmensportr\u00e4ts, die Exzellenz, Glaubw\u00fcrdigkeit und Markenidentit\u00e4t widerspiegeln.","robots":{"index":"index","follow":"follow","max-snippet":"max-snippet:-1","max-image-preview":"max-image-preview:large","max-video-preview":"max-video-preview:-1"},"canonical":"https:\/\/www.audacieuse-galerie.ch\/de\/produit\/corporate-portraet-fuer-mitarbeiter-in-arbeitssituation\/","og_locale":"de_DE","og_type":"article","og_title":"High-End-Firmenfotografie und Firmenportr\u00e4ts","og_description":"St\u00e4rken Sie Ihr berufliches Image mit eleganten und strategischen Unternehmensportr\u00e4ts, die Exzellenz, Glaubw\u00fcrdigkeit und Markenidentit\u00e4t widerspiegeln.","og_url":"https:\/\/www.audacieuse-galerie.ch\/de\/produit\/corporate-portraet-fuer-mitarbeiter-in-arbeitssituation\/","og_site_name":"Audacieuse-Galerie","article_publisher":"https:\/\/www.facebook.com\/audacieuse.galerie","article_modified_time":"2026-04-09T06:59:02+00:00","og_image":[{"width":1000,"height":1000,"url":"https:\/\/www.audacieuse-galerie.ch\/wp-content\/uploads\/2017\/03\/1281-Portrait-dequipes-corporate-en-situation.jpg","type":"image\/jpeg"}],"twitter_card":"summary_large_image","twitter_misc":{"Gesch\u00e4tzte Lesezeit":"1 Minute"},"schema":{"@context":"https:\/\/schema.org","@graph":[{"@type":"ImageObject","inLanguage":"de","@id":"https:\/\/www.audacieuse-galerie.ch\/de\/produit\/corporate-portraet-fuer-mitarbeiter-in-arbeitssituation\/#primaryimage","url":"https:\/\/www.audacieuse-galerie.ch\/wp-content\/uploads\/2017\/03\/1281-Portrait-dequipes-corporate-en-situation.jpg","contentUrl":"https:\/\/www.audacieuse-galerie.ch\/wp-content\/uploads\/2017\/03\/1281-Portrait-dequipes-corporate-en-situation.jpg","width":1000,"height":1000,"caption":"Portr\u00e4t von Unternehmensteams in Situationen"}]}},"jetpack_publicize_connections":[],"_links":{"self":[{"href":"https:\/\/www.audacieuse-galerie.ch\/de\/wp-json\/wp\/v2\/product\/2160","targetHints":{"allow":["GET"]}}],"collection":[{"href":"https:\/\/www.audacieuse-galerie.ch\/de\/wp-json\/wp\/v2\/product"}],"about":[{"href":"https:\/\/www.audacieuse-galerie.ch\/de\/wp-json\/wp\/v2\/types\/product"}],"replies":[{"embeddable":true,"href":"https:\/\/www.audacieuse-galerie.ch\/de\/wp-json\/wp\/v2\/comments?post=2160"}],"version-history":[{"count":0,"href":"https:\/\/www.audacieuse-galerie.ch\/de\/wp-json\/wp\/v2\/product\/2160\/revisions"}],"wp:featuredmedia":[{"embeddable":true,"href":"https:\/\/www.audacieuse-galerie.ch\/de\/wp-json\/wp\/v2\/media\/2141"}],"wp:attachment":[{"href":"https:\/\/www.audacieuse-galerie.ch\/de\/wp-json\/wp\/v2\/media?parent=2160"}],"wp:term":[{"taxonomy":"product_brand","embeddable":true,"href":"https:\/\/www.audacieuse-galerie.ch\/de\/wp-json\/wp\/v2\/product_brand?post=2160"},{"taxonomy":"product_cat","embeddable":true,"href":"https:\/\/www.audacieuse-galerie.ch\/de\/wp-json\/wp\/v2\/product_cat?post=2160"},{"taxonomy":"product_tag","embeddable":true,"href":"https:\/\/www.audacieuse-galerie.ch\/de\/wp-json\/wp\/v2\/product_tag?post=2160"}],"curies":[{"name":"wp","href":"https:\/\/api.w.org\/{rel}","templated":true}]}}