{"id":2263,"date":"2024-04-15T16:32:22","date_gmt":"2024-04-15T14:32:22","guid":{"rendered":"https:\/\/woo.audacieuse-galerie.ch\/?post_type=product&#038;p=2263"},"modified":"2024-08-12T18:53:45","modified_gmt":"2024-08-12T16:53:45","slug":"hochwertiges-fotobuch-mit-box","status":"publish","type":"product","link":"https:\/\/www.audacieuse-galerie.ch\/de\/produit\/hochwertiges-fotobuch-mit-box\/","title":{"rendered":"Hochwertiges Fotobuch mit Box"},"content":{"rendered":"<h2>Ein hochwertiges Fotobuch<\/h2>\n<p>Dieses moderne und mit schlankem Design Buch hat einen praktischen flachen \u00d6ffnungsmechanismus und eine Klebebindung, um den besten Panoramablick Ihrer Erinnerungen zu haben. Die \u00c4sthetik ist perfekt f\u00fcr alle Typen von Veranstaltungen. Mit einer individualisierbaren Schachtel ist eine Kombination von verschiedenen Farben und Materialen m\u00f6glich, und Sie k\u00f6nnen ein Buch stellen, das zu Ihnen passt.<\/p>\n<h2>Dimensionen, Typen von Papier und Materialen<\/h2>\n<p>Dieses Buch enthalt mindestens 30 Seiten (mehr in Option) mit rechteckigen oder quadrierten Abmessungen, von 20x20cm bis zu 40x35cm. Die Seiten sind dick und steif und Sie k\u00f6nnen das Papier ausw\u00e4hlen\u00a0: klassisch oder metallisch, laminiert oder gl\u00e4nzend mit Laserdruck.<\/p>\n<p>Die Decke und die Schachtel sind in mehrere Materialen verf\u00fcgbar\u00a0: Leder, Kork, Holzschliff, Ahornholz, Touch Paper, Kunstleder oder Stoff.<\/p>\n<h2>Ein personaliesbares Buch<\/h2>\n<p>Sie k\u00f6nnen die Elementen dieses Buch nach Ihrem Geschmack personalisieren\u00a0: farbliche \u00dcberdrucke oder Seitenrande, und andere Stile und Charaktere.<\/p>\n<p>Eine gro\u00dfe Auswahl von vorgegebenen Kombinationen sind verf\u00fcgbar.<\/p>\n<p>F\u00fcr Ihre Events oder Shooting, fordern Sie bitte ein Angebot an.<\/p>\n","protected":false},"excerpt":{"rendered":"<p>Dieses moderne und mit schlankem Design Buch hat einen praktischen flachen \u00d6ffnungsmechanismus und eine Klebebindung, um den besten Panoramablick Ihrer Erinnerungen zu haben.<\/p>\n","protected":false},"featured_media":2252,"comment_status":"open","ping_status":"closed","template":"","meta":{"_glsr_average":0,"_glsr_ranking":0,"_glsr_reviews":0,"jetpack_publicize_message":"","jetpack_publicize_feature_enabled":true,"jetpack_social_post_already_shared":true,"jetpack_social_options":{"image_generator_settings":{"template":"highway","default_image_id":0,"font":"","enabled":false},"version":2}},"product_brand":[],"product_cat":[195],"product_tag":[2244,2129,2130],"class_list":{"0":"post-2263","1":"product","2":"type-product","3":"status-publish","4":"has-post-thumbnail","6":"product_cat-unsere-foto-buecher-und-boxes","7":"product_tag-anpassbar","8":"product_tag-fotobuch","9":"product_tag-sarg","11":"first","12":"instock","13":"sale","14":"featured","15":"taxable","16":"shipping-taxable","17":"purchasable","18":"product-type-simple"},"yoast_head":"<!-- This site is optimized with the Yoast SEO plugin v27.4 - https:\/\/yoast.com\/product\/yoast-seo-wordpress\/ -->\n<title>Hochwertiges Fotobuch mit Box - Audacieuse-Galerie<\/title>\n<meta name=\"description\" content=\"Hochwertiges Fotobuch mit Box - Audacieuse-Galerie\" \/>\n<meta name=\"robots\" content=\"index, follow, max-snippet:-1, max-image-preview:large, max-video-preview:-1\" \/>\n<link rel=\"canonical\" href=\"https:\/\/www.audacieuse-galerie.ch\/de\/produit\/hochwertiges-fotobuch-mit-box\/\" \/>\n<meta property=\"og:locale\" content=\"de_DE\" \/>\n<meta property=\"og:type\" content=\"article\" \/>\n<meta property=\"og:title\" content=\"Hochwertiges Fotobuch mit Box - Audacieuse-Galerie\" \/>\n<meta property=\"og:description\" content=\"Hochwertiges Fotobuch mit Box - Audacieuse-Galerie\" \/>\n<meta property=\"og:url\" content=\"https:\/\/www.audacieuse-galerie.ch\/de\/produit\/hochwertiges-fotobuch-mit-box\/\" \/>\n<meta property=\"og:site_name\" content=\"Audacieuse-Galerie\" \/>\n<meta property=\"article:publisher\" content=\"https:\/\/www.facebook.com\/audacieuse.galerie\" \/>\n<meta property=\"article:modified_time\" content=\"2024-08-12T16:53:45+00:00\" \/>\n<meta property=\"og:image\" content=\"https:\/\/www.audacieuse-galerie.ch\/wp-content\/uploads\/2017\/04\/109-Livre-photo-haut-de-gamme-avec-coffret.jpg\" \/>\n\t<meta property=\"og:image:width\" content=\"1000\" \/>\n\t<meta property=\"og:image:height\" content=\"739\" \/>\n\t<meta property=\"og:image:type\" content=\"image\/jpeg\" \/>\n<meta name=\"twitter:card\" content=\"summary_large_image\" \/>\n<meta name=\"twitter:label1\" content=\"Gesch\u00e4tzte Lesezeit\" \/>\n\t<meta name=\"twitter:data1\" content=\"1 Minute\" \/>\n<script type=\"application\/ld+json\" class=\"yoast-schema-graph\">{\"@context\":\"https:\\\/\\\/schema.org\",\"@graph\":[{\"@type\":\"ImageObject\",\"inLanguage\":\"de\",\"@id\":\"https:\\\/\\\/www.audacieuse-galerie.ch\\\/de\\\/produit\\\/hochwertiges-fotobuch-mit-box\\\/#primaryimage\",\"url\":\"https:\\\/\\\/www.audacieuse-galerie.ch\\\/wp-content\\\/uploads\\\/2017\\\/04\\\/109-Livre-photo-haut-de-gamme-avec-coffret.jpg\",\"contentUrl\":\"https:\\\/\\\/www.audacieuse-galerie.ch\\\/wp-content\\\/uploads\\\/2017\\\/04\\\/109-Livre-photo-haut-de-gamme-avec-coffret.jpg\",\"width\":1000,\"height\":739,\"caption\":\"Livre photo haut de gamme avec coffret\"}]}<\/script>\n<!-- \/ Yoast SEO plugin. -->","yoast_head_json":{"title":"Hochwertiges Fotobuch mit Box - Audacieuse-Galerie","description":"Hochwertiges Fotobuch mit Box - Audacieuse-Galerie","robots":{"index":"index","follow":"follow","max-snippet":"max-snippet:-1","max-image-preview":"max-image-preview:large","max-video-preview":"max-video-preview:-1"},"canonical":"https:\/\/www.audacieuse-galerie.ch\/de\/produit\/hochwertiges-fotobuch-mit-box\/","og_locale":"de_DE","og_type":"article","og_title":"Hochwertiges Fotobuch mit Box - Audacieuse-Galerie","og_description":"Hochwertiges Fotobuch mit Box - Audacieuse-Galerie","og_url":"https:\/\/www.audacieuse-galerie.ch\/de\/produit\/hochwertiges-fotobuch-mit-box\/","og_site_name":"Audacieuse-Galerie","article_publisher":"https:\/\/www.facebook.com\/audacieuse.galerie","article_modified_time":"2024-08-12T16:53:45+00:00","og_image":[{"width":1000,"height":739,"url":"https:\/\/www.audacieuse-galerie.ch\/wp-content\/uploads\/2017\/04\/109-Livre-photo-haut-de-gamme-avec-coffret.jpg","type":"image\/jpeg"}],"twitter_card":"summary_large_image","twitter_misc":{"Gesch\u00e4tzte Lesezeit":"1 Minute"},"schema":{"@context":"https:\/\/schema.org","@graph":[{"@type":"ImageObject","inLanguage":"de","@id":"https:\/\/www.audacieuse-galerie.ch\/de\/produit\/hochwertiges-fotobuch-mit-box\/#primaryimage","url":"https:\/\/www.audacieuse-galerie.ch\/wp-content\/uploads\/2017\/04\/109-Livre-photo-haut-de-gamme-avec-coffret.jpg","contentUrl":"https:\/\/www.audacieuse-galerie.ch\/wp-content\/uploads\/2017\/04\/109-Livre-photo-haut-de-gamme-avec-coffret.jpg","width":1000,"height":739,"caption":"Livre photo haut de gamme avec coffret"}]}},"jetpack_publicize_connections":[],"_links":{"self":[{"href":"https:\/\/www.audacieuse-galerie.ch\/de\/wp-json\/wp\/v2\/product\/2263","targetHints":{"allow":["GET"]}}],"collection":[{"href":"https:\/\/www.audacieuse-galerie.ch\/de\/wp-json\/wp\/v2\/product"}],"about":[{"href":"https:\/\/www.audacieuse-galerie.ch\/de\/wp-json\/wp\/v2\/types\/product"}],"replies":[{"embeddable":true,"href":"https:\/\/www.audacieuse-galerie.ch\/de\/wp-json\/wp\/v2\/comments?post=2263"}],"version-history":[{"count":0,"href":"https:\/\/www.audacieuse-galerie.ch\/de\/wp-json\/wp\/v2\/product\/2263\/revisions"}],"wp:featuredmedia":[{"embeddable":true,"href":"https:\/\/www.audacieuse-galerie.ch\/de\/wp-json\/wp\/v2\/media\/2252"}],"wp:attachment":[{"href":"https:\/\/www.audacieuse-galerie.ch\/de\/wp-json\/wp\/v2\/media?parent=2263"}],"wp:term":[{"taxonomy":"product_brand","embeddable":true,"href":"https:\/\/www.audacieuse-galerie.ch\/de\/wp-json\/wp\/v2\/product_brand?post=2263"},{"taxonomy":"product_cat","embeddable":true,"href":"https:\/\/www.audacieuse-galerie.ch\/de\/wp-json\/wp\/v2\/product_cat?post=2263"},{"taxonomy":"product_tag","embeddable":true,"href":"https:\/\/www.audacieuse-galerie.ch\/de\/wp-json\/wp\/v2\/product_tag?post=2263"}],"curies":[{"name":"wp","href":"https:\/\/api.w.org\/{rel}","templated":true}]}}