{"id":2272,"date":"2024-08-04T21:31:41","date_gmt":"2024-08-04T19:31:41","guid":{"rendered":"https:\/\/woo.audacieuse-galerie.ch\/?post_type=product&#038;p=2272"},"modified":"2025-06-04T20:38:00","modified_gmt":"2025-06-04T18:38:00","slug":"fotobuch-fuer-kinder-baby","status":"publish","type":"product","link":"https:\/\/www.audacieuse-galerie.ch\/de\/produit\/fotobuch-fuer-kinder-baby\/","title":{"rendered":"Baby- oder Kinder-Fotobuch"},"content":{"rendered":"<h3>Fotobuch f\u00fcr Baby oder Kind: Verewigen Sie die Momente des Lebens<\/h3>\n<p>Schenken Sie Ihrem Kind eine einzigartige und zeitlose Erinnerung mit unserem <strong>personalisierten Fotobuch<\/strong>, das speziell f\u00fcr Babys und Kinder entwickelt wurde. Dieses Buch wurde von einem Profi erstellt und ist die perfekte M\u00f6glichkeit, die magischen Momente Ihres Kindes festzuhalten und zu teilen. <\/p>\n<h4>Au\u00dfergew\u00f6hnliche Qualit\u00e4t und raffiniertes Design<\/h4>\n<p>Jedes Fotobuch wird auf <strong>hochwertigem Papier<\/strong> gedruckt, um sicherzustellen, dass Ihre Fotos genau und lebendig wiedergegeben werden. Dank eines innovativen, nahtlosen Bindungssystems l\u00e4sst sich das Buch flach aufklappen und macht es einfach, Ihre Erinnerungen in ihrer ganzen Pracht zu betrachten. Die Seiten sind aus einem sehr dicken Papier von 800 Gramm geschnitten.  <\/p>\n<ul>\n<li><strong>Verschiedene Formate und Gr\u00f6\u00dfen<\/strong> : W\u00e4hlen Sie zwischen Hoch-, Quadrat- oder Querformaten, um das Buch an Ihre W\u00fcnsche und den Raum, in dem es ausgestellt wird, anzupassen.<\/li>\n<li><strong>Premium-Druckoptionen<\/strong> : W\u00e4hlen Sie Tintoretto-Papier f\u00fcr einen k\u00fcnstlerischen Look, Glanzpapier f\u00fcr ein gl\u00e4nzendes Finish oder Metallic-Fotoperlmuttpapier f\u00fcr einen einzigartigen Effekt.<\/li>\n<li>Jede Fotoseite kann durch Laminierung aufgewertet werden, die in matter, gl\u00e4nzender oder satinierter Ausf\u00fchrung erh\u00e4ltlich ist.<\/li>\n<\/ul>\n<h4>Benutzerdefinierte Anpassung<\/h4>\n<p>Unser Anpassungsangebot erm\u00f6glicht es Ihnen, ein Fotobuch zu erstellen, das Ihren Stil und Ihre Emotionen perfekt widerspiegelt. Sie k\u00f6nnen Folgendes hinzuf\u00fcgen: <\/p>\n<ul>\n<li><strong>Eine Schachtel aus Holz<\/strong> und Materialien, die mit dem Einband des Buches identisch sind (Leinen, Leder usw.)<\/li>\n<li><strong>Farbaufdruck<\/strong> : Um das Cover optisch zu bereichern und eine starke Wirkung zu erzielen.<\/li>\n<li><strong>Metallic-Plakette<\/strong> : Dieses raffinierte Detail, das auf dem Deckel und der Schachtel angebracht ist, verleiht Ihrer Kreation einen Hauch von Eleganz und Modernit\u00e4t.<\/li>\n<li><strong>Lasergravur:<\/strong> Mit allen m\u00f6glichen Schriftz\u00fcgen und Mustern, auf fast allen Covern.<\/li>\n<\/ul>\n<h4>Warum sollten Sie sich f\u00fcr unsere Fotob\u00fccher f\u00fcr Kinder entscheiden?<\/h4>\n<ul>\n<li><strong>Einzigartige Kreation<\/strong> : Jedes Buch wird auf Bestellung gefertigt und garantiert so ein personalisiertes und exklusives Produkt.<\/li>\n<li><strong>Professionelles Know-how<\/strong> : Entworfen von einem erfahrenen Fotografen, h\u00e4lt dieses Fotobuch die Essenz der ersten Momente des Lebens mit Sensibilit\u00e4t und Kunst fest.<\/li>\n<li><strong>Emotionale Erinnerung: Es<\/strong> ist mehr als nur ein Album, es wird zu einem echten Familienschatz, den man teilen und in den kommenden Jahren in Ehren halten kann.<\/li>\n<\/ul>\n<h3>Fordern Sie Ihr personalisiertes Fotobuch an<\/h3>\n<h4>Wir k\u00fcmmern uns um alles: Fotos-Schnitt-Druck<\/h4>\n<p>Wir k\u00fcmmern uns um alles. Von der Optimierung Ihrer Fotos \u00fcber die Bearbeitung bis hin zum Druck Ihres Buches k\u00fcmmert sich unser Fotograf um den gesamten Prozess, um Ihnen ein tadelloses Ergebnis zu garantieren. Sie m\u00fcssen nichts tun, au\u00dfer uns Ihre sortierten Fotos zu senden, im Gesch\u00e4ft in Carouge oder \u00fcber unsere private Cloud. W\u00e4hlen Sie Ihr Buch aus unseren Beispielen im Gesch\u00e4ft oder aus unserem Online-Katalog. Sie haben nicht genug Fotos? Oder noch keine Fotos? Wir bieten Ihnen ein Fotoshooting, in unserem Studio, zu Hause oder im Freien. Warten Sie dann etwa zwei Wochen, die Zeit, die es braucht, um zu bearbeiten, zu validieren und zu drucken, um Ihre wertvollen Erinnerungen f\u00fcr die Ewigkeit zu genie\u00dfen.       <\/p>\n<h4>Kontaktieren Sie uns oder bitten Sie um eine erneute Kontaktaufnahme.<\/h4>\n","protected":false},"excerpt":{"rendered":"<p>F\u00fcr Ihr Kind gibt es nichts Sch\u00f6neres als ein sch\u00f6nes Fotobuch, um die ersten Momente seines Lebens als Souvenir festzuhalten. Lassen Sie Ihre Erinnerungen nicht mit der Zeit verblassen. Verewigen Sie das L\u00e4cheln, die ersten Schritte und Gl\u00fccksmomente Ihres Kindes in einem <strong data-start=\"2481\" data-end=\"2507\">hochwertigen Fotobuch<\/strong>, das generations\u00fcbergreifend gestaltet ist. Erstellen Sie jetzt das perfekte Fotobuch f\u00fcr Baby oder Kind und schenken Sie sich und Ihrer Familie eine unbezahlbare Erinnerung.   <\/p>\n<p style=\"margin-bottom: 0cm; font-weight: normal; line-height: 100%;\">\n","protected":false},"featured_media":2267,"comment_status":"open","ping_status":"closed","template":"","meta":{"_glsr_average":0,"_glsr_ranking":0,"_glsr_reviews":0,"jetpack_publicize_message":"","jetpack_publicize_feature_enabled":true,"jetpack_social_post_already_shared":false,"jetpack_social_options":{"image_generator_settings":{"template":"highway","default_image_id":0,"font":"","enabled":false},"version":2}},"product_brand":[],"product_cat":[195],"product_tag":[2244,2245,2129,2243,2246,2131],"class_list":{"0":"post-2272","1":"product","2":"type-product","3":"status-publish","4":"has-post-thumbnail","6":"product_cat-unsere-foto-buecher-und-boxes","7":"product_tag-anpassbar","8":"product_tag-baby","9":"product_tag-fotobuch","10":"product_tag-fotografien","11":"product_tag-kind","12":"product_tag-qualitat","14":"first","15":"instock","16":"sale","17":"featured","18":"taxable","19":"shipping-taxable","20":"purchasable","21":"product-type-simple"},"yoast_head":"<!-- This site is optimized with the Yoast SEO plugin v27.4 - https:\/\/yoast.com\/product\/yoast-seo-wordpress\/ -->\n<title>Baby- oder Kinder-Fotobuch - Audacieuse-Galerie<\/title>\n<meta name=\"description\" content=\"Baby- oder Kinder-Fotobuch - Audacieuse-Galerie\" \/>\n<meta name=\"robots\" content=\"index, follow, max-snippet:-1, max-image-preview:large, max-video-preview:-1\" \/>\n<link rel=\"canonical\" href=\"https:\/\/www.audacieuse-galerie.ch\/de\/produit\/fotobuch-fuer-kinder-baby\/\" \/>\n<meta property=\"og:locale\" content=\"de_DE\" \/>\n<meta property=\"og:type\" content=\"article\" \/>\n<meta property=\"og:title\" content=\"Baby- oder Kinder-Fotobuch - Audacieuse-Galerie\" \/>\n<meta property=\"og:description\" content=\"Baby- oder Kinder-Fotobuch - Audacieuse-Galerie\" \/>\n<meta property=\"og:url\" content=\"https:\/\/www.audacieuse-galerie.ch\/de\/produit\/fotobuch-fuer-kinder-baby\/\" \/>\n<meta property=\"og:site_name\" content=\"Audacieuse-Galerie\" \/>\n<meta property=\"article:publisher\" content=\"https:\/\/www.facebook.com\/audacieuse.galerie\" \/>\n<meta property=\"article:modified_time\" content=\"2025-06-04T18:38:00+00:00\" \/>\n<meta property=\"og:image\" content=\"https:\/\/www.audacieuse-galerie.ch\/wp-content\/uploads\/2017\/04\/131-Livre-photo-bebe-ou-enfant.jpg\" \/>\n\t<meta property=\"og:image:width\" content=\"986\" \/>\n\t<meta property=\"og:image:height\" content=\"986\" \/>\n\t<meta property=\"og:image:type\" content=\"image\/jpeg\" \/>\n<meta name=\"twitter:card\" content=\"summary_large_image\" \/>\n<meta name=\"twitter:label1\" content=\"Gesch\u00e4tzte Lesezeit\" \/>\n\t<meta name=\"twitter:data1\" content=\"3 Minuten\" \/>\n<script type=\"application\/ld+json\" class=\"yoast-schema-graph\">{\"@context\":\"https:\\\/\\\/schema.org\",\"@graph\":[{\"@type\":\"ImageObject\",\"inLanguage\":\"de\",\"@id\":\"https:\\\/\\\/www.audacieuse-galerie.ch\\\/de\\\/produit\\\/fotobuch-fuer-kinder-baby\\\/#primaryimage\",\"url\":\"https:\\\/\\\/www.audacieuse-galerie.ch\\\/wp-content\\\/uploads\\\/2017\\\/04\\\/131-Livre-photo-bebe-ou-enfant.jpg\",\"contentUrl\":\"https:\\\/\\\/www.audacieuse-galerie.ch\\\/wp-content\\\/uploads\\\/2017\\\/04\\\/131-Livre-photo-bebe-ou-enfant.jpg\",\"width\":986,\"height\":986,\"caption\":\"Baby- oder Kinder-Fotobuch\"}]}<\/script>\n<!-- \/ Yoast SEO plugin. -->","yoast_head_json":{"title":"Baby- oder Kinder-Fotobuch - Audacieuse-Galerie","description":"Baby- oder Kinder-Fotobuch - Audacieuse-Galerie","robots":{"index":"index","follow":"follow","max-snippet":"max-snippet:-1","max-image-preview":"max-image-preview:large","max-video-preview":"max-video-preview:-1"},"canonical":"https:\/\/www.audacieuse-galerie.ch\/de\/produit\/fotobuch-fuer-kinder-baby\/","og_locale":"de_DE","og_type":"article","og_title":"Baby- oder Kinder-Fotobuch - Audacieuse-Galerie","og_description":"Baby- oder Kinder-Fotobuch - Audacieuse-Galerie","og_url":"https:\/\/www.audacieuse-galerie.ch\/de\/produit\/fotobuch-fuer-kinder-baby\/","og_site_name":"Audacieuse-Galerie","article_publisher":"https:\/\/www.facebook.com\/audacieuse.galerie","article_modified_time":"2025-06-04T18:38:00+00:00","og_image":[{"width":986,"height":986,"url":"https:\/\/www.audacieuse-galerie.ch\/wp-content\/uploads\/2017\/04\/131-Livre-photo-bebe-ou-enfant.jpg","type":"image\/jpeg"}],"twitter_card":"summary_large_image","twitter_misc":{"Gesch\u00e4tzte Lesezeit":"3 Minuten"},"schema":{"@context":"https:\/\/schema.org","@graph":[{"@type":"ImageObject","inLanguage":"de","@id":"https:\/\/www.audacieuse-galerie.ch\/de\/produit\/fotobuch-fuer-kinder-baby\/#primaryimage","url":"https:\/\/www.audacieuse-galerie.ch\/wp-content\/uploads\/2017\/04\/131-Livre-photo-bebe-ou-enfant.jpg","contentUrl":"https:\/\/www.audacieuse-galerie.ch\/wp-content\/uploads\/2017\/04\/131-Livre-photo-bebe-ou-enfant.jpg","width":986,"height":986,"caption":"Baby- oder Kinder-Fotobuch"}]}},"jetpack_publicize_connections":[],"_links":{"self":[{"href":"https:\/\/www.audacieuse-galerie.ch\/de\/wp-json\/wp\/v2\/product\/2272","targetHints":{"allow":["GET"]}}],"collection":[{"href":"https:\/\/www.audacieuse-galerie.ch\/de\/wp-json\/wp\/v2\/product"}],"about":[{"href":"https:\/\/www.audacieuse-galerie.ch\/de\/wp-json\/wp\/v2\/types\/product"}],"replies":[{"embeddable":true,"href":"https:\/\/www.audacieuse-galerie.ch\/de\/wp-json\/wp\/v2\/comments?post=2272"}],"version-history":[{"count":0,"href":"https:\/\/www.audacieuse-galerie.ch\/de\/wp-json\/wp\/v2\/product\/2272\/revisions"}],"wp:featuredmedia":[{"embeddable":true,"href":"https:\/\/www.audacieuse-galerie.ch\/de\/wp-json\/wp\/v2\/media\/2267"}],"wp:attachment":[{"href":"https:\/\/www.audacieuse-galerie.ch\/de\/wp-json\/wp\/v2\/media?parent=2272"}],"wp:term":[{"taxonomy":"product_brand","embeddable":true,"href":"https:\/\/www.audacieuse-galerie.ch\/de\/wp-json\/wp\/v2\/product_brand?post=2272"},{"taxonomy":"product_cat","embeddable":true,"href":"https:\/\/www.audacieuse-galerie.ch\/de\/wp-json\/wp\/v2\/product_cat?post=2272"},{"taxonomy":"product_tag","embeddable":true,"href":"https:\/\/www.audacieuse-galerie.ch\/de\/wp-json\/wp\/v2\/product_tag?post=2272"}],"curies":[{"name":"wp","href":"https:\/\/api.w.org\/{rel}","templated":true}]}}