{"id":2323,"date":"2017-04-10T12:22:06","date_gmt":"2017-04-10T10:22:06","guid":{"rendered":"https:\/\/woo.audacieuse-galerie.ch\/produit\/kulinarische-fotografie-restaurant\/"},"modified":"2026-03-12T21:54:41","modified_gmt":"2026-03-12T20:54:41","slug":"kulinarische-fotografie-restaurant","status":"publish","type":"product","link":"https:\/\/www.audacieuse-galerie.ch\/de\/produit\/kulinarische-fotografie-restaurant\/","title":{"rendered":"Food- \/ Restaurantfotografie"},"content":{"rendered":"<p>Verdient Ihr Restaurant und Ihr Essen professionelle Food-Fotografie? Wir bieten Ihnen hochwertige Fotos in Ihrem Restaurant. Wir fotografieren die Zimmer, den K\u00fcchenchef, das Personal und Ihre Gerichte. Ein gut fotografierter Teller weckt Neid.   <\/p>\n<p>Um Ihre potenziellen Kunden dazu zu bringen, Ihr Restaurant zu bevorzugen, seine Speisekarten mit Fotos zu begleiten, Ihre Website zu versch\u00f6nern oder eine Werbung zu senden, gibt es nichts Besseres als einen gut gedeckten Tisch, um die Geschmacksknospen zu erfreuen. Das Gleiche gilt f\u00fcr unsere Vision von Food-Fotografie. Ein tadelloses Restaurant, ein herrlicher Tisch, Gerichte mit pr\u00e4ziser Anrichte werden von einem professionellen Auge arrangiert, um das Foto zu komponieren. Um Ihren Tisch und in Ihren R\u00e4umen bringen wir Beleuchtung und ein mobiles Studio mit. Auf diese Weise sublimiert, wird alles perfekt sein, um Ihr bestes Bild zu enth\u00fcllen.    <\/p>\n","protected":false},"excerpt":{"rendered":"<p>Pr\u00e4sentieren Sie Ihr Restaurant mit professioneller Food-Fotografie, die die Essenz Ihrer K\u00fcche und das Ambiente Ihres Hauses einf\u00e4ngt. Wir fotografieren direkt vor Ort und sublimieren Ihre Gerichte, Ihren Raum, Ihren Koch und Ihr Team mit einem k\u00fcnstlerischen und sorgf\u00e4ltigen Blick. Ein gut fotografierter Teller weckt die Sinne und weckt Neid, ideal f\u00fcr Ihre Website, soziale Netzwerke und Kommunikationsmedien. Dank kontrollierter Beleuchtung und einer durchdachten Inszenierung spiegelt jedes Bild die Qualit\u00e4t und Emotion Ihrer K\u00fcche wider. Verleihen Sie Ihren visuellen Kreationen eine Wirkung, die so stark ist wie ihr Geschmack, indem Sie jetzt Ihre Food-Fotosession buchen.    <\/p>\n","protected":false},"featured_media":75284,"comment_status":"open","ping_status":"closed","template":"","meta":{"_glsr_average":0,"_glsr_ranking":0,"_glsr_reviews":0,"jetpack_publicize_message":"","jetpack_publicize_feature_enabled":true,"jetpack_social_post_already_shared":true,"jetpack_social_options":{"image_generator_settings":{"template":"highway","default_image_id":0,"font":"","enabled":false},"version":2}},"product_brand":[],"product_cat":[141,264],"product_tag":[2153,2414,2416,2413,2415,2417],"class_list":{"0":"post-2323","1":"product","2":"type-product","3":"status-publish","4":"has-post-thumbnail","6":"product_cat-fotografie-fuer-unternehmens","7":"product_cat-kochkunst-restaurant-hotelgewerbe","8":"product_tag-fotografie","9":"product_tag-kulinarisch","10":"product_tag-menus-de","11":"product_tag-professionell","12":"product_tag-restaurant-de","13":"product_tag-werbung","14":"pa_qualitedesphotos-42mopixelsvollbild-de","15":"pa_qualitedesphotos-qualitatsoptik-de","16":"bookacti-activity","18":"first","19":"instock","20":"sale","21":"virtual","22":"taxable","23":"purchasable","24":"product-type-simple"},"yoast_head":"<!-- This site is optimized with the Yoast SEO plugin v27.4 - https:\/\/yoast.com\/product\/yoast-seo-wordpress\/ -->\n<title>Food- \/ Restaurantfotografie - Audacieuse-Galerie<\/title>\n<meta name=\"description\" content=\"Food- \/ Restaurantfotografie - Audacieuse-Galerie\" \/>\n<meta name=\"robots\" content=\"index, follow, max-snippet:-1, max-image-preview:large, max-video-preview:-1\" \/>\n<link rel=\"canonical\" href=\"https:\/\/www.audacieuse-galerie.ch\/de\/produit\/kulinarische-fotografie-restaurant\/\" \/>\n<meta property=\"og:locale\" content=\"de_DE\" \/>\n<meta property=\"og:type\" content=\"article\" \/>\n<meta property=\"og:title\" content=\"Food- \/ Restaurantfotografie - Audacieuse-Galerie\" \/>\n<meta property=\"og:description\" content=\"Food- \/ Restaurantfotografie - Audacieuse-Galerie\" \/>\n<meta property=\"og:url\" content=\"https:\/\/www.audacieuse-galerie.ch\/de\/produit\/kulinarische-fotografie-restaurant\/\" \/>\n<meta property=\"og:site_name\" content=\"Audacieuse-Galerie\" \/>\n<meta property=\"article:publisher\" content=\"https:\/\/www.facebook.com\/audacieuse.galerie\" \/>\n<meta property=\"article:modified_time\" content=\"2026-03-12T20:54:41+00:00\" \/>\n<meta property=\"og:image\" content=\"https:\/\/www.audacieuse-galerie.ch\/wp-content\/uploads\/2024\/04\/fantome-chocolat.jpg\" \/>\n\t<meta property=\"og:image:width\" content=\"1100\" \/>\n\t<meta property=\"og:image:height\" content=\"734\" \/>\n\t<meta property=\"og:image:type\" content=\"image\/jpeg\" \/>\n<meta name=\"twitter:card\" content=\"summary_large_image\" \/>\n<meta name=\"twitter:label1\" content=\"Gesch\u00e4tzte Lesezeit\" \/>\n\t<meta name=\"twitter:data1\" content=\"1 Minute\" \/>\n<script type=\"application\/ld+json\" class=\"yoast-schema-graph\">{\"@context\":\"https:\\\/\\\/schema.org\",\"@graph\":[{\"@type\":\"ImageObject\",\"inLanguage\":\"de\",\"@id\":\"https:\\\/\\\/www.audacieuse-galerie.ch\\\/de\\\/produit\\\/kulinarische-fotografie-restaurant\\\/#primaryimage\",\"url\":\"https:\\\/\\\/www.audacieuse-galerie.ch\\\/wp-content\\\/uploads\\\/2024\\\/04\\\/fantome-chocolat.jpg\",\"contentUrl\":\"https:\\\/\\\/www.audacieuse-galerie.ch\\\/wp-content\\\/uploads\\\/2024\\\/04\\\/fantome-chocolat.jpg\",\"width\":1100,\"height\":734,\"caption\":\"Schokoladen-Geist\"}]}<\/script>\n<!-- \/ Yoast SEO plugin. -->","yoast_head_json":{"title":"Food- \/ Restaurantfotografie - Audacieuse-Galerie","description":"Food- \/ Restaurantfotografie - Audacieuse-Galerie","robots":{"index":"index","follow":"follow","max-snippet":"max-snippet:-1","max-image-preview":"max-image-preview:large","max-video-preview":"max-video-preview:-1"},"canonical":"https:\/\/www.audacieuse-galerie.ch\/de\/produit\/kulinarische-fotografie-restaurant\/","og_locale":"de_DE","og_type":"article","og_title":"Food- \/ Restaurantfotografie - Audacieuse-Galerie","og_description":"Food- \/ Restaurantfotografie - Audacieuse-Galerie","og_url":"https:\/\/www.audacieuse-galerie.ch\/de\/produit\/kulinarische-fotografie-restaurant\/","og_site_name":"Audacieuse-Galerie","article_publisher":"https:\/\/www.facebook.com\/audacieuse.galerie","article_modified_time":"2026-03-12T20:54:41+00:00","og_image":[{"width":1100,"height":734,"url":"https:\/\/www.audacieuse-galerie.ch\/wp-content\/uploads\/2024\/04\/fantome-chocolat.jpg","type":"image\/jpeg"}],"twitter_card":"summary_large_image","twitter_misc":{"Gesch\u00e4tzte Lesezeit":"1 Minute"},"schema":{"@context":"https:\/\/schema.org","@graph":[{"@type":"ImageObject","inLanguage":"de","@id":"https:\/\/www.audacieuse-galerie.ch\/de\/produit\/kulinarische-fotografie-restaurant\/#primaryimage","url":"https:\/\/www.audacieuse-galerie.ch\/wp-content\/uploads\/2024\/04\/fantome-chocolat.jpg","contentUrl":"https:\/\/www.audacieuse-galerie.ch\/wp-content\/uploads\/2024\/04\/fantome-chocolat.jpg","width":1100,"height":734,"caption":"Schokoladen-Geist"}]}},"jetpack_publicize_connections":[],"_links":{"self":[{"href":"https:\/\/www.audacieuse-galerie.ch\/de\/wp-json\/wp\/v2\/product\/2323","targetHints":{"allow":["GET"]}}],"collection":[{"href":"https:\/\/www.audacieuse-galerie.ch\/de\/wp-json\/wp\/v2\/product"}],"about":[{"href":"https:\/\/www.audacieuse-galerie.ch\/de\/wp-json\/wp\/v2\/types\/product"}],"replies":[{"embeddable":true,"href":"https:\/\/www.audacieuse-galerie.ch\/de\/wp-json\/wp\/v2\/comments?post=2323"}],"version-history":[{"count":0,"href":"https:\/\/www.audacieuse-galerie.ch\/de\/wp-json\/wp\/v2\/product\/2323\/revisions"}],"wp:featuredmedia":[{"embeddable":true,"href":"https:\/\/www.audacieuse-galerie.ch\/de\/wp-json\/wp\/v2\/media\/75284"}],"wp:attachment":[{"href":"https:\/\/www.audacieuse-galerie.ch\/de\/wp-json\/wp\/v2\/media?parent=2323"}],"wp:term":[{"taxonomy":"product_brand","embeddable":true,"href":"https:\/\/www.audacieuse-galerie.ch\/de\/wp-json\/wp\/v2\/product_brand?post=2323"},{"taxonomy":"product_cat","embeddable":true,"href":"https:\/\/www.audacieuse-galerie.ch\/de\/wp-json\/wp\/v2\/product_cat?post=2323"},{"taxonomy":"product_tag","embeddable":true,"href":"https:\/\/www.audacieuse-galerie.ch\/de\/wp-json\/wp\/v2\/product_tag?post=2323"}],"curies":[{"name":"wp","href":"https:\/\/api.w.org\/{rel}","templated":true}]}}