{"id":2335,"date":"2017-04-10T14:02:03","date_gmt":"2017-04-10T12:02:03","guid":{"rendered":"https:\/\/woo.audacieuse-galerie.ch\/produit\/fotografie-hotellerie\/"},"modified":"2026-02-23T14:05:17","modified_gmt":"2026-02-23T13:05:17","slug":"fotografie-hotellerie","status":"publish","type":"product","link":"https:\/\/www.audacieuse-galerie.ch\/de\/produit\/fotografie-hotellerie\/","title":{"rendered":"Fotograf von Hotels, Restaurants, Spas, Ferienh\u00e4usern, Bed &amp; Breakfasts, Salons."},"content":{"rendered":"<h2>Fotograf f\u00fcr Hotels, Restaurants, Spas und au\u00dfergew\u00f6hnliche Orte<\/h2>\n<p>Wir zeigen die Einzigartigkeit Ihres Lokals durch hochwertige Fotografie, die darauf ausgelegt ist, Ihre zuk\u00fcnftigen Kunden sofort zu verf\u00fchren. Tats\u00e4chlich hebt jedes Bild Ihre Fassaden, Zimmer, Suiten, Terrassen, Schwimmb\u00e4der, G\u00e4rten oder Wellnessbereiche mit Pr\u00e4zision und Eleganz hervor. <\/p>\n<p>Zun\u00e4chst analysieren wir Ihre Positionierung und Ihre Zielkundschaft. Dann w\u00e4hlen wir den lohnendsten Winkel und installieren ein mobiles Studio, um das Licht perfekt steuern zu k\u00f6nnen. Dadurch gewinnt jedes Detail an Tiefe und Verfeinerung.  <\/p>\n<p>Wir passen den Stil an Ihre Welt an. Eine warme und umh\u00fcllende Atmosph\u00e4re wird ein G\u00e4stehaus oder ein charmantes Cottage sublimieren. Im Gegensatz dazu verst\u00e4rkt eine n\u00fcchterne und zeitgen\u00f6ssische \u00c4sthetik das Image eines Gesch\u00e4ftshotels oder eines urbanen Spas. Jede Bildserie unterst\u00fctzt Ihre Kommunikationsstrategie, sei es Ihre Website, Brosch\u00fcren oder Gesch\u00e4ftspartner.   <\/p>\n<h2>Vorbereitung des Veranstaltungsortes: der Schl\u00fcssel zu unwiderstehlichen Bildern<\/h2>\n<p>Eine sorgf\u00e4ltige Inszenierung verwandelt einen sch\u00f6nen Raum in einen echten Favoriten. Deshalb raten wir Ihnen, jeden Raum sorgf\u00e4ltig vorzubereiten. Makelloses Leinen, harmonische Dekoration und einige florale Akzente verst\u00e4rken sofort die visuelle Wirkung. Das erleichtert es Ihren Interessenten, sich zu pr\u00e4sentieren. Dar\u00fcber hinaus vermitteln perfekt geordnete R\u00e4ume den Eindruck von Qualit\u00e4t und Selbstvertrauen. Jedes Detail z\u00e4hlt auf einem Hotelfoto, das zum Konvertieren gedacht ist.     <\/p>\n<h2>Fachkundige Retusche, Fotomontage und Postproduktion<\/h2>\n<p>Wir optimieren systematisch die Kolorimetrie und Helligkeit jedes Bildes. Dieser Schritt garantiert \u00e4sthetische Konsistenz und eine hochwertige Darstellung auf all Ihren Medien. Dar\u00fcber hinaus bieten wir als Option fortschrittliche Ausbesserungen an: pr\u00e4zise Texturarbeit, Entfernung unerw\u00fcnschter Elemente, Fotomontagen oder Vorbereitung von Dateien zum Druck. Das liefert Ihnen rundfunkf\u00e4hige Bilder, ohne die Qualit\u00e4t zu beeintr\u00e4chtigen.   <\/p>\n<h2>Buchen Sie Ihre Sitzung problemlos<\/h2>\n<p>Wir planen etwa 15 Minuten pro Raum f\u00fcr die Sublimation. F\u00fcr ein komplettes Hotel, einschlie\u00dflich Restaurant, Bar, Spa, Fitness, Schwimmbad oder G\u00e4rten, rechnen Sie jedoch mit durchschnittlich zwei Stunden oder sogar mehr, je nach Umfang der Dienstleistungen. Sie k\u00f6nnen den f\u00fcr Sie passende Zeitfenster direkt online buchen. Sie k\u00f6nnen uns auch unter 022 556 52 53 kontaktieren oder \u00fcber das spezielle Formular um einen R\u00fcckruf bitten.   <\/p>\n","protected":false},"excerpt":{"rendered":"<p>Wir legen gro\u00dfen Wert darauf, sch\u00f6ne, qualitativ hochwertige Marketingfotos zu erstellen. Wir heben alle Attraktionen Ihres Hotels hervor. <\/p>\n","protected":false},"featured_media":2333,"comment_status":"open","ping_status":"closed","template":"","meta":{"_glsr_average":0,"_glsr_ranking":0,"_glsr_reviews":0,"jetpack_publicize_message":"","jetpack_publicize_feature_enabled":true,"jetpack_social_post_already_shared":true,"jetpack_social_options":{"image_generator_settings":{"template":"highway","default_image_id":0,"font":"","enabled":false},"version":2}},"product_brand":[],"product_cat":[141,264],"product_tag":[2492,2243,2489,2490,2491],"class_list":{"0":"post-2335","1":"product","2":"type-product","3":"status-publish","4":"has-post-thumbnail","6":"product_cat-fotografie-fuer-unternehmens","7":"product_cat-kochkunst-restaurant-hotelgewerbe","8":"product_tag-charmante-residenzen","9":"product_tag-fotografien","10":"product_tag-gasthof","11":"product_tag-ubernachtung-mit-fruhstuck","12":"product_tag-wohnung","13":"pa_qualitedesphotos-42mopixelsvollbild-de","14":"pa_qualitedesphotos-qualitatsoptik-de","15":"bookacti-activity","17":"first","18":"instock","19":"sale","20":"virtual","21":"taxable","22":"purchasable","23":"product-type-simple"},"yoast_head":"<!-- This site is optimized with the Yoast SEO plugin v27.4 - https:\/\/yoast.com\/product\/yoast-seo-wordpress\/ -->\n<title>Professioneller Fotograf f\u00fcr Hotels, Restaurants und Unterk\u00fcnfte<\/title>\n<meta name=\"description\" content=\"Professioneller Fotograf f\u00fcr Hotels, Restaurants und Spas in der Schweiz: Bereichern Sie Ihre R\u00e4ume mit eleganten und attraktiven Bildern.\" \/>\n<meta name=\"robots\" content=\"index, follow, max-snippet:-1, max-image-preview:large, max-video-preview:-1\" \/>\n<link rel=\"canonical\" href=\"https:\/\/www.audacieuse-galerie.ch\/de\/produit\/fotografie-hotellerie\/\" \/>\n<meta property=\"og:locale\" content=\"de_DE\" \/>\n<meta property=\"og:type\" content=\"article\" \/>\n<meta property=\"og:title\" content=\"Professioneller Fotograf f\u00fcr Hotels, Restaurants und Unterk\u00fcnfte\" \/>\n<meta property=\"og:description\" content=\"Professioneller Fotograf f\u00fcr Hotels, Restaurants und Spas in der Schweiz: Bereichern Sie Ihre R\u00e4ume mit eleganten und attraktiven Bildern.\" \/>\n<meta property=\"og:url\" content=\"https:\/\/www.audacieuse-galerie.ch\/de\/produit\/fotografie-hotellerie\/\" \/>\n<meta property=\"og:site_name\" content=\"Audacieuse-Galerie\" \/>\n<meta property=\"article:publisher\" content=\"https:\/\/www.facebook.com\/audacieuse.galerie\" \/>\n<meta property=\"article:modified_time\" content=\"2026-02-23T13:05:17+00:00\" \/>\n<meta property=\"og:image\" content=\"https:\/\/www.audacieuse-galerie.ch\/wp-content\/uploads\/2017\/04\/314-Photographie-Hotellerie.jpg\" \/>\n\t<meta property=\"og:image:width\" content=\"1000\" \/>\n\t<meta property=\"og:image:height\" content=\"808\" \/>\n\t<meta property=\"og:image:type\" content=\"image\/jpeg\" \/>\n<meta name=\"twitter:card\" content=\"summary_large_image\" \/>\n<meta name=\"twitter:label1\" content=\"Gesch\u00e4tzte Lesezeit\" \/>\n\t<meta name=\"twitter:data1\" content=\"2 Minuten\" \/>\n<script type=\"application\/ld+json\" class=\"yoast-schema-graph\">{\"@context\":\"https:\\\/\\\/schema.org\",\"@graph\":[{\"@type\":\"ImageObject\",\"inLanguage\":\"de\",\"@id\":\"https:\\\/\\\/www.audacieuse-galerie.ch\\\/de\\\/produit\\\/fotografie-hotellerie\\\/#primaryimage\",\"url\":\"https:\\\/\\\/www.audacieuse-galerie.ch\\\/wp-content\\\/uploads\\\/2017\\\/04\\\/314-Photographie-Hotellerie.jpg\",\"contentUrl\":\"https:\\\/\\\/www.audacieuse-galerie.ch\\\/wp-content\\\/uploads\\\/2017\\\/04\\\/314-Photographie-Hotellerie.jpg\",\"width\":1000,\"height\":808,\"caption\":\"Fotografie im Gastgewerbe\"}]}<\/script>\n<!-- \/ Yoast SEO plugin. -->","yoast_head_json":{"title":"Professioneller Fotograf f\u00fcr Hotels, Restaurants und Unterk\u00fcnfte","description":"Professioneller Fotograf f\u00fcr Hotels, Restaurants und Spas in der Schweiz: Bereichern Sie Ihre R\u00e4ume mit eleganten und attraktiven Bildern.","robots":{"index":"index","follow":"follow","max-snippet":"max-snippet:-1","max-image-preview":"max-image-preview:large","max-video-preview":"max-video-preview:-1"},"canonical":"https:\/\/www.audacieuse-galerie.ch\/de\/produit\/fotografie-hotellerie\/","og_locale":"de_DE","og_type":"article","og_title":"Professioneller Fotograf f\u00fcr Hotels, Restaurants und Unterk\u00fcnfte","og_description":"Professioneller Fotograf f\u00fcr Hotels, Restaurants und Spas in der Schweiz: Bereichern Sie Ihre R\u00e4ume mit eleganten und attraktiven Bildern.","og_url":"https:\/\/www.audacieuse-galerie.ch\/de\/produit\/fotografie-hotellerie\/","og_site_name":"Audacieuse-Galerie","article_publisher":"https:\/\/www.facebook.com\/audacieuse.galerie","article_modified_time":"2026-02-23T13:05:17+00:00","og_image":[{"width":1000,"height":808,"url":"https:\/\/www.audacieuse-galerie.ch\/wp-content\/uploads\/2017\/04\/314-Photographie-Hotellerie.jpg","type":"image\/jpeg"}],"twitter_card":"summary_large_image","twitter_misc":{"Gesch\u00e4tzte Lesezeit":"2 Minuten"},"schema":{"@context":"https:\/\/schema.org","@graph":[{"@type":"ImageObject","inLanguage":"de","@id":"https:\/\/www.audacieuse-galerie.ch\/de\/produit\/fotografie-hotellerie\/#primaryimage","url":"https:\/\/www.audacieuse-galerie.ch\/wp-content\/uploads\/2017\/04\/314-Photographie-Hotellerie.jpg","contentUrl":"https:\/\/www.audacieuse-galerie.ch\/wp-content\/uploads\/2017\/04\/314-Photographie-Hotellerie.jpg","width":1000,"height":808,"caption":"Fotografie im Gastgewerbe"}]}},"jetpack_publicize_connections":[],"_links":{"self":[{"href":"https:\/\/www.audacieuse-galerie.ch\/de\/wp-json\/wp\/v2\/product\/2335","targetHints":{"allow":["GET"]}}],"collection":[{"href":"https:\/\/www.audacieuse-galerie.ch\/de\/wp-json\/wp\/v2\/product"}],"about":[{"href":"https:\/\/www.audacieuse-galerie.ch\/de\/wp-json\/wp\/v2\/types\/product"}],"replies":[{"embeddable":true,"href":"https:\/\/www.audacieuse-galerie.ch\/de\/wp-json\/wp\/v2\/comments?post=2335"}],"version-history":[{"count":0,"href":"https:\/\/www.audacieuse-galerie.ch\/de\/wp-json\/wp\/v2\/product\/2335\/revisions"}],"wp:featuredmedia":[{"embeddable":true,"href":"https:\/\/www.audacieuse-galerie.ch\/de\/wp-json\/wp\/v2\/media\/2333"}],"wp:attachment":[{"href":"https:\/\/www.audacieuse-galerie.ch\/de\/wp-json\/wp\/v2\/media?parent=2335"}],"wp:term":[{"taxonomy":"product_brand","embeddable":true,"href":"https:\/\/www.audacieuse-galerie.ch\/de\/wp-json\/wp\/v2\/product_brand?post=2335"},{"taxonomy":"product_cat","embeddable":true,"href":"https:\/\/www.audacieuse-galerie.ch\/de\/wp-json\/wp\/v2\/product_cat?post=2335"},{"taxonomy":"product_tag","embeddable":true,"href":"https:\/\/www.audacieuse-galerie.ch\/de\/wp-json\/wp\/v2\/product_tag?post=2335"}],"curies":[{"name":"wp","href":"https:\/\/api.w.org\/{rel}","templated":true}]}}