{"id":2344,"date":"2017-04-10T14:35:26","date_gmt":"2017-04-10T12:35:26","guid":{"rendered":"https:\/\/woo.audacieuse-galerie.ch\/produit\/virtuelle-besichtigung-360-grad\/"},"modified":"2024-06-10T10:46:47","modified_gmt":"2024-06-10T08:46:47","slug":"virtuelle-besichtigung-360-grad","status":"publish","type":"product","link":"https:\/\/www.audacieuse-galerie.ch\/de\/produit\/virtuelle-besichtigung-360-grad\/","title":{"rendered":"Virtuelle Besichtigung 360 Grad"},"content":{"rendered":"<h2>Ein volles Eintauschen des Besuchers<\/h2>\n<p>Mit sehr realistische Bilder, von guter Qualit\u00e4t, f\u00fcr jedes Medium optimisiert, werden Sie das sch\u00f6nstes Eintauschen in Ihrer Umgebung Ihren Besucher anbieten. Wir liefern das bearbeitete Bild in verschiedene Aufl\u00f6sungen und f\u00fcr verschiedene Internet-Geschwindigkeiten.<\/p>\n<h2>Eingliederung in eine Webseite, ein Handy\u2026<\/h2>\n<p>Wir k\u00f6nnen Ihnen die Eingliederung der Bilder auf Ihrer Webseite, mobilen App, oder Dialogstationen anbieten. Fordern Sie ein Angebot an und wir werden uns schnell bei Ihnen melden.<\/p>\n","protected":false},"excerpt":{"rendered":"<p>F\u00fchren wir f\u00fcr Sie HD interaktive 360\u00b0 virtuelle Besuche aus. Nach Ihrer Pr\u00e4ferenz k\u00f6nnen Sie es nutzen auf den Handys, Tabletten, Virtual Reality Headset, Webseiten, Dialogstationen, sozialen Netzwerken. Google Maps.<\/p>\n<p style=\"margin-bottom: 0cm;line-height: 100%\">\n","protected":false},"featured_media":2339,"comment_status":"open","ping_status":"closed","template":"","meta":{"_glsr_average":0,"_glsr_ranking":0,"_glsr_reviews":0,"jetpack_publicize_message":"","jetpack_publicize_feature_enabled":true,"jetpack_social_post_already_shared":false,"jetpack_social_options":{"image_generator_settings":{"template":"highway","default_image_id":0,"font":"","enabled":false},"version":2}},"product_brand":[],"product_cat":[270,141,66],"product_tag":[],"class_list":{"0":"post-2344","1":"product","2":"type-product","3":"status-publish","4":"has-post-thumbnail","6":"product_cat-architektur-vorderfront-virtueller-besuch","7":"product_cat-fotografie-fuer-unternehmens","8":"product_cat-professionelle-fotos-und-videos-carouge-geneve","10":"first","11":"instock","12":"sale","13":"taxable","14":"shipping-taxable","15":"purchasable","16":"product-type-simple"},"yoast_head":"<!-- This site is optimized with the Yoast SEO plugin v27.4 - https:\/\/yoast.com\/product\/yoast-seo-wordpress\/ -->\n<title>Virtuelle Besichtigung 360 Grad - Audacieuse-Galerie<\/title>\n<meta name=\"description\" content=\"Virtuelle Besichtigung 360 Grad - Audacieuse-Galerie\" \/>\n<meta name=\"robots\" content=\"index, follow, max-snippet:-1, max-image-preview:large, max-video-preview:-1\" \/>\n<link rel=\"canonical\" href=\"https:\/\/www.audacieuse-galerie.ch\/de\/produit\/virtuelle-besichtigung-360-grad\/\" \/>\n<meta property=\"og:locale\" content=\"de_DE\" \/>\n<meta property=\"og:type\" content=\"article\" \/>\n<meta property=\"og:title\" content=\"Virtuelle Besichtigung 360 Grad - Audacieuse-Galerie\" \/>\n<meta property=\"og:description\" content=\"Virtuelle Besichtigung 360 Grad - Audacieuse-Galerie\" \/>\n<meta property=\"og:url\" content=\"https:\/\/www.audacieuse-galerie.ch\/de\/produit\/virtuelle-besichtigung-360-grad\/\" \/>\n<meta property=\"og:site_name\" content=\"Audacieuse-Galerie\" \/>\n<meta property=\"article:publisher\" content=\"https:\/\/www.facebook.com\/audacieuse.galerie\" \/>\n<meta property=\"article:modified_time\" content=\"2024-06-10T08:46:47+00:00\" \/>\n<meta property=\"og:image\" content=\"https:\/\/www.audacieuse-galerie.ch\/wp-content\/uploads\/2017\/04\/309-Visite-3D.jpg\" \/>\n\t<meta property=\"og:image:width\" content=\"1000\" \/>\n\t<meta property=\"og:image:height\" content=\"1000\" \/>\n\t<meta property=\"og:image:type\" content=\"image\/jpeg\" \/>\n<meta name=\"twitter:card\" content=\"summary_large_image\" \/>\n<script type=\"application\/ld+json\" class=\"yoast-schema-graph\">{\"@context\":\"https:\\\/\\\/schema.org\",\"@graph\":[{\"@type\":\"ImageObject\",\"inLanguage\":\"de\",\"@id\":\"https:\\\/\\\/www.audacieuse-galerie.ch\\\/de\\\/produit\\\/virtuelle-besichtigung-360-grad\\\/#primaryimage\",\"url\":\"https:\\\/\\\/www.audacieuse-galerie.ch\\\/wp-content\\\/uploads\\\/2017\\\/04\\\/309-Visite-3D.jpg\",\"contentUrl\":\"https:\\\/\\\/www.audacieuse-galerie.ch\\\/wp-content\\\/uploads\\\/2017\\\/04\\\/309-Visite-3D.jpg\",\"width\":1000,\"height\":1000}]}<\/script>\n<!-- \/ Yoast SEO plugin. -->","yoast_head_json":{"title":"Virtuelle Besichtigung 360 Grad - Audacieuse-Galerie","description":"Virtuelle Besichtigung 360 Grad - Audacieuse-Galerie","robots":{"index":"index","follow":"follow","max-snippet":"max-snippet:-1","max-image-preview":"max-image-preview:large","max-video-preview":"max-video-preview:-1"},"canonical":"https:\/\/www.audacieuse-galerie.ch\/de\/produit\/virtuelle-besichtigung-360-grad\/","og_locale":"de_DE","og_type":"article","og_title":"Virtuelle Besichtigung 360 Grad - Audacieuse-Galerie","og_description":"Virtuelle Besichtigung 360 Grad - Audacieuse-Galerie","og_url":"https:\/\/www.audacieuse-galerie.ch\/de\/produit\/virtuelle-besichtigung-360-grad\/","og_site_name":"Audacieuse-Galerie","article_publisher":"https:\/\/www.facebook.com\/audacieuse.galerie","article_modified_time":"2024-06-10T08:46:47+00:00","og_image":[{"width":1000,"height":1000,"url":"https:\/\/www.audacieuse-galerie.ch\/wp-content\/uploads\/2017\/04\/309-Visite-3D.jpg","type":"image\/jpeg"}],"twitter_card":"summary_large_image","schema":{"@context":"https:\/\/schema.org","@graph":[{"@type":"ImageObject","inLanguage":"de","@id":"https:\/\/www.audacieuse-galerie.ch\/de\/produit\/virtuelle-besichtigung-360-grad\/#primaryimage","url":"https:\/\/www.audacieuse-galerie.ch\/wp-content\/uploads\/2017\/04\/309-Visite-3D.jpg","contentUrl":"https:\/\/www.audacieuse-galerie.ch\/wp-content\/uploads\/2017\/04\/309-Visite-3D.jpg","width":1000,"height":1000}]}},"jetpack_publicize_connections":[],"_links":{"self":[{"href":"https:\/\/www.audacieuse-galerie.ch\/de\/wp-json\/wp\/v2\/product\/2344","targetHints":{"allow":["GET"]}}],"collection":[{"href":"https:\/\/www.audacieuse-galerie.ch\/de\/wp-json\/wp\/v2\/product"}],"about":[{"href":"https:\/\/www.audacieuse-galerie.ch\/de\/wp-json\/wp\/v2\/types\/product"}],"replies":[{"embeddable":true,"href":"https:\/\/www.audacieuse-galerie.ch\/de\/wp-json\/wp\/v2\/comments?post=2344"}],"version-history":[{"count":0,"href":"https:\/\/www.audacieuse-galerie.ch\/de\/wp-json\/wp\/v2\/product\/2344\/revisions"}],"wp:featuredmedia":[{"embeddable":true,"href":"https:\/\/www.audacieuse-galerie.ch\/de\/wp-json\/wp\/v2\/media\/2339"}],"wp:attachment":[{"href":"https:\/\/www.audacieuse-galerie.ch\/de\/wp-json\/wp\/v2\/media?parent=2344"}],"wp:term":[{"taxonomy":"product_brand","embeddable":true,"href":"https:\/\/www.audacieuse-galerie.ch\/de\/wp-json\/wp\/v2\/product_brand?post=2344"},{"taxonomy":"product_cat","embeddable":true,"href":"https:\/\/www.audacieuse-galerie.ch\/de\/wp-json\/wp\/v2\/product_cat?post=2344"},{"taxonomy":"product_tag","embeddable":true,"href":"https:\/\/www.audacieuse-galerie.ch\/de\/wp-json\/wp\/v2\/product_tag?post=2344"}],"curies":[{"name":"wp","href":"https:\/\/api.w.org\/{rel}","templated":true}]}}