{"id":2371,"date":"2017-04-11T13:42:42","date_gmt":"2017-04-11T11:42:42","guid":{"rendered":"https:\/\/woo.audacieuse-galerie.ch\/produit\/modefotograf-kleidung-accessoires-studio-in-carouge-genf\/"},"modified":"2025-10-21T22:23:53","modified_gmt":"2025-10-21T20:23:53","slug":"modefotograf-kleidung-accessoires-studio-in-carouge-genf","status":"publish","type":"product","link":"https:\/\/www.audacieuse-galerie.ch\/de\/produit\/modefotograf-kleidung-accessoires-studio-in-carouge-genf\/","title":{"rendered":"Modefotograf Bekleidung Accessoires im Studio"},"content":{"rendered":"<p>Um Ihre Kleidung und Modeaccessoires aufzuwerten, studieren wir mit Ihnen Ihre W\u00fcnsche und gesuchten Stile. In unseren Studios kann uns Ihr Stylist, k\u00fcnstlerischer Leiter oder Kommunikationsmanager f\u00fcr eine noch genauere Wiedergabe begleiten. Wir komponieren nach Ihrem Stil und dem, was Sie kommunizieren m\u00f6chten. Unter Ber\u00fccksichtigung Ihrer Markenidentit\u00e4t bringen wir den n\u00f6tigen Hauch von Originalit\u00e4t und Kreativit\u00e4t mit.   <\/p>\n<p>Bei Bedarf k\u00f6nnen wir zus\u00e4tzlich zu diesem Service Make-up, Friseur und die Suche nach Models organisieren.<\/p>\n<p>Unsere Bilder werden farb- und lichtkorrigiert geliefert. Zus\u00e4tzlich zu diesem Angebot k\u00f6nnen wir Ihnen Retuschen und Fotomontagen anbieten. <\/p>\n","protected":false},"excerpt":{"rendered":"<p>F\u00fcr Ihre Werbung, Modemagazine, Ihre Kataloge fotografieren wir Ihre Kleidung, Ihre Modeaccessoires und respektieren dabei die Identit\u00e4t Ihrer Marke.<\/p>\n<p style=\"margin-bottom: 0cm; line-height: 100%;\">\n","protected":false},"featured_media":2348,"comment_status":"open","ping_status":"closed","template":"","meta":{"_glsr_average":0,"_glsr_ranking":0,"_glsr_reviews":0,"jetpack_publicize_message":"","jetpack_publicize_feature_enabled":true,"jetpack_social_post_already_shared":true,"jetpack_social_options":{"image_generator_settings":{"template":"highway","default_image_id":0,"font":"","enabled":false},"version":2}},"product_brand":[],"product_cat":[141,273,258],"product_tag":[2154,2466,2467,2469,2468],"class_list":{"0":"post-2371","1":"product","2":"type-product","3":"status-publish","4":"has-post-thumbnail","6":"product_cat-fotografie-fuer-unternehmens","7":"product_cat-mode-kleidung-accessoires","8":"product_cat-werbung-illustration-marketing","9":"product_tag-filmmaterial","10":"product_tag-kleidung","11":"product_tag-mode-de","12":"product_tag-stil","13":"product_tag-zubehor","14":"pa_qualitedesphotos-42mopixelsvollbild-de","15":"pa_qualitedesphotos-qualitatsoptik-de","16":"bookacti-activity","18":"first","19":"instock","20":"sale","21":"virtual","22":"taxable","23":"purchasable","24":"product-type-simple"},"yoast_head":"<!-- This site is optimized with the Yoast SEO plugin v27.4 - https:\/\/yoast.com\/product\/yoast-seo-wordpress\/ -->\n<title>Modefotograf Bekleidung Accessoires im Studio - Audacieuse-Galerie<\/title>\n<meta name=\"description\" content=\"Modefotograf Bekleidung Accessoires im Studio - Audacieuse-Galerie\" \/>\n<meta name=\"robots\" content=\"index, follow, max-snippet:-1, max-image-preview:large, max-video-preview:-1\" \/>\n<link rel=\"canonical\" href=\"https:\/\/www.audacieuse-galerie.ch\/de\/produit\/modefotograf-kleidung-accessoires-studio-in-carouge-genf\/\" \/>\n<meta property=\"og:locale\" content=\"de_DE\" \/>\n<meta property=\"og:type\" content=\"article\" \/>\n<meta property=\"og:title\" content=\"Modefotograf Bekleidung Accessoires im Studio - Audacieuse-Galerie\" \/>\n<meta property=\"og:description\" content=\"Modefotograf Bekleidung Accessoires im Studio - Audacieuse-Galerie\" \/>\n<meta property=\"og:url\" content=\"https:\/\/www.audacieuse-galerie.ch\/de\/produit\/modefotograf-kleidung-accessoires-studio-in-carouge-genf\/\" \/>\n<meta property=\"og:site_name\" content=\"Audacieuse-Galerie\" \/>\n<meta property=\"article:publisher\" content=\"https:\/\/www.facebook.com\/audacieuse.galerie\" \/>\n<meta property=\"article:modified_time\" content=\"2025-10-21T20:23:53+00:00\" \/>\n<meta property=\"og:image\" content=\"https:\/\/www.audacieuse-galerie.ch\/wp-content\/uploads\/2017\/04\/739-Photographe-mode-vetements-accessoires-en-studio.jpg\" \/>\n\t<meta property=\"og:image:width\" content=\"1000\" \/>\n\t<meta property=\"og:image:height\" content=\"1000\" \/>\n\t<meta property=\"og:image:type\" content=\"image\/jpeg\" \/>\n<meta name=\"twitter:card\" content=\"summary_large_image\" \/>\n<meta name=\"twitter:label1\" content=\"Gesch\u00e4tzte Lesezeit\" \/>\n\t<meta name=\"twitter:data1\" content=\"1 Minute\" \/>\n<script type=\"application\/ld+json\" class=\"yoast-schema-graph\">{\"@context\":\"https:\\\/\\\/schema.org\",\"@graph\":[{\"@type\":\"ImageObject\",\"inLanguage\":\"de\",\"@id\":\"https:\\\/\\\/www.audacieuse-galerie.ch\\\/de\\\/produit\\\/modefotograf-kleidung-accessoires-studio-in-carouge-genf\\\/#primaryimage\",\"url\":\"https:\\\/\\\/www.audacieuse-galerie.ch\\\/wp-content\\\/uploads\\\/2017\\\/04\\\/739-Photographe-mode-vetements-accessoires-en-studio.jpg\",\"contentUrl\":\"https:\\\/\\\/www.audacieuse-galerie.ch\\\/wp-content\\\/uploads\\\/2017\\\/04\\\/739-Photographe-mode-vetements-accessoires-en-studio.jpg\",\"width\":1000,\"height\":1000,\"caption\":\"Photographe mode v\u00eatements accessoires en studio\"}]}<\/script>\n<!-- \/ Yoast SEO plugin. -->","yoast_head_json":{"title":"Modefotograf Bekleidung Accessoires im Studio - Audacieuse-Galerie","description":"Modefotograf Bekleidung Accessoires im Studio - Audacieuse-Galerie","robots":{"index":"index","follow":"follow","max-snippet":"max-snippet:-1","max-image-preview":"max-image-preview:large","max-video-preview":"max-video-preview:-1"},"canonical":"https:\/\/www.audacieuse-galerie.ch\/de\/produit\/modefotograf-kleidung-accessoires-studio-in-carouge-genf\/","og_locale":"de_DE","og_type":"article","og_title":"Modefotograf Bekleidung Accessoires im Studio - Audacieuse-Galerie","og_description":"Modefotograf Bekleidung Accessoires im Studio - Audacieuse-Galerie","og_url":"https:\/\/www.audacieuse-galerie.ch\/de\/produit\/modefotograf-kleidung-accessoires-studio-in-carouge-genf\/","og_site_name":"Audacieuse-Galerie","article_publisher":"https:\/\/www.facebook.com\/audacieuse.galerie","article_modified_time":"2025-10-21T20:23:53+00:00","og_image":[{"width":1000,"height":1000,"url":"https:\/\/www.audacieuse-galerie.ch\/wp-content\/uploads\/2017\/04\/739-Photographe-mode-vetements-accessoires-en-studio.jpg","type":"image\/jpeg"}],"twitter_card":"summary_large_image","twitter_misc":{"Gesch\u00e4tzte Lesezeit":"1 Minute"},"schema":{"@context":"https:\/\/schema.org","@graph":[{"@type":"ImageObject","inLanguage":"de","@id":"https:\/\/www.audacieuse-galerie.ch\/de\/produit\/modefotograf-kleidung-accessoires-studio-in-carouge-genf\/#primaryimage","url":"https:\/\/www.audacieuse-galerie.ch\/wp-content\/uploads\/2017\/04\/739-Photographe-mode-vetements-accessoires-en-studio.jpg","contentUrl":"https:\/\/www.audacieuse-galerie.ch\/wp-content\/uploads\/2017\/04\/739-Photographe-mode-vetements-accessoires-en-studio.jpg","width":1000,"height":1000,"caption":"Photographe mode v\u00eatements accessoires en studio"}]}},"jetpack_publicize_connections":[],"_links":{"self":[{"href":"https:\/\/www.audacieuse-galerie.ch\/de\/wp-json\/wp\/v2\/product\/2371","targetHints":{"allow":["GET"]}}],"collection":[{"href":"https:\/\/www.audacieuse-galerie.ch\/de\/wp-json\/wp\/v2\/product"}],"about":[{"href":"https:\/\/www.audacieuse-galerie.ch\/de\/wp-json\/wp\/v2\/types\/product"}],"replies":[{"embeddable":true,"href":"https:\/\/www.audacieuse-galerie.ch\/de\/wp-json\/wp\/v2\/comments?post=2371"}],"version-history":[{"count":0,"href":"https:\/\/www.audacieuse-galerie.ch\/de\/wp-json\/wp\/v2\/product\/2371\/revisions"}],"wp:featuredmedia":[{"embeddable":true,"href":"https:\/\/www.audacieuse-galerie.ch\/de\/wp-json\/wp\/v2\/media\/2348"}],"wp:attachment":[{"href":"https:\/\/www.audacieuse-galerie.ch\/de\/wp-json\/wp\/v2\/media?parent=2371"}],"wp:term":[{"taxonomy":"product_brand","embeddable":true,"href":"https:\/\/www.audacieuse-galerie.ch\/de\/wp-json\/wp\/v2\/product_brand?post=2371"},{"taxonomy":"product_cat","embeddable":true,"href":"https:\/\/www.audacieuse-galerie.ch\/de\/wp-json\/wp\/v2\/product_cat?post=2371"},{"taxonomy":"product_tag","embeddable":true,"href":"https:\/\/www.audacieuse-galerie.ch\/de\/wp-json\/wp\/v2\/product_tag?post=2371"}],"curies":[{"name":"wp","href":"https:\/\/api.w.org\/{rel}","templated":true}]}}