{"id":23840,"date":"2017-08-20T22:13:45","date_gmt":"2017-08-20T20:13:45","guid":{"rendered":"https:\/\/woo.audacieuse-galerie.ch\/produit\/lucy-et-eve-2\/"},"modified":"2025-06-05T14:06:26","modified_gmt":"2025-06-05T12:06:26","slug":"lucy-et-eve-2","status":"publish","type":"product","link":"https:\/\/www.audacieuse-galerie.ch\/de\/produit\/lucy-et-eve-2\/","title":{"rendered":"Lucy und Eva"},"content":{"rendered":"<p class=\"western\" align=\"justify\"><span style=\"font-family:Constantia, serif;\"><span style=\"font-size:small;\">Sie sind 5 Jahre alt und Amerikaner. Sie leben in Frankreich, um die Arbeit ihres Vaters zu erledigen. Lucy lernt Ballett, Eve trainiert Gymnastik und Fu\u00dfball. Sie lieben es zu lesen, zu malen, zu zeichnen und zu singen. Lucy hat einen s\u00fc\u00dfen und manchmal lustigen Charakter wie eine kom\u00f6diantische Schauspielerin. Was Eve betrifft, so ist sie ein entschlossenes Kind, das schnell erwachsen werden will.     <\/span><\/span><\/p>\n","protected":false},"excerpt":{"rendered":"<p class=\"western\" align=\"justify\"><span style=\"font-family:Constantia, serif;\"><span style=\"font-size:small;\">Lucy lernt Ballett, Eve trainiert Gymnastik und Fu\u00dfball. Lucy hat einen s\u00fc\u00dfen und manchmal lustigen Charakter, w\u00e4hrend Eve ein entschlossenes Kind ist, das schnell erwachsen werden will. <\/span><\/span><\/p>\n","protected":false},"featured_media":23523,"comment_status":"open","ping_status":"closed","template":"","meta":{"_glsr_average":0,"_glsr_ranking":0,"_glsr_reviews":0,"jetpack_publicize_message":"","jetpack_publicize_feature_enabled":true,"jetpack_social_post_already_shared":true,"jetpack_social_options":{"image_generator_settings":{"template":"highway","default_image_id":0,"font":"","enabled":false},"version":2}},"product_brand":[],"product_cat":[63,111,2234,228,33,108,156],"product_tag":[],"class_list":{"0":"post-23840","1":"product","2":"type-product","3":"status-publish","4":"has-post-thumbnail","6":"product_cat-auswahlkurator","7":"product_cat-farben","8":"product_cat-fotograf-reiko-nonaka","9":"product_cat-innen","10":"product_cat-kunst-und-fotogalerie-in-carouge-gleich-neben-genf-schweiz","11":"product_cat-mensch","12":"product_cat-silber","13":"pa_bordureblancheautourdelimage-5cm-de","14":"pa_dimensions-40x50cm-de","15":"pa_dimensions-50x75cm-de","16":"pa_dimensions-60x90cm-de","17":"pa_encadrements-dunklesholz-de","18":"pa_encadrements-farben-de","19":"pa_encadrements-grau-de","20":"pa_encadrements-hellesholz-de","21":"pa_encadrements-keinen-de","22":"pa_encadrements-schwarz-de","23":"pa_encadrements-weiss-de","24":"pa_oeuvresnumerotees_limitees-10exemplaren-de","25":"pa_protectionfinitionsupport-druckunterglasacrylglass-de","26":"pa_protectionfinitionsupport-20-kunstpapieraufdibondr_alu-de","27":"pa_protectionfinitionsupport-e4-kunstpapieraufholzplatteu-de","28":"pa_techniquesphotographiques-argentique-de","29":"pa_techniquesphotographiques-farbe-de","30":"pa_themesphotographiques-innen-de","31":"pa_themesphotographiques-mensch-de","33":"first","34":"instock","35":"taxable","36":"shipping-taxable","37":"purchasable","38":"product-type-variable","39":"has-default-attributes"},"yoast_head":"<!-- This site is optimized with the Yoast SEO plugin v27.4 - https:\/\/yoast.com\/product\/yoast-seo-wordpress\/ -->\n<title>Lucy und Eva - Audacieuse-Galerie<\/title>\n<meta name=\"description\" content=\"Lucy und Eva - Audacieuse-Galerie\" \/>\n<meta name=\"robots\" content=\"index, follow, max-snippet:-1, max-image-preview:large, max-video-preview:-1\" \/>\n<link rel=\"canonical\" href=\"https:\/\/www.audacieuse-galerie.ch\/de\/produit\/lucy-et-eve-2\/\" \/>\n<meta property=\"og:locale\" content=\"de_DE\" \/>\n<meta property=\"og:type\" content=\"article\" \/>\n<meta property=\"og:title\" content=\"Lucy und Eva - Audacieuse-Galerie\" \/>\n<meta property=\"og:description\" content=\"Lucy und Eva - Audacieuse-Galerie\" \/>\n<meta property=\"og:url\" content=\"https:\/\/www.audacieuse-galerie.ch\/de\/produit\/lucy-et-eve-2\/\" \/>\n<meta property=\"og:site_name\" content=\"Audacieuse-Galerie\" \/>\n<meta property=\"article:publisher\" content=\"https:\/\/www.facebook.com\/audacieuse.galerie\" \/>\n<meta property=\"article:modified_time\" content=\"2025-06-05T12:06:26+00:00\" \/>\n<meta property=\"og:image\" content=\"https:\/\/www.audacieuse-galerie.ch\/wp-content\/uploads\/2017\/08\/328-Lucy-et-Eve.jpg\" \/>\n\t<meta property=\"og:image:width\" content=\"667\" \/>\n\t<meta property=\"og:image:height\" content=\"1000\" \/>\n\t<meta property=\"og:image:type\" content=\"image\/jpeg\" \/>\n<meta name=\"twitter:card\" content=\"summary_large_image\" \/>\n<script type=\"application\/ld+json\" class=\"yoast-schema-graph\">{\"@context\":\"https:\\\/\\\/schema.org\",\"@graph\":[{\"@type\":\"ImageObject\",\"inLanguage\":\"de\",\"@id\":\"https:\\\/\\\/www.audacieuse-galerie.ch\\\/de\\\/produit\\\/lucy-et-eve-2\\\/#primaryimage\",\"url\":\"https:\\\/\\\/www.audacieuse-galerie.ch\\\/wp-content\\\/uploads\\\/2017\\\/08\\\/328-Lucy-et-Eve.jpg\",\"contentUrl\":\"https:\\\/\\\/www.audacieuse-galerie.ch\\\/wp-content\\\/uploads\\\/2017\\\/08\\\/328-Lucy-et-Eve.jpg\",\"width\":667,\"height\":1000,\"caption\":\"Lucy und Eva\"}]}<\/script>\n<!-- \/ Yoast SEO plugin. -->","yoast_head_json":{"title":"Lucy und Eva - Audacieuse-Galerie","description":"Lucy und Eva - Audacieuse-Galerie","robots":{"index":"index","follow":"follow","max-snippet":"max-snippet:-1","max-image-preview":"max-image-preview:large","max-video-preview":"max-video-preview:-1"},"canonical":"https:\/\/www.audacieuse-galerie.ch\/de\/produit\/lucy-et-eve-2\/","og_locale":"de_DE","og_type":"article","og_title":"Lucy und Eva - Audacieuse-Galerie","og_description":"Lucy und Eva - Audacieuse-Galerie","og_url":"https:\/\/www.audacieuse-galerie.ch\/de\/produit\/lucy-et-eve-2\/","og_site_name":"Audacieuse-Galerie","article_publisher":"https:\/\/www.facebook.com\/audacieuse.galerie","article_modified_time":"2025-06-05T12:06:26+00:00","og_image":[{"width":667,"height":1000,"url":"https:\/\/www.audacieuse-galerie.ch\/wp-content\/uploads\/2017\/08\/328-Lucy-et-Eve.jpg","type":"image\/jpeg"}],"twitter_card":"summary_large_image","schema":{"@context":"https:\/\/schema.org","@graph":[{"@type":"ImageObject","inLanguage":"de","@id":"https:\/\/www.audacieuse-galerie.ch\/de\/produit\/lucy-et-eve-2\/#primaryimage","url":"https:\/\/www.audacieuse-galerie.ch\/wp-content\/uploads\/2017\/08\/328-Lucy-et-Eve.jpg","contentUrl":"https:\/\/www.audacieuse-galerie.ch\/wp-content\/uploads\/2017\/08\/328-Lucy-et-Eve.jpg","width":667,"height":1000,"caption":"Lucy und Eva"}]}},"jetpack_publicize_connections":[],"_links":{"self":[{"href":"https:\/\/www.audacieuse-galerie.ch\/de\/wp-json\/wp\/v2\/product\/23840","targetHints":{"allow":["GET"]}}],"collection":[{"href":"https:\/\/www.audacieuse-galerie.ch\/de\/wp-json\/wp\/v2\/product"}],"about":[{"href":"https:\/\/www.audacieuse-galerie.ch\/de\/wp-json\/wp\/v2\/types\/product"}],"replies":[{"embeddable":true,"href":"https:\/\/www.audacieuse-galerie.ch\/de\/wp-json\/wp\/v2\/comments?post=23840"}],"version-history":[{"count":0,"href":"https:\/\/www.audacieuse-galerie.ch\/de\/wp-json\/wp\/v2\/product\/23840\/revisions"}],"wp:featuredmedia":[{"embeddable":true,"href":"https:\/\/www.audacieuse-galerie.ch\/de\/wp-json\/wp\/v2\/media\/23523"}],"wp:attachment":[{"href":"https:\/\/www.audacieuse-galerie.ch\/de\/wp-json\/wp\/v2\/media?parent=23840"}],"wp:term":[{"taxonomy":"product_brand","embeddable":true,"href":"https:\/\/www.audacieuse-galerie.ch\/de\/wp-json\/wp\/v2\/product_brand?post=23840"},{"taxonomy":"product_cat","embeddable":true,"href":"https:\/\/www.audacieuse-galerie.ch\/de\/wp-json\/wp\/v2\/product_cat?post=23840"},{"taxonomy":"product_tag","embeddable":true,"href":"https:\/\/www.audacieuse-galerie.ch\/de\/wp-json\/wp\/v2\/product_tag?post=23840"}],"curies":[{"name":"wp","href":"https:\/\/api.w.org\/{rel}","templated":true}]}}