{"id":2416,"date":"2017-04-11T14:29:18","date_gmt":"2017-04-11T12:29:18","guid":{"rendered":"https:\/\/woo.audacieuse-galerie.ch\/produit\/mode-kleider-accessoires-in-anwendungssituation\/"},"modified":"2026-03-03T21:35:07","modified_gmt":"2026-03-03T20:35:07","slug":"mode-kleider-accessoires-in-anwendungssituation","status":"publish","type":"product","link":"https:\/\/www.audacieuse-galerie.ch\/de\/produit\/mode-kleider-accessoires-in-anwendungssituation\/","title":{"rendered":"Modefotograf &amp; Accessoires"},"content":{"rendered":"<h2>Outdoor-Modefotografie<\/h2>\n<p>Die Outdoor-Modefotografie verleiht dem Bild mehr Ausstrahlung. Es hat den Vorteil, dass es das Kleidungsst\u00fcck und seine Accessoires in einen Kontext stellt. Urban, Natur, klassisch, modern, Cocooning, minimalistisch&#8230;, was auch immer der Stil Ihrer Kleidung ist, wir finden das richtige Dekor.  <\/p>\n<h2>Respekt vor der Markenidentit\u00e4t<\/h2>\n<p>Um Ihre Kleidung und Modeaccessoires aufzuwerten, studieren wir mit Ihnen Ihre W\u00fcnsche und gesuchten Stile. Nachdem wir einen oder mehrere Standorte passend zu Ihrem Projekt ausgew\u00e4hlt haben, ziehen wir mit einem mobilen Studio um. Unter Ber\u00fccksichtigung Ihrer Markenidentit\u00e4t bringen wir den n\u00f6tigen Hauch von Originalit\u00e4t und Kreativit\u00e4t mit.  <\/p>\n<p>Bei Bedarf k\u00f6nnen wir zus\u00e4tzlich zu diesem Service Make-up, Friseur und die Suche nach Models organisieren.<\/p>\n<p>Unsere Bilder werden farb- und lichtkorrigiert geliefert. Zus\u00e4tzlich zu diesem Service k\u00f6nnen wir Ihnen Retuschen und Fotomontagen anbieten. <\/p>\n<p style=\"margin-bottom: 0cm; line-height: 100%;\">\n","protected":false},"excerpt":{"rendered":"<p>Wir erstellen Ihre Modefotografien in der Umgebung, ideal f\u00fcr Ihre Produkte. In Bezug auf die Identit\u00e4t Ihrer Marke arbeiten wir nach Ihrem Stil und bleiben aufmerksam gegen\u00fcber Ihrem k\u00fcnstlerischen Leiter, Kommunikationsmanager oder Stylisten. <\/p>\n<p style=\"margin-bottom: 0cm; line-height: 100%;\">\n","protected":false},"featured_media":2375,"comment_status":"open","ping_status":"closed","template":"","meta":{"_glsr_average":0,"_glsr_ranking":0,"_glsr_reviews":0,"jetpack_publicize_message":"","jetpack_publicize_feature_enabled":true,"jetpack_social_post_already_shared":true,"jetpack_social_options":{"image_generator_settings":{"template":"highway","default_image_id":0,"font":"","enabled":false},"version":2}},"product_brand":[],"product_cat":[141,273,258],"product_tag":[2153,2155,2470,2398,2466,2467,2469,2399,2468],"class_list":{"0":"post-2416","1":"product","2":"type-product","3":"status-publish","4":"has-post-thumbnail","6":"product_cat-fotografie-fuer-unternehmens","7":"product_cat-mode-kleidung-accessoires","8":"product_cat-werbung-illustration-marketing","9":"product_tag-fotografie","10":"product_tag-fotomontagen","11":"product_tag-image-de","12":"product_tag-in-der-situation","13":"product_tag-kleidung","14":"product_tag-mode-de","15":"product_tag-stil","16":"product_tag-umwelt","17":"product_tag-zubehor","18":"pa_qualitedesphotos-42mopixelsvollbild-de","19":"pa_qualitedesphotos-qualitatsoptik-de","20":"bookacti-activity","22":"first","23":"instock","24":"sale","25":"virtual","26":"taxable","27":"purchasable","28":"product-type-simple"},"yoast_head":"<!-- This site is optimized with the Yoast SEO plugin v27.4 - https:\/\/yoast.com\/product\/yoast-seo-wordpress\/ -->\n<title>Modefotograf: Bilder, die Ihrer Identit\u00e4t treu bleiben<\/title>\n<meta name=\"description\" content=\"Modefotograf, der sich auf situative Aufnahmen spezialisiert hat, getreu Ihrer Markenidentit\u00e4t und Ihrem kreativen Stil.\" \/>\n<meta name=\"robots\" content=\"index, follow, max-snippet:-1, max-image-preview:large, max-video-preview:-1\" \/>\n<link rel=\"canonical\" href=\"https:\/\/www.audacieuse-galerie.ch\/de\/produit\/mode-kleider-accessoires-in-anwendungssituation\/\" \/>\n<meta property=\"og:locale\" content=\"de_DE\" \/>\n<meta property=\"og:type\" content=\"article\" \/>\n<meta property=\"og:title\" content=\"Modefotograf: Bilder, die Ihrer Identit\u00e4t treu bleiben\" \/>\n<meta property=\"og:description\" content=\"Modefotograf, der sich auf situative Aufnahmen spezialisiert hat, getreu Ihrer Markenidentit\u00e4t und Ihrem kreativen Stil.\" \/>\n<meta property=\"og:url\" content=\"https:\/\/www.audacieuse-galerie.ch\/de\/produit\/mode-kleider-accessoires-in-anwendungssituation\/\" \/>\n<meta property=\"og:site_name\" content=\"Audacieuse-Galerie\" \/>\n<meta property=\"article:publisher\" content=\"https:\/\/www.facebook.com\/audacieuse.galerie\" \/>\n<meta property=\"article:modified_time\" content=\"2026-03-03T20:35:07+00:00\" \/>\n<meta property=\"og:image\" content=\"https:\/\/www.audacieuse-galerie.ch\/wp-content\/uploads\/2017\/04\/323-Mode-Vetements-Accessoires-en-situation.jpg\" \/>\n\t<meta property=\"og:image:width\" content=\"1000\" \/>\n\t<meta property=\"og:image:height\" content=\"869\" \/>\n\t<meta property=\"og:image:type\" content=\"image\/jpeg\" \/>\n<meta name=\"twitter:card\" content=\"summary_large_image\" \/>\n<meta name=\"twitter:label1\" content=\"Gesch\u00e4tzte Lesezeit\" \/>\n\t<meta name=\"twitter:data1\" content=\"1 Minute\" \/>\n<script type=\"application\/ld+json\" class=\"yoast-schema-graph\">{\"@context\":\"https:\\\/\\\/schema.org\",\"@graph\":[{\"@type\":\"ImageObject\",\"inLanguage\":\"de\",\"@id\":\"https:\\\/\\\/www.audacieuse-galerie.ch\\\/de\\\/produit\\\/mode-kleider-accessoires-in-anwendungssituation\\\/#primaryimage\",\"url\":\"https:\\\/\\\/www.audacieuse-galerie.ch\\\/wp-content\\\/uploads\\\/2017\\\/04\\\/323-Mode-Vetements-Accessoires-en-situation.jpg\",\"contentUrl\":\"https:\\\/\\\/www.audacieuse-galerie.ch\\\/wp-content\\\/uploads\\\/2017\\\/04\\\/323-Mode-Vetements-Accessoires-en-situation.jpg\",\"width\":1000,\"height\":869,\"caption\":\"Mode Bekleidung Accessoires in der Situation\"}]}<\/script>\n<!-- \/ Yoast SEO plugin. -->","yoast_head_json":{"title":"Modefotograf: Bilder, die Ihrer Identit\u00e4t treu bleiben","description":"Modefotograf, der sich auf situative Aufnahmen spezialisiert hat, getreu Ihrer Markenidentit\u00e4t und Ihrem kreativen Stil.","robots":{"index":"index","follow":"follow","max-snippet":"max-snippet:-1","max-image-preview":"max-image-preview:large","max-video-preview":"max-video-preview:-1"},"canonical":"https:\/\/www.audacieuse-galerie.ch\/de\/produit\/mode-kleider-accessoires-in-anwendungssituation\/","og_locale":"de_DE","og_type":"article","og_title":"Modefotograf: Bilder, die Ihrer Identit\u00e4t treu bleiben","og_description":"Modefotograf, der sich auf situative Aufnahmen spezialisiert hat, getreu Ihrer Markenidentit\u00e4t und Ihrem kreativen Stil.","og_url":"https:\/\/www.audacieuse-galerie.ch\/de\/produit\/mode-kleider-accessoires-in-anwendungssituation\/","og_site_name":"Audacieuse-Galerie","article_publisher":"https:\/\/www.facebook.com\/audacieuse.galerie","article_modified_time":"2026-03-03T20:35:07+00:00","og_image":[{"width":1000,"height":869,"url":"https:\/\/www.audacieuse-galerie.ch\/wp-content\/uploads\/2017\/04\/323-Mode-Vetements-Accessoires-en-situation.jpg","type":"image\/jpeg"}],"twitter_card":"summary_large_image","twitter_misc":{"Gesch\u00e4tzte Lesezeit":"1 Minute"},"schema":{"@context":"https:\/\/schema.org","@graph":[{"@type":"ImageObject","inLanguage":"de","@id":"https:\/\/www.audacieuse-galerie.ch\/de\/produit\/mode-kleider-accessoires-in-anwendungssituation\/#primaryimage","url":"https:\/\/www.audacieuse-galerie.ch\/wp-content\/uploads\/2017\/04\/323-Mode-Vetements-Accessoires-en-situation.jpg","contentUrl":"https:\/\/www.audacieuse-galerie.ch\/wp-content\/uploads\/2017\/04\/323-Mode-Vetements-Accessoires-en-situation.jpg","width":1000,"height":869,"caption":"Mode Bekleidung Accessoires in der Situation"}]}},"jetpack_publicize_connections":[],"_links":{"self":[{"href":"https:\/\/www.audacieuse-galerie.ch\/de\/wp-json\/wp\/v2\/product\/2416","targetHints":{"allow":["GET"]}}],"collection":[{"href":"https:\/\/www.audacieuse-galerie.ch\/de\/wp-json\/wp\/v2\/product"}],"about":[{"href":"https:\/\/www.audacieuse-galerie.ch\/de\/wp-json\/wp\/v2\/types\/product"}],"replies":[{"embeddable":true,"href":"https:\/\/www.audacieuse-galerie.ch\/de\/wp-json\/wp\/v2\/comments?post=2416"}],"version-history":[{"count":0,"href":"https:\/\/www.audacieuse-galerie.ch\/de\/wp-json\/wp\/v2\/product\/2416\/revisions"}],"wp:featuredmedia":[{"embeddable":true,"href":"https:\/\/www.audacieuse-galerie.ch\/de\/wp-json\/wp\/v2\/media\/2375"}],"wp:attachment":[{"href":"https:\/\/www.audacieuse-galerie.ch\/de\/wp-json\/wp\/v2\/media?parent=2416"}],"wp:term":[{"taxonomy":"product_brand","embeddable":true,"href":"https:\/\/www.audacieuse-galerie.ch\/de\/wp-json\/wp\/v2\/product_brand?post=2416"},{"taxonomy":"product_cat","embeddable":true,"href":"https:\/\/www.audacieuse-galerie.ch\/de\/wp-json\/wp\/v2\/product_cat?post=2416"},{"taxonomy":"product_tag","embeddable":true,"href":"https:\/\/www.audacieuse-galerie.ch\/de\/wp-json\/wp\/v2\/product_tag?post=2416"}],"curies":[{"name":"wp","href":"https:\/\/api.w.org\/{rel}","templated":true}]}}