{"id":2422,"date":"2017-04-12T15:05:30","date_gmt":"2017-04-12T13:05:30","guid":{"rendered":"https:\/\/woo.audacieuse-galerie.ch\/produit\/konferenzen-kolloquiums-und-seminare-fotografie\/"},"modified":"2026-03-07T15:30:56","modified_gmt":"2026-03-07T14:30:56","slug":"konferenzen-kolloquiums-und-seminare-fotografie","status":"publish","type":"product","link":"https:\/\/www.audacieuse-galerie.ch\/de\/produit\/konferenzen-kolloquiums-und-seminare-fotografie\/","title":{"rendered":"Konferenzen, Symposien und Seminare"},"content":{"rendered":"<h2>EIN PROFESSIONELLER FOTOGRAF ZU IHREN DIENSTEN<\/h2>\n<h4>Ein Fotograf F\u00dcR IHRE KONFERENZEN<\/h4>\n<p>Vertrauen Sie uns die fotografische Berichterstattung \u00fcber Ihre Tagungen, Kongresse, Tagungen und Symposien an. Diskretion und Professionalit\u00e4t sind unsere Schl\u00fcsselw\u00f6rter, um die Essenz Ihrer Veranstaltung einzufangen. Wir verpflichten uns, Folgendes getreu zu transkribieren:  <\/p>\n<ul>\n<li>Die einzigartige Atmosph\u00e4re des Ortes,<\/li>\n<li>Die Emotionen der Redner und des Publikums,<\/li>\n<li>Schl\u00fcsselmomente und Momente des Austauschs.<\/li>\n<\/ul>\n<p>Jedes Bild erz\u00e4hlt eine Geschichte und tr\u00e4gt zu Ihrer visuellen Kommunikationsstrategie bei. Akribische Portr\u00e4ts der Referenten, dynamische Gruppenfotos und H\u00f6hepunkte der Konferenz werden sublimiert, um den Geist Ihrer Veranstaltung perfekt widerzuspiegeln. <\/p>\n<h4>Ein Fotograf F\u00dcR IHRE SEMINARE<\/h4>\n<p>Ob f\u00fcr ein Firmenseminar, einen Belohnungstag oder eine Teambuilding-Sitzung, wir stellen unser Know-how in den Dienst Ihrer Bed\u00fcrfnisse:<\/p>\n<ul>\n<li>Fotografien des Ortes und seiner Atmosph\u00e4re,<\/li>\n<li>Portr\u00e4ts der Teilnehmer und Fotos des Personals,<\/li>\n<li>Berichterstattung \u00fcber Entspannungsaktivit\u00e4ten, Herausforderungen und Momente des Austauschs, sei es tags\u00fcber oder abends.<\/li>\n<\/ul>\n<p>Wir begleiten Sie von Anfang bis Ende, um die Highlights Ihres Seminars zu verewigen. Jede Aufnahme ist so konzipiert, dass sie Ihr Markenimage aufwertet und die emotionale Wirkung der Veranstaltung auf Ihre Mitarbeiter verst\u00e4rkt. <\/p>\n","protected":false},"excerpt":{"rendered":"<p>F\u00fcr Ihre Tagungen, Symposien und Seminare heben wir die Portraits Ihrer Referenten und die Highlights mit professionellen Fotos hervor. Wir sind in der ganzen Westschweiz f\u00fcr Sie da.<\/p>\n","protected":false},"featured_media":2420,"comment_status":"open","ping_status":"closed","template":"","meta":{"_glsr_average":0,"_glsr_ranking":0,"_glsr_reviews":0,"jetpack_publicize_message":"","jetpack_publicize_feature_enabled":true,"jetpack_social_post_already_shared":true,"jetpack_social_options":{"image_generator_settings":{"template":"highway","default_image_id":0,"font":"","enabled":false},"version":2}},"product_brand":[],"product_cat":[162,255],"product_tag":[2480,2243,2482,2475,2478,2473,2476,2472,2474,2471],"class_list":{"0":"post-2422","1":"product","2":"type-product","3":"status-publish","4":"has-post-thumbnail","6":"product_cat-eventfotografie","7":"product_cat-fotografie-messen-seminare-konferenze","8":"product_tag-aktivitaten","9":"product_tag-fotografien","10":"product_tag-herausforderungen","11":"product_tag-kolloquien","12":"product_tag-konferenz","13":"product_tag-kongress","14":"product_tag-professionell-de","15":"product_tag-seminar","16":"product_tag-versammlungen","17":"product_tag-visuelle-kommunikation","18":"pa_qualitedesphotos-42mopixelsvollbild-de","19":"pa_qualitedesphotos-qualitatsoptik-de","20":"bookacti-activity","22":"first","23":"instock","24":"sale","25":"virtual","26":"taxable","27":"purchasable","28":"product-type-simple"},"yoast_head":"<!-- This site is optimized with the Yoast SEO plugin v27.4 - https:\/\/yoast.com\/product\/yoast-seo-wordpress\/ -->\n<title>Professioneller Fotograf f\u00fcr Konferenzen, Seminare, Firmenkunden.<\/title>\n<meta name=\"description\" content=\"Fotograf auf Konferenzen und Seminaren: Atmosph\u00e4re, Portr\u00e4ts, Schl\u00fcsselmomente. Diskretion und Qualit\u00e4t, um Ihre beruflichen Veranstaltungen zu verbessern.\" \/>\n<meta name=\"robots\" content=\"index, follow, max-snippet:-1, max-image-preview:large, max-video-preview:-1\" \/>\n<link rel=\"canonical\" href=\"https:\/\/www.audacieuse-galerie.ch\/de\/produit\/konferenzen-kolloquiums-und-seminare-fotografie\/\" \/>\n<meta property=\"og:locale\" content=\"de_DE\" \/>\n<meta property=\"og:type\" content=\"article\" \/>\n<meta property=\"og:title\" content=\"Professioneller Fotograf f\u00fcr Konferenzen, Seminare, Firmenkunden.\" \/>\n<meta property=\"og:description\" content=\"Fotograf auf Konferenzen und Seminaren: Atmosph\u00e4re, Portr\u00e4ts, Schl\u00fcsselmomente. Diskretion und Qualit\u00e4t, um Ihre beruflichen Veranstaltungen zu verbessern.\" \/>\n<meta property=\"og:url\" content=\"https:\/\/www.audacieuse-galerie.ch\/de\/produit\/konferenzen-kolloquiums-und-seminare-fotografie\/\" \/>\n<meta property=\"og:site_name\" content=\"Audacieuse-Galerie\" \/>\n<meta property=\"article:publisher\" content=\"https:\/\/www.facebook.com\/audacieuse.galerie\" \/>\n<meta property=\"article:modified_time\" content=\"2026-03-07T14:30:56+00:00\" \/>\n<meta property=\"og:image\" content=\"https:\/\/www.audacieuse-galerie.ch\/wp-content\/uploads\/2017\/04\/347-Conferences-colloques-et-seminaires.jpg\" \/>\n\t<meta property=\"og:image:width\" content=\"1000\" \/>\n\t<meta property=\"og:image:height\" content=\"882\" \/>\n\t<meta property=\"og:image:type\" content=\"image\/jpeg\" \/>\n<meta name=\"twitter:card\" content=\"summary_large_image\" \/>\n<meta name=\"twitter:label1\" content=\"Gesch\u00e4tzte Lesezeit\" \/>\n\t<meta name=\"twitter:data1\" content=\"1 Minute\" \/>\n<script type=\"application\/ld+json\" class=\"yoast-schema-graph\">{\"@context\":\"https:\\\/\\\/schema.org\",\"@graph\":[{\"@type\":\"ImageObject\",\"inLanguage\":\"de\",\"@id\":\"https:\\\/\\\/www.audacieuse-galerie.ch\\\/de\\\/produit\\\/konferenzen-kolloquiums-und-seminare-fotografie\\\/#primaryimage\",\"url\":\"https:\\\/\\\/www.audacieuse-galerie.ch\\\/wp-content\\\/uploads\\\/2017\\\/04\\\/347-Conferences-colloques-et-seminaires.jpg\",\"contentUrl\":\"https:\\\/\\\/www.audacieuse-galerie.ch\\\/wp-content\\\/uploads\\\/2017\\\/04\\\/347-Conferences-colloques-et-seminaires.jpg\",\"width\":1000,\"height\":882,\"caption\":\"Konferenzen, Symposien und Seminare\"}]}<\/script>\n<!-- \/ Yoast SEO plugin. -->","yoast_head_json":{"title":"Professioneller Fotograf f\u00fcr Konferenzen, Seminare, Firmenkunden.","description":"Fotograf auf Konferenzen und Seminaren: Atmosph\u00e4re, Portr\u00e4ts, Schl\u00fcsselmomente. Diskretion und Qualit\u00e4t, um Ihre beruflichen Veranstaltungen zu verbessern.","robots":{"index":"index","follow":"follow","max-snippet":"max-snippet:-1","max-image-preview":"max-image-preview:large","max-video-preview":"max-video-preview:-1"},"canonical":"https:\/\/www.audacieuse-galerie.ch\/de\/produit\/konferenzen-kolloquiums-und-seminare-fotografie\/","og_locale":"de_DE","og_type":"article","og_title":"Professioneller Fotograf f\u00fcr Konferenzen, Seminare, Firmenkunden.","og_description":"Fotograf auf Konferenzen und Seminaren: Atmosph\u00e4re, Portr\u00e4ts, Schl\u00fcsselmomente. Diskretion und Qualit\u00e4t, um Ihre beruflichen Veranstaltungen zu verbessern.","og_url":"https:\/\/www.audacieuse-galerie.ch\/de\/produit\/konferenzen-kolloquiums-und-seminare-fotografie\/","og_site_name":"Audacieuse-Galerie","article_publisher":"https:\/\/www.facebook.com\/audacieuse.galerie","article_modified_time":"2026-03-07T14:30:56+00:00","og_image":[{"width":1000,"height":882,"url":"https:\/\/www.audacieuse-galerie.ch\/wp-content\/uploads\/2017\/04\/347-Conferences-colloques-et-seminaires.jpg","type":"image\/jpeg"}],"twitter_card":"summary_large_image","twitter_misc":{"Gesch\u00e4tzte Lesezeit":"1 Minute"},"schema":{"@context":"https:\/\/schema.org","@graph":[{"@type":"ImageObject","inLanguage":"de","@id":"https:\/\/www.audacieuse-galerie.ch\/de\/produit\/konferenzen-kolloquiums-und-seminare-fotografie\/#primaryimage","url":"https:\/\/www.audacieuse-galerie.ch\/wp-content\/uploads\/2017\/04\/347-Conferences-colloques-et-seminaires.jpg","contentUrl":"https:\/\/www.audacieuse-galerie.ch\/wp-content\/uploads\/2017\/04\/347-Conferences-colloques-et-seminaires.jpg","width":1000,"height":882,"caption":"Konferenzen, Symposien und Seminare"}]}},"jetpack_publicize_connections":[],"_links":{"self":[{"href":"https:\/\/www.audacieuse-galerie.ch\/de\/wp-json\/wp\/v2\/product\/2422","targetHints":{"allow":["GET"]}}],"collection":[{"href":"https:\/\/www.audacieuse-galerie.ch\/de\/wp-json\/wp\/v2\/product"}],"about":[{"href":"https:\/\/www.audacieuse-galerie.ch\/de\/wp-json\/wp\/v2\/types\/product"}],"replies":[{"embeddable":true,"href":"https:\/\/www.audacieuse-galerie.ch\/de\/wp-json\/wp\/v2\/comments?post=2422"}],"version-history":[{"count":0,"href":"https:\/\/www.audacieuse-galerie.ch\/de\/wp-json\/wp\/v2\/product\/2422\/revisions"}],"wp:featuredmedia":[{"embeddable":true,"href":"https:\/\/www.audacieuse-galerie.ch\/de\/wp-json\/wp\/v2\/media\/2420"}],"wp:attachment":[{"href":"https:\/\/www.audacieuse-galerie.ch\/de\/wp-json\/wp\/v2\/media?parent=2422"}],"wp:term":[{"taxonomy":"product_brand","embeddable":true,"href":"https:\/\/www.audacieuse-galerie.ch\/de\/wp-json\/wp\/v2\/product_brand?post=2422"},{"taxonomy":"product_cat","embeddable":true,"href":"https:\/\/www.audacieuse-galerie.ch\/de\/wp-json\/wp\/v2\/product_cat?post=2422"},{"taxonomy":"product_tag","embeddable":true,"href":"https:\/\/www.audacieuse-galerie.ch\/de\/wp-json\/wp\/v2\/product_tag?post=2422"}],"curies":[{"name":"wp","href":"https:\/\/api.w.org\/{rel}","templated":true}]}}