{"id":2443,"date":"2017-08-31T17:46:52","date_gmt":"2017-08-31T15:46:52","guid":{"rendered":"https:\/\/woo.audacieuse-galerie.ch\/produit\/fotograf-fuer-extremsportarten\/"},"modified":"2026-03-05T09:50:48","modified_gmt":"2026-03-05T08:50:48","slug":"fotograf-fuer-extremsportarten","status":"publish","type":"product","link":"https:\/\/www.audacieuse-galerie.ch\/de\/produit\/fotograf-fuer-extremsportarten\/","title":{"rendered":"Extremsport-Fotograf"},"content":{"rendered":"<h2>Professioneller Fotograf, der sich auf Extremsportarten spezialisiert hat<\/h2>\n<p>Die k\u00fchnsten Taten verdienen Bilder, die ihnen entsprechen. Ein professioneller Fotograf begleitet Extremsportler, um die Intensit\u00e4t, Pr\u00e4zision und Emotion jedes Moments einzufangen.<br \/>\nBergsteigen, Surfen, Basejumping oder Expeditionen in feindlichen Umgebungen: Jede Mission erfordert Erfahrung, Antizipation und technische Beherrschung. Deshalb begleiten wir Athleten in die spektakul\u00e4rsten Umgebungen, um kraftvolle, authentische und einpr\u00e4gsame Bilder zu schaffen. <\/p>\n<h2>Spektakul\u00e4re Bilder zur Verbesserung Ihres Projekts<\/h2>\n<p>Starke Fotografie zieht Aufmerksamkeit auf sich, inspiriert und verst\u00e4rkt die Wirkung einer Marke. Deshalb erstellen wir Bilder f\u00fcr Kommunikation, Medien und Werbekampagnen.<br \/>\nDank leistungsstarker professioneller Ausr\u00fcstung erfassen wir die schnellsten Bewegungen mit bemerkenswerter Pr\u00e4zision. Dar\u00fcber hinaus umfassen unsere Dienstleistungen fortgeschrittene Retusche, kreative Fotomontagen und Drohnenaufnahmen. Das bietet einzigartige Perspektiven und spektakul\u00e4re visuelle Effekte, die einen bleibenden Eindruck hinterlassen.  <\/p>\n<h2>Buchen Sie Ihre Sitzung einfach<\/h2>\n<p>Vereinbaren Sie Ihre Sitzung in wenigen Minuten mit unserer Online-Buchung. W\u00e4hlen Sie unten direkt die Nische, die zu Ihnen passt. M\u00f6chten Sie lieber vor der Buchung umtauschen? Bitte dann erneut, kontaktiert zu werden: Wir werden dein Projekt gemeinsam studieren, um wirklich au\u00dfergew\u00f6hnliche Bilder zu erstellen.  <\/p>\n","protected":false},"excerpt":{"rendered":"<p>Wir unterst\u00fctzen Extremsportler bei all ihren Heldentaten. Um ein Produkt zu bewerben oder Bilder in der Presse zu verbreiten, wenden Sie sich an einen professionellen Fotografen und erhalten Sie spektakul\u00e4re Bilder. <\/p>\n","protected":false},"featured_media":2429,"comment_status":"open","ping_status":"closed","template":"","meta":{"_glsr_average":0,"_glsr_ranking":0,"_glsr_reviews":0,"jetpack_publicize_message":"","jetpack_publicize_feature_enabled":true,"jetpack_social_post_already_shared":true,"jetpack_social_options":{"image_generator_settings":{"template":"highway","default_image_id":0,"font":"","enabled":false},"version":2}},"product_brand":[],"product_cat":[162,261],"product_tag":[2278,2519,2516,2154,2522,2243,2520,2149,2517,2518,2515,2275,2277,2413,2521],"class_list":{"0":"post-2443","1":"product","2":"type-product","3":"status-publish","4":"has-post-thumbnail","6":"product_cat-eventfotografie","7":"product_cat-sport-action-freizeit","8":"product_tag-anderungen","9":"product_tag-drohne","10":"product_tag-extremsportarten","11":"product_tag-filmmaterial","12":"product_tag-fordern","13":"product_tag-fotografien","14":"product_tag-fotomontage","15":"product_tag-genf","16":"product_tag-hochwertiges-material","17":"product_tag-medien","18":"product_tag-nutzen","19":"product_tag-photograph","20":"product_tag-produkt","21":"product_tag-professionell","22":"product_tag-sport","23":"pa_qualitedesphotos-42mopixelsvollbild-de","24":"pa_qualitedesphotos-qualitatsoptik-de","25":"bookacti-activity","27":"first","28":"instock","29":"sale","30":"virtual","31":"taxable","32":"purchasable","33":"product-type-simple"},"yoast_head":"<!-- This site is optimized with the Yoast SEO plugin v27.4 - https:\/\/yoast.com\/product\/yoast-seo-wordpress\/ -->\n<title>Professioneller Fotograf f\u00fcr extreme und spektakul\u00e4re Sportarten.<\/title>\n<meta name=\"description\" content=\"Fotograf und Experte f\u00fcr Extremsportarten: Bergsteigen, Skifahren, Motorradfahren... Professionelle Ausr\u00fcstung, Drohnenaufnahmen f\u00fcr kraftvolle und unvergessliche Bilder.\" \/>\n<meta name=\"robots\" content=\"index, follow, max-snippet:-1, max-image-preview:large, max-video-preview:-1\" \/>\n<link rel=\"canonical\" href=\"https:\/\/www.audacieuse-galerie.ch\/de\/produit\/fotograf-fuer-extremsportarten\/\" \/>\n<meta property=\"og:locale\" content=\"de_DE\" \/>\n<meta property=\"og:type\" content=\"article\" \/>\n<meta property=\"og:title\" content=\"Professioneller Fotograf f\u00fcr extreme und spektakul\u00e4re Sportarten.\" \/>\n<meta property=\"og:description\" content=\"Fotograf und Experte f\u00fcr Extremsportarten: Bergsteigen, Skifahren, Motorradfahren... Professionelle Ausr\u00fcstung, Drohnenaufnahmen f\u00fcr kraftvolle und unvergessliche Bilder.\" \/>\n<meta property=\"og:url\" content=\"https:\/\/www.audacieuse-galerie.ch\/de\/produit\/fotograf-fuer-extremsportarten\/\" \/>\n<meta property=\"og:site_name\" content=\"Audacieuse-Galerie\" \/>\n<meta property=\"article:publisher\" content=\"https:\/\/www.facebook.com\/audacieuse.galerie\" \/>\n<meta property=\"article:modified_time\" content=\"2026-03-05T08:50:48+00:00\" \/>\n<meta property=\"og:image\" content=\"https:\/\/www.audacieuse-galerie.ch\/wp-content\/uploads\/2017\/08\/539-Photographe-pour-sports-extremes.jpg\" \/>\n\t<meta property=\"og:image:width\" content=\"1000\" \/>\n\t<meta property=\"og:image:height\" content=\"1000\" \/>\n\t<meta property=\"og:image:type\" content=\"image\/jpeg\" \/>\n<meta name=\"twitter:card\" content=\"summary_large_image\" \/>\n<meta name=\"twitter:label1\" content=\"Gesch\u00e4tzte Lesezeit\" \/>\n\t<meta name=\"twitter:data1\" content=\"2 Minuten\" \/>\n<script type=\"application\/ld+json\" class=\"yoast-schema-graph\">{\"@context\":\"https:\\\/\\\/schema.org\",\"@graph\":[{\"@type\":\"ImageObject\",\"inLanguage\":\"de\",\"@id\":\"https:\\\/\\\/www.audacieuse-galerie.ch\\\/de\\\/produit\\\/fotograf-fuer-extremsportarten\\\/#primaryimage\",\"url\":\"https:\\\/\\\/www.audacieuse-galerie.ch\\\/wp-content\\\/uploads\\\/2017\\\/08\\\/539-Photographe-pour-sports-extremes.jpg\",\"contentUrl\":\"https:\\\/\\\/www.audacieuse-galerie.ch\\\/wp-content\\\/uploads\\\/2017\\\/08\\\/539-Photographe-pour-sports-extremes.jpg\",\"width\":1000,\"height\":1000,\"caption\":\"Extremsport-Fotograf\"}]}<\/script>\n<!-- \/ Yoast SEO plugin. -->","yoast_head_json":{"title":"Professioneller Fotograf f\u00fcr extreme und spektakul\u00e4re Sportarten.","description":"Fotograf und Experte f\u00fcr Extremsportarten: Bergsteigen, Skifahren, Motorradfahren... Professionelle Ausr\u00fcstung, Drohnenaufnahmen f\u00fcr kraftvolle und unvergessliche Bilder.","robots":{"index":"index","follow":"follow","max-snippet":"max-snippet:-1","max-image-preview":"max-image-preview:large","max-video-preview":"max-video-preview:-1"},"canonical":"https:\/\/www.audacieuse-galerie.ch\/de\/produit\/fotograf-fuer-extremsportarten\/","og_locale":"de_DE","og_type":"article","og_title":"Professioneller Fotograf f\u00fcr extreme und spektakul\u00e4re Sportarten.","og_description":"Fotograf und Experte f\u00fcr Extremsportarten: Bergsteigen, Skifahren, Motorradfahren... Professionelle Ausr\u00fcstung, Drohnenaufnahmen f\u00fcr kraftvolle und unvergessliche Bilder.","og_url":"https:\/\/www.audacieuse-galerie.ch\/de\/produit\/fotograf-fuer-extremsportarten\/","og_site_name":"Audacieuse-Galerie","article_publisher":"https:\/\/www.facebook.com\/audacieuse.galerie","article_modified_time":"2026-03-05T08:50:48+00:00","og_image":[{"width":1000,"height":1000,"url":"https:\/\/www.audacieuse-galerie.ch\/wp-content\/uploads\/2017\/08\/539-Photographe-pour-sports-extremes.jpg","type":"image\/jpeg"}],"twitter_card":"summary_large_image","twitter_misc":{"Gesch\u00e4tzte Lesezeit":"2 Minuten"},"schema":{"@context":"https:\/\/schema.org","@graph":[{"@type":"ImageObject","inLanguage":"de","@id":"https:\/\/www.audacieuse-galerie.ch\/de\/produit\/fotograf-fuer-extremsportarten\/#primaryimage","url":"https:\/\/www.audacieuse-galerie.ch\/wp-content\/uploads\/2017\/08\/539-Photographe-pour-sports-extremes.jpg","contentUrl":"https:\/\/www.audacieuse-galerie.ch\/wp-content\/uploads\/2017\/08\/539-Photographe-pour-sports-extremes.jpg","width":1000,"height":1000,"caption":"Extremsport-Fotograf"}]}},"jetpack_publicize_connections":[],"_links":{"self":[{"href":"https:\/\/www.audacieuse-galerie.ch\/de\/wp-json\/wp\/v2\/product\/2443","targetHints":{"allow":["GET"]}}],"collection":[{"href":"https:\/\/www.audacieuse-galerie.ch\/de\/wp-json\/wp\/v2\/product"}],"about":[{"href":"https:\/\/www.audacieuse-galerie.ch\/de\/wp-json\/wp\/v2\/types\/product"}],"replies":[{"embeddable":true,"href":"https:\/\/www.audacieuse-galerie.ch\/de\/wp-json\/wp\/v2\/comments?post=2443"}],"version-history":[{"count":0,"href":"https:\/\/www.audacieuse-galerie.ch\/de\/wp-json\/wp\/v2\/product\/2443\/revisions"}],"wp:featuredmedia":[{"embeddable":true,"href":"https:\/\/www.audacieuse-galerie.ch\/de\/wp-json\/wp\/v2\/media\/2429"}],"wp:attachment":[{"href":"https:\/\/www.audacieuse-galerie.ch\/de\/wp-json\/wp\/v2\/media?parent=2443"}],"wp:term":[{"taxonomy":"product_brand","embeddable":true,"href":"https:\/\/www.audacieuse-galerie.ch\/de\/wp-json\/wp\/v2\/product_brand?post=2443"},{"taxonomy":"product_cat","embeddable":true,"href":"https:\/\/www.audacieuse-galerie.ch\/de\/wp-json\/wp\/v2\/product_cat?post=2443"},{"taxonomy":"product_tag","embeddable":true,"href":"https:\/\/www.audacieuse-galerie.ch\/de\/wp-json\/wp\/v2\/product_tag?post=2443"}],"curies":[{"name":"wp","href":"https:\/\/api.w.org\/{rel}","templated":true}]}}