{"id":2470,"date":"2017-08-31T17:36:16","date_gmt":"2017-08-31T15:36:16","guid":{"rendered":"https:\/\/woo.audacieuse-galerie.ch\/produit\/fotograf-fuer-sport\/"},"modified":"2026-03-07T15:33:22","modified_gmt":"2026-03-07T14:33:22","slug":"fotograf-fuer-sport","status":"publish","type":"product","link":"https:\/\/www.audacieuse-galerie.ch\/de\/produit\/fotograf-fuer-sport\/","title":{"rendered":"Sportfotograf"},"content":{"rendered":"\t\t<div data-elementor-type=\"wp-post\" data-elementor-id=\"2470\" class=\"elementor elementor-2470 elementor-2469\">\n\t\t\t\t<div class=\"elementor-element elementor-element-c1883c4 thegem-e-con-layout-thegem e-flex e-con-boxed e-con e-parent\" data-id=\"c1883c4\" data-element_type=\"container\" data-e-type=\"container\" data-settings=\"{&quot;thegem_container_layout&quot;:&quot;thegem&quot;}\">\r\n\t\t\t\t\t<div class=\"e-con-inner\">\r\n\t\t\t\t<div class=\"elementor-element elementor-element-3dd23cd3 flex-horizontal-align-default flex-horizontal-align-tablet-default flex-horizontal-align-mobile-default flex-vertical-align-default flex-vertical-align-tablet-default flex-vertical-align-mobile-default elementor-widget elementor-widget-text-editor\" data-id=\"3dd23cd3\" data-element_type=\"widget\" data-e-type=\"widget\" data-widget_type=\"text-editor.default\">\n\t\t\t\t\t\t\t\t\t\t\t\t<div class=\"elementor-text-editor elementor-clearfix\">\r\n\t\t\t\t\t\t<h2>Sportfotograf<\/h2><p>Wir fotografieren alle Sportarten, Sportler und ihre Emotionen. F\u00fcr die Einf\u00fchrung eines Kleidungsst\u00fccks oder Sportger\u00e4ts, um Ihren Sportwettkampf oder Ihre Marke zu bewerben, um die Leistungen Ihrer Mitarbeiter zu bezeugen. <\/p><h2>Sportler, Botschafter Ihrer Marke<\/h2><p>Wir bieten auch vollst\u00e4ndigere Berichte \u00fcber den Athleten oder Markenbotschafter, w\u00e4hrend der Vorbereitung, w\u00e4hrend und nach einer sportlichen Leistung, f\u00fcr eine umfangreichere Pressemappe. Unser Fotograf sublimiert die menschliche Verbindung zwischen der Marke und dem Athleten. <\/p><h2>Bildlieferung<\/h2><p>F\u00fcr eine schnelle Kommunikation mit der Presse k\u00f6nnen Sie Fotos sofort empfangen, \u00fcber TCP\/IP an Ihren Kontrollraum, \u00fcber WLAN an Ihren Computer oder \u00fcber unsere Cloud. Der Fotograf kann Ihnen eine Nachbearbeitung vor Ort ohne Bildanpassungen anbieten, oder, wenn Sie einige Tage warten k\u00f6nnen, eine Sortierung und Anpassung der Lichter.  Dar\u00fcber hinaus bieten wir Retuschen und Fotomontagen sowie hervorragende Drucke auf den sch\u00f6nsten gerahmten Papieren: f\u00fcr Ihre B\u00fcros, Ihren Empfang, Ihren Ausstellungsraum&#8230;<\/p><h2 class=\"western\">Einfach buchen<\/h2><p>Buchen Sie das Zeitfenster Ihrer Wahl ganz einfach online unten oder telefonisch unter 022.556.52.53 oder indem Sie \u00fcber die Schaltfl\u00e4che unten eine Kontaktaufnahme anfordern.<\/p><p>In unserem Angebot ist eine Reise nach Carouge \/ Genf enthalten. Dar\u00fcber hinaus werden Sie aufgefordert, eine zus\u00e4tzliche Entsch\u00e4digung von CHF 1 pro gefahrenem km f\u00fcr die zur\u00fcckgelegten Fahrten zu bezahlen. Wir sind in der gesamten Westschweiz t\u00e4tig.<\/p>\t\t\t\t\t\t\t<\/div>\r\n\t\t\t\t\t\t\t\t\t\t<\/div>\n\t\t\t\t\t<\/div>\n\t\t\t\t<\/div>\n\t\t\t\t<\/div>\n\t\t","protected":false},"excerpt":{"rendered":"<p>Wir fotografieren alle Sportarten. F\u00fcr die Einf\u00fchrung eines Kleidungsst\u00fccks oder eines Sportger\u00e4ts, um f\u00fcr Ihren Sportwettkampf oder Ihre Marke zu werben, um die Heldentaten Ihrer Mitarbeiter zu erleben, nehmen wir die sch\u00f6nsten Bilder w\u00e4hrend Ihrer Sportveranstaltung auf.<\/p>\n","protected":false},"featured_media":2447,"comment_status":"open","ping_status":"closed","template":"","meta":{"_glsr_average":0,"_glsr_ranking":0,"_glsr_reviews":0,"jetpack_publicize_message":"","jetpack_publicize_feature_enabled":true,"jetpack_social_post_already_shared":true,"jetpack_social_options":{"image_generator_settings":{"template":"highway","default_image_id":0,"font":"","enabled":false},"version":2}},"product_brand":[],"product_cat":[162,66,261],"product_tag":[2169,2501,2149,2503,2500,2504,2505,2502,2506],"class_list":{"0":"post-2470","1":"product","2":"type-product","3":"status-publish","4":"has-post-thumbnail","6":"product_cat-eventfotografie","7":"product_cat-professionelle-fotos-und-videos-carouge-geneve","8":"product_cat-sport-action-freizeit","9":"product_tag-bildbearbeitung","10":"product_tag-einfach-buchen","11":"product_tag-genf","12":"product_tag-ihre-markenbotschafter","13":"product_tag-lieferung","14":"product_tag-sportfotograf","15":"product_tag-sportler-de","16":"product_tag-sportler","17":"product_tag-sportlicher-wettkampf","18":"pa_qualitedesphotos-42mopixelsvollbild-de","19":"pa_qualitedesphotos-qualitatsoptik-de","20":"bookacti-activity","22":"first","23":"instock","24":"sale","25":"virtual","26":"taxable","27":"purchasable","28":"product-type-simple"},"yoast_head":"<!-- This site is optimized with the Yoast SEO plugin v27.4 - https:\/\/yoast.com\/product\/yoast-seo-wordpress\/ -->\n<title>Sportfotograf, Pro Images f\u00fcr Events und Marken<\/title>\n<meta name=\"description\" content=\"Professionelle Sportfotografie f\u00fcr Marken, Veranstaltungen und Produkteinf\u00fchrungen. Fangen Sie das Geschehen ein und verbessern Sie Ihr Bild.\" \/>\n<meta name=\"robots\" content=\"index, follow, max-snippet:-1, max-image-preview:large, max-video-preview:-1\" \/>\n<link rel=\"canonical\" href=\"https:\/\/www.audacieuse-galerie.ch\/de\/produit\/fotograf-fuer-sport\/\" \/>\n<meta property=\"og:locale\" content=\"de_DE\" \/>\n<meta property=\"og:type\" content=\"article\" \/>\n<meta property=\"og:title\" content=\"Sportfotograf, Pro Images f\u00fcr Events und Marken\" \/>\n<meta property=\"og:description\" content=\"Professionelle Sportfotografie f\u00fcr Marken, Veranstaltungen und Produkteinf\u00fchrungen. Fangen Sie das Geschehen ein und verbessern Sie Ihr Bild.\" \/>\n<meta property=\"og:url\" content=\"https:\/\/www.audacieuse-galerie.ch\/de\/produit\/fotograf-fuer-sport\/\" \/>\n<meta property=\"og:site_name\" content=\"Audacieuse-Galerie\" \/>\n<meta property=\"article:publisher\" content=\"https:\/\/www.facebook.com\/audacieuse.galerie\" \/>\n<meta property=\"article:modified_time\" content=\"2026-03-07T14:33:22+00:00\" \/>\n<meta property=\"og:image\" content=\"https:\/\/www.audacieuse-galerie.ch\/wp-content\/uploads\/2017\/08\/166-Photographe-de-sport.jpg\" \/>\n\t<meta property=\"og:image:width\" content=\"1000\" \/>\n\t<meta property=\"og:image:height\" content=\"1000\" \/>\n\t<meta property=\"og:image:type\" content=\"image\/jpeg\" \/>\n<meta name=\"twitter:card\" content=\"summary_large_image\" \/>\n<meta name=\"twitter:label1\" content=\"Gesch\u00e4tzte Lesezeit\" \/>\n\t<meta name=\"twitter:data1\" content=\"1 Minute\" \/>\n<script type=\"application\/ld+json\" class=\"yoast-schema-graph\">{\"@context\":\"https:\\\/\\\/schema.org\",\"@graph\":[{\"@type\":\"ImageObject\",\"inLanguage\":\"de\",\"@id\":\"https:\\\/\\\/www.audacieuse-galerie.ch\\\/de\\\/produit\\\/fotograf-fuer-sport\\\/#primaryimage\",\"url\":\"https:\\\/\\\/www.audacieuse-galerie.ch\\\/wp-content\\\/uploads\\\/2017\\\/08\\\/166-Photographe-de-sport.jpg\",\"contentUrl\":\"https:\\\/\\\/www.audacieuse-galerie.ch\\\/wp-content\\\/uploads\\\/2017\\\/08\\\/166-Photographe-de-sport.jpg\",\"width\":1000,\"height\":1000,\"caption\":\"Sportfotograf\"}]}<\/script>\n<!-- \/ Yoast SEO plugin. -->","yoast_head_json":{"title":"Sportfotograf, Pro Images f\u00fcr Events und Marken","description":"Professionelle Sportfotografie f\u00fcr Marken, Veranstaltungen und Produkteinf\u00fchrungen. Fangen Sie das Geschehen ein und verbessern Sie Ihr Bild.","robots":{"index":"index","follow":"follow","max-snippet":"max-snippet:-1","max-image-preview":"max-image-preview:large","max-video-preview":"max-video-preview:-1"},"canonical":"https:\/\/www.audacieuse-galerie.ch\/de\/produit\/fotograf-fuer-sport\/","og_locale":"de_DE","og_type":"article","og_title":"Sportfotograf, Pro Images f\u00fcr Events und Marken","og_description":"Professionelle Sportfotografie f\u00fcr Marken, Veranstaltungen und Produkteinf\u00fchrungen. Fangen Sie das Geschehen ein und verbessern Sie Ihr Bild.","og_url":"https:\/\/www.audacieuse-galerie.ch\/de\/produit\/fotograf-fuer-sport\/","og_site_name":"Audacieuse-Galerie","article_publisher":"https:\/\/www.facebook.com\/audacieuse.galerie","article_modified_time":"2026-03-07T14:33:22+00:00","og_image":[{"width":1000,"height":1000,"url":"https:\/\/www.audacieuse-galerie.ch\/wp-content\/uploads\/2017\/08\/166-Photographe-de-sport.jpg","type":"image\/jpeg"}],"twitter_card":"summary_large_image","twitter_misc":{"Gesch\u00e4tzte Lesezeit":"1 Minute"},"schema":{"@context":"https:\/\/schema.org","@graph":[{"@type":"ImageObject","inLanguage":"de","@id":"https:\/\/www.audacieuse-galerie.ch\/de\/produit\/fotograf-fuer-sport\/#primaryimage","url":"https:\/\/www.audacieuse-galerie.ch\/wp-content\/uploads\/2017\/08\/166-Photographe-de-sport.jpg","contentUrl":"https:\/\/www.audacieuse-galerie.ch\/wp-content\/uploads\/2017\/08\/166-Photographe-de-sport.jpg","width":1000,"height":1000,"caption":"Sportfotograf"}]}},"jetpack_publicize_connections":[],"_links":{"self":[{"href":"https:\/\/www.audacieuse-galerie.ch\/de\/wp-json\/wp\/v2\/product\/2470","targetHints":{"allow":["GET"]}}],"collection":[{"href":"https:\/\/www.audacieuse-galerie.ch\/de\/wp-json\/wp\/v2\/product"}],"about":[{"href":"https:\/\/www.audacieuse-galerie.ch\/de\/wp-json\/wp\/v2\/types\/product"}],"replies":[{"embeddable":true,"href":"https:\/\/www.audacieuse-galerie.ch\/de\/wp-json\/wp\/v2\/comments?post=2470"}],"version-history":[{"count":0,"href":"https:\/\/www.audacieuse-galerie.ch\/de\/wp-json\/wp\/v2\/product\/2470\/revisions"}],"wp:featuredmedia":[{"embeddable":true,"href":"https:\/\/www.audacieuse-galerie.ch\/de\/wp-json\/wp\/v2\/media\/2447"}],"wp:attachment":[{"href":"https:\/\/www.audacieuse-galerie.ch\/de\/wp-json\/wp\/v2\/media?parent=2470"}],"wp:term":[{"taxonomy":"product_brand","embeddable":true,"href":"https:\/\/www.audacieuse-galerie.ch\/de\/wp-json\/wp\/v2\/product_brand?post=2470"},{"taxonomy":"product_cat","embeddable":true,"href":"https:\/\/www.audacieuse-galerie.ch\/de\/wp-json\/wp\/v2\/product_cat?post=2470"},{"taxonomy":"product_tag","embeddable":true,"href":"https:\/\/www.audacieuse-galerie.ch\/de\/wp-json\/wp\/v2\/product_tag?post=2470"}],"curies":[{"name":"wp","href":"https:\/\/api.w.org\/{rel}","templated":true}]}}