{"id":2491,"date":"2017-04-18T11:00:27","date_gmt":"2017-04-18T09:00:27","guid":{"rendered":"https:\/\/woo.audacieuse-galerie.ch\/produit\/fotograf-fuer-konzerten-festivals-shows\/"},"modified":"2026-02-14T16:26:01","modified_gmt":"2026-02-14T15:26:01","slug":"fotograf-fuer-konzerten-festivals-shows","status":"publish","type":"product","link":"https:\/\/www.audacieuse-galerie.ch\/de\/produit\/fotograf-fuer-konzerten-festivals-shows\/","title":{"rendered":"Fotograf von Partys, privaten Feiern, Geburtstagen, Veranstaltungen des Nachtlebens."},"content":{"rendered":"<h3>Au\u00dfergew\u00f6hnlicher privater Party-Fotograf<br \/>\nversch\u00f6nert Ihre unvergesslichen N\u00e4chte<\/h3>\n<p>Organisieren Sie eine private Feier und m\u00f6chten Sie jeden Moment mit Eleganz und Raffinesse festhalten? Wenden Sie sich an einen <strong>professionellen Fotografen<\/strong> , um die einzigartige Atmosph\u00e4re Ihres Empfangs zu verewigen. <\/p>\n<h4>Exklusiver Service f\u00fcr au\u00dfergew\u00f6hnliche Kunden<\/h4>\n<p>Ob es sich um einen <strong>privaten Geburtstag, eine prestigetr\u00e4chtige Party, eine intime Hochzeit, eine au\u00dfergew\u00f6hnliche Cocktailparty oder einen prestigetr\u00e4chtigen Empfang<\/strong> handelt, jeder Moment verdient es, mit Subtilit\u00e4t und Professionalit\u00e4t festgehalten zu werden. Wir verbessern die Atmosph\u00e4re Ihrer Veranstaltung, die Emotionen Ihrer G\u00e4ste und die Eleganz Ihrer Inszenierung. <\/p>\n<h4>Fotos passend zu Ihrer Veranstaltung<\/h4>\n<ul>\n<li><strong>Elegante und nat\u00fcrliche Aufnahmen<\/strong> : Bilder, die die Authentizit\u00e4t und Intensit\u00e4t jedes Augenblicks widerspiegeln.<\/li>\n<li><strong>High-Tech-Ausr\u00fcstung<\/strong> : Kameras und Beleuchtung, die f\u00fcr Nachtaufnahmen geeignet sind.<\/li>\n<li><strong>Ma\u00dfgeschneiderte Nachbearbeitung<\/strong> : Professionelle digitale Entwicklungen f\u00fcr einen Look, der Luxusmagazinen w\u00fcrdig ist.<\/li>\n<li><strong>Drucken <\/strong>: Optional, M\u00f6glichkeit des Bedruckens und Einrahmens sowie prestigetr\u00e4chtige Souvenirb\u00fccher.<\/li>\n<\/ul>\n<h4>Ihre Traumabende, mit Raffinesse fotografiert<\/h4>\n<p>Jede Veranstaltung ist einzigartig und verdient einen k\u00fcnstlerischen Look. Egal, ob Sie einen <strong>prestigetr\u00e4chtigen Geburtstag, einen Galaabend oder eine exklusive Veranstaltung<\/strong> feiern, unsere Dienstleistungen passen sich Ihren Anforderungen an, um eine Fotoreportage zu bieten, die Ihrem Status gerecht wird. <\/p>\n<p><strong>Buchen Sie jetzt Ihren privaten Fotografen<\/strong> und machen Sie Ihren Abend zu einer zeitlosen Erinnerung. <strong>Buchen Sie hier online oder kontaktieren Sie uns f\u00fcr ein pers\u00f6nliches Angebot und ein ma\u00dfgeschneidertes High-End-Fotoerlebnis.<br \/>\n<\/strong><\/p>\n","protected":false},"excerpt":{"rendered":"<p>Hochwertiger privater Partyfotograf \u2013 fangen Sie die einzigartige Atmosph\u00e4re Ihrer abendlichen Empf\u00e4nge ein. Ob f\u00fcr einen prestigetr\u00e4chtigen Geburtstag, eine intime Hochzeit oder einen Elite-Abend, profitieren Sie von einer raffinierten Fotoreportage mit eleganten Aufnahmen, die mit High-Tech-Ger\u00e4ten und ma\u00dfgeschneiderter Nachbearbeitung aufgenommen wurden. Buchen Sie jetzt Ihren professionellen Fotografen, um Ihre Veranstaltungen in unvergessliche Erinnerungen zu verwandeln.  <\/p>\n","protected":false},"featured_media":2474,"comment_status":"open","ping_status":"closed","template":"","meta":{"_glsr_average":0,"_glsr_ranking":0,"_glsr_reviews":0,"jetpack_publicize_message":"","jetpack_publicize_feature_enabled":true,"jetpack_social_post_already_shared":true,"jetpack_social_options":{"image_generator_settings":{"template":"highway","default_image_id":0,"font":"","enabled":false},"version":2}},"product_brand":[],"product_cat":[162,267],"product_tag":[2165,2161,2152,2164,2154,2153,2155,2149,2167,2160,2157,2162,2166,2163,2150,2151,2159,2156,2158],"class_list":{"0":"post-2491","1":"product","2":"type-product","3":"status-publish","4":"has-post-thumbnail","6":"product_cat-eventfotografie","7":"product_cat-konzerte-partys-und-feste","8":"product_tag-abende","9":"product_tag-atmosphare","10":"product_tag-eindrucke","11":"product_tag-festivals-de","12":"product_tag-filmmaterial","13":"product_tag-fotografie","14":"product_tag-fotomontagen","15":"product_tag-genf","16":"product_tag-hohe-auflosung","17":"product_tag-konzerte","18":"product_tag-kulturelle-veranstaltung","19":"product_tag-kunstler","20":"product_tag-online","21":"product_tag-plakat","22":"product_tag-professioneller-fotograf","23":"product_tag-reservierung","24":"product_tag-tanzen","25":"product_tag-theaterauffuhrungen","26":"product_tag-zeigt","27":"bookacti-activity","29":"first","30":"instock","31":"sale","32":"virtual","33":"taxable","34":"purchasable","35":"product-type-simple"},"yoast_head":"<!-- This site is optimized with the Yoast SEO plugin v27.4 - https:\/\/yoast.com\/product\/yoast-seo-wordpress\/ -->\n<title>Fotograf von Partys, Geburtstagen, Veranstaltungen.<\/title>\n<meta name=\"description\" content=\"Wenden Sie sich an einen professionellen Fotografen, um Ihren Abend zu versch\u00f6nern. Elegante Fotos und erstklassiges Equipment f\u00fcr Ihre au\u00dfergew\u00f6hnlichen Events.\" \/>\n<meta name=\"robots\" content=\"index, follow, max-snippet:-1, max-image-preview:large, max-video-preview:-1\" \/>\n<link rel=\"canonical\" href=\"https:\/\/www.audacieuse-galerie.ch\/de\/produit\/fotograf-fuer-konzerten-festivals-shows\/\" \/>\n<meta property=\"og:locale\" content=\"de_DE\" \/>\n<meta property=\"og:type\" content=\"article\" \/>\n<meta property=\"og:title\" content=\"Fotograf von Partys, Geburtstagen, Veranstaltungen.\" \/>\n<meta property=\"og:description\" content=\"Wenden Sie sich an einen professionellen Fotografen, um Ihren Abend zu versch\u00f6nern. Elegante Fotos und erstklassiges Equipment f\u00fcr Ihre au\u00dfergew\u00f6hnlichen Events.\" \/>\n<meta property=\"og:url\" content=\"https:\/\/www.audacieuse-galerie.ch\/de\/produit\/fotograf-fuer-konzerten-festivals-shows\/\" \/>\n<meta property=\"og:site_name\" content=\"Audacieuse-Galerie\" \/>\n<meta property=\"article:publisher\" content=\"https:\/\/www.facebook.com\/audacieuse.galerie\" \/>\n<meta property=\"article:modified_time\" content=\"2026-02-14T15:26:01+00:00\" \/>\n<meta property=\"og:image\" content=\"https:\/\/www.audacieuse-galerie.ch\/wp-content\/uploads\/2017\/04\/546-Photographe-de-concerts-festivals-soirees.jpg\" \/>\n\t<meta property=\"og:image:width\" content=\"1000\" \/>\n\t<meta property=\"og:image:height\" content=\"1000\" \/>\n\t<meta property=\"og:image:type\" content=\"image\/jpeg\" \/>\n<meta name=\"twitter:card\" content=\"summary_large_image\" \/>\n<meta name=\"twitter:label1\" content=\"Gesch\u00e4tzte Lesezeit\" \/>\n\t<meta name=\"twitter:data1\" content=\"1 Minute\" \/>\n<script type=\"application\/ld+json\" class=\"yoast-schema-graph\">{\"@context\":\"https:\\\/\\\/schema.org\",\"@graph\":[{\"@type\":\"ImageObject\",\"inLanguage\":\"de\",\"@id\":\"https:\\\/\\\/www.audacieuse-galerie.ch\\\/de\\\/produit\\\/fotograf-fuer-konzerten-festivals-shows\\\/#primaryimage\",\"url\":\"https:\\\/\\\/www.audacieuse-galerie.ch\\\/wp-content\\\/uploads\\\/2017\\\/04\\\/546-Photographe-de-concerts-festivals-soirees.jpg\",\"contentUrl\":\"https:\\\/\\\/www.audacieuse-galerie.ch\\\/wp-content\\\/uploads\\\/2017\\\/04\\\/546-Photographe-de-concerts-festivals-soirees.jpg\",\"width\":1000,\"height\":1000,\"caption\":\"Fotograf von Konzerten, Festivals, Partys\"}]}<\/script>\n<!-- \/ Yoast SEO plugin. -->","yoast_head_json":{"title":"Fotograf von Partys, Geburtstagen, Veranstaltungen.","description":"Wenden Sie sich an einen professionellen Fotografen, um Ihren Abend zu versch\u00f6nern. Elegante Fotos und erstklassiges Equipment f\u00fcr Ihre au\u00dfergew\u00f6hnlichen Events.","robots":{"index":"index","follow":"follow","max-snippet":"max-snippet:-1","max-image-preview":"max-image-preview:large","max-video-preview":"max-video-preview:-1"},"canonical":"https:\/\/www.audacieuse-galerie.ch\/de\/produit\/fotograf-fuer-konzerten-festivals-shows\/","og_locale":"de_DE","og_type":"article","og_title":"Fotograf von Partys, Geburtstagen, Veranstaltungen.","og_description":"Wenden Sie sich an einen professionellen Fotografen, um Ihren Abend zu versch\u00f6nern. Elegante Fotos und erstklassiges Equipment f\u00fcr Ihre au\u00dfergew\u00f6hnlichen Events.","og_url":"https:\/\/www.audacieuse-galerie.ch\/de\/produit\/fotograf-fuer-konzerten-festivals-shows\/","og_site_name":"Audacieuse-Galerie","article_publisher":"https:\/\/www.facebook.com\/audacieuse.galerie","article_modified_time":"2026-02-14T15:26:01+00:00","og_image":[{"width":1000,"height":1000,"url":"https:\/\/www.audacieuse-galerie.ch\/wp-content\/uploads\/2017\/04\/546-Photographe-de-concerts-festivals-soirees.jpg","type":"image\/jpeg"}],"twitter_card":"summary_large_image","twitter_misc":{"Gesch\u00e4tzte Lesezeit":"1 Minute"},"schema":{"@context":"https:\/\/schema.org","@graph":[{"@type":"ImageObject","inLanguage":"de","@id":"https:\/\/www.audacieuse-galerie.ch\/de\/produit\/fotograf-fuer-konzerten-festivals-shows\/#primaryimage","url":"https:\/\/www.audacieuse-galerie.ch\/wp-content\/uploads\/2017\/04\/546-Photographe-de-concerts-festivals-soirees.jpg","contentUrl":"https:\/\/www.audacieuse-galerie.ch\/wp-content\/uploads\/2017\/04\/546-Photographe-de-concerts-festivals-soirees.jpg","width":1000,"height":1000,"caption":"Fotograf von Konzerten, Festivals, Partys"}]}},"jetpack_publicize_connections":[],"_links":{"self":[{"href":"https:\/\/www.audacieuse-galerie.ch\/de\/wp-json\/wp\/v2\/product\/2491","targetHints":{"allow":["GET"]}}],"collection":[{"href":"https:\/\/www.audacieuse-galerie.ch\/de\/wp-json\/wp\/v2\/product"}],"about":[{"href":"https:\/\/www.audacieuse-galerie.ch\/de\/wp-json\/wp\/v2\/types\/product"}],"replies":[{"embeddable":true,"href":"https:\/\/www.audacieuse-galerie.ch\/de\/wp-json\/wp\/v2\/comments?post=2491"}],"version-history":[{"count":0,"href":"https:\/\/www.audacieuse-galerie.ch\/de\/wp-json\/wp\/v2\/product\/2491\/revisions"}],"wp:featuredmedia":[{"embeddable":true,"href":"https:\/\/www.audacieuse-galerie.ch\/de\/wp-json\/wp\/v2\/media\/2474"}],"wp:attachment":[{"href":"https:\/\/www.audacieuse-galerie.ch\/de\/wp-json\/wp\/v2\/media?parent=2491"}],"wp:term":[{"taxonomy":"product_brand","embeddable":true,"href":"https:\/\/www.audacieuse-galerie.ch\/de\/wp-json\/wp\/v2\/product_brand?post=2491"},{"taxonomy":"product_cat","embeddable":true,"href":"https:\/\/www.audacieuse-galerie.ch\/de\/wp-json\/wp\/v2\/product_cat?post=2491"},{"taxonomy":"product_tag","embeddable":true,"href":"https:\/\/www.audacieuse-galerie.ch\/de\/wp-json\/wp\/v2\/product_tag?post=2491"}],"curies":[{"name":"wp","href":"https:\/\/api.w.org\/{rel}","templated":true}]}}