{"id":2518,"date":"2017-04-18T14:51:22","date_gmt":"2017-04-18T12:51:22","guid":{"rendered":"https:\/\/woo.audacieuse-galerie.ch\/produit\/fotograf-fuer-tanzshow\/"},"modified":"2026-03-03T15:16:32","modified_gmt":"2026-03-03T14:16:32","slug":"fotograf-fuer-tanzshow","status":"publish","type":"product","link":"https:\/\/www.audacieuse-galerie.ch\/de\/produit\/fotograf-fuer-tanzshow\/","title":{"rendered":"Tanz-Fotograf"},"content":{"rendered":"<h2 class=\"western\">Tanz-Fotograf<\/h2>\n<p>F\u00fcr Ihre Kommunikation, Plakate, Programme und Einladungen bieten wir Ihnen unsere professionellen Fotografien an. Nach Ihren Angaben richten wir unsere Bilder so aus, dass sie das Engagement und das Gef\u00fchl vermitteln, das f\u00fcr Ihre Tanzshow erforderlich ist. <\/p>\n<h2 class=\"western\">Empfindlichkeit in Bilder \u00fcbertragen<\/h2>\n<p>Wir vermitteln Ihre choreografische Spezifit\u00e4t in Bildern. Unsere Bilder zeigen eine physische, aber auch subjektive Vision von K\u00f6rpern in Bewegung. Sensible Fotografien, verk\u00f6rpert in all den Empfindungen Ihrer Show.  <\/p>\n<h2 class=\"western\">Lieferungen von Fotos<\/h2>\n<p style=\"margin-bottom: 0cm; line-height: 100%;\">Wir liefern Ihnen die Fotos ein paar Tage sp\u00e4ter, die Zeit f\u00fcr eine Auswahl und eine leichte Retusche, auf einem USB-Stick.<\/p>\n<h2 class=\"western\">Einfach buchen<\/h2>\n<p>Buchen Sie das Zeitfenster Ihrer Wahl ganz einfach online unten oder telefonisch unter 022.556.52.53 oder indem Sie \u00fcber die Schaltfl\u00e4che unten eine Kontaktaufnahme anfordern.<\/p>\n<p>In unserem Angebot ist eine Reise in den Kanton Genf inbegriffen. Dar\u00fcber hinaus werden Sie aufgefordert, eine zus\u00e4tzliche Entsch\u00e4digung von CHF 1 pro km f\u00fcr die zur\u00fcckgelegten Fahrten zu bezahlen. Wir sind in der gesamten Westschweiz t\u00e4tig.<\/p>\n","protected":false},"excerpt":{"rendered":"<p>F\u00fcr Ihre Kommunikation, Ihre Plakate, Programme und Einladungen bieten wir Ihnen unsere professionellen Fotografien an, die die Sensibilit\u00e4t und choreografische Eleganz transkribieren.<\/p>\n","protected":false},"featured_media":2504,"comment_status":"open","ping_status":"closed","template":"","meta":{"_glsr_average":0,"_glsr_ranking":0,"_glsr_reviews":0,"jetpack_publicize_message":"","jetpack_publicize_feature_enabled":true,"jetpack_social_post_already_shared":true,"jetpack_social_options":{"image_generator_settings":{"template":"highway","default_image_id":0,"font":"","enabled":false},"version":2}},"product_brand":[],"product_cat":[162,267],"product_tag":[2389,2464,2461,2465,2154,2243,2149,2275,2459,2460,2463,2462],"class_list":{"0":"post-2518","1":"product","2":"type-product","3":"status-publish","4":"has-post-thumbnail","6":"product_cat-eventfotografie","7":"product_cat-konzerte-partys-und-feste","8":"product_tag-anderung","9":"product_tag-choreographisch","10":"product_tag-einladungen","11":"product_tag-eleganz","12":"product_tag-filmmaterial","13":"product_tag-fotografien","14":"product_tag-genf","15":"product_tag-photograph","16":"product_tag-poster-de","17":"product_tag-programme","18":"product_tag-tanzshow","19":"product_tag-usb-stick","20":"pa_qualitedesphotos-42mopixelsvollbild-de","21":"pa_qualitedesphotos-qualitatsoptik-de","22":"bookacti-activity","24":"first","25":"instock","26":"sale","27":"virtual","28":"taxable","29":"purchasable","30":"product-type-simple"},"yoast_head":"<!-- This site is optimized with the Yoast SEO plugin v27.4 - https:\/\/yoast.com\/product\/yoast-seo-wordpress\/ -->\n<title>Tanzperformance-Fotograf in Genf und der franz\u00f6sischsprachigen Schweiz<\/title>\n<meta name=\"description\" content=\"Professioneller Tanzperformance-Fotograf in Carouge, Genf. Sensible und ausdrucksstarke Bilder f\u00fcr Poster, Programme und Kommunikation.\" \/>\n<meta name=\"robots\" content=\"index, follow, max-snippet:-1, max-image-preview:large, max-video-preview:-1\" \/>\n<link rel=\"canonical\" href=\"https:\/\/www.audacieuse-galerie.ch\/de\/produit\/fotograf-fuer-tanzshow\/\" \/>\n<meta property=\"og:locale\" content=\"de_DE\" \/>\n<meta property=\"og:type\" content=\"article\" \/>\n<meta property=\"og:title\" content=\"Tanzperformance-Fotograf in Genf und der franz\u00f6sischsprachigen Schweiz\" \/>\n<meta property=\"og:description\" content=\"Professioneller Tanzperformance-Fotograf in Carouge, Genf. Sensible und ausdrucksstarke Bilder f\u00fcr Poster, Programme und Kommunikation.\" \/>\n<meta property=\"og:url\" content=\"https:\/\/www.audacieuse-galerie.ch\/de\/produit\/fotograf-fuer-tanzshow\/\" \/>\n<meta property=\"og:site_name\" content=\"Audacieuse-Galerie\" \/>\n<meta property=\"article:publisher\" content=\"https:\/\/www.facebook.com\/audacieuse.galerie\" \/>\n<meta property=\"article:modified_time\" content=\"2026-03-03T14:16:32+00:00\" \/>\n<meta property=\"og:image\" content=\"https:\/\/www.audacieuse-galerie.ch\/wp-content\/uploads\/2017\/04\/346-Photographe-pour-spectacle-de-ballet.jpg\" \/>\n\t<meta property=\"og:image:width\" content=\"1000\" \/>\n\t<meta property=\"og:image:height\" content=\"1000\" \/>\n\t<meta property=\"og:image:type\" content=\"image\/jpeg\" \/>\n<meta name=\"twitter:card\" content=\"summary_large_image\" \/>\n<meta name=\"twitter:label1\" content=\"Gesch\u00e4tzte Lesezeit\" \/>\n\t<meta name=\"twitter:data1\" content=\"1 Minute\" \/>\n<script type=\"application\/ld+json\" class=\"yoast-schema-graph\">{\"@context\":\"https:\\\/\\\/schema.org\",\"@graph\":[{\"@type\":\"ImageObject\",\"inLanguage\":\"de\",\"@id\":\"https:\\\/\\\/www.audacieuse-galerie.ch\\\/de\\\/produit\\\/fotograf-fuer-tanzshow\\\/#primaryimage\",\"url\":\"https:\\\/\\\/www.audacieuse-galerie.ch\\\/wp-content\\\/uploads\\\/2017\\\/04\\\/346-Photographe-pour-spectacle-de-ballet.jpg\",\"contentUrl\":\"https:\\\/\\\/www.audacieuse-galerie.ch\\\/wp-content\\\/uploads\\\/2017\\\/04\\\/346-Photographe-pour-spectacle-de-ballet.jpg\",\"width\":1000,\"height\":1000,\"caption\":\"Ballett-Fotograf\"}]}<\/script>\n<!-- \/ Yoast SEO plugin. -->","yoast_head_json":{"title":"Tanzperformance-Fotograf in Genf und der franz\u00f6sischsprachigen Schweiz","description":"Professioneller Tanzperformance-Fotograf in Carouge, Genf. Sensible und ausdrucksstarke Bilder f\u00fcr Poster, Programme und Kommunikation.","robots":{"index":"index","follow":"follow","max-snippet":"max-snippet:-1","max-image-preview":"max-image-preview:large","max-video-preview":"max-video-preview:-1"},"canonical":"https:\/\/www.audacieuse-galerie.ch\/de\/produit\/fotograf-fuer-tanzshow\/","og_locale":"de_DE","og_type":"article","og_title":"Tanzperformance-Fotograf in Genf und der franz\u00f6sischsprachigen Schweiz","og_description":"Professioneller Tanzperformance-Fotograf in Carouge, Genf. Sensible und ausdrucksstarke Bilder f\u00fcr Poster, Programme und Kommunikation.","og_url":"https:\/\/www.audacieuse-galerie.ch\/de\/produit\/fotograf-fuer-tanzshow\/","og_site_name":"Audacieuse-Galerie","article_publisher":"https:\/\/www.facebook.com\/audacieuse.galerie","article_modified_time":"2026-03-03T14:16:32+00:00","og_image":[{"width":1000,"height":1000,"url":"https:\/\/www.audacieuse-galerie.ch\/wp-content\/uploads\/2017\/04\/346-Photographe-pour-spectacle-de-ballet.jpg","type":"image\/jpeg"}],"twitter_card":"summary_large_image","twitter_misc":{"Gesch\u00e4tzte Lesezeit":"1 Minute"},"schema":{"@context":"https:\/\/schema.org","@graph":[{"@type":"ImageObject","inLanguage":"de","@id":"https:\/\/www.audacieuse-galerie.ch\/de\/produit\/fotograf-fuer-tanzshow\/#primaryimage","url":"https:\/\/www.audacieuse-galerie.ch\/wp-content\/uploads\/2017\/04\/346-Photographe-pour-spectacle-de-ballet.jpg","contentUrl":"https:\/\/www.audacieuse-galerie.ch\/wp-content\/uploads\/2017\/04\/346-Photographe-pour-spectacle-de-ballet.jpg","width":1000,"height":1000,"caption":"Ballett-Fotograf"}]}},"jetpack_publicize_connections":[],"_links":{"self":[{"href":"https:\/\/www.audacieuse-galerie.ch\/de\/wp-json\/wp\/v2\/product\/2518","targetHints":{"allow":["GET"]}}],"collection":[{"href":"https:\/\/www.audacieuse-galerie.ch\/de\/wp-json\/wp\/v2\/product"}],"about":[{"href":"https:\/\/www.audacieuse-galerie.ch\/de\/wp-json\/wp\/v2\/types\/product"}],"replies":[{"embeddable":true,"href":"https:\/\/www.audacieuse-galerie.ch\/de\/wp-json\/wp\/v2\/comments?post=2518"}],"version-history":[{"count":0,"href":"https:\/\/www.audacieuse-galerie.ch\/de\/wp-json\/wp\/v2\/product\/2518\/revisions"}],"wp:featuredmedia":[{"embeddable":true,"href":"https:\/\/www.audacieuse-galerie.ch\/de\/wp-json\/wp\/v2\/media\/2504"}],"wp:attachment":[{"href":"https:\/\/www.audacieuse-galerie.ch\/de\/wp-json\/wp\/v2\/media?parent=2518"}],"wp:term":[{"taxonomy":"product_brand","embeddable":true,"href":"https:\/\/www.audacieuse-galerie.ch\/de\/wp-json\/wp\/v2\/product_brand?post=2518"},{"taxonomy":"product_cat","embeddable":true,"href":"https:\/\/www.audacieuse-galerie.ch\/de\/wp-json\/wp\/v2\/product_cat?post=2518"},{"taxonomy":"product_tag","embeddable":true,"href":"https:\/\/www.audacieuse-galerie.ch\/de\/wp-json\/wp\/v2\/product_tag?post=2518"}],"curies":[{"name":"wp","href":"https:\/\/api.w.org\/{rel}","templated":true}]}}