{"id":27644,"date":"2017-08-20T22:37:33","date_gmt":"2017-08-20T20:37:33","guid":{"rendered":"https:\/\/woo.audacieuse-galerie.ch\/produit\/ayana-et-haruna-2\/"},"modified":"2025-06-05T14:08:28","modified_gmt":"2025-06-05T12:08:28","slug":"ayana-et-haruna-2","status":"publish","type":"product","link":"https:\/\/www.audacieuse-galerie.ch\/de\/produit\/ayana-et-haruna-2\/","title":{"rendered":"Ayana und Haruna"},"content":{"rendered":"<p>Sie sind 25 Jahre alt. Ayana ist Kinderg\u00e4rtnerin und Haruna arbeitet bei Sanrio, einer japanischen Firma, die beliebte und niedliche Charaktere kreiert. Jeder hat seinen Lieblingscharakter, aber beide lieben &#8222;Kity-chan&#8220;, der auch eine Zwillingsschwester hat! Seit ihrer Kindheit sind sie sich bewusst, dass sie &#8222;symmetrisch&#8220; sind. Sie tragen immer die gleichen Kleidungsst\u00fccke in verschiedenen Farben mit dem gleichen Schmuck und k\u00e4mmen ihre Haare symmetrisch links und rechts. Unglaublicherweise sind ihre Doppelz\u00e4hne auch links und rechts symmetrisch! Sie spielen schon lange E-Piano und singen gerne im Takt miteinander. Obwohl sie die Songs getrennt voneinander komponieren, harmonieren ihre beiden Melodien perfekt.       <\/p>\n","protected":false},"excerpt":{"rendered":"<p><span lang=\"fr-fr\" xml:lang=\"fr-fr\">Seit ihrer Kindheit sind sie sich bewusst, dass sie &#8222;symmetrisch&#8220; sind. Sie tragen immer die gleichen Kleidungsst\u00fccke in verschiedenen Farben mit dem gleichen Schmuck und k\u00e4mmen ihre Haare symmetrisch links und rechts. <\/span><\/p>\n","protected":false},"featured_media":27327,"comment_status":"open","ping_status":"closed","template":"","meta":{"_glsr_average":0,"_glsr_ranking":0,"_glsr_reviews":0,"jetpack_publicize_message":"","jetpack_publicize_feature_enabled":true,"jetpack_social_post_already_shared":true,"jetpack_social_options":{"image_generator_settings":{"template":"highway","default_image_id":0,"font":"","enabled":false},"version":2}},"product_brand":[],"product_cat":[63,111,2234,228,33,108,156],"product_tag":[],"class_list":{"0":"post-27644","1":"product","2":"type-product","3":"status-publish","4":"has-post-thumbnail","6":"product_cat-auswahlkurator","7":"product_cat-farben","8":"product_cat-fotograf-reiko-nonaka","9":"product_cat-innen","10":"product_cat-kunst-und-fotogalerie-in-carouge-gleich-neben-genf-schweiz","11":"product_cat-mensch","12":"product_cat-silber","13":"pa_bordureblancheautourdelimage-5cm-de","14":"pa_dimensions-40x50cm-de","15":"pa_dimensions-50x75cm-de","16":"pa_dimensions-60x90cm-de","17":"pa_encadrements-dunklesholz-de","18":"pa_encadrements-farben-de","19":"pa_encadrements-grau-de","20":"pa_encadrements-hellesholz-de","21":"pa_encadrements-keinen-de","22":"pa_encadrements-schwarz-de","23":"pa_encadrements-weiss-de","24":"pa_oeuvresnumerotees_limitees-10exemplaren-de","25":"pa_protectionfinitionsupport-druckunterglasacrylglass-de","26":"pa_protectionfinitionsupport-20-kunstpapieraufdibondr_alu-de","27":"pa_protectionfinitionsupport-e4-kunstpapieraufholzplatteu-de","28":"pa_techniquesphotographiques-argentique-de","29":"pa_techniquesphotographiques-farbe-de","30":"pa_themesphotographiques-innen-de","31":"pa_themesphotographiques-mensch-de","33":"first","34":"instock","35":"taxable","36":"shipping-taxable","37":"purchasable","38":"product-type-variable","39":"has-default-attributes"},"yoast_head":"<!-- This site is optimized with the Yoast SEO plugin v27.4 - https:\/\/yoast.com\/product\/yoast-seo-wordpress\/ -->\n<title>Ayana und Haruna - Audacieuse-Galerie<\/title>\n<meta name=\"description\" content=\"Ayana und Haruna - Audacieuse-Galerie\" \/>\n<meta name=\"robots\" content=\"index, follow, max-snippet:-1, max-image-preview:large, max-video-preview:-1\" \/>\n<link rel=\"canonical\" href=\"https:\/\/www.audacieuse-galerie.ch\/de\/produit\/ayana-et-haruna-2\/\" \/>\n<meta property=\"og:locale\" content=\"de_DE\" \/>\n<meta property=\"og:type\" content=\"article\" \/>\n<meta property=\"og:title\" content=\"Ayana und Haruna - Audacieuse-Galerie\" \/>\n<meta property=\"og:description\" content=\"Ayana und Haruna - Audacieuse-Galerie\" \/>\n<meta property=\"og:url\" content=\"https:\/\/www.audacieuse-galerie.ch\/de\/produit\/ayana-et-haruna-2\/\" \/>\n<meta property=\"og:site_name\" content=\"Audacieuse-Galerie\" \/>\n<meta property=\"article:publisher\" content=\"https:\/\/www.facebook.com\/audacieuse.galerie\" \/>\n<meta property=\"article:modified_time\" content=\"2025-06-05T12:08:28+00:00\" \/>\n<meta property=\"og:image\" content=\"https:\/\/www.audacieuse-galerie.ch\/wp-content\/uploads\/2017\/08\/332-Ayana-et-Haruna.jpg\" \/>\n\t<meta property=\"og:image:width\" content=\"667\" \/>\n\t<meta property=\"og:image:height\" content=\"1000\" \/>\n\t<meta property=\"og:image:type\" content=\"image\/jpeg\" \/>\n<meta name=\"twitter:card\" content=\"summary_large_image\" \/>\n<meta name=\"twitter:label1\" content=\"Gesch\u00e4tzte Lesezeit\" \/>\n\t<meta name=\"twitter:data1\" content=\"1 Minute\" \/>\n<script type=\"application\/ld+json\" class=\"yoast-schema-graph\">{\"@context\":\"https:\\\/\\\/schema.org\",\"@graph\":[{\"@type\":\"ImageObject\",\"inLanguage\":\"de\",\"@id\":\"https:\\\/\\\/www.audacieuse-galerie.ch\\\/de\\\/produit\\\/ayana-et-haruna-2\\\/#primaryimage\",\"url\":\"https:\\\/\\\/www.audacieuse-galerie.ch\\\/wp-content\\\/uploads\\\/2017\\\/08\\\/332-Ayana-et-Haruna.jpg\",\"contentUrl\":\"https:\\\/\\\/www.audacieuse-galerie.ch\\\/wp-content\\\/uploads\\\/2017\\\/08\\\/332-Ayana-et-Haruna.jpg\",\"width\":667,\"height\":1000,\"caption\":\"Ayana und Haruna\"}]}<\/script>\n<!-- \/ Yoast SEO plugin. -->","yoast_head_json":{"title":"Ayana und Haruna - Audacieuse-Galerie","description":"Ayana und Haruna - Audacieuse-Galerie","robots":{"index":"index","follow":"follow","max-snippet":"max-snippet:-1","max-image-preview":"max-image-preview:large","max-video-preview":"max-video-preview:-1"},"canonical":"https:\/\/www.audacieuse-galerie.ch\/de\/produit\/ayana-et-haruna-2\/","og_locale":"de_DE","og_type":"article","og_title":"Ayana und Haruna - Audacieuse-Galerie","og_description":"Ayana und Haruna - Audacieuse-Galerie","og_url":"https:\/\/www.audacieuse-galerie.ch\/de\/produit\/ayana-et-haruna-2\/","og_site_name":"Audacieuse-Galerie","article_publisher":"https:\/\/www.facebook.com\/audacieuse.galerie","article_modified_time":"2025-06-05T12:08:28+00:00","og_image":[{"width":667,"height":1000,"url":"https:\/\/www.audacieuse-galerie.ch\/wp-content\/uploads\/2017\/08\/332-Ayana-et-Haruna.jpg","type":"image\/jpeg"}],"twitter_card":"summary_large_image","twitter_misc":{"Gesch\u00e4tzte Lesezeit":"1 Minute"},"schema":{"@context":"https:\/\/schema.org","@graph":[{"@type":"ImageObject","inLanguage":"de","@id":"https:\/\/www.audacieuse-galerie.ch\/de\/produit\/ayana-et-haruna-2\/#primaryimage","url":"https:\/\/www.audacieuse-galerie.ch\/wp-content\/uploads\/2017\/08\/332-Ayana-et-Haruna.jpg","contentUrl":"https:\/\/www.audacieuse-galerie.ch\/wp-content\/uploads\/2017\/08\/332-Ayana-et-Haruna.jpg","width":667,"height":1000,"caption":"Ayana und Haruna"}]}},"jetpack_publicize_connections":[],"_links":{"self":[{"href":"https:\/\/www.audacieuse-galerie.ch\/de\/wp-json\/wp\/v2\/product\/27644","targetHints":{"allow":["GET"]}}],"collection":[{"href":"https:\/\/www.audacieuse-galerie.ch\/de\/wp-json\/wp\/v2\/product"}],"about":[{"href":"https:\/\/www.audacieuse-galerie.ch\/de\/wp-json\/wp\/v2\/types\/product"}],"replies":[{"embeddable":true,"href":"https:\/\/www.audacieuse-galerie.ch\/de\/wp-json\/wp\/v2\/comments?post=27644"}],"version-history":[{"count":0,"href":"https:\/\/www.audacieuse-galerie.ch\/de\/wp-json\/wp\/v2\/product\/27644\/revisions"}],"wp:featuredmedia":[{"embeddable":true,"href":"https:\/\/www.audacieuse-galerie.ch\/de\/wp-json\/wp\/v2\/media\/27327"}],"wp:attachment":[{"href":"https:\/\/www.audacieuse-galerie.ch\/de\/wp-json\/wp\/v2\/media?parent=27644"}],"wp:term":[{"taxonomy":"product_brand","embeddable":true,"href":"https:\/\/www.audacieuse-galerie.ch\/de\/wp-json\/wp\/v2\/product_brand?post=27644"},{"taxonomy":"product_cat","embeddable":true,"href":"https:\/\/www.audacieuse-galerie.ch\/de\/wp-json\/wp\/v2\/product_cat?post=27644"},{"taxonomy":"product_tag","embeddable":true,"href":"https:\/\/www.audacieuse-galerie.ch\/de\/wp-json\/wp\/v2\/product_tag?post=27644"}],"curies":[{"name":"wp","href":"https:\/\/api.w.org\/{rel}","templated":true}]}}