{"id":31139,"date":"2017-10-12T13:15:28","date_gmt":"2017-10-12T11:15:28","guid":{"rendered":"https:\/\/woo.audacieuse-galerie.ch\/produit\/die-usb-karte-audacieuse-galerie\/"},"modified":"2025-06-06T22:13:31","modified_gmt":"2025-06-06T20:13:31","slug":"die-usb-karte-audacieuse-galerie","status":"publish","type":"product","link":"https:\/\/www.audacieuse-galerie.ch\/de\/produit\/die-usb-karte-audacieuse-galerie\/","title":{"rendered":"Die k\u00fchne USB-Kartengalerie"},"content":{"rendered":"<h2>Eine 16-GB-USB-Karte im Scheckkartenformat<\/h2>\n<p>Die USB-Karte ist signiert Audacieuse-Galerie, doppelseitig. Die Karte hat die Gr\u00f6\u00dfe einer Scheckkarte, etwas st\u00e4rker, weil sie etwas dicker ist. Es kann in einer Brieftasche aufbewahrt werden. Die Karte ist wiederverwendbar. Wir bieten Ihnen einen sehr niedrigen Preis, da Sie durch die Verteilung dieser Karte dazu beitragen, uns bekannt zu machen. Neben diesem g\u00fcnstigen Preis bieten wir auch Rabatte auf das Einkaufsvolumen an.     <\/p>\n<h2>Sofort verf\u00fcgbar<\/h2>\n<p>Diese USB-Karte ist sofort f\u00fcr bis zu 30 Kopien verf\u00fcgbar. Wenn Sie mehr Karten ben\u00f6tigen, k\u00f6nnen wir diese innerhalb von 20 Tagen drucken lassen. <\/p>\n","protected":false},"excerpt":{"rendered":"<p>Die USB-Karte ist signiert Audacieuse-Galerie. 16 GB f\u00fcr Ihre Daten oder Speicher. Praktisch, im Scheckkartenformat, passt es in jede Brieftasche oder jeden Kartenhalter.  <\/p>\n","protected":false},"featured_media":31131,"comment_status":"open","ping_status":"closed","template":"","meta":{"_glsr_average":0,"_glsr_ranking":0,"_glsr_reviews":0,"jetpack_publicize_message":"","jetpack_publicize_feature_enabled":true,"jetpack_social_post_already_shared":true,"jetpack_social_options":{"image_generator_settings":{"template":"highway","default_image_id":0,"font":"","enabled":false},"version":2}},"product_brand":[],"product_cat":[33],"product_tag":[2447,2446],"class_list":{"0":"post-31139","1":"product","2":"type-product","3":"status-publish","4":"has-post-thumbnail","6":"product_cat-kunst-und-fotogalerie-in-carouge-gleich-neben-genf-schweiz","7":"product_tag-landkarte","8":"product_tag-usb-de","10":"first","11":"instock","12":"taxable","13":"shipping-taxable","14":"purchasable","15":"product-type-simple"},"yoast_head":"<!-- This site is optimized with the Yoast SEO plugin v27.4 - https:\/\/yoast.com\/product\/yoast-seo-wordpress\/ -->\n<title>Die k\u00fchne USB-Kartengalerie - Audacieuse-Galerie<\/title>\n<meta name=\"description\" content=\"Die k\u00fchne USB-Kartengalerie - Audacieuse-Galerie\" \/>\n<meta name=\"robots\" content=\"index, follow, max-snippet:-1, max-image-preview:large, max-video-preview:-1\" \/>\n<link rel=\"canonical\" href=\"https:\/\/www.audacieuse-galerie.ch\/de\/produit\/die-usb-karte-audacieuse-galerie\/\" \/>\n<meta property=\"og:locale\" content=\"de_DE\" \/>\n<meta property=\"og:type\" content=\"article\" \/>\n<meta property=\"og:title\" content=\"Die k\u00fchne USB-Kartengalerie - Audacieuse-Galerie\" \/>\n<meta property=\"og:description\" content=\"Die k\u00fchne USB-Kartengalerie - Audacieuse-Galerie\" \/>\n<meta property=\"og:url\" content=\"https:\/\/www.audacieuse-galerie.ch\/de\/produit\/die-usb-karte-audacieuse-galerie\/\" \/>\n<meta property=\"og:site_name\" content=\"Audacieuse-Galerie\" \/>\n<meta property=\"article:publisher\" content=\"https:\/\/www.facebook.com\/audacieuse.galerie\" \/>\n<meta property=\"article:modified_time\" content=\"2025-06-06T20:13:31+00:00\" \/>\n<meta property=\"og:image\" content=\"https:\/\/www.audacieuse-galerie.ch\/wp-content\/uploads\/2017\/10\/393-La-carte-USB-Audacieuse-Galerie.jpg\" \/>\n\t<meta property=\"og:image:width\" content=\"1000\" \/>\n\t<meta property=\"og:image:height\" content=\"1000\" \/>\n\t<meta property=\"og:image:type\" content=\"image\/jpeg\" \/>\n<meta name=\"twitter:card\" content=\"summary_large_image\" \/>\n<script type=\"application\/ld+json\" class=\"yoast-schema-graph\">{\"@context\":\"https:\\\/\\\/schema.org\",\"@graph\":[{\"@type\":\"ImageObject\",\"inLanguage\":\"de\",\"@id\":\"https:\\\/\\\/www.audacieuse-galerie.ch\\\/de\\\/produit\\\/die-usb-karte-audacieuse-galerie\\\/#primaryimage\",\"url\":\"https:\\\/\\\/www.audacieuse-galerie.ch\\\/wp-content\\\/uploads\\\/2017\\\/10\\\/393-La-carte-USB-Audacieuse-Galerie.jpg\",\"contentUrl\":\"https:\\\/\\\/www.audacieuse-galerie.ch\\\/wp-content\\\/uploads\\\/2017\\\/10\\\/393-La-carte-USB-Audacieuse-Galerie.jpg\",\"width\":1000,\"height\":1000,\"caption\":\"Die k\u00fchne USB-Kartengalerie\"}]}<\/script>\n<!-- \/ Yoast SEO plugin. -->","yoast_head_json":{"title":"Die k\u00fchne USB-Kartengalerie - Audacieuse-Galerie","description":"Die k\u00fchne USB-Kartengalerie - Audacieuse-Galerie","robots":{"index":"index","follow":"follow","max-snippet":"max-snippet:-1","max-image-preview":"max-image-preview:large","max-video-preview":"max-video-preview:-1"},"canonical":"https:\/\/www.audacieuse-galerie.ch\/de\/produit\/die-usb-karte-audacieuse-galerie\/","og_locale":"de_DE","og_type":"article","og_title":"Die k\u00fchne USB-Kartengalerie - Audacieuse-Galerie","og_description":"Die k\u00fchne USB-Kartengalerie - Audacieuse-Galerie","og_url":"https:\/\/www.audacieuse-galerie.ch\/de\/produit\/die-usb-karte-audacieuse-galerie\/","og_site_name":"Audacieuse-Galerie","article_publisher":"https:\/\/www.facebook.com\/audacieuse.galerie","article_modified_time":"2025-06-06T20:13:31+00:00","og_image":[{"width":1000,"height":1000,"url":"https:\/\/www.audacieuse-galerie.ch\/wp-content\/uploads\/2017\/10\/393-La-carte-USB-Audacieuse-Galerie.jpg","type":"image\/jpeg"}],"twitter_card":"summary_large_image","schema":{"@context":"https:\/\/schema.org","@graph":[{"@type":"ImageObject","inLanguage":"de","@id":"https:\/\/www.audacieuse-galerie.ch\/de\/produit\/die-usb-karte-audacieuse-galerie\/#primaryimage","url":"https:\/\/www.audacieuse-galerie.ch\/wp-content\/uploads\/2017\/10\/393-La-carte-USB-Audacieuse-Galerie.jpg","contentUrl":"https:\/\/www.audacieuse-galerie.ch\/wp-content\/uploads\/2017\/10\/393-La-carte-USB-Audacieuse-Galerie.jpg","width":1000,"height":1000,"caption":"Die k\u00fchne USB-Kartengalerie"}]}},"jetpack_publicize_connections":[],"_links":{"self":[{"href":"https:\/\/www.audacieuse-galerie.ch\/de\/wp-json\/wp\/v2\/product\/31139","targetHints":{"allow":["GET"]}}],"collection":[{"href":"https:\/\/www.audacieuse-galerie.ch\/de\/wp-json\/wp\/v2\/product"}],"about":[{"href":"https:\/\/www.audacieuse-galerie.ch\/de\/wp-json\/wp\/v2\/types\/product"}],"replies":[{"embeddable":true,"href":"https:\/\/www.audacieuse-galerie.ch\/de\/wp-json\/wp\/v2\/comments?post=31139"}],"version-history":[{"count":0,"href":"https:\/\/www.audacieuse-galerie.ch\/de\/wp-json\/wp\/v2\/product\/31139\/revisions"}],"wp:featuredmedia":[{"embeddable":true,"href":"https:\/\/www.audacieuse-galerie.ch\/de\/wp-json\/wp\/v2\/media\/31131"}],"wp:attachment":[{"href":"https:\/\/www.audacieuse-galerie.ch\/de\/wp-json\/wp\/v2\/media?parent=31139"}],"wp:term":[{"taxonomy":"product_brand","embeddable":true,"href":"https:\/\/www.audacieuse-galerie.ch\/de\/wp-json\/wp\/v2\/product_brand?post=31139"},{"taxonomy":"product_cat","embeddable":true,"href":"https:\/\/www.audacieuse-galerie.ch\/de\/wp-json\/wp\/v2\/product_cat?post=31139"},{"taxonomy":"product_tag","embeddable":true,"href":"https:\/\/www.audacieuse-galerie.ch\/de\/wp-json\/wp\/v2\/product_tag?post=31139"}],"curies":[{"name":"wp","href":"https:\/\/api.w.org\/{rel}","templated":true}]}}