{"id":31187,"date":"2017-10-19T19:53:43","date_gmt":"2017-10-19T17:53:43","guid":{"rendered":"https:\/\/woo.audacieuse-galerie.ch\/produit\/lumiere-du-christ-2\/"},"modified":"2025-06-06T22:13:59","modified_gmt":"2025-06-06T20:13:59","slug":"lumiere-du-christ-2","status":"publish","type":"product","link":"https:\/\/www.audacieuse-galerie.ch\/de\/produit\/lumiere-du-christ-2\/","title":{"rendered":"Licht Christi"},"content":{"rendered":"<p>Das Kreuz, Symbol des Leidens Christi aufgrund dieser Leiden und seiner Kreuzigung, aber auch Synonym f\u00fcr Licht und Vers\u00f6hnung mit Gott. Die Geste Christi durch seine Leiden schenkt dem Volk die Befreiung von S\u00fcnde und B\u00f6sem und l\u00e4sst das Licht der Wahrheit erscheinen. Dieses kraftvolle Bild enth\u00fcllt uns die volle Bedeutung des Glaubens und die Bedeutung der Existenz von Ordensgemeinschaften, die ihr Leben f\u00fcr das Kreuz hingegeben haben. Dies gibt ihrem Leben einen vollst\u00e4ndigen Sinn. Ein Kreuz, immer dasselbe Kreuz, eine Pr\u00e4senz im Leben, ein Kreuz, das dem nichtreligi\u00f6sen Leben einen anderen Sinn geben k\u00f6nnte, dar\u00fcber muss in unserer Gesellschaft noch nachgedacht werden. Die Abtei von S\u00e9nanque gibt uns also viele Zeichen dieser Ordnung. Es respektiert das Leben der M\u00f6nche, die im Gebet leben und in dieser Richtung arbeiten, den Sinn des Gebets, der ihr Leben aufbaut.      <\/p>\n","protected":false},"excerpt":{"rendered":"<p>Ein Zeichen Gottes nach der Eucharistie in der Abtei von S\u00e9nanque in der N\u00e4he von Avignon in der Provence. Acht M\u00f6nche leben dort. Es ist ein privilegierter Ort, an dem man die Natur, die g\u00f6ttliche Sch\u00f6pfung, sch\u00e4tzen kann. Aber auch die Wirkung des Lichts auf Objekte und K\u00f6rper, um ihnen eine bessere Bedeutung zu verleihen.   <\/p>\n","protected":false},"featured_media":31143,"comment_status":"open","ping_status":"closed","template":"","meta":{"_glsr_average":0,"_glsr_ranking":0,"_glsr_reviews":0,"jetpack_publicize_message":"","jetpack_publicize_feature_enabled":true,"jetpack_social_post_already_shared":true,"jetpack_social_options":{"image_generator_settings":{"template":"highway","default_image_id":0,"font":"","enabled":false},"version":2}},"product_brand":[],"product_cat":[222,111,2230,240,249],"product_tag":[2443,2441,2442],"class_list":{"0":"post-31187","1":"product","2":"type-product","3":"status-publish","4":"has-post-thumbnail","6":"product_cat-europa","7":"product_cat-farben","8":"product_cat-fotograf-hubert-barre","9":"product_cat-landschaftsbilder","10":"product_cat-mystisch","11":"product_tag-glaube","12":"product_tag-kreuz","13":"product_tag-senanque-de","14":"pa_dimensions-40x60cm-de","15":"pa_dimensions-60x90cm-de","16":"pa_encadrements-dunklesholz-de","17":"pa_encadrements-farben-de","18":"pa_encadrements-grau-de","19":"pa_encadrements-hellesholz-de","20":"pa_encadrements-keinen-de","21":"pa_encadrements-schwarz-de","22":"pa_encadrements-weiss-de","23":"pa_oeuvresnumerotees_limitees-50exemplaires-de","24":"pa_papiers-5f-direktereindruckaufalumin-de","25":"pa_protectionfinitionsupport-druckunterglasacrylglass-de","26":"pa_protectionfinitionsupport-20-kunstpapieraufdibondr_alu-de","27":"pa_protectionfinitionsupport-e4-kunstpapieraufholzplatteu-de","28":"pa_techniquesphotographiques-farbe-de","29":"pa_themesphotographiques-europa-de","30":"pa_themesphotographiques-landschaft-de","31":"pa_themesphotographiques-mystisch-de","33":"first","34":"instock","35":"taxable","36":"shipping-taxable","37":"purchasable","38":"product-type-variable","39":"has-default-attributes"},"yoast_head":"<!-- This site is optimized with the Yoast SEO plugin v27.4 - https:\/\/yoast.com\/product\/yoast-seo-wordpress\/ -->\n<title>Licht Christi - Audacieuse-Galerie<\/title>\n<meta name=\"description\" content=\"Licht Christi - Audacieuse-Galerie\" \/>\n<meta name=\"robots\" content=\"index, follow, max-snippet:-1, max-image-preview:large, max-video-preview:-1\" \/>\n<link rel=\"canonical\" href=\"https:\/\/www.audacieuse-galerie.ch\/de\/produit\/lumiere-du-christ-2\/\" \/>\n<meta property=\"og:locale\" content=\"de_DE\" \/>\n<meta property=\"og:type\" content=\"article\" \/>\n<meta property=\"og:title\" content=\"Licht Christi - Audacieuse-Galerie\" \/>\n<meta property=\"og:description\" content=\"Licht Christi - Audacieuse-Galerie\" \/>\n<meta property=\"og:url\" content=\"https:\/\/www.audacieuse-galerie.ch\/de\/produit\/lumiere-du-christ-2\/\" \/>\n<meta property=\"og:site_name\" content=\"Audacieuse-Galerie\" \/>\n<meta property=\"article:publisher\" content=\"https:\/\/www.facebook.com\/audacieuse.galerie\" \/>\n<meta property=\"article:modified_time\" content=\"2025-06-06T20:13:59+00:00\" \/>\n<meta property=\"og:image\" content=\"https:\/\/www.audacieuse-galerie.ch\/wp-content\/uploads\/2017\/10\/348-Lumiere-du-Christ.jpg\" \/>\n\t<meta property=\"og:image:width\" content=\"1000\" \/>\n\t<meta property=\"og:image:height\" content=\"665\" \/>\n\t<meta property=\"og:image:type\" content=\"image\/jpeg\" \/>\n<meta name=\"twitter:card\" content=\"summary_large_image\" \/>\n<meta name=\"twitter:label1\" content=\"Gesch\u00e4tzte Lesezeit\" \/>\n\t<meta name=\"twitter:data1\" content=\"1 Minute\" \/>\n<script type=\"application\/ld+json\" class=\"yoast-schema-graph\">{\"@context\":\"https:\\\/\\\/schema.org\",\"@graph\":[{\"@type\":\"ImageObject\",\"inLanguage\":\"de\",\"@id\":\"https:\\\/\\\/www.audacieuse-galerie.ch\\\/de\\\/produit\\\/lumiere-du-christ-2\\\/#primaryimage\",\"url\":\"https:\\\/\\\/www.audacieuse-galerie.ch\\\/wp-content\\\/uploads\\\/2017\\\/10\\\/348-Lumiere-du-Christ.jpg\",\"contentUrl\":\"https:\\\/\\\/www.audacieuse-galerie.ch\\\/wp-content\\\/uploads\\\/2017\\\/10\\\/348-Lumiere-du-Christ.jpg\",\"width\":1000,\"height\":665,\"caption\":\"Licht Christi\"}]}<\/script>\n<!-- \/ Yoast SEO plugin. -->","yoast_head_json":{"title":"Licht Christi - Audacieuse-Galerie","description":"Licht Christi - Audacieuse-Galerie","robots":{"index":"index","follow":"follow","max-snippet":"max-snippet:-1","max-image-preview":"max-image-preview:large","max-video-preview":"max-video-preview:-1"},"canonical":"https:\/\/www.audacieuse-galerie.ch\/de\/produit\/lumiere-du-christ-2\/","og_locale":"de_DE","og_type":"article","og_title":"Licht Christi - Audacieuse-Galerie","og_description":"Licht Christi - Audacieuse-Galerie","og_url":"https:\/\/www.audacieuse-galerie.ch\/de\/produit\/lumiere-du-christ-2\/","og_site_name":"Audacieuse-Galerie","article_publisher":"https:\/\/www.facebook.com\/audacieuse.galerie","article_modified_time":"2025-06-06T20:13:59+00:00","og_image":[{"width":1000,"height":665,"url":"https:\/\/www.audacieuse-galerie.ch\/wp-content\/uploads\/2017\/10\/348-Lumiere-du-Christ.jpg","type":"image\/jpeg"}],"twitter_card":"summary_large_image","twitter_misc":{"Gesch\u00e4tzte Lesezeit":"1 Minute"},"schema":{"@context":"https:\/\/schema.org","@graph":[{"@type":"ImageObject","inLanguage":"de","@id":"https:\/\/www.audacieuse-galerie.ch\/de\/produit\/lumiere-du-christ-2\/#primaryimage","url":"https:\/\/www.audacieuse-galerie.ch\/wp-content\/uploads\/2017\/10\/348-Lumiere-du-Christ.jpg","contentUrl":"https:\/\/www.audacieuse-galerie.ch\/wp-content\/uploads\/2017\/10\/348-Lumiere-du-Christ.jpg","width":1000,"height":665,"caption":"Licht Christi"}]}},"jetpack_publicize_connections":[],"_links":{"self":[{"href":"https:\/\/www.audacieuse-galerie.ch\/de\/wp-json\/wp\/v2\/product\/31187","targetHints":{"allow":["GET"]}}],"collection":[{"href":"https:\/\/www.audacieuse-galerie.ch\/de\/wp-json\/wp\/v2\/product"}],"about":[{"href":"https:\/\/www.audacieuse-galerie.ch\/de\/wp-json\/wp\/v2\/types\/product"}],"replies":[{"embeddable":true,"href":"https:\/\/www.audacieuse-galerie.ch\/de\/wp-json\/wp\/v2\/comments?post=31187"}],"version-history":[{"count":0,"href":"https:\/\/www.audacieuse-galerie.ch\/de\/wp-json\/wp\/v2\/product\/31187\/revisions"}],"wp:featuredmedia":[{"embeddable":true,"href":"https:\/\/www.audacieuse-galerie.ch\/de\/wp-json\/wp\/v2\/media\/31143"}],"wp:attachment":[{"href":"https:\/\/www.audacieuse-galerie.ch\/de\/wp-json\/wp\/v2\/media?parent=31187"}],"wp:term":[{"taxonomy":"product_brand","embeddable":true,"href":"https:\/\/www.audacieuse-galerie.ch\/de\/wp-json\/wp\/v2\/product_brand?post=31187"},{"taxonomy":"product_cat","embeddable":true,"href":"https:\/\/www.audacieuse-galerie.ch\/de\/wp-json\/wp\/v2\/product_cat?post=31187"},{"taxonomy":"product_tag","embeddable":true,"href":"https:\/\/www.audacieuse-galerie.ch\/de\/wp-json\/wp\/v2\/product_tag?post=31187"}],"curies":[{"name":"wp","href":"https:\/\/api.w.org\/{rel}","templated":true}]}}