{"id":34433,"date":"2017-11-10T17:16:06","date_gmt":"2017-11-10T16:16:06","guid":{"rendered":"https:\/\/woo.audacieuse-galerie.ch\/produit\/le-pays-des-bonbons-2\/"},"modified":"2025-06-06T22:09:51","modified_gmt":"2025-06-06T20:09:51","slug":"le-pays-des-bonbons-2","status":"publish","type":"product","link":"https:\/\/www.audacieuse-galerie.ch\/de\/produit\/le-pays-des-bonbons-2\/","title":{"rendered":"Das Land der S\u00fc\u00dfigkeiten"},"content":{"rendered":"","protected":false},"excerpt":{"rendered":"","protected":false},"featured_media":34389,"comment_status":"open","ping_status":"closed","template":"","meta":{"_glsr_average":0,"_glsr_ranking":0,"_glsr_reviews":0,"jetpack_publicize_message":"","jetpack_publicize_feature_enabled":true,"jetpack_social_post_already_shared":true,"jetpack_social_options":{"image_generator_settings":{"template":"highway","default_image_id":0,"font":"","enabled":false},"version":2}},"product_brand":[],"product_cat":[189,231,63,111,2229,33,240,234],"product_tag":[],"class_list":{"0":"post-34433","1":"product","2":"type-product","3":"status-publish","4":"has-post-thumbnail","6":"product_cat-amerika","7":"product_cat-architektur","8":"product_cat-auswahlkurator","9":"product_cat-farben","10":"product_cat-fotograf-hiro-tanaka","11":"product_cat-kunst-und-fotogalerie-in-carouge-gleich-neben-genf-schweiz","12":"product_cat-landschaftsbilder","13":"product_cat-staedtisch","14":"pa_dimensions-40x60cm-de","15":"pa_dimensions-50x75cm-de","16":"pa_encadrements-dunklesholz-de","17":"pa_encadrements-farben-de","18":"pa_encadrements-grau-de","19":"pa_encadrements-hellesholz-de","20":"pa_encadrements-keinen-de","21":"pa_encadrements-schwarz-de","22":"pa_encadrements-weiss-de","23":"pa_oeuvresnumerotees_limitees-30exemplaren-de","24":"pa_protectionfinitionsupport-druckunterglasacrylglass-de","25":"pa_protectionfinitionsupport-20-kunstpapieraufdibondr_alu-de","26":"pa_protectionfinitionsupport-e4-kunstpapieraufholzplatteu-de","27":"pa_techniquesphotographiques-farbe-de","28":"pa_themesphotographiques-amerika-de","29":"pa_themesphotographiques-landschaft-de","30":"pa_themesphotographiques-stadtisch-de","32":"first","33":"instock","34":"taxable","35":"shipping-taxable","36":"purchasable","37":"product-type-variable","38":"has-default-attributes"},"yoast_head":"<!-- This site is optimized with the Yoast SEO plugin v27.4 - https:\/\/yoast.com\/product\/yoast-seo-wordpress\/ -->\n<title>Das Land der S\u00fc\u00dfigkeiten - Audacieuse-Galerie<\/title>\n<meta name=\"description\" content=\"Das Land der S\u00fc\u00dfigkeiten - Audacieuse-Galerie\" \/>\n<meta name=\"robots\" content=\"index, follow, max-snippet:-1, max-image-preview:large, max-video-preview:-1\" \/>\n<link rel=\"canonical\" href=\"https:\/\/www.audacieuse-galerie.ch\/de\/produit\/le-pays-des-bonbons-2\/\" \/>\n<meta property=\"og:locale\" content=\"de_DE\" \/>\n<meta property=\"og:type\" content=\"article\" \/>\n<meta property=\"og:title\" content=\"Das Land der S\u00fc\u00dfigkeiten - Audacieuse-Galerie\" \/>\n<meta property=\"og:description\" content=\"Das Land der S\u00fc\u00dfigkeiten - Audacieuse-Galerie\" \/>\n<meta property=\"og:url\" content=\"https:\/\/www.audacieuse-galerie.ch\/de\/produit\/le-pays-des-bonbons-2\/\" \/>\n<meta property=\"og:site_name\" content=\"Audacieuse-Galerie\" \/>\n<meta property=\"article:publisher\" content=\"https:\/\/www.facebook.com\/audacieuse.galerie\" \/>\n<meta property=\"article:modified_time\" content=\"2025-06-06T20:09:51+00:00\" \/>\n<meta property=\"og:image\" content=\"https:\/\/www.audacieuse-galerie.ch\/wp-content\/uploads\/2017\/11\/371-Le-pays-des-bonbons.jpg\" \/>\n\t<meta property=\"og:image:width\" content=\"1000\" \/>\n\t<meta property=\"og:image:height\" content=\"750\" \/>\n\t<meta property=\"og:image:type\" content=\"image\/jpeg\" \/>\n<meta name=\"twitter:card\" content=\"summary_large_image\" \/>\n<script type=\"application\/ld+json\" class=\"yoast-schema-graph\">{\"@context\":\"https:\\\/\\\/schema.org\",\"@graph\":[{\"@type\":\"ImageObject\",\"inLanguage\":\"de\",\"@id\":\"https:\\\/\\\/www.audacieuse-galerie.ch\\\/de\\\/produit\\\/le-pays-des-bonbons-2\\\/#primaryimage\",\"url\":\"https:\\\/\\\/www.audacieuse-galerie.ch\\\/wp-content\\\/uploads\\\/2017\\\/11\\\/371-Le-pays-des-bonbons.jpg\",\"contentUrl\":\"https:\\\/\\\/www.audacieuse-galerie.ch\\\/wp-content\\\/uploads\\\/2017\\\/11\\\/371-Le-pays-des-bonbons.jpg\",\"width\":1000,\"height\":750,\"caption\":\"Das Land der S\u00fc\u00dfigkeiten\"}]}<\/script>\n<!-- \/ Yoast SEO plugin. -->","yoast_head_json":{"title":"Das Land der S\u00fc\u00dfigkeiten - Audacieuse-Galerie","description":"Das Land der S\u00fc\u00dfigkeiten - Audacieuse-Galerie","robots":{"index":"index","follow":"follow","max-snippet":"max-snippet:-1","max-image-preview":"max-image-preview:large","max-video-preview":"max-video-preview:-1"},"canonical":"https:\/\/www.audacieuse-galerie.ch\/de\/produit\/le-pays-des-bonbons-2\/","og_locale":"de_DE","og_type":"article","og_title":"Das Land der S\u00fc\u00dfigkeiten - Audacieuse-Galerie","og_description":"Das Land der S\u00fc\u00dfigkeiten - Audacieuse-Galerie","og_url":"https:\/\/www.audacieuse-galerie.ch\/de\/produit\/le-pays-des-bonbons-2\/","og_site_name":"Audacieuse-Galerie","article_publisher":"https:\/\/www.facebook.com\/audacieuse.galerie","article_modified_time":"2025-06-06T20:09:51+00:00","og_image":[{"width":1000,"height":750,"url":"https:\/\/www.audacieuse-galerie.ch\/wp-content\/uploads\/2017\/11\/371-Le-pays-des-bonbons.jpg","type":"image\/jpeg"}],"twitter_card":"summary_large_image","schema":{"@context":"https:\/\/schema.org","@graph":[{"@type":"ImageObject","inLanguage":"de","@id":"https:\/\/www.audacieuse-galerie.ch\/de\/produit\/le-pays-des-bonbons-2\/#primaryimage","url":"https:\/\/www.audacieuse-galerie.ch\/wp-content\/uploads\/2017\/11\/371-Le-pays-des-bonbons.jpg","contentUrl":"https:\/\/www.audacieuse-galerie.ch\/wp-content\/uploads\/2017\/11\/371-Le-pays-des-bonbons.jpg","width":1000,"height":750,"caption":"Das Land der S\u00fc\u00dfigkeiten"}]}},"jetpack_publicize_connections":[],"_links":{"self":[{"href":"https:\/\/www.audacieuse-galerie.ch\/de\/wp-json\/wp\/v2\/product\/34433","targetHints":{"allow":["GET"]}}],"collection":[{"href":"https:\/\/www.audacieuse-galerie.ch\/de\/wp-json\/wp\/v2\/product"}],"about":[{"href":"https:\/\/www.audacieuse-galerie.ch\/de\/wp-json\/wp\/v2\/types\/product"}],"replies":[{"embeddable":true,"href":"https:\/\/www.audacieuse-galerie.ch\/de\/wp-json\/wp\/v2\/comments?post=34433"}],"version-history":[{"count":0,"href":"https:\/\/www.audacieuse-galerie.ch\/de\/wp-json\/wp\/v2\/product\/34433\/revisions"}],"wp:featuredmedia":[{"embeddable":true,"href":"https:\/\/www.audacieuse-galerie.ch\/de\/wp-json\/wp\/v2\/media\/34389"}],"wp:attachment":[{"href":"https:\/\/www.audacieuse-galerie.ch\/de\/wp-json\/wp\/v2\/media?parent=34433"}],"wp:term":[{"taxonomy":"product_brand","embeddable":true,"href":"https:\/\/www.audacieuse-galerie.ch\/de\/wp-json\/wp\/v2\/product_brand?post=34433"},{"taxonomy":"product_cat","embeddable":true,"href":"https:\/\/www.audacieuse-galerie.ch\/de\/wp-json\/wp\/v2\/product_cat?post=34433"},{"taxonomy":"product_tag","embeddable":true,"href":"https:\/\/www.audacieuse-galerie.ch\/de\/wp-json\/wp\/v2\/product_tag?post=34433"}],"curies":[{"name":"wp","href":"https:\/\/api.w.org\/{rel}","templated":true}]}}