{"id":35060,"date":"2024-06-27T22:42:36","date_gmt":"2024-06-27T20:42:36","guid":{"rendered":"https:\/\/woo.audacieuse-galerie.ch\/?post_type=product&#038;p=35060"},"modified":"2026-03-23T11:40:22","modified_gmt":"2026-03-23T10:40:22","slug":"foto-und-luftbild-von-der-drohne","status":"publish","type":"product","link":"https:\/\/www.audacieuse-galerie.ch\/de\/produit\/foto-und-luftbild-von-der-drohne\/","title":{"rendered":"Fotos und Videos von Drohnen aus der Luft"},"content":{"rendered":"<h2>Drohnenfotografie und -video in Genf \u2013 Verbessern Sie Ihr Image<\/h2>\n<p>Setzen Sie Ihre Position durch und bewerben Sie Ihre Projekte mit <strong>Luftdrohnenbildern in Genf<\/strong>. Wir entwerfen hochwertige Visuals, die darauf ausgelegt sind, Aufmerksamkeit zu erregen und Ihre Kommunikation zu st\u00e4rken. So zeigt jede Aufnahme Ihre Aktivit\u00e4t aus einem strategischen, eleganten und differenzierenden Blickwinkel.  <\/p>\n<h3>Professionelle Luftaufnahme<\/h3>\n<p>Verleihen Sie Ihrem Unternehmen mit <strong>Drohnenfotografie<\/strong> eine starke visuelle Signatur. Unsere Bilder, pr\u00e4zise und hell, heben Ihre R\u00e4ume und Ihre Kreationen mit hohen Anspr\u00fcchen hervor. <\/p>\n<ul>\n<li><strong>Immobilienbewertung:<\/strong> Zeigen Sie das Potenzial Ihrer Immobilien und Baustellen auf<\/li>\n<li><strong>Architektur und au\u00dfergew\u00f6hnliche Orte: Vergr\u00f6\u00dfern Sie Ihre beruflichen<\/strong> R\u00e4ume<\/li>\n<li><strong>Kommunikationsmedien<\/strong> : St\u00e4rkt Ihr Markenimage mit wirkungsvollen visuellen Effekten<\/li>\n<\/ul>\n<p>Jedes Foto verfolgt ein klares Ziel: zu verf\u00fchren, zu \u00fcberzeugen und einen bleibenden Eindruck zu hinterlassen.<\/p>\n<h3>Drohnenvideos und Unternehmensfilme<\/h3>\n<p>Erweitern Sie Ihr Storytelling mit <strong>einem Video von Luftdrohnen<\/strong>. Wir erstellen immersive Inhalte, die Ihre Botschaft strukturieren und Ihr Universum bereichern. <\/p>\n<ul>\n<li><strong>Unternehmens- und Werbefilme<\/strong><\/li>\n<li><strong>Premium-Inhalte f\u00fcr digitale und soziale Medien<\/strong><\/li>\n<li><strong>Markenfilme und visuelles Erz\u00e4hlen<\/strong><\/li>\n<\/ul>\n<p>So gewinnen Ihre Bilder an Tiefe und schaffen ein unvergessliches visuelles Erlebnis.<\/p>\n<h3>Ereigniserfassung und Sportinhalte<\/h3>\n<p>Fangen Sie die Intensit\u00e4t Ihrer Events mit fl\u00fcssigen, dynamischen Aufnahmen ein. Unsere Drohnen verfolgen das Geschehen pr\u00e4zise und sorgen dabei f\u00fcr eine kontrollierte \u00c4sthetik. <\/p>\n<ul>\n<li><strong>Sportliche und Outdoor-Veranstaltungen<\/strong><\/li>\n<li><strong>Veranstaltungen und Firmenveranstaltungen<\/strong><\/li>\n<li><strong>Motion Tracking und immersive Aufnahmen<\/strong><\/li>\n<\/ul>\n<p>Dar\u00fcber hinaus bieten diese Bilder ein spektakul\u00e4res Aussehen, das oft auf traditionelle Weise nicht zug\u00e4nglich ist.<\/p>\n<h3>Technische Inspektion und \u00dcberwachung durch die Drohne<\/h3>\n<p>Optimieren Sie Ihre Abl\u00e4ufe mit <strong>Drohneninspektionen<\/strong>. Wir verbinden technische Pr\u00e4zision und Sicherheit, um die Anforderungen von Fachleuten zu erf\u00fcllen. <\/p>\n<ul>\n<li><strong>Inspektion von D\u00e4chern, Bauwerken und Infrastruktur<\/strong><\/li>\n<li><strong>Detaillierte Standort\u00fcberwachung<\/strong><\/li>\n<li><strong>4K High Definition-Aufnahme<\/strong><\/li>\n<\/ul>\n<p>Dies erh\u00f6ht die Effizienz und reduziert gleichzeitig menschliche und logistische Risiken.<\/p>\n<h3>Drohnendienste in Genf: Sicherheit und Einhaltung<\/h3>\n<p>Jede Mission basiert auf einer strengen Organisation. Wir erwarten Einschr\u00e4nkungen, um ein tadelloses Ergebnis zu garantieren. <\/p>\n<ul>\n<li><strong>Wetteranalyse<\/strong> f\u00fcr optimale Bilder<\/li>\n<li><strong>Die Verwaltung der Fluggenehmigungen in Genf<\/strong> war Teil des Dienstes<\/li>\n<li><strong>Einsatz geeigneter Drohnen<\/strong>, einschlie\u00dflich der 4K-Mini-Drohne f\u00fcr empfindliche Bereiche<\/li>\n<\/ul>\n<p>Dadurch werden Ihre Projekte mit v\u00f6lliger Sicherheit und in strikter Einhaltung der Vorschriften vorangetrieben.<\/p>\n<h3>Kontakt und personalisiertes Angebot<\/h3>\n<p>M\u00f6chten Sie Ihre visuelle Kommunikation mit <strong>professionellen Drohnenbildern in Genf<\/strong> st\u00e4rken? <a href=\"https:\/\/www.audacieuse-galerie.ch\/contact-us\/\"><strong>Kontaktieren Sie uns jetzt<\/strong><\/a> f\u00fcr ein ma\u00dfgeschneidertes Angebot. Gemeinsam schaffen wir einzigartige visuelle Elemente, die Ihr Bild langfristig verbessern.  <\/p>\n","protected":false},"excerpt":{"rendered":"<p>Werten Sie Ihre Projekte mit unseren Luft- und Drohnen-Videoaufnahmen auf. Von der Immobilienentwicklung bis hin zu Veranstaltungen, einschlie\u00dflich Baustellenbesichtigungen, bieten wir spektakul\u00e4re und ma\u00dfgeschneiderte Bilder, um Ihre Kommunikation zu verbessern und Ihr Publikum zu fesseln. 4K-Qualit\u00e4t, Sicherheit und Rechtskonformit\u00e4t garantiert.  <\/p>\n","protected":false},"featured_media":35052,"comment_status":"open","ping_status":"closed","template":"","meta":{"_glsr_average":0,"_glsr_ranking":0,"_glsr_reviews":0,"jetpack_publicize_message":"","jetpack_publicize_feature_enabled":true,"jetpack_social_post_already_shared":false,"jetpack_social_options":{"image_generator_settings":{"template":"highway","default_image_id":0,"font":"","enabled":false},"version":2}},"product_brand":[],"product_cat":[261,117],"product_tag":[],"class_list":{"0":"post-35060","1":"product","2":"type-product","3":"status-publish","4":"has-post-thumbnail","6":"product_cat-sport-action-freizeit","7":"product_cat-videos-und-kuerzfilme","8":"pa_qualitedesfilms-4k_hdr_hlg-de","9":"pa_qualitedesfilms-kompatiblenetzwerke-de","10":"bookacti-activity","12":"first","13":"instock","14":"sale","15":"featured","16":"virtual","17":"taxable","18":"purchasable","19":"product-type-simple"},"yoast_head":"<!-- This site is optimized with the Yoast SEO plugin v27.4 - https:\/\/yoast.com\/product\/yoast-seo-wordpress\/ -->\n<title>Luftaufnahme und Video per Drohne in Carouge, Genf<\/title>\n<meta name=\"description\" content=\"Steigern Sie Ihre Sichtbarkeit mit unseren Drohnenfotos und -videos: Immobilien, Veranstaltungen, Inspektionen. Spektakul\u00e4re und ma\u00dfgeschneiderte Aufnahmen in 4K-Qualit\u00e4t.\" \/>\n<meta name=\"robots\" content=\"index, follow, max-snippet:-1, max-image-preview:large, max-video-preview:-1\" \/>\n<link rel=\"canonical\" href=\"https:\/\/www.audacieuse-galerie.ch\/de\/produit\/foto-und-luftbild-von-der-drohne\/\" \/>\n<meta property=\"og:locale\" content=\"de_DE\" \/>\n<meta property=\"og:type\" content=\"article\" \/>\n<meta property=\"og:title\" content=\"Luftaufnahme und Video per Drohne in Carouge, Genf\" \/>\n<meta property=\"og:description\" content=\"Steigern Sie Ihre Sichtbarkeit mit unseren Drohnenfotos und -videos: Immobilien, Veranstaltungen, Inspektionen. Spektakul\u00e4re und ma\u00dfgeschneiderte Aufnahmen in 4K-Qualit\u00e4t.\" \/>\n<meta property=\"og:url\" content=\"https:\/\/www.audacieuse-galerie.ch\/de\/produit\/foto-und-luftbild-von-der-drohne\/\" \/>\n<meta property=\"og:site_name\" content=\"Audacieuse-Galerie\" \/>\n<meta property=\"article:publisher\" content=\"https:\/\/www.facebook.com\/audacieuse.galerie\" \/>\n<meta property=\"article:modified_time\" content=\"2026-03-23T10:40:22+00:00\" \/>\n<meta property=\"og:image\" content=\"https:\/\/www.audacieuse-galerie.ch\/wp-content\/uploads\/2017\/12\/527-Photos-et-videos-aeriennes-par-drone.jpg\" \/>\n\t<meta property=\"og:image:width\" content=\"1000\" \/>\n\t<meta property=\"og:image:height\" content=\"1000\" \/>\n\t<meta property=\"og:image:type\" content=\"image\/jpeg\" \/>\n<meta name=\"twitter:card\" content=\"summary_large_image\" \/>\n<meta name=\"twitter:label1\" content=\"Gesch\u00e4tzte Lesezeit\" \/>\n\t<meta name=\"twitter:data1\" content=\"2 Minuten\" \/>\n<script type=\"application\/ld+json\" class=\"yoast-schema-graph\">{\"@context\":\"https:\\\/\\\/schema.org\",\"@graph\":[{\"@type\":\"ImageObject\",\"inLanguage\":\"de\",\"@id\":\"https:\\\/\\\/www.audacieuse-galerie.ch\\\/de\\\/produit\\\/foto-und-luftbild-von-der-drohne\\\/#primaryimage\",\"url\":\"https:\\\/\\\/www.audacieuse-galerie.ch\\\/wp-content\\\/uploads\\\/2017\\\/12\\\/527-Photos-et-videos-aeriennes-par-drone.jpg\",\"contentUrl\":\"https:\\\/\\\/www.audacieuse-galerie.ch\\\/wp-content\\\/uploads\\\/2017\\\/12\\\/527-Photos-et-videos-aeriennes-par-drone.jpg\",\"width\":1000,\"height\":1000,\"caption\":\"Luftaufnahmen und Videos per Drohne\"}]}<\/script>\n<!-- \/ Yoast SEO plugin. -->","yoast_head_json":{"title":"Luftaufnahme und Video per Drohne in Carouge, Genf","description":"Steigern Sie Ihre Sichtbarkeit mit unseren Drohnenfotos und -videos: Immobilien, Veranstaltungen, Inspektionen. Spektakul\u00e4re und ma\u00dfgeschneiderte Aufnahmen in 4K-Qualit\u00e4t.","robots":{"index":"index","follow":"follow","max-snippet":"max-snippet:-1","max-image-preview":"max-image-preview:large","max-video-preview":"max-video-preview:-1"},"canonical":"https:\/\/www.audacieuse-galerie.ch\/de\/produit\/foto-und-luftbild-von-der-drohne\/","og_locale":"de_DE","og_type":"article","og_title":"Luftaufnahme und Video per Drohne in Carouge, Genf","og_description":"Steigern Sie Ihre Sichtbarkeit mit unseren Drohnenfotos und -videos: Immobilien, Veranstaltungen, Inspektionen. Spektakul\u00e4re und ma\u00dfgeschneiderte Aufnahmen in 4K-Qualit\u00e4t.","og_url":"https:\/\/www.audacieuse-galerie.ch\/de\/produit\/foto-und-luftbild-von-der-drohne\/","og_site_name":"Audacieuse-Galerie","article_publisher":"https:\/\/www.facebook.com\/audacieuse.galerie","article_modified_time":"2026-03-23T10:40:22+00:00","og_image":[{"width":1000,"height":1000,"url":"https:\/\/www.audacieuse-galerie.ch\/wp-content\/uploads\/2017\/12\/527-Photos-et-videos-aeriennes-par-drone.jpg","type":"image\/jpeg"}],"twitter_card":"summary_large_image","twitter_misc":{"Gesch\u00e4tzte Lesezeit":"2 Minuten"},"schema":{"@context":"https:\/\/schema.org","@graph":[{"@type":"ImageObject","inLanguage":"de","@id":"https:\/\/www.audacieuse-galerie.ch\/de\/produit\/foto-und-luftbild-von-der-drohne\/#primaryimage","url":"https:\/\/www.audacieuse-galerie.ch\/wp-content\/uploads\/2017\/12\/527-Photos-et-videos-aeriennes-par-drone.jpg","contentUrl":"https:\/\/www.audacieuse-galerie.ch\/wp-content\/uploads\/2017\/12\/527-Photos-et-videos-aeriennes-par-drone.jpg","width":1000,"height":1000,"caption":"Luftaufnahmen und Videos per Drohne"}]}},"jetpack_publicize_connections":[],"_links":{"self":[{"href":"https:\/\/www.audacieuse-galerie.ch\/de\/wp-json\/wp\/v2\/product\/35060","targetHints":{"allow":["GET"]}}],"collection":[{"href":"https:\/\/www.audacieuse-galerie.ch\/de\/wp-json\/wp\/v2\/product"}],"about":[{"href":"https:\/\/www.audacieuse-galerie.ch\/de\/wp-json\/wp\/v2\/types\/product"}],"replies":[{"embeddable":true,"href":"https:\/\/www.audacieuse-galerie.ch\/de\/wp-json\/wp\/v2\/comments?post=35060"}],"version-history":[{"count":0,"href":"https:\/\/www.audacieuse-galerie.ch\/de\/wp-json\/wp\/v2\/product\/35060\/revisions"}],"wp:featuredmedia":[{"embeddable":true,"href":"https:\/\/www.audacieuse-galerie.ch\/de\/wp-json\/wp\/v2\/media\/35052"}],"wp:attachment":[{"href":"https:\/\/www.audacieuse-galerie.ch\/de\/wp-json\/wp\/v2\/media?parent=35060"}],"wp:term":[{"taxonomy":"product_brand","embeddable":true,"href":"https:\/\/www.audacieuse-galerie.ch\/de\/wp-json\/wp\/v2\/product_brand?post=35060"},{"taxonomy":"product_cat","embeddable":true,"href":"https:\/\/www.audacieuse-galerie.ch\/de\/wp-json\/wp\/v2\/product_cat?post=35060"},{"taxonomy":"product_tag","embeddable":true,"href":"https:\/\/www.audacieuse-galerie.ch\/de\/wp-json\/wp\/v2\/product_tag?post=35060"}],"curies":[{"name":"wp","href":"https:\/\/api.w.org\/{rel}","templated":true}]}}