{"id":35461,"date":"2017-12-19T15:47:38","date_gmt":"2017-12-19T14:47:38","guid":{"rendered":"https:\/\/woo.audacieuse-galerie.ch\/produit\/3d-alien-porn-kunstforografie\/"},"modified":"2026-01-18T21:53:33","modified_gmt":"2026-01-18T20:53:33","slug":"3d-alien-porn-kunstforografie","status":"publish","type":"product","link":"https:\/\/www.audacieuse-galerie.ch\/de\/produit\/3d-alien-porn-kunstforografie\/","title":{"rendered":"&#8222;3D Alien&#8220; Kunstfotografie"},"content":{"rendered":"<p>\nSeine \u00fcbergro\u00dfen Augen ignorieren den Bildschirm im Hintergrund, der von einem verschl\u00fcsselten Chaos aus verschwommenen Pixeln durchdrungen wird, w\u00e4hrend Canal+ hartn\u00e4ckig seine Bilder nicht liefern will. Das Sieb wird dann zu einem sakrilegischen Werkzeug, einem pseudo-technologischen Ger\u00e4t, das in ein improvisiertes Entzifferungsritual integriert ist. Der Au\u00dferirdische, Sieb in der Hand, nimmt die Gestalt eines tollpatschigen Gurus der interstellaren Zapping-Kultur an. Die Szene, sowohl l\u00e4cherlich als auch faszinierend, basiert auf einem m\u00e4chtigen Spiel der Diskrepanz: Dieser Au\u00dferirdische, der interstellare Reisen meistern kann, findet sich gezwungen, an einem sp\u00f6ttischen Haushaltsobjekt zu basteln, um Zugang zu einem verschlossenen Medienuniversum zu bekommen. Der Humor entspringt dieser v\u00f6lligen Absurdit\u00e4t, zwischen Ultra-Technologie konfrontiert mit dem grundlegendsten D-System, der fast religi\u00f6sen Leidenschaft angesichts des Fernsehstreams und der kosmischen Einsamkeit eines Zuschauers, dem der Konsum beraubt ist, den er begehrt. Fotografie stellt sich somit als visuelle Satire auf, bietet eine sanfte und ironische Kritik an Mediensucht, w\u00e4hrend sie Einfallsreichtum und Vorstellungskraft als Antworten auf zeitgen\u00f6ssische digitale Frustrationen feiert.<\/p>\n","protected":false},"excerpt":{"rendered":"<p>&#8222;3D Alien&#8220; Kunstfotografie<\/p>\n","protected":false},"featured_media":35445,"comment_status":"open","ping_status":"closed","template":"","meta":{"_glsr_average":0,"_glsr_ranking":0,"_glsr_reviews":0,"jetpack_publicize_message":"","jetpack_publicize_feature_enabled":true,"jetpack_social_post_already_shared":true,"jetpack_social_options":{"image_generator_settings":{"template":"highway","default_image_id":0,"font":"","enabled":false},"version":2}},"product_brand":[],"product_cat":[177,111,2224,228,171,204,135],"product_tag":[],"class_list":{"0":"post-35461","1":"product","2":"type-product","3":"status-publish","4":"has-post-thumbnail","6":"product_cat-experimentelle-methoden","7":"product_cat-farben","8":"product_cat-fotograf-brice-krummernacker","9":"product_cat-innen","10":"product_cat-kunstlerischen-aktfotografien","11":"product_cat-prominente","12":"product_cat-schwarz-weiss-fotografie","13":"pa_dimensions-30x45cm-de","14":"pa_encadrements-dunklesholz-de","15":"pa_encadrements-farben-de","16":"pa_encadrements-grau-de","17":"pa_encadrements-hellesholz-de","18":"pa_encadrements-keinen-de","19":"pa_encadrements-schwarz-de","20":"pa_encadrements-weiss-de","21":"pa_oeuvresnumerotees_limitees-12exemplaren-de","22":"pa_papiers-papiermuseeum-de","23":"pa_protectionfinitionsupport-druckunterglasacrylglass-de","24":"pa_protectionfinitionsupport-e4-kunstpapieraufholzplatteu-de","25":"pa_techniquesphotographiques-farbe-de","26":"pa_techniquesphotographiques-hddruckschwarzweiss-de","27":"pa_themesphotographiques-innen-de","28":"pa_themesphotographiques-nackt-de","30":"first","31":"instock","32":"taxable","33":"shipping-taxable","34":"purchasable","35":"product-type-variable","36":"has-default-attributes"},"yoast_head":"<!-- This site is optimized with the Yoast SEO plugin v27.4 - https:\/\/yoast.com\/product\/yoast-seo-wordpress\/ -->\n<title>Alien und Sieve: Visuelle Satire auf Mediensucht<\/title>\n<meta name=\"description\" content=\"Konzeptkunstfotografie: Au\u00dferirdische, DIY- und ironische Medienkritik.\" \/>\n<meta name=\"robots\" content=\"index, follow, max-snippet:-1, max-image-preview:large, max-video-preview:-1\" \/>\n<link rel=\"canonical\" href=\"https:\/\/www.audacieuse-galerie.ch\/de\/produit\/3d-alien-porn-kunstforografie\/\" \/>\n<meta property=\"og:locale\" content=\"de_DE\" \/>\n<meta property=\"og:type\" content=\"article\" \/>\n<meta property=\"og:title\" content=\"Alien und Sieve: Visuelle Satire auf Mediensucht\" \/>\n<meta property=\"og:description\" content=\"Konzeptkunstfotografie: Au\u00dferirdische, DIY- und ironische Medienkritik.\" \/>\n<meta property=\"og:url\" content=\"https:\/\/www.audacieuse-galerie.ch\/de\/produit\/3d-alien-porn-kunstforografie\/\" \/>\n<meta property=\"og:site_name\" content=\"Audacieuse-Galerie\" \/>\n<meta property=\"article:publisher\" content=\"https:\/\/www.facebook.com\/audacieuse.galerie\" \/>\n<meta property=\"article:modified_time\" content=\"2026-01-18T20:53:33+00:00\" \/>\n<meta property=\"og:image\" content=\"https:\/\/www.audacieuse-galerie.ch\/wp-content\/uploads\/2017\/12\/384-3D-Alien-Porn.jpg\" \/>\n\t<meta property=\"og:image:width\" content=\"1000\" \/>\n\t<meta property=\"og:image:height\" content=\"684\" \/>\n\t<meta property=\"og:image:type\" content=\"image\/jpeg\" \/>\n<meta name=\"twitter:card\" content=\"summary_large_image\" \/>\n<meta name=\"twitter:label1\" content=\"Gesch\u00e4tzte Lesezeit\" \/>\n\t<meta name=\"twitter:data1\" content=\"1 Minute\" \/>\n<script type=\"application\/ld+json\" class=\"yoast-schema-graph\">{\"@context\":\"https:\\\/\\\/schema.org\",\"@graph\":[{\"@type\":\"ImageObject\",\"inLanguage\":\"de\",\"@id\":\"https:\\\/\\\/www.audacieuse-galerie.ch\\\/de\\\/produit\\\/3d-alien-porn-kunstforografie\\\/#primaryimage\",\"url\":\"https:\\\/\\\/www.audacieuse-galerie.ch\\\/wp-content\\\/uploads\\\/2017\\\/12\\\/384-3D-Alien-Porn.jpg\",\"contentUrl\":\"https:\\\/\\\/www.audacieuse-galerie.ch\\\/wp-content\\\/uploads\\\/2017\\\/12\\\/384-3D-Alien-Porn.jpg\",\"width\":1000,\"height\":684,\"caption\":\"3D Alien Porno\"}]}<\/script>\n<!-- \/ Yoast SEO plugin. -->","yoast_head_json":{"title":"Alien und Sieve: Visuelle Satire auf Mediensucht","description":"Konzeptkunstfotografie: Au\u00dferirdische, DIY- und ironische Medienkritik.","robots":{"index":"index","follow":"follow","max-snippet":"max-snippet:-1","max-image-preview":"max-image-preview:large","max-video-preview":"max-video-preview:-1"},"canonical":"https:\/\/www.audacieuse-galerie.ch\/de\/produit\/3d-alien-porn-kunstforografie\/","og_locale":"de_DE","og_type":"article","og_title":"Alien und Sieve: Visuelle Satire auf Mediensucht","og_description":"Konzeptkunstfotografie: Au\u00dferirdische, DIY- und ironische Medienkritik.","og_url":"https:\/\/www.audacieuse-galerie.ch\/de\/produit\/3d-alien-porn-kunstforografie\/","og_site_name":"Audacieuse-Galerie","article_publisher":"https:\/\/www.facebook.com\/audacieuse.galerie","article_modified_time":"2026-01-18T20:53:33+00:00","og_image":[{"width":1000,"height":684,"url":"https:\/\/www.audacieuse-galerie.ch\/wp-content\/uploads\/2017\/12\/384-3D-Alien-Porn.jpg","type":"image\/jpeg"}],"twitter_card":"summary_large_image","twitter_misc":{"Gesch\u00e4tzte Lesezeit":"1 Minute"},"schema":{"@context":"https:\/\/schema.org","@graph":[{"@type":"ImageObject","inLanguage":"de","@id":"https:\/\/www.audacieuse-galerie.ch\/de\/produit\/3d-alien-porn-kunstforografie\/#primaryimage","url":"https:\/\/www.audacieuse-galerie.ch\/wp-content\/uploads\/2017\/12\/384-3D-Alien-Porn.jpg","contentUrl":"https:\/\/www.audacieuse-galerie.ch\/wp-content\/uploads\/2017\/12\/384-3D-Alien-Porn.jpg","width":1000,"height":684,"caption":"3D Alien Porno"}]}},"jetpack_publicize_connections":[],"_links":{"self":[{"href":"https:\/\/www.audacieuse-galerie.ch\/de\/wp-json\/wp\/v2\/product\/35461","targetHints":{"allow":["GET"]}}],"collection":[{"href":"https:\/\/www.audacieuse-galerie.ch\/de\/wp-json\/wp\/v2\/product"}],"about":[{"href":"https:\/\/www.audacieuse-galerie.ch\/de\/wp-json\/wp\/v2\/types\/product"}],"replies":[{"embeddable":true,"href":"https:\/\/www.audacieuse-galerie.ch\/de\/wp-json\/wp\/v2\/comments?post=35461"}],"version-history":[{"count":0,"href":"https:\/\/www.audacieuse-galerie.ch\/de\/wp-json\/wp\/v2\/product\/35461\/revisions"}],"wp:featuredmedia":[{"embeddable":true,"href":"https:\/\/www.audacieuse-galerie.ch\/de\/wp-json\/wp\/v2\/media\/35445"}],"wp:attachment":[{"href":"https:\/\/www.audacieuse-galerie.ch\/de\/wp-json\/wp\/v2\/media?parent=35461"}],"wp:term":[{"taxonomy":"product_brand","embeddable":true,"href":"https:\/\/www.audacieuse-galerie.ch\/de\/wp-json\/wp\/v2\/product_brand?post=35461"},{"taxonomy":"product_cat","embeddable":true,"href":"https:\/\/www.audacieuse-galerie.ch\/de\/wp-json\/wp\/v2\/product_cat?post=35461"},{"taxonomy":"product_tag","embeddable":true,"href":"https:\/\/www.audacieuse-galerie.ch\/de\/wp-json\/wp\/v2\/product_tag?post=35461"}],"curies":[{"name":"wp","href":"https:\/\/api.w.org\/{rel}","templated":true}]}}