{"id":35947,"date":"2018-05-24T18:27:18","date_gmt":"2018-05-24T16:27:18","guid":{"rendered":"https:\/\/woo.audacieuse-galerie.ch\/produit\/handtaschchen-aus-leder-mit-schulterriemen\/"},"modified":"2026-04-17T12:13:30","modified_gmt":"2026-04-17T10:13:30","slug":"handtaschchen-aus-leder-mit-schulterriemen","status":"publish","type":"product","link":"https:\/\/www.audacieuse-galerie.ch\/de\/produit\/handtaschchen-aus-leder-mit-schulterriemen\/","title":{"rendered":"Leder-Clutch mit Schultergurt"},"content":{"rendered":"<h2>Echte Leder-Clutch mit mastiger Oberfl\u00e4che<\/h2>\n<p>Diese Clutch-Tasche l\u00e4sst sich \u00fcberallhin leicht mitnehmen, weil sie sehr leicht ist.<\/p>\n<p>Trotz seiner geringen Gr\u00f6\u00dfe verf\u00fcgt sie \u00fcber mehrere Lagerr\u00e4ume.<\/p>\n<p>Finde diese Clutch in verschiedenen angenehmen T\u00f6nen, mehr oder weniger farbenfroh.<\/p>\n<p>Neues grau-feuerrotes Modell mit schmalerem Schultergurt.<\/p>\n<p>Ein Accessoire, das sowohl zu einem Tages- als auch zum Abendoutfit gro\u00dfartig aussieht.<\/p>\n<ul>\n<li>Besondere Merkmale: verstellbarer und abnehmbarer Schultergurt, abends schicker getragen, mit Handgelenkgurt, ebenfalls abnehmbar<\/li>\n<li>Rei\u00dfverschluss, eine verschlossene Tasche au\u00dfen, eine verschlossene Tasche innen und kleine Kartenschlitze innen<\/li>\n<li>Die mastige Oberfl\u00e4che des Leders verleiht ihm eine bessere Widerstandskraft.<\/li>\n<li>Verschiedene Farben je nach Verf\u00fcgbarkeit.<\/li>\n<li>Tipps: Bewahren Sie alle Ihre Lederwaren in verschiedenen Farben getrennt auf, um Farb\u00fcbertragungen zu vermeiden.<\/li>\n<li>Zusammensetzung: 100 % Leder, 100 % Polyesterfutter<\/li>\n<li>Pflege: weiches Tuch oder Tuch mit Reinigungsmitteln, geeignet f\u00fcr farbige Leder oder professionelle Reinigung<\/li>\n<li>Beutelma\u00dfe: 24 x 15 cm x 1,5\u20133 cm (je nach F\u00fcllung)<\/li>\n<\/ul>\n","protected":false},"excerpt":{"rendered":"<p>Sehr sch\u00f6ne Lederclutch mit Schulterriemen. In verschiedenen Farben.<\/p>\n","protected":false},"featured_media":35944,"comment_status":"open","ping_status":"closed","template":"","meta":{"_glsr_average":0,"_glsr_ranking":0,"_glsr_reviews":0,"jetpack_publicize_message":"","jetpack_publicize_feature_enabled":true,"jetpack_social_post_already_shared":true,"jetpack_social_options":{"image_generator_settings":{"template":"highway","default_image_id":0,"font":"","enabled":false},"version":2}},"product_brand":[],"product_cat":[105,102,126],"product_tag":[2629,2631,2630],"class_list":{"0":"post-35947","1":"product","2":"type-product","3":"status-publish","4":"has-post-thumbnail","6":"product_cat-geschenkideen-aus-pret-a-porter-und-accessoires-fuer-sie-fuer-ihn","7":"product_cat-im-schaufenster-in-carouge-gesehen","8":"product_cat-taschen-handtaeschchen-und-mappen","9":"product_tag-ledertasche","10":"product_tag-umhangetasche","11":"product_tag-unterarmtasche","12":"pa_color-beige-de","13":"pa_color-feuerrot-de","14":"pa_color-fuchsiefarb-de","15":"pa_color-gelb-de","16":"pa_color-grau-de","17":"pa_color-olivengrun-de","18":"pa_color-rot-de","19":"pa_color-schwarz-de","20":"pa_composition-leder-de","21":"pa_genre-frau-de","22":"pa_grandeur-klein-de","23":"pa_motif-unifarben-de","24":"pa_saison-fruhjahrsommer-de","25":"pa_style-casual-de","26":"pa_style-freizeit-de","28":"first","29":"instock","30":"taxable","31":"shipping-taxable","32":"purchasable","33":"product-type-variable","34":"has-default-attributes"},"yoast_head":"<!-- This site is optimized with the Yoast SEO plugin v27.4 - https:\/\/yoast.com\/product\/yoast-seo-wordpress\/ -->\n<title>Kleine Lederclutch mit K\u00f6rn, Schultergurt und Rei\u00dfverschluss<\/title>\n<meta name=\"description\" content=\"Kleine Clutch aus mastigem echtem Leder, elegant und widerstandsf\u00e4hig, mit abnehmbarem Schulterriemen. Ideal f\u00fcr Tag und Abend, in mehreren Farben.\" \/>\n<meta name=\"robots\" content=\"index, follow, max-snippet:-1, max-image-preview:large, max-video-preview:-1\" \/>\n<link rel=\"canonical\" href=\"https:\/\/www.audacieuse-galerie.ch\/de\/produit\/handtaschchen-aus-leder-mit-schulterriemen\/\" \/>\n<meta property=\"og:locale\" content=\"de_DE\" \/>\n<meta property=\"og:type\" content=\"article\" \/>\n<meta property=\"og:title\" content=\"Kleine Lederclutch mit K\u00f6rn, Schultergurt und Rei\u00dfverschluss\" \/>\n<meta property=\"og:description\" content=\"Kleine Clutch aus mastigem echtem Leder, elegant und widerstandsf\u00e4hig, mit abnehmbarem Schulterriemen. Ideal f\u00fcr Tag und Abend, in mehreren Farben.\" \/>\n<meta property=\"og:url\" content=\"https:\/\/www.audacieuse-galerie.ch\/de\/produit\/handtaschchen-aus-leder-mit-schulterriemen\/\" \/>\n<meta property=\"og:site_name\" content=\"Audacieuse-Galerie\" \/>\n<meta property=\"article:publisher\" content=\"https:\/\/www.facebook.com\/audacieuse.galerie\" \/>\n<meta property=\"article:modified_time\" content=\"2026-04-17T10:13:30+00:00\" \/>\n<meta property=\"og:image\" content=\"https:\/\/www.audacieuse-galerie.ch\/wp-content\/uploads\/2018\/05\/1291-Pochette-en-cuir-avec-bandouliere.jpg\" \/>\n\t<meta property=\"og:image:width\" content=\"1176\" \/>\n\t<meta property=\"og:image:height\" content=\"1000\" \/>\n\t<meta property=\"og:image:type\" content=\"image\/jpeg\" \/>\n<meta name=\"twitter:card\" content=\"summary_large_image\" \/>\n<meta name=\"twitter:label1\" content=\"Gesch\u00e4tzte Lesezeit\" \/>\n\t<meta name=\"twitter:data1\" content=\"1 Minute\" \/>\n<script type=\"application\/ld+json\" class=\"yoast-schema-graph\">{\"@context\":\"https:\\\/\\\/schema.org\",\"@graph\":[{\"@type\":\"ImageObject\",\"inLanguage\":\"de\",\"@id\":\"https:\\\/\\\/www.audacieuse-galerie.ch\\\/de\\\/produit\\\/handtaschchen-aus-leder-mit-schulterriemen\\\/#primaryimage\",\"url\":\"https:\\\/\\\/www.audacieuse-galerie.ch\\\/wp-content\\\/uploads\\\/2018\\\/05\\\/1291-Pochette-en-cuir-avec-bandouliere.jpg\",\"contentUrl\":\"https:\\\/\\\/www.audacieuse-galerie.ch\\\/wp-content\\\/uploads\\\/2018\\\/05\\\/1291-Pochette-en-cuir-avec-bandouliere.jpg\",\"width\":1176,\"height\":1000,\"caption\":\"Eine kleine, praktische und leichte Tasche zum Transport kleiner Gegenst\u00e4nde.\"}]}<\/script>\n<!-- \/ Yoast SEO plugin. -->","yoast_head_json":{"title":"Kleine Lederclutch mit K\u00f6rn, Schultergurt und Rei\u00dfverschluss","description":"Kleine Clutch aus mastigem echtem Leder, elegant und widerstandsf\u00e4hig, mit abnehmbarem Schulterriemen. Ideal f\u00fcr Tag und Abend, in mehreren Farben.","robots":{"index":"index","follow":"follow","max-snippet":"max-snippet:-1","max-image-preview":"max-image-preview:large","max-video-preview":"max-video-preview:-1"},"canonical":"https:\/\/www.audacieuse-galerie.ch\/de\/produit\/handtaschchen-aus-leder-mit-schulterriemen\/","og_locale":"de_DE","og_type":"article","og_title":"Kleine Lederclutch mit K\u00f6rn, Schultergurt und Rei\u00dfverschluss","og_description":"Kleine Clutch aus mastigem echtem Leder, elegant und widerstandsf\u00e4hig, mit abnehmbarem Schulterriemen. Ideal f\u00fcr Tag und Abend, in mehreren Farben.","og_url":"https:\/\/www.audacieuse-galerie.ch\/de\/produit\/handtaschchen-aus-leder-mit-schulterriemen\/","og_site_name":"Audacieuse-Galerie","article_publisher":"https:\/\/www.facebook.com\/audacieuse.galerie","article_modified_time":"2026-04-17T10:13:30+00:00","og_image":[{"width":1176,"height":1000,"url":"https:\/\/www.audacieuse-galerie.ch\/wp-content\/uploads\/2018\/05\/1291-Pochette-en-cuir-avec-bandouliere.jpg","type":"image\/jpeg"}],"twitter_card":"summary_large_image","twitter_misc":{"Gesch\u00e4tzte Lesezeit":"1 Minute"},"schema":{"@context":"https:\/\/schema.org","@graph":[{"@type":"ImageObject","inLanguage":"de","@id":"https:\/\/www.audacieuse-galerie.ch\/de\/produit\/handtaschchen-aus-leder-mit-schulterriemen\/#primaryimage","url":"https:\/\/www.audacieuse-galerie.ch\/wp-content\/uploads\/2018\/05\/1291-Pochette-en-cuir-avec-bandouliere.jpg","contentUrl":"https:\/\/www.audacieuse-galerie.ch\/wp-content\/uploads\/2018\/05\/1291-Pochette-en-cuir-avec-bandouliere.jpg","width":1176,"height":1000,"caption":"Eine kleine, praktische und leichte Tasche zum Transport kleiner Gegenst\u00e4nde."}]}},"jetpack_publicize_connections":[],"_links":{"self":[{"href":"https:\/\/www.audacieuse-galerie.ch\/de\/wp-json\/wp\/v2\/product\/35947","targetHints":{"allow":["GET"]}}],"collection":[{"href":"https:\/\/www.audacieuse-galerie.ch\/de\/wp-json\/wp\/v2\/product"}],"about":[{"href":"https:\/\/www.audacieuse-galerie.ch\/de\/wp-json\/wp\/v2\/types\/product"}],"replies":[{"embeddable":true,"href":"https:\/\/www.audacieuse-galerie.ch\/de\/wp-json\/wp\/v2\/comments?post=35947"}],"version-history":[{"count":1,"href":"https:\/\/www.audacieuse-galerie.ch\/de\/wp-json\/wp\/v2\/product\/35947\/revisions"}],"predecessor-version":[{"id":154552,"href":"https:\/\/www.audacieuse-galerie.ch\/de\/wp-json\/wp\/v2\/product\/35947\/revisions\/154552"}],"wp:featuredmedia":[{"embeddable":true,"href":"https:\/\/www.audacieuse-galerie.ch\/de\/wp-json\/wp\/v2\/media\/35944"}],"wp:attachment":[{"href":"https:\/\/www.audacieuse-galerie.ch\/de\/wp-json\/wp\/v2\/media?parent=35947"}],"wp:term":[{"taxonomy":"product_brand","embeddable":true,"href":"https:\/\/www.audacieuse-galerie.ch\/de\/wp-json\/wp\/v2\/product_brand?post=35947"},{"taxonomy":"product_cat","embeddable":true,"href":"https:\/\/www.audacieuse-galerie.ch\/de\/wp-json\/wp\/v2\/product_cat?post=35947"},{"taxonomy":"product_tag","embeddable":true,"href":"https:\/\/www.audacieuse-galerie.ch\/de\/wp-json\/wp\/v2\/product_tag?post=35947"}],"curies":[{"name":"wp","href":"https:\/\/api.w.org\/{rel}","templated":true}]}}