{"id":36036,"date":"2018-06-10T02:10:08","date_gmt":"2018-06-10T00:10:08","guid":{"rendered":"https:\/\/woo.audacieuse-galerie.ch\/produit\/dunnzweig-diadem-band-metall-und-strass-in-silberfarb\/"},"modified":"2025-12-08T14:22:36","modified_gmt":"2025-12-08T13:22:36","slug":"dunnzweig-diadem-band-metall-und-strass-in-silberfarb","status":"publish","type":"product","link":"https:\/\/www.audacieuse-galerie.ch\/de\/produit\/dunnzweig-diadem-band-metall-und-strass-in-silberfarb\/","title":{"rendered":"Tiara mit Blattst\u00e4ngel, Metall und silbernen Strasssteinen"},"content":{"rendered":"<h2>H\u00fcbsches Diadem mit Metallblattst\u00e4ngel und silbernen Strasssteinen<\/h2>\n<p>Sie wird von einem schwarzen elastischen Bandband gehalten.<\/p>\n<p>Dieses Band sieht gro\u00dfartig zu einem bohemienhaften, festlichen oder l\u00e4ssigen Outfit aus. Eine Tiara zum Tragen mit offenem Haar oder \u00fcber einer aufwendigeren Frisur, bei der das Haar zu einem Dutt gebunden ist.<\/p>\n","protected":false},"excerpt":{"rendered":"<p>D\u00fcnne Tiara aus Metallblattstiel und silbernen Strasssteinen sowie elastische Bandbinde<\/p>\n","protected":false},"featured_media":36024,"comment_status":"open","ping_status":"closed","template":"","meta":{"_glsr_average":0,"_glsr_ranking":0,"_glsr_reviews":0,"jetpack_publicize_message":"","jetpack_publicize_feature_enabled":true,"jetpack_social_post_already_shared":true,"jetpack_social_options":{"image_generator_settings":{"template":"highway","default_image_id":0,"font":"","enabled":false},"version":2}},"product_brand":[],"product_cat":[96,213,168],"product_tag":[],"class_list":{"0":"post-36036","1":"product","2":"type-product","3":"status-publish","4":"has-post-thumbnail","6":"product_cat-accessoires-von-schoepfern","7":"product_cat-friseurzubehoerteile","8":"product_cat-modische-schmuckstuecke","9":"pa_color-silber-de","10":"pa_composition-metal-de","11":"pa_composition-strass-de","12":"pa_motif-geblumt-de","13":"pa_saison-fruhjahrsommer-de","14":"pa_saison-herbstwinter-de","15":"pa_style-festlich-de","16":"pa_style-glamour-de","17":"pa_style-retro-de","19":"first","20":"instock","21":"taxable","22":"shipping-taxable","23":"purchasable","24":"product-type-variable","25":"has-default-attributes"},"yoast_head":"<!-- This site is optimized with the Yoast SEO plugin v27.4 - https:\/\/yoast.com\/product\/yoast-seo-wordpress\/ -->\n<title>Tiara mit Blattst\u00e4ngel, Metall und silbernen Strasssteinen - Audacieuse-Galerie<\/title>\n<meta name=\"description\" content=\"Tiara mit Blattst\u00e4ngel, Metall und silbernen Strasssteinen - Audacieuse-Galerie\" \/>\n<meta name=\"robots\" content=\"index, follow, max-snippet:-1, max-image-preview:large, max-video-preview:-1\" \/>\n<link rel=\"canonical\" href=\"https:\/\/www.audacieuse-galerie.ch\/de\/produit\/dunnzweig-diadem-band-metall-und-strass-in-silberfarb\/\" \/>\n<meta property=\"og:locale\" content=\"de_DE\" \/>\n<meta property=\"og:type\" content=\"article\" \/>\n<meta property=\"og:title\" content=\"Tiara mit Blattst\u00e4ngel, Metall und silbernen Strasssteinen - Audacieuse-Galerie\" \/>\n<meta property=\"og:description\" content=\"Tiara mit Blattst\u00e4ngel, Metall und silbernen Strasssteinen - Audacieuse-Galerie\" \/>\n<meta property=\"og:url\" content=\"https:\/\/www.audacieuse-galerie.ch\/de\/produit\/dunnzweig-diadem-band-metall-und-strass-in-silberfarb\/\" \/>\n<meta property=\"og:site_name\" content=\"Audacieuse-Galerie\" \/>\n<meta property=\"article:publisher\" content=\"https:\/\/www.facebook.com\/audacieuse.galerie\" \/>\n<meta property=\"article:modified_time\" content=\"2025-12-08T13:22:36+00:00\" \/>\n<meta property=\"og:image\" content=\"https:\/\/www.audacieuse-galerie.ch\/wp-content\/uploads\/2018\/06\/438-Brindillediademe-en-ruban-metal-et-strass-couleur-argent.jpg\" \/>\n\t<meta property=\"og:image:width\" content=\"1000\" \/>\n\t<meta property=\"og:image:height\" content=\"1000\" \/>\n\t<meta property=\"og:image:type\" content=\"image\/jpeg\" \/>\n<meta name=\"twitter:card\" content=\"summary_large_image\" \/>\n<script type=\"application\/ld+json\" class=\"yoast-schema-graph\">{\"@context\":\"https:\\\/\\\/schema.org\",\"@graph\":[{\"@type\":\"ImageObject\",\"inLanguage\":\"de\",\"@id\":\"https:\\\/\\\/www.audacieuse-galerie.ch\\\/de\\\/produit\\\/dunnzweig-diadem-band-metall-und-strass-in-silberfarb\\\/#primaryimage\",\"url\":\"https:\\\/\\\/www.audacieuse-galerie.ch\\\/wp-content\\\/uploads\\\/2018\\\/06\\\/438-Brindillediademe-en-ruban-metal-et-strass-couleur-argent.jpg\",\"contentUrl\":\"https:\\\/\\\/www.audacieuse-galerie.ch\\\/wp-content\\\/uploads\\\/2018\\\/06\\\/438-Brindillediademe-en-ruban-metal-et-strass-couleur-argent.jpg\",\"width\":1000,\"height\":1000,\"caption\":\"Twigtiara in Band, Metall und silbernen Strasssteinen\"}]}<\/script>\n<!-- \/ Yoast SEO plugin. -->","yoast_head_json":{"title":"Tiara mit Blattst\u00e4ngel, Metall und silbernen Strasssteinen - Audacieuse-Galerie","description":"Tiara mit Blattst\u00e4ngel, Metall und silbernen Strasssteinen - Audacieuse-Galerie","robots":{"index":"index","follow":"follow","max-snippet":"max-snippet:-1","max-image-preview":"max-image-preview:large","max-video-preview":"max-video-preview:-1"},"canonical":"https:\/\/www.audacieuse-galerie.ch\/de\/produit\/dunnzweig-diadem-band-metall-und-strass-in-silberfarb\/","og_locale":"de_DE","og_type":"article","og_title":"Tiara mit Blattst\u00e4ngel, Metall und silbernen Strasssteinen - Audacieuse-Galerie","og_description":"Tiara mit Blattst\u00e4ngel, Metall und silbernen Strasssteinen - Audacieuse-Galerie","og_url":"https:\/\/www.audacieuse-galerie.ch\/de\/produit\/dunnzweig-diadem-band-metall-und-strass-in-silberfarb\/","og_site_name":"Audacieuse-Galerie","article_publisher":"https:\/\/www.facebook.com\/audacieuse.galerie","article_modified_time":"2025-12-08T13:22:36+00:00","og_image":[{"width":1000,"height":1000,"url":"https:\/\/www.audacieuse-galerie.ch\/wp-content\/uploads\/2018\/06\/438-Brindillediademe-en-ruban-metal-et-strass-couleur-argent.jpg","type":"image\/jpeg"}],"twitter_card":"summary_large_image","schema":{"@context":"https:\/\/schema.org","@graph":[{"@type":"ImageObject","inLanguage":"de","@id":"https:\/\/www.audacieuse-galerie.ch\/de\/produit\/dunnzweig-diadem-band-metall-und-strass-in-silberfarb\/#primaryimage","url":"https:\/\/www.audacieuse-galerie.ch\/wp-content\/uploads\/2018\/06\/438-Brindillediademe-en-ruban-metal-et-strass-couleur-argent.jpg","contentUrl":"https:\/\/www.audacieuse-galerie.ch\/wp-content\/uploads\/2018\/06\/438-Brindillediademe-en-ruban-metal-et-strass-couleur-argent.jpg","width":1000,"height":1000,"caption":"Twigtiara in Band, Metall und silbernen Strasssteinen"}]}},"jetpack_publicize_connections":[],"_links":{"self":[{"href":"https:\/\/www.audacieuse-galerie.ch\/de\/wp-json\/wp\/v2\/product\/36036","targetHints":{"allow":["GET"]}}],"collection":[{"href":"https:\/\/www.audacieuse-galerie.ch\/de\/wp-json\/wp\/v2\/product"}],"about":[{"href":"https:\/\/www.audacieuse-galerie.ch\/de\/wp-json\/wp\/v2\/types\/product"}],"replies":[{"embeddable":true,"href":"https:\/\/www.audacieuse-galerie.ch\/de\/wp-json\/wp\/v2\/comments?post=36036"}],"version-history":[{"count":0,"href":"https:\/\/www.audacieuse-galerie.ch\/de\/wp-json\/wp\/v2\/product\/36036\/revisions"}],"wp:featuredmedia":[{"embeddable":true,"href":"https:\/\/www.audacieuse-galerie.ch\/de\/wp-json\/wp\/v2\/media\/36024"}],"wp:attachment":[{"href":"https:\/\/www.audacieuse-galerie.ch\/de\/wp-json\/wp\/v2\/media?parent=36036"}],"wp:term":[{"taxonomy":"product_brand","embeddable":true,"href":"https:\/\/www.audacieuse-galerie.ch\/de\/wp-json\/wp\/v2\/product_brand?post=36036"},{"taxonomy":"product_cat","embeddable":true,"href":"https:\/\/www.audacieuse-galerie.ch\/de\/wp-json\/wp\/v2\/product_cat?post=36036"},{"taxonomy":"product_tag","embeddable":true,"href":"https:\/\/www.audacieuse-galerie.ch\/de\/wp-json\/wp\/v2\/product_tag?post=36036"}],"curies":[{"name":"wp","href":"https:\/\/api.w.org\/{rel}","templated":true}]}}