{"id":36149,"date":"2018-06-10T03:08:22","date_gmt":"2018-06-10T01:08:22","guid":{"rendered":"https:\/\/woo.audacieuse-galerie.ch\/produit\/guertel-aus-echtem-leder-in-natuerliche-farbe\/"},"modified":"2024-06-07T17:17:48","modified_gmt":"2024-06-07T15:17:48","slug":"guertel-aus-echtem-leder-in-natuerliche-farbe","status":"publish","type":"product","link":"https:\/\/www.audacieuse-galerie.ch\/de\/produit\/guertel-aus-echtem-leder-in-natuerliche-farbe\/","title":{"rendered":"G\u00fcrtel aus echtem Leder in nat\u00fcrliche Farben"},"content":{"rendered":"<h2>G\u00fcrtel in Leder mit einer Metallschleife geschlossen<\/h2>\n<p>Dieser G\u00fcrtel ist aus echtem Leder, und in nat\u00fcrlichen Farben realisiert. Mit einer Schleife aus Metall, und mit 5 L\u00f6chern von Bruchvariationen versehen. Die verwendeter Material Qualit\u00e4t, geben diesem G\u00fcrtel einen guten Widerstand.<\/p>\n<ul>\n<li>Dimensionen: Gr\u00f6sse M = 103 x 2.75 cm et 3.6 x 6.5 cm (Schleife), Gr\u00f6sse L = 111 x 2.75 cm et 3.6 x 6.5 cm (Schleife)<\/li>\n<li>Zusammenstellung: Kuhleder und Metall (Schleife und Dorn)<\/li>\n<\/ul>\n","protected":false},"excerpt":{"rendered":"<p>G\u00fcrtel aus echten Leders mit Metall Schleife, in nat\u00fcrlichen Farbt\u00f6nen<\/p>\n","protected":false},"featured_media":36132,"comment_status":"open","ping_status":"closed","template":"","meta":{"_glsr_average":0,"_glsr_ranking":0,"_glsr_reviews":0,"jetpack_publicize_message":"","jetpack_publicize_feature_enabled":true,"jetpack_social_post_already_shared":false,"jetpack_social_options":{"image_generator_settings":{"template":"highway","default_image_id":0,"font":"","enabled":false},"version":2}},"product_brand":[],"product_cat":[96,201,102],"product_tag":[],"class_list":{"0":"post-36149","1":"product","2":"type-product","3":"status-publish","4":"has-post-thumbnail","6":"product_cat-accessoires-von-schoepfern","7":"product_cat-guertel","8":"product_cat-im-schaufenster-in-carouge-gesehen","9":"pa_color-golden-de","10":"pa_color-kastanienbraun-de","11":"pa_color-schwarz-de","12":"pa_composition-leder-de","13":"pa_composition-metal-de","14":"pa_longueur-lang-de","15":"pa_motif-unifarben-de","16":"pa_saison-herbstwinter-de","17":"pa_style-business-de","18":"pa_style-casual-de","19":"pa_style-festlich-de","20":"pa_style-freizeit-de","21":"pa_taille-38_m-de","22":"pa_taille-42_l-de","24":"first","25":"instock","26":"taxable","27":"shipping-taxable","28":"purchasable","29":"product-type-variable","30":"has-default-attributes"},"yoast_head":"<!-- This site is optimized with the Yoast SEO plugin v27.4 - https:\/\/yoast.com\/product\/yoast-seo-wordpress\/ -->\n<title>G\u00fcrtel aus echtem Leder in nat\u00fcrliche Farben - Audacieuse-Galerie<\/title>\n<meta name=\"description\" content=\"G\u00fcrtel aus echtem Leder in nat\u00fcrliche Farben - Audacieuse-Galerie\" \/>\n<meta name=\"robots\" content=\"index, follow, max-snippet:-1, max-image-preview:large, max-video-preview:-1\" \/>\n<link rel=\"canonical\" href=\"https:\/\/www.audacieuse-galerie.ch\/de\/produit\/guertel-aus-echtem-leder-in-natuerliche-farbe\/\" \/>\n<meta property=\"og:locale\" content=\"de_DE\" \/>\n<meta property=\"og:type\" content=\"article\" \/>\n<meta property=\"og:title\" content=\"G\u00fcrtel aus echtem Leder in nat\u00fcrliche Farben - Audacieuse-Galerie\" \/>\n<meta property=\"og:description\" content=\"G\u00fcrtel aus echtem Leder in nat\u00fcrliche Farben - Audacieuse-Galerie\" \/>\n<meta property=\"og:url\" content=\"https:\/\/www.audacieuse-galerie.ch\/de\/produit\/guertel-aus-echtem-leder-in-natuerliche-farbe\/\" \/>\n<meta property=\"og:site_name\" content=\"Audacieuse-Galerie\" \/>\n<meta property=\"article:publisher\" content=\"https:\/\/www.facebook.com\/audacieuse.galerie\" \/>\n<meta property=\"article:modified_time\" content=\"2024-06-07T15:17:48+00:00\" \/>\n<meta property=\"og:image\" content=\"https:\/\/www.audacieuse-galerie.ch\/wp-content\/uploads\/2018\/06\/454-Ceinture-en-cuir-veritable-colori-naturel.jpg\" \/>\n\t<meta property=\"og:image:width\" content=\"1000\" \/>\n\t<meta property=\"og:image:height\" content=\"1000\" \/>\n\t<meta property=\"og:image:type\" content=\"image\/jpeg\" \/>\n<meta name=\"twitter:card\" content=\"summary_large_image\" \/>\n<script type=\"application\/ld+json\" class=\"yoast-schema-graph\">{\"@context\":\"https:\\\/\\\/schema.org\",\"@graph\":[{\"@type\":\"ImageObject\",\"inLanguage\":\"de\",\"@id\":\"https:\\\/\\\/www.audacieuse-galerie.ch\\\/de\\\/produit\\\/guertel-aus-echtem-leder-in-natuerliche-farbe\\\/#primaryimage\",\"url\":\"https:\\\/\\\/www.audacieuse-galerie.ch\\\/wp-content\\\/uploads\\\/2018\\\/06\\\/454-Ceinture-en-cuir-veritable-colori-naturel.jpg\",\"contentUrl\":\"https:\\\/\\\/www.audacieuse-galerie.ch\\\/wp-content\\\/uploads\\\/2018\\\/06\\\/454-Ceinture-en-cuir-veritable-colori-naturel.jpg\",\"width\":1000,\"height\":1000,\"caption\":\"G\u00fcrtel aus echtem Leder in nat\u00fcrlicher Farbe\"}]}<\/script>\n<!-- \/ Yoast SEO plugin. -->","yoast_head_json":{"title":"G\u00fcrtel aus echtem Leder in nat\u00fcrliche Farben - Audacieuse-Galerie","description":"G\u00fcrtel aus echtem Leder in nat\u00fcrliche Farben - Audacieuse-Galerie","robots":{"index":"index","follow":"follow","max-snippet":"max-snippet:-1","max-image-preview":"max-image-preview:large","max-video-preview":"max-video-preview:-1"},"canonical":"https:\/\/www.audacieuse-galerie.ch\/de\/produit\/guertel-aus-echtem-leder-in-natuerliche-farbe\/","og_locale":"de_DE","og_type":"article","og_title":"G\u00fcrtel aus echtem Leder in nat\u00fcrliche Farben - Audacieuse-Galerie","og_description":"G\u00fcrtel aus echtem Leder in nat\u00fcrliche Farben - Audacieuse-Galerie","og_url":"https:\/\/www.audacieuse-galerie.ch\/de\/produit\/guertel-aus-echtem-leder-in-natuerliche-farbe\/","og_site_name":"Audacieuse-Galerie","article_publisher":"https:\/\/www.facebook.com\/audacieuse.galerie","article_modified_time":"2024-06-07T15:17:48+00:00","og_image":[{"width":1000,"height":1000,"url":"https:\/\/www.audacieuse-galerie.ch\/wp-content\/uploads\/2018\/06\/454-Ceinture-en-cuir-veritable-colori-naturel.jpg","type":"image\/jpeg"}],"twitter_card":"summary_large_image","schema":{"@context":"https:\/\/schema.org","@graph":[{"@type":"ImageObject","inLanguage":"de","@id":"https:\/\/www.audacieuse-galerie.ch\/de\/produit\/guertel-aus-echtem-leder-in-natuerliche-farbe\/#primaryimage","url":"https:\/\/www.audacieuse-galerie.ch\/wp-content\/uploads\/2018\/06\/454-Ceinture-en-cuir-veritable-colori-naturel.jpg","contentUrl":"https:\/\/www.audacieuse-galerie.ch\/wp-content\/uploads\/2018\/06\/454-Ceinture-en-cuir-veritable-colori-naturel.jpg","width":1000,"height":1000,"caption":"G\u00fcrtel aus echtem Leder in nat\u00fcrlicher Farbe"}]}},"jetpack_publicize_connections":[],"_links":{"self":[{"href":"https:\/\/www.audacieuse-galerie.ch\/de\/wp-json\/wp\/v2\/product\/36149","targetHints":{"allow":["GET"]}}],"collection":[{"href":"https:\/\/www.audacieuse-galerie.ch\/de\/wp-json\/wp\/v2\/product"}],"about":[{"href":"https:\/\/www.audacieuse-galerie.ch\/de\/wp-json\/wp\/v2\/types\/product"}],"replies":[{"embeddable":true,"href":"https:\/\/www.audacieuse-galerie.ch\/de\/wp-json\/wp\/v2\/comments?post=36149"}],"version-history":[{"count":0,"href":"https:\/\/www.audacieuse-galerie.ch\/de\/wp-json\/wp\/v2\/product\/36149\/revisions"}],"wp:featuredmedia":[{"embeddable":true,"href":"https:\/\/www.audacieuse-galerie.ch\/de\/wp-json\/wp\/v2\/media\/36132"}],"wp:attachment":[{"href":"https:\/\/www.audacieuse-galerie.ch\/de\/wp-json\/wp\/v2\/media?parent=36149"}],"wp:term":[{"taxonomy":"product_brand","embeddable":true,"href":"https:\/\/www.audacieuse-galerie.ch\/de\/wp-json\/wp\/v2\/product_brand?post=36149"},{"taxonomy":"product_cat","embeddable":true,"href":"https:\/\/www.audacieuse-galerie.ch\/de\/wp-json\/wp\/v2\/product_cat?post=36149"},{"taxonomy":"product_tag","embeddable":true,"href":"https:\/\/www.audacieuse-galerie.ch\/de\/wp-json\/wp\/v2\/product_tag?post=36149"}],"curies":[{"name":"wp","href":"https:\/\/api.w.org\/{rel}","templated":true}]}}