{"id":36268,"date":"2018-06-10T06:29:17","date_gmt":"2018-06-10T04:29:17","guid":{"rendered":"https:\/\/woo.audacieuse-galerie.ch\/produit\/sonnenbrille-rundform-und-retrostil\/"},"modified":"2024-06-07T17:16:17","modified_gmt":"2024-06-07T15:16:17","slug":"sonnenbrille-rundform-und-retrostil","status":"publish","type":"product","link":"https:\/\/www.audacieuse-galerie.ch\/de\/produit\/sonnenbrille-rundform-und-retrostil\/","title":{"rendered":"Sonnenbrille rundform und retrostil"},"content":{"rendered":"<h2>Sonnenbrillen in perfekt Stiles, f\u00fcr ein retro-Stil Anzug<\/h2>\n<p>Vergn\u00fcgen Sie sich, die Brille mit Anz\u00fcgen zu tragen, mit eine kleine Jacke, einen shirt oder einen umfassen entspannt after-work Anzug, der entspannt ist.<\/p>\n<p>Eigent\u00fcmlichkeiten: Rahmen silberiger oder gold effect Fassung, daher get\u00f6nten polycarbonate Gl\u00e4ser, UV 400, entspiegelt<\/p>\n<ul>\n<li>Dimensionen von Gl\u00e4sern: 4,2 x 4,8 cm<\/li>\n<\/ul>\n<ul>\n<li>Zusammenstellung: Metall und polycarbonate<\/li>\n<\/ul>\n","protected":false},"excerpt":{"rendered":"<p>H\u00fcbsche Sonnenbrille mit von Retrostil Kreis Gl\u00e4sern.<\/p>\n","protected":false},"featured_media":36258,"comment_status":"open","ping_status":"closed","template":"","meta":{"_glsr_average":0,"_glsr_ranking":0,"_glsr_reviews":0,"jetpack_publicize_message":"","jetpack_publicize_feature_enabled":true,"jetpack_social_post_already_shared":false,"jetpack_social_options":{"image_generator_settings":{"template":"highway","default_image_id":0,"font":"","enabled":false},"version":2}},"product_brand":[],"product_cat":[96,147],"product_tag":[],"class_list":{"0":"post-36268","1":"product","2":"type-product","3":"status-publish","4":"has-post-thumbnail","6":"product_cat-accessoires-von-schoepfern","7":"product_cat-sonnenbrille","8":"pa_color-perlrosa-de","9":"pa_color-schwarz-de","10":"pa_composition-metal-de","11":"pa_composition-polycarbonat-de","12":"pa_formesdelunettes-rund-de","13":"pa_motif-unifarben-de","14":"pa_protectionsolaire-schutzuv400-de","15":"pa_saison-fruhjahrsommer-de","16":"pa_style-casual-de","17":"pa_style-freizeit-de","18":"pa_style-retro-de","20":"first","21":"instock","22":"taxable","23":"shipping-taxable","24":"purchasable","25":"product-type-variable","26":"has-default-attributes"},"yoast_head":"<!-- This site is optimized with the Yoast SEO plugin v27.4 - https:\/\/yoast.com\/product\/yoast-seo-wordpress\/ -->\n<title>Sonnenbrille rundform und retrostil - Audacieuse-Galerie<\/title>\n<meta name=\"description\" content=\"Sonnenbrille rundform und retrostil - Audacieuse-Galerie\" \/>\n<meta name=\"robots\" content=\"index, follow, max-snippet:-1, max-image-preview:large, max-video-preview:-1\" \/>\n<link rel=\"canonical\" href=\"https:\/\/www.audacieuse-galerie.ch\/de\/produit\/sonnenbrille-rundform-und-retrostil\/\" \/>\n<meta property=\"og:locale\" content=\"de_DE\" \/>\n<meta property=\"og:type\" content=\"article\" \/>\n<meta property=\"og:title\" content=\"Sonnenbrille rundform und retrostil - Audacieuse-Galerie\" \/>\n<meta property=\"og:description\" content=\"Sonnenbrille rundform und retrostil - Audacieuse-Galerie\" \/>\n<meta property=\"og:url\" content=\"https:\/\/www.audacieuse-galerie.ch\/de\/produit\/sonnenbrille-rundform-und-retrostil\/\" \/>\n<meta property=\"og:site_name\" content=\"Audacieuse-Galerie\" \/>\n<meta property=\"article:publisher\" content=\"https:\/\/www.facebook.com\/audacieuse.galerie\" \/>\n<meta property=\"article:modified_time\" content=\"2024-06-07T15:16:17+00:00\" \/>\n<meta property=\"og:image\" content=\"https:\/\/www.audacieuse-galerie.ch\/wp-content\/uploads\/2018\/06\/475-Lunettes-soleil-a-verres-roses-irises.jpg\" \/>\n\t<meta property=\"og:image:width\" content=\"1000\" \/>\n\t<meta property=\"og:image:height\" content=\"1000\" \/>\n\t<meta property=\"og:image:type\" content=\"image\/jpeg\" \/>\n<meta name=\"twitter:card\" content=\"summary_large_image\" \/>\n<script type=\"application\/ld+json\" class=\"yoast-schema-graph\">{\"@context\":\"https:\\\/\\\/schema.org\",\"@graph\":[{\"@type\":\"ImageObject\",\"inLanguage\":\"de\",\"@id\":\"https:\\\/\\\/www.audacieuse-galerie.ch\\\/de\\\/produit\\\/sonnenbrille-rundform-und-retrostil\\\/#primaryimage\",\"url\":\"https:\\\/\\\/www.audacieuse-galerie.ch\\\/wp-content\\\/uploads\\\/2018\\\/06\\\/475-Lunettes-soleil-a-verres-roses-irises.jpg\",\"contentUrl\":\"https:\\\/\\\/www.audacieuse-galerie.ch\\\/wp-content\\\/uploads\\\/2018\\\/06\\\/475-Lunettes-soleil-a-verres-roses-irises.jpg\",\"width\":1000,\"height\":1000,\"caption\":\"Sonnenbrille mit rosafarbenen Gl\u00e4sern\"}]}<\/script>\n<!-- \/ Yoast SEO plugin. -->","yoast_head_json":{"title":"Sonnenbrille rundform und retrostil - Audacieuse-Galerie","description":"Sonnenbrille rundform und retrostil - Audacieuse-Galerie","robots":{"index":"index","follow":"follow","max-snippet":"max-snippet:-1","max-image-preview":"max-image-preview:large","max-video-preview":"max-video-preview:-1"},"canonical":"https:\/\/www.audacieuse-galerie.ch\/de\/produit\/sonnenbrille-rundform-und-retrostil\/","og_locale":"de_DE","og_type":"article","og_title":"Sonnenbrille rundform und retrostil - Audacieuse-Galerie","og_description":"Sonnenbrille rundform und retrostil - Audacieuse-Galerie","og_url":"https:\/\/www.audacieuse-galerie.ch\/de\/produit\/sonnenbrille-rundform-und-retrostil\/","og_site_name":"Audacieuse-Galerie","article_publisher":"https:\/\/www.facebook.com\/audacieuse.galerie","article_modified_time":"2024-06-07T15:16:17+00:00","og_image":[{"width":1000,"height":1000,"url":"https:\/\/www.audacieuse-galerie.ch\/wp-content\/uploads\/2018\/06\/475-Lunettes-soleil-a-verres-roses-irises.jpg","type":"image\/jpeg"}],"twitter_card":"summary_large_image","schema":{"@context":"https:\/\/schema.org","@graph":[{"@type":"ImageObject","inLanguage":"de","@id":"https:\/\/www.audacieuse-galerie.ch\/de\/produit\/sonnenbrille-rundform-und-retrostil\/#primaryimage","url":"https:\/\/www.audacieuse-galerie.ch\/wp-content\/uploads\/2018\/06\/475-Lunettes-soleil-a-verres-roses-irises.jpg","contentUrl":"https:\/\/www.audacieuse-galerie.ch\/wp-content\/uploads\/2018\/06\/475-Lunettes-soleil-a-verres-roses-irises.jpg","width":1000,"height":1000,"caption":"Sonnenbrille mit rosafarbenen Gl\u00e4sern"}]}},"jetpack_publicize_connections":[],"_links":{"self":[{"href":"https:\/\/www.audacieuse-galerie.ch\/de\/wp-json\/wp\/v2\/product\/36268","targetHints":{"allow":["GET"]}}],"collection":[{"href":"https:\/\/www.audacieuse-galerie.ch\/de\/wp-json\/wp\/v2\/product"}],"about":[{"href":"https:\/\/www.audacieuse-galerie.ch\/de\/wp-json\/wp\/v2\/types\/product"}],"replies":[{"embeddable":true,"href":"https:\/\/www.audacieuse-galerie.ch\/de\/wp-json\/wp\/v2\/comments?post=36268"}],"version-history":[{"count":0,"href":"https:\/\/www.audacieuse-galerie.ch\/de\/wp-json\/wp\/v2\/product\/36268\/revisions"}],"wp:featuredmedia":[{"embeddable":true,"href":"https:\/\/www.audacieuse-galerie.ch\/de\/wp-json\/wp\/v2\/media\/36258"}],"wp:attachment":[{"href":"https:\/\/www.audacieuse-galerie.ch\/de\/wp-json\/wp\/v2\/media?parent=36268"}],"wp:term":[{"taxonomy":"product_brand","embeddable":true,"href":"https:\/\/www.audacieuse-galerie.ch\/de\/wp-json\/wp\/v2\/product_brand?post=36268"},{"taxonomy":"product_cat","embeddable":true,"href":"https:\/\/www.audacieuse-galerie.ch\/de\/wp-json\/wp\/v2\/product_cat?post=36268"},{"taxonomy":"product_tag","embeddable":true,"href":"https:\/\/www.audacieuse-galerie.ch\/de\/wp-json\/wp\/v2\/product_tag?post=36268"}],"curies":[{"name":"wp","href":"https:\/\/api.w.org\/{rel}","templated":true}]}}