{"id":36359,"date":"2018-06-24T00:36:38","date_gmt":"2018-06-23T22:36:38","guid":{"rendered":"https:\/\/woo.audacieuse-galerie.ch\/produit\/leichte-hose-mit-gekennzeichneter-falte-und-feinem-guertel\/"},"modified":"2024-06-07T17:15:26","modified_gmt":"2024-06-07T15:15:26","slug":"leichte-hose-mit-gekennzeichneter-falte-und-feinem-guertel","status":"publish","type":"product","link":"https:\/\/www.audacieuse-galerie.ch\/de\/produit\/leichte-hose-mit-gekennzeichneter-falte-und-feinem-guertel\/","title":{"rendered":"Leichte Hose, mit gekennzeichneter Falte und feinem G\u00fcrtel"},"content":{"rendered":"<h2>Hose aus Baumwolle mit Revers und G\u00fcrtel<\/h2>\n<p>Diese Hose ist in einem geraden Schneiden realisiert, sie ist mit einer eleganten Falte gekennzeichnet und sie ist in h\u00fcbscher gek\u00e4mmter Baumwolle realisiert. Die Hose fasst einen Reissverschlu\u00df auf der Vornemitte vor, zwei Taschen, ein Revers am Saum und ist mit Passanten auf der Taille geschm\u00fcckt. Sie ist mit einem feinen dekorativen braunen G\u00fcrtel geliefert.<\/p>\n<ul>\n<li>Material: nat\u00fcrliche Baumwolle und Polyester<\/li>\n<li>Unterhaltung: B\u00fcgeln die schon gekennzeichnete Falte, die Reinigung in m\u00e4\u00dfiger Temperatur 30\u00b0c achtend (klare oder Farbgewebe mit gleichartigen Farbt\u00f6nen waschen) oder f\u00fcr beste unterhaltung nur Trockenreinigung.<\/li>\n<\/ul>\n","protected":false},"excerpt":{"rendered":"<p>Diese Hose ist in einem geraden Schneiden realisiert, sie ist mit einer eleganten Falte gekennzeichnet und sie ist in h\u00fcbscher gek\u00e4mmter Baumwolle realisiert.<\/p>\n","protected":false},"featured_media":36354,"comment_status":"open","ping_status":"closed","template":"","meta":{"_glsr_average":0,"_glsr_ranking":0,"_glsr_reviews":0,"jetpack_publicize_message":"","jetpack_publicize_feature_enabled":true,"jetpack_social_post_already_shared":false,"jetpack_social_options":{"image_generator_settings":{"template":"highway","default_image_id":0,"font":"","enabled":false},"version":2}},"product_brand":[],"product_cat":[165,102,72],"product_tag":[],"class_list":{"0":"post-36359","1":"product","2":"type-product","3":"status-publish","4":"has-post-thumbnail","6":"product_cat-hosen-und-jeans","7":"product_cat-im-schaufenster-in-carouge-gesehen","8":"product_cat-pret-a-porter-frau","9":"pa_color-weiss-de","10":"pa_composition-baumwolle-de","11":"pa_composition-polyester-de","12":"pa_grandeur-klein-de","13":"pa_lieudefabrication-asien-de","14":"pa_longueur-lang-de","15":"pa_motif-unifarben-de","16":"pa_saison-fruhjahrsommer-de","17":"pa_style-business-de","18":"pa_style-casual-de","19":"pa_taille-34_s-de","20":"pa_taille-38_m-de","21":"pa_taille-42_l-de","23":"first","24":"instock","25":"sale","26":"taxable","27":"shipping-taxable","28":"purchasable","29":"product-type-variable","30":"has-default-attributes"},"yoast_head":"<!-- This site is optimized with the Yoast SEO plugin v27.4 - https:\/\/yoast.com\/product\/yoast-seo-wordpress\/ -->\n<title>Leichte Hose, mit gekennzeichneter Falte und feinem G\u00fcrtel - Audacieuse-Galerie<\/title>\n<meta name=\"description\" content=\"Leichte Hose, mit gekennzeichneter Falte und feinem G\u00fcrtel - Audacieuse-Galerie\" \/>\n<meta name=\"robots\" content=\"index, follow, max-snippet:-1, max-image-preview:large, max-video-preview:-1\" \/>\n<link rel=\"canonical\" href=\"https:\/\/www.audacieuse-galerie.ch\/de\/produit\/leichte-hose-mit-gekennzeichneter-falte-und-feinem-guertel\/\" \/>\n<meta property=\"og:locale\" content=\"de_DE\" \/>\n<meta property=\"og:type\" content=\"article\" \/>\n<meta property=\"og:title\" content=\"Leichte Hose, mit gekennzeichneter Falte und feinem G\u00fcrtel - Audacieuse-Galerie\" \/>\n<meta property=\"og:description\" content=\"Leichte Hose, mit gekennzeichneter Falte und feinem G\u00fcrtel - Audacieuse-Galerie\" \/>\n<meta property=\"og:url\" content=\"https:\/\/www.audacieuse-galerie.ch\/de\/produit\/leichte-hose-mit-gekennzeichneter-falte-und-feinem-guertel\/\" \/>\n<meta property=\"og:site_name\" content=\"Audacieuse-Galerie\" \/>\n<meta property=\"article:publisher\" content=\"https:\/\/www.facebook.com\/audacieuse.galerie\" \/>\n<meta property=\"article:modified_time\" content=\"2024-06-07T15:15:26+00:00\" \/>\n<meta property=\"og:image\" content=\"https:\/\/www.audacieuse-galerie.ch\/wp-content\/uploads\/2018\/06\/505-Pantalon-leger-avec-pli-marque-et-ceinture-fine.jpg\" \/>\n\t<meta property=\"og:image:width\" content=\"1000\" \/>\n\t<meta property=\"og:image:height\" content=\"1000\" \/>\n\t<meta property=\"og:image:type\" content=\"image\/jpeg\" \/>\n<meta name=\"twitter:card\" content=\"summary_large_image\" \/>\n<meta name=\"twitter:label1\" content=\"Gesch\u00e4tzte Lesezeit\" \/>\n\t<meta name=\"twitter:data1\" content=\"1 Minute\" \/>\n<script type=\"application\/ld+json\" class=\"yoast-schema-graph\">{\"@context\":\"https:\\\/\\\/schema.org\",\"@graph\":[{\"@type\":\"ImageObject\",\"inLanguage\":\"de\",\"@id\":\"https:\\\/\\\/www.audacieuse-galerie.ch\\\/de\\\/produit\\\/leichte-hose-mit-gekennzeichneter-falte-und-feinem-guertel\\\/#primaryimage\",\"url\":\"https:\\\/\\\/www.audacieuse-galerie.ch\\\/wp-content\\\/uploads\\\/2018\\\/06\\\/505-Pantalon-leger-avec-pli-marque-et-ceinture-fine.jpg\",\"contentUrl\":\"https:\\\/\\\/www.audacieuse-galerie.ch\\\/wp-content\\\/uploads\\\/2018\\\/06\\\/505-Pantalon-leger-avec-pli-marque-et-ceinture-fine.jpg\",\"width\":1000,\"height\":1000,\"caption\":\"Leichte Hose mit ausgepr\u00e4gter Falte und d\u00fcnnem Bund\"}]}<\/script>\n<!-- \/ Yoast SEO plugin. -->","yoast_head_json":{"title":"Leichte Hose, mit gekennzeichneter Falte und feinem G\u00fcrtel - Audacieuse-Galerie","description":"Leichte Hose, mit gekennzeichneter Falte und feinem G\u00fcrtel - Audacieuse-Galerie","robots":{"index":"index","follow":"follow","max-snippet":"max-snippet:-1","max-image-preview":"max-image-preview:large","max-video-preview":"max-video-preview:-1"},"canonical":"https:\/\/www.audacieuse-galerie.ch\/de\/produit\/leichte-hose-mit-gekennzeichneter-falte-und-feinem-guertel\/","og_locale":"de_DE","og_type":"article","og_title":"Leichte Hose, mit gekennzeichneter Falte und feinem G\u00fcrtel - Audacieuse-Galerie","og_description":"Leichte Hose, mit gekennzeichneter Falte und feinem G\u00fcrtel - Audacieuse-Galerie","og_url":"https:\/\/www.audacieuse-galerie.ch\/de\/produit\/leichte-hose-mit-gekennzeichneter-falte-und-feinem-guertel\/","og_site_name":"Audacieuse-Galerie","article_publisher":"https:\/\/www.facebook.com\/audacieuse.galerie","article_modified_time":"2024-06-07T15:15:26+00:00","og_image":[{"width":1000,"height":1000,"url":"https:\/\/www.audacieuse-galerie.ch\/wp-content\/uploads\/2018\/06\/505-Pantalon-leger-avec-pli-marque-et-ceinture-fine.jpg","type":"image\/jpeg"}],"twitter_card":"summary_large_image","twitter_misc":{"Gesch\u00e4tzte Lesezeit":"1 Minute"},"schema":{"@context":"https:\/\/schema.org","@graph":[{"@type":"ImageObject","inLanguage":"de","@id":"https:\/\/www.audacieuse-galerie.ch\/de\/produit\/leichte-hose-mit-gekennzeichneter-falte-und-feinem-guertel\/#primaryimage","url":"https:\/\/www.audacieuse-galerie.ch\/wp-content\/uploads\/2018\/06\/505-Pantalon-leger-avec-pli-marque-et-ceinture-fine.jpg","contentUrl":"https:\/\/www.audacieuse-galerie.ch\/wp-content\/uploads\/2018\/06\/505-Pantalon-leger-avec-pli-marque-et-ceinture-fine.jpg","width":1000,"height":1000,"caption":"Leichte Hose mit ausgepr\u00e4gter Falte und d\u00fcnnem Bund"}]}},"jetpack_publicize_connections":[],"_links":{"self":[{"href":"https:\/\/www.audacieuse-galerie.ch\/de\/wp-json\/wp\/v2\/product\/36359","targetHints":{"allow":["GET"]}}],"collection":[{"href":"https:\/\/www.audacieuse-galerie.ch\/de\/wp-json\/wp\/v2\/product"}],"about":[{"href":"https:\/\/www.audacieuse-galerie.ch\/de\/wp-json\/wp\/v2\/types\/product"}],"replies":[{"embeddable":true,"href":"https:\/\/www.audacieuse-galerie.ch\/de\/wp-json\/wp\/v2\/comments?post=36359"}],"version-history":[{"count":0,"href":"https:\/\/www.audacieuse-galerie.ch\/de\/wp-json\/wp\/v2\/product\/36359\/revisions"}],"wp:featuredmedia":[{"embeddable":true,"href":"https:\/\/www.audacieuse-galerie.ch\/de\/wp-json\/wp\/v2\/media\/36354"}],"wp:attachment":[{"href":"https:\/\/www.audacieuse-galerie.ch\/de\/wp-json\/wp\/v2\/media?parent=36359"}],"wp:term":[{"taxonomy":"product_brand","embeddable":true,"href":"https:\/\/www.audacieuse-galerie.ch\/de\/wp-json\/wp\/v2\/product_brand?post=36359"},{"taxonomy":"product_cat","embeddable":true,"href":"https:\/\/www.audacieuse-galerie.ch\/de\/wp-json\/wp\/v2\/product_cat?post=36359"},{"taxonomy":"product_tag","embeddable":true,"href":"https:\/\/www.audacieuse-galerie.ch\/de\/wp-json\/wp\/v2\/product_tag?post=36359"}],"curies":[{"name":"wp","href":"https:\/\/api.w.org\/{rel}","templated":true}]}}