{"id":36410,"date":"2018-06-24T02:22:25","date_gmt":"2018-06-24T00:22:25","guid":{"rendered":"https:\/\/woo.audacieuse-galerie.ch\/produit\/falscher-zwei-stueck-badeanzug-in-rosa-streifen\/"},"modified":"2026-02-24T11:14:17","modified_gmt":"2026-02-24T10:14:17","slug":"falscher-zwei-stueck-badeanzug-in-rosa-streifen","status":"publish","type":"product","link":"https:\/\/www.audacieuse-galerie.ch\/de\/produit\/falscher-zwei-stueck-badeanzug-in-rosa-streifen\/","title":{"rendered":"Falscher zweiteiliger Badeanzug mit rosa Streifen"},"content":{"rendered":"<h2>Ein lustiger Badeanzug, Bikini vorne und ein einteiliger Badeanzug hinten<\/h2>\n<p>Das obere Teil des Trikots ist vorne mit einer verknoteten Schleife verziert und mit sch\u00fctzenden Brustpolstern gef\u00fcttert. Sie hat auch hinten einen sch\u00f6nen Ausschnitt. Der Badeanzug besteht aus elastischem Stoff mit einem aprikosenrosa Muster mit wei\u00dfen Streifen.  <\/p>\n<ul>\n<li>Farbe: Aprikosenrosa mit wei\u00dfen Streifen<\/li>\n<li>Zusammensetzung: Polyester und Elastan, Schaumstoffpads<\/li>\n<li>Pflege: Nach dem Schwimmen mit sauberem Wasser absp\u00fclen und mit etwas milder Seife die Hand waschen<\/li>\n<\/ul>\n","protected":false},"excerpt":{"rendered":"<p>Badeanzug, falscher Zweiteiler mit aprikosenrosa und wei\u00dfen Streifen<\/p>\n","protected":false},"featured_media":36402,"comment_status":"open","ping_status":"closed","template":"","meta":{"_glsr_average":0,"_glsr_ranking":0,"_glsr_reviews":0,"jetpack_publicize_message":"","jetpack_publicize_feature_enabled":true,"jetpack_social_post_already_shared":true,"jetpack_social_options":{"image_generator_settings":{"template":"highway","default_image_id":0,"font":"","enabled":false},"version":2}},"product_brand":[],"product_cat":[219,72],"product_tag":[],"class_list":{"0":"post-36410","1":"product","2":"type-product","3":"status-publish","4":"has-post-thumbnail","6":"product_cat-badeanzuge-und-bikini","7":"product_cat-pret-a-porter-frau","8":"pa_color-hellrosa-de","9":"pa_color-rosa-de","10":"pa_composition-polyester-de","11":"pa_entretien-bleichennichterlaubt-de","12":"pa_entretien-handwasche30c-de","13":"pa_motif-gestreift-de","14":"pa_saison-fruhjahrsommer-de","15":"pa_style-freizeit-de","16":"pa_style-glamour-de","17":"pa_taille-34_s-de","18":"pa_taille-38_m-de","19":"pa_taille-42_l-de","21":"first","22":"instock","23":"sale","24":"taxable","25":"shipping-taxable","26":"purchasable","27":"product-type-variable","28":"has-default-attributes"},"yoast_head":"<!-- This site is optimized with the Yoast SEO plugin v27.4 - https:\/\/yoast.com\/product\/yoast-seo-wordpress\/ -->\n<title>Falscher zweiteiliger Badeanzug mit rosa Streifen - Audacieuse-Galerie<\/title>\n<meta name=\"description\" content=\"Falscher zweiteiliger Badeanzug mit rosa Streifen - Audacieuse-Galerie\" \/>\n<meta name=\"robots\" content=\"index, follow, max-snippet:-1, max-image-preview:large, max-video-preview:-1\" \/>\n<link rel=\"canonical\" href=\"https:\/\/www.audacieuse-galerie.ch\/de\/produit\/falscher-zwei-stueck-badeanzug-in-rosa-streifen\/\" \/>\n<meta property=\"og:locale\" content=\"de_DE\" \/>\n<meta property=\"og:type\" content=\"article\" \/>\n<meta property=\"og:title\" content=\"Falscher zweiteiliger Badeanzug mit rosa Streifen - Audacieuse-Galerie\" \/>\n<meta property=\"og:description\" content=\"Falscher zweiteiliger Badeanzug mit rosa Streifen - Audacieuse-Galerie\" \/>\n<meta property=\"og:url\" content=\"https:\/\/www.audacieuse-galerie.ch\/de\/produit\/falscher-zwei-stueck-badeanzug-in-rosa-streifen\/\" \/>\n<meta property=\"og:site_name\" content=\"Audacieuse-Galerie\" \/>\n<meta property=\"article:publisher\" content=\"https:\/\/www.facebook.com\/audacieuse.galerie\" \/>\n<meta property=\"article:modified_time\" content=\"2026-02-24T10:14:17+00:00\" \/>\n<meta property=\"og:image\" content=\"https:\/\/www.audacieuse-galerie.ch\/wp-content\/uploads\/2018\/06\/511-Maillot-de-bain-faux-deux-piece-a-rayures-roses.jpg\" \/>\n\t<meta property=\"og:image:width\" content=\"1000\" \/>\n\t<meta property=\"og:image:height\" content=\"1000\" \/>\n\t<meta property=\"og:image:type\" content=\"image\/jpeg\" \/>\n<meta name=\"twitter:card\" content=\"summary_large_image\" \/>\n<script type=\"application\/ld+json\" class=\"yoast-schema-graph\">{\"@context\":\"https:\\\/\\\/schema.org\",\"@graph\":[{\"@type\":\"ImageObject\",\"inLanguage\":\"de\",\"@id\":\"https:\\\/\\\/www.audacieuse-galerie.ch\\\/de\\\/produit\\\/falscher-zwei-stueck-badeanzug-in-rosa-streifen\\\/#primaryimage\",\"url\":\"https:\\\/\\\/www.audacieuse-galerie.ch\\\/wp-content\\\/uploads\\\/2018\\\/06\\\/511-Maillot-de-bain-faux-deux-piece-a-rayures-roses.jpg\",\"contentUrl\":\"https:\\\/\\\/www.audacieuse-galerie.ch\\\/wp-content\\\/uploads\\\/2018\\\/06\\\/511-Maillot-de-bain-faux-deux-piece-a-rayures-roses.jpg\",\"width\":1000,\"height\":1000,\"caption\":\"Falscher zweiteiliger Badeanzug mit rosa Streifen\"}]}<\/script>\n<!-- \/ Yoast SEO plugin. -->","yoast_head_json":{"title":"Falscher zweiteiliger Badeanzug mit rosa Streifen - Audacieuse-Galerie","description":"Falscher zweiteiliger Badeanzug mit rosa Streifen - Audacieuse-Galerie","robots":{"index":"index","follow":"follow","max-snippet":"max-snippet:-1","max-image-preview":"max-image-preview:large","max-video-preview":"max-video-preview:-1"},"canonical":"https:\/\/www.audacieuse-galerie.ch\/de\/produit\/falscher-zwei-stueck-badeanzug-in-rosa-streifen\/","og_locale":"de_DE","og_type":"article","og_title":"Falscher zweiteiliger Badeanzug mit rosa Streifen - Audacieuse-Galerie","og_description":"Falscher zweiteiliger Badeanzug mit rosa Streifen - Audacieuse-Galerie","og_url":"https:\/\/www.audacieuse-galerie.ch\/de\/produit\/falscher-zwei-stueck-badeanzug-in-rosa-streifen\/","og_site_name":"Audacieuse-Galerie","article_publisher":"https:\/\/www.facebook.com\/audacieuse.galerie","article_modified_time":"2026-02-24T10:14:17+00:00","og_image":[{"width":1000,"height":1000,"url":"https:\/\/www.audacieuse-galerie.ch\/wp-content\/uploads\/2018\/06\/511-Maillot-de-bain-faux-deux-piece-a-rayures-roses.jpg","type":"image\/jpeg"}],"twitter_card":"summary_large_image","schema":{"@context":"https:\/\/schema.org","@graph":[{"@type":"ImageObject","inLanguage":"de","@id":"https:\/\/www.audacieuse-galerie.ch\/de\/produit\/falscher-zwei-stueck-badeanzug-in-rosa-streifen\/#primaryimage","url":"https:\/\/www.audacieuse-galerie.ch\/wp-content\/uploads\/2018\/06\/511-Maillot-de-bain-faux-deux-piece-a-rayures-roses.jpg","contentUrl":"https:\/\/www.audacieuse-galerie.ch\/wp-content\/uploads\/2018\/06\/511-Maillot-de-bain-faux-deux-piece-a-rayures-roses.jpg","width":1000,"height":1000,"caption":"Falscher zweiteiliger Badeanzug mit rosa Streifen"}]}},"jetpack_publicize_connections":[],"_links":{"self":[{"href":"https:\/\/www.audacieuse-galerie.ch\/de\/wp-json\/wp\/v2\/product\/36410","targetHints":{"allow":["GET"]}}],"collection":[{"href":"https:\/\/www.audacieuse-galerie.ch\/de\/wp-json\/wp\/v2\/product"}],"about":[{"href":"https:\/\/www.audacieuse-galerie.ch\/de\/wp-json\/wp\/v2\/types\/product"}],"replies":[{"embeddable":true,"href":"https:\/\/www.audacieuse-galerie.ch\/de\/wp-json\/wp\/v2\/comments?post=36410"}],"version-history":[{"count":0,"href":"https:\/\/www.audacieuse-galerie.ch\/de\/wp-json\/wp\/v2\/product\/36410\/revisions"}],"wp:featuredmedia":[{"embeddable":true,"href":"https:\/\/www.audacieuse-galerie.ch\/de\/wp-json\/wp\/v2\/media\/36402"}],"wp:attachment":[{"href":"https:\/\/www.audacieuse-galerie.ch\/de\/wp-json\/wp\/v2\/media?parent=36410"}],"wp:term":[{"taxonomy":"product_brand","embeddable":true,"href":"https:\/\/www.audacieuse-galerie.ch\/de\/wp-json\/wp\/v2\/product_brand?post=36410"},{"taxonomy":"product_cat","embeddable":true,"href":"https:\/\/www.audacieuse-galerie.ch\/de\/wp-json\/wp\/v2\/product_cat?post=36410"},{"taxonomy":"product_tag","embeddable":true,"href":"https:\/\/www.audacieuse-galerie.ch\/de\/wp-json\/wp\/v2\/product_tag?post=36410"}],"curies":[{"name":"wp","href":"https:\/\/api.w.org\/{rel}","templated":true}]}}