{"id":36443,"date":"2024-08-12T14:59:37","date_gmt":"2024-08-12T12:59:37","guid":{"rendered":"https:\/\/woo.audacieuse-galerie.ch\/?post_type=product&#038;p=36443"},"modified":"2025-09-14T19:03:16","modified_gmt":"2025-09-14T17:03:16","slug":"dokumentationen-dokumentarfilme-oder-archivfilme","status":"publish","type":"product","link":"https:\/\/www.audacieuse-galerie.ch\/de\/produit\/dokumentationen-dokumentarfilme-oder-archivfilme\/","title":{"rendered":"Produktion von Dokumentar-, Doku- und Archivfilmen"},"content":{"rendered":"<h2>Reflexion und Szenario<\/h2>\n<p>Mit einem Skript erh\u00e4lt Ihr Video seinen vollen Wert. Wir werden diese wesentliche Reflexion gemeinsam durchf\u00fchren, um ein gut konstruiertes und erfolgreiches Ergebnis zu erzielen. Wir weisen Sie in die richtige Richtung, auf die richtige Geschichte und das richtige Konzept.<\/p>\n<h2>Verwirklichung<\/h2>\n<p>In der Produktion arbeiten wir an der Inszenierung und sch\u00f6nen Bildern, im richtigen Stil, in der perfekten Dynamik, f\u00fcr eine Bewegung, die Ihren W\u00fcnschen entspricht. Wir fotografieren auf soliden Stativen oder motorisierten Stabilisatoren f\u00fcr ein fl\u00fcssiges und sicheres Bild. F\u00fcr mehr Grandezza setzen wir Drohnen f\u00fcr grandiose \u00dcberfl\u00fcge oder sehr dynamisches Tracking ein. Wir nehmen den Klang mit gro\u00dfer Sorgfalt auf, um ein besseres Eintauchen zu erm\u00f6glichen.<\/p>\n<h2>Versammlung<\/h2>\n<p>Weder zu schnell noch zu langsam, der Schnitt bleibt der Dynamik treu, die durch den Kontext vorgegeben wird. Wir schneiden den Film mit pr\u00e4ziser und modernster Software. Letztere bieten uns die Verbesserung der Farbmetrik, um die Atmosph\u00e4re oder das Gleichgewicht zwischen den Bildern zu optimieren.<\/p>\n<h2>Verbreitung<\/h2>\n<p>Ihre Filme werden f\u00fcr die Ausstrahlung vorbereitet. Wir bereiten verschiedene Exporte vor, auf den verschiedenen Internetkan\u00e4len und sozialen Netzwerken, auf USB-Sticks f\u00fcr die Verteilung an Ihre Kunden, auf dem Fernsehbildschirm f\u00fcr Ihren Showroom, Ihr Gesch\u00e4ft, Ihre Schaufenster. Wir k\u00f6nnen auch eine Website erstellen, die Ihrem Video gewidmet ist.<\/p>\n","protected":false},"excerpt":{"rendered":"<p>W\u00e4hrend der Produktion arbeiten wir an der Inszenierung und den sch\u00f6nen Bildern, im richtigen Stil, in der perfekten Dynamik, f\u00fcr eine Bewegung, die Ihren W\u00fcnschen entspricht.<\/p>\n","protected":false},"featured_media":36441,"comment_status":"open","ping_status":"closed","template":"","meta":{"_glsr_average":0,"_glsr_ranking":0,"_glsr_reviews":0,"jetpack_publicize_message":"","jetpack_publicize_feature_enabled":true,"jetpack_social_post_already_shared":false,"jetpack_social_options":{"image_generator_settings":{"template":"highway","default_image_id":0,"font":"","enabled":false},"version":2}},"product_brand":[],"product_cat":[117],"product_tag":[],"class_list":{"0":"post-36443","1":"product","2":"type-product","3":"status-publish","4":"has-post-thumbnail","6":"product_cat-videos-und-kuerzfilme","7":"pa_qualitedesfilms-4k_hdr_hlg-de","8":"pa_qualitedesfilms-hi_res_audio-de","9":"pa_qualitedesfilms-kompatiblenetzwerke-de","11":"first","12":"instock","13":"featured","14":"taxable","15":"shipping-taxable","16":"product-type-simple"},"yoast_head":"<!-- This site is optimized with the Yoast SEO plugin v27.4 - https:\/\/yoast.com\/product\/yoast-seo-wordpress\/ -->\n<title>Produktion von Dokumentar-, Doku- und Archivfilmen - Audacieuse-Galerie<\/title>\n<meta name=\"description\" content=\"Produktion von Dokumentar-, Doku- und Archivfilmen - Audacieuse-Galerie\" \/>\n<meta name=\"robots\" content=\"index, follow, max-snippet:-1, max-image-preview:large, max-video-preview:-1\" \/>\n<link rel=\"canonical\" href=\"https:\/\/www.audacieuse-galerie.ch\/de\/produit\/dokumentationen-dokumentarfilme-oder-archivfilme\/\" \/>\n<meta property=\"og:locale\" content=\"de_DE\" \/>\n<meta property=\"og:type\" content=\"article\" \/>\n<meta property=\"og:title\" content=\"Produktion von Dokumentar-, Doku- und Archivfilmen - Audacieuse-Galerie\" \/>\n<meta property=\"og:description\" content=\"Produktion von Dokumentar-, Doku- und Archivfilmen - Audacieuse-Galerie\" \/>\n<meta property=\"og:url\" content=\"https:\/\/www.audacieuse-galerie.ch\/de\/produit\/dokumentationen-dokumentarfilme-oder-archivfilme\/\" \/>\n<meta property=\"og:site_name\" content=\"Audacieuse-Galerie\" \/>\n<meta property=\"article:publisher\" content=\"https:\/\/www.facebook.com\/audacieuse.galerie\" \/>\n<meta property=\"article:modified_time\" content=\"2025-09-14T17:03:16+00:00\" \/>\n<meta property=\"og:image\" content=\"https:\/\/www.audacieuse-galerie.ch\/wp-content\/uploads\/2018\/08\/562-Documentaires-docu-fiction-et-films-darchives.jpg\" \/>\n\t<meta property=\"og:image:width\" content=\"1000\" \/>\n\t<meta property=\"og:image:height\" content=\"1000\" \/>\n\t<meta property=\"og:image:type\" content=\"image\/jpeg\" \/>\n<meta name=\"twitter:card\" content=\"summary_large_image\" \/>\n<meta name=\"twitter:label1\" content=\"Gesch\u00e4tzte Lesezeit\" \/>\n\t<meta name=\"twitter:data1\" content=\"1 Minute\" \/>\n<script type=\"application\/ld+json\" class=\"yoast-schema-graph\">{\"@context\":\"https:\\\/\\\/schema.org\",\"@graph\":[{\"@type\":\"ImageObject\",\"inLanguage\":\"de\",\"@id\":\"https:\\\/\\\/www.audacieuse-galerie.ch\\\/de\\\/produit\\\/dokumentationen-dokumentarfilme-oder-archivfilme\\\/#primaryimage\",\"url\":\"https:\\\/\\\/www.audacieuse-galerie.ch\\\/wp-content\\\/uploads\\\/2018\\\/08\\\/562-Documentaires-docu-fiction-et-films-darchives.jpg\",\"contentUrl\":\"https:\\\/\\\/www.audacieuse-galerie.ch\\\/wp-content\\\/uploads\\\/2018\\\/08\\\/562-Documentaires-docu-fiction-et-films-darchives.jpg\",\"width\":1000,\"height\":1000,\"caption\":\"Dokumentar-, Doku- und Archivfilme\"}]}<\/script>\n<!-- \/ Yoast SEO plugin. -->","yoast_head_json":{"title":"Produktion von Dokumentar-, Doku- und Archivfilmen - Audacieuse-Galerie","description":"Produktion von Dokumentar-, Doku- und Archivfilmen - Audacieuse-Galerie","robots":{"index":"index","follow":"follow","max-snippet":"max-snippet:-1","max-image-preview":"max-image-preview:large","max-video-preview":"max-video-preview:-1"},"canonical":"https:\/\/www.audacieuse-galerie.ch\/de\/produit\/dokumentationen-dokumentarfilme-oder-archivfilme\/","og_locale":"de_DE","og_type":"article","og_title":"Produktion von Dokumentar-, Doku- und Archivfilmen - Audacieuse-Galerie","og_description":"Produktion von Dokumentar-, Doku- und Archivfilmen - Audacieuse-Galerie","og_url":"https:\/\/www.audacieuse-galerie.ch\/de\/produit\/dokumentationen-dokumentarfilme-oder-archivfilme\/","og_site_name":"Audacieuse-Galerie","article_publisher":"https:\/\/www.facebook.com\/audacieuse.galerie","article_modified_time":"2025-09-14T17:03:16+00:00","og_image":[{"width":1000,"height":1000,"url":"https:\/\/www.audacieuse-galerie.ch\/wp-content\/uploads\/2018\/08\/562-Documentaires-docu-fiction-et-films-darchives.jpg","type":"image\/jpeg"}],"twitter_card":"summary_large_image","twitter_misc":{"Gesch\u00e4tzte Lesezeit":"1 Minute"},"schema":{"@context":"https:\/\/schema.org","@graph":[{"@type":"ImageObject","inLanguage":"de","@id":"https:\/\/www.audacieuse-galerie.ch\/de\/produit\/dokumentationen-dokumentarfilme-oder-archivfilme\/#primaryimage","url":"https:\/\/www.audacieuse-galerie.ch\/wp-content\/uploads\/2018\/08\/562-Documentaires-docu-fiction-et-films-darchives.jpg","contentUrl":"https:\/\/www.audacieuse-galerie.ch\/wp-content\/uploads\/2018\/08\/562-Documentaires-docu-fiction-et-films-darchives.jpg","width":1000,"height":1000,"caption":"Dokumentar-, Doku- und Archivfilme"}]}},"jetpack_publicize_connections":[],"_links":{"self":[{"href":"https:\/\/www.audacieuse-galerie.ch\/de\/wp-json\/wp\/v2\/product\/36443","targetHints":{"allow":["GET"]}}],"collection":[{"href":"https:\/\/www.audacieuse-galerie.ch\/de\/wp-json\/wp\/v2\/product"}],"about":[{"href":"https:\/\/www.audacieuse-galerie.ch\/de\/wp-json\/wp\/v2\/types\/product"}],"replies":[{"embeddable":true,"href":"https:\/\/www.audacieuse-galerie.ch\/de\/wp-json\/wp\/v2\/comments?post=36443"}],"version-history":[{"count":0,"href":"https:\/\/www.audacieuse-galerie.ch\/de\/wp-json\/wp\/v2\/product\/36443\/revisions"}],"wp:featuredmedia":[{"embeddable":true,"href":"https:\/\/www.audacieuse-galerie.ch\/de\/wp-json\/wp\/v2\/media\/36441"}],"wp:attachment":[{"href":"https:\/\/www.audacieuse-galerie.ch\/de\/wp-json\/wp\/v2\/media?parent=36443"}],"wp:term":[{"taxonomy":"product_brand","embeddable":true,"href":"https:\/\/www.audacieuse-galerie.ch\/de\/wp-json\/wp\/v2\/product_brand?post=36443"},{"taxonomy":"product_cat","embeddable":true,"href":"https:\/\/www.audacieuse-galerie.ch\/de\/wp-json\/wp\/v2\/product_cat?post=36443"},{"taxonomy":"product_tag","embeddable":true,"href":"https:\/\/www.audacieuse-galerie.ch\/de\/wp-json\/wp\/v2\/product_tag?post=36443"}],"curies":[{"name":"wp","href":"https:\/\/api.w.org\/{rel}","templated":true}]}}