{"id":36473,"date":"2025-01-19T11:57:24","date_gmt":"2025-01-19T10:57:24","guid":{"rendered":"https:\/\/woo.audacieuse-galerie.ch\/?post_type=product&#038;p=36473"},"modified":"2026-02-15T11:26:42","modified_gmt":"2026-02-15T10:26:42","slug":"sportfilm-extremfilm-actionfilm","status":"publish","type":"product","link":"https:\/\/www.audacieuse-galerie.ch\/de\/produit\/sportfilm-extremfilm-actionfilm\/","title":{"rendered":"Filmemachen von Sportfilmen, Extremfilmen, Actionfilmen"},"content":{"rendered":"<p>Wir filmen das Kunstst\u00fcck nicht nur, wir erz\u00e4hlen auch die Geschichte des Lebens, das es umgibt. Jedes Projekt beginnt mit dem Schreiben eines Drehbuchs, das den spektakul\u00e4ren Bildern Bedeutung verleihen soll. Indem wir immersives Storytelling und eine starke emotionale Dimension hinzuf\u00fcgen, verwandeln wir die rohe Darbietung in eine fesselnde Geschichte, die die Aufmerksamkeit fesselt und einen bleibenden Eindruck hinterl\u00e4sst.  <\/p>\n<h2>SPORTLER, FILMEMACHER UND FOTOGRAFEN<\/h2>\n<p>Die Athleten, die die Podestpl\u00e4tze dominieren, sind auch diejenigen, die ihr Image pflegen. Die emblematischsten umgeben sich mit Regisseuren und Fotografen, die in der Lage sind, ihre Darbietung in starke und einpr\u00e4gsame Bilder zu \u00fcbersetzen. Unsere Produktionen unterst\u00fctzen diese Sportpers\u00f6nlichkeiten beim Aufbau ihrer Legende, indem sie ihr Engagement, ihre Technik und ihre Einzigartigkeit gegen\u00fcber Publikum und Marken hervorheben.  <\/p>\n<h2>EXTREME &amp; LEBENSSTIL<\/h2>\n<p>\u00dcber einen einfachen Sportfilm hinaus erfordert die Entstehung eines Extremsportfilms eine vollst\u00e4ndige Hingabe des Regisseurs. An einer Felswand aufgeh\u00e4ngt, mit voller Geschwindigkeit eingeschifft oder unvorhersehbaren Bedingungen ausgesetzt, erfolgt das Filmen oft so nah wie m\u00f6glich am Risiko. Diese Art von Produktion kann nicht improvisiert werden. Es erfordert echte Felderfahrung, fortgeschrittene technische Beherrschung und speziell an extreme Umgebungen angepasste Ausr\u00fcstung. Nicht alle Regisseure haben diese F\u00e4higkeit oder die F\u00e4higkeit, die Intensit\u00e4t des Moments einzufangen, ohne die Sicherheit oder Qualit\u00e4t des Bildes zu kompromittieren.    <\/p>\n<h2>ZU IHRER VERF\u00dcGUNG<\/h2>\n<p>Wir unterst\u00fctzen Sie bei der Produktion Ihres Sportfilms \u2013 von der Konzeption \u00fcber den Dreh, den Schnitt bis zur \u00dcbertragung. Gemeinsam werden wir eine kraftvolle und authentische Erz\u00e4hlung aufbauen und spektakul\u00e4re Bilder zur\u00fcckbringen, die darauf ausgelegt sind, Ihre Disziplin, Ihren Athleten oder Ihre Marke aufzuwerten. <\/p>\n","protected":false},"excerpt":{"rendered":"<p>Wir entwerfen und produzieren Sportfilme mit hohem visuellen Wert, die darauf abzielen, die Leistungsintensit\u00e4t und das Engagement der Athleten einzufangen. Jedes Projekt vereint anspruchsvolle Produktion, Drehtechniken, die an manchmal extreme Umgebungen angepasst sind, und sorgf\u00e4ltiges Erz\u00e4hlen, um die sportliche Leistung in ein immersives und emotionales Erlebnis zu verwandeln \u2013 im Dienst von Marken, Veranstaltungen und hochkar\u00e4tigen Athleten. <\/p>\n","protected":false},"featured_media":36465,"comment_status":"open","ping_status":"closed","template":"","meta":{"_glsr_average":0,"_glsr_ranking":0,"_glsr_reviews":0,"jetpack_publicize_message":"","jetpack_publicize_feature_enabled":true,"jetpack_social_post_already_shared":false,"jetpack_social_options":{"image_generator_settings":{"template":"highway","default_image_id":0,"font":"","enabled":false},"version":2}},"product_brand":[],"product_cat":[117],"product_tag":[],"class_list":{"0":"post-36473","1":"product","2":"type-product","3":"status-publish","4":"has-post-thumbnail","6":"product_cat-videos-und-kuerzfilme","7":"pa_qualitedesfilms-4k_hdr_hlg-de","8":"pa_qualitedesfilms-hi_res_audio-de","9":"pa_qualitedesfilms-kompatiblenetzwerke-de","11":"first","12":"instock","13":"virtual","14":"taxable","15":"product-type-simple"},"yoast_head":"<!-- This site is optimized with the Yoast SEO plugin v27.4 - https:\/\/yoast.com\/product\/yoast-seo-wordpress\/ -->\n<title>Spektakul\u00e4re und authentische Sport- und Videofilmproduktion.<\/title>\n<meta name=\"description\" content=\"Ma\u00dfgeschneiderte Extremsportfilme: immersives Filmemachen, spektakul\u00e4re Bilder und emotionales Erz\u00e4hlen f\u00fcr Sportler, Marken und Veranstaltungen.\" \/>\n<meta name=\"robots\" content=\"index, follow, max-snippet:-1, max-image-preview:large, max-video-preview:-1\" \/>\n<link rel=\"canonical\" href=\"https:\/\/www.audacieuse-galerie.ch\/de\/produit\/sportfilm-extremfilm-actionfilm\/\" \/>\n<meta property=\"og:locale\" content=\"de_DE\" \/>\n<meta property=\"og:type\" content=\"article\" \/>\n<meta property=\"og:title\" content=\"Spektakul\u00e4re und authentische Sport- und Videofilmproduktion.\" \/>\n<meta property=\"og:description\" content=\"Ma\u00dfgeschneiderte Extremsportfilme: immersives Filmemachen, spektakul\u00e4re Bilder und emotionales Erz\u00e4hlen f\u00fcr Sportler, Marken und Veranstaltungen.\" \/>\n<meta property=\"og:url\" content=\"https:\/\/www.audacieuse-galerie.ch\/de\/produit\/sportfilm-extremfilm-actionfilm\/\" \/>\n<meta property=\"og:site_name\" content=\"Audacieuse-Galerie\" \/>\n<meta property=\"article:publisher\" content=\"https:\/\/www.facebook.com\/audacieuse.galerie\" \/>\n<meta property=\"article:modified_time\" content=\"2026-02-15T10:26:42+00:00\" \/>\n<meta property=\"og:image\" content=\"https:\/\/www.audacieuse-galerie.ch\/wp-content\/uploads\/2018\/08\/533-Films-de-sport-films-extremes-films-daction.jpg\" \/>\n\t<meta property=\"og:image:width\" content=\"1000\" \/>\n\t<meta property=\"og:image:height\" content=\"1000\" \/>\n\t<meta property=\"og:image:type\" content=\"image\/jpeg\" \/>\n<meta name=\"twitter:card\" content=\"summary_large_image\" \/>\n<meta name=\"twitter:label1\" content=\"Gesch\u00e4tzte Lesezeit\" \/>\n\t<meta name=\"twitter:data1\" content=\"1 Minute\" \/>\n<script type=\"application\/ld+json\" class=\"yoast-schema-graph\">{\"@context\":\"https:\\\/\\\/schema.org\",\"@graph\":[{\"@type\":\"ImageObject\",\"inLanguage\":\"de\",\"@id\":\"https:\\\/\\\/www.audacieuse-galerie.ch\\\/de\\\/produit\\\/sportfilm-extremfilm-actionfilm\\\/#primaryimage\",\"url\":\"https:\\\/\\\/www.audacieuse-galerie.ch\\\/wp-content\\\/uploads\\\/2018\\\/08\\\/533-Films-de-sport-films-extremes-films-daction.jpg\",\"contentUrl\":\"https:\\\/\\\/www.audacieuse-galerie.ch\\\/wp-content\\\/uploads\\\/2018\\\/08\\\/533-Films-de-sport-films-extremes-films-daction.jpg\",\"width\":1000,\"height\":1000,\"caption\":\"Sportfilme, Extremfilme, Actionfilme\"}]}<\/script>\n<!-- \/ Yoast SEO plugin. -->","yoast_head_json":{"title":"Spektakul\u00e4re und authentische Sport- und Videofilmproduktion.","description":"Ma\u00dfgeschneiderte Extremsportfilme: immersives Filmemachen, spektakul\u00e4re Bilder und emotionales Erz\u00e4hlen f\u00fcr Sportler, Marken und Veranstaltungen.","robots":{"index":"index","follow":"follow","max-snippet":"max-snippet:-1","max-image-preview":"max-image-preview:large","max-video-preview":"max-video-preview:-1"},"canonical":"https:\/\/www.audacieuse-galerie.ch\/de\/produit\/sportfilm-extremfilm-actionfilm\/","og_locale":"de_DE","og_type":"article","og_title":"Spektakul\u00e4re und authentische Sport- und Videofilmproduktion.","og_description":"Ma\u00dfgeschneiderte Extremsportfilme: immersives Filmemachen, spektakul\u00e4re Bilder und emotionales Erz\u00e4hlen f\u00fcr Sportler, Marken und Veranstaltungen.","og_url":"https:\/\/www.audacieuse-galerie.ch\/de\/produit\/sportfilm-extremfilm-actionfilm\/","og_site_name":"Audacieuse-Galerie","article_publisher":"https:\/\/www.facebook.com\/audacieuse.galerie","article_modified_time":"2026-02-15T10:26:42+00:00","og_image":[{"width":1000,"height":1000,"url":"https:\/\/www.audacieuse-galerie.ch\/wp-content\/uploads\/2018\/08\/533-Films-de-sport-films-extremes-films-daction.jpg","type":"image\/jpeg"}],"twitter_card":"summary_large_image","twitter_misc":{"Gesch\u00e4tzte Lesezeit":"1 Minute"},"schema":{"@context":"https:\/\/schema.org","@graph":[{"@type":"ImageObject","inLanguage":"de","@id":"https:\/\/www.audacieuse-galerie.ch\/de\/produit\/sportfilm-extremfilm-actionfilm\/#primaryimage","url":"https:\/\/www.audacieuse-galerie.ch\/wp-content\/uploads\/2018\/08\/533-Films-de-sport-films-extremes-films-daction.jpg","contentUrl":"https:\/\/www.audacieuse-galerie.ch\/wp-content\/uploads\/2018\/08\/533-Films-de-sport-films-extremes-films-daction.jpg","width":1000,"height":1000,"caption":"Sportfilme, Extremfilme, Actionfilme"}]}},"jetpack_publicize_connections":[],"_links":{"self":[{"href":"https:\/\/www.audacieuse-galerie.ch\/de\/wp-json\/wp\/v2\/product\/36473","targetHints":{"allow":["GET"]}}],"collection":[{"href":"https:\/\/www.audacieuse-galerie.ch\/de\/wp-json\/wp\/v2\/product"}],"about":[{"href":"https:\/\/www.audacieuse-galerie.ch\/de\/wp-json\/wp\/v2\/types\/product"}],"replies":[{"embeddable":true,"href":"https:\/\/www.audacieuse-galerie.ch\/de\/wp-json\/wp\/v2\/comments?post=36473"}],"version-history":[{"count":0,"href":"https:\/\/www.audacieuse-galerie.ch\/de\/wp-json\/wp\/v2\/product\/36473\/revisions"}],"wp:featuredmedia":[{"embeddable":true,"href":"https:\/\/www.audacieuse-galerie.ch\/de\/wp-json\/wp\/v2\/media\/36465"}],"wp:attachment":[{"href":"https:\/\/www.audacieuse-galerie.ch\/de\/wp-json\/wp\/v2\/media?parent=36473"}],"wp:term":[{"taxonomy":"product_brand","embeddable":true,"href":"https:\/\/www.audacieuse-galerie.ch\/de\/wp-json\/wp\/v2\/product_brand?post=36473"},{"taxonomy":"product_cat","embeddable":true,"href":"https:\/\/www.audacieuse-galerie.ch\/de\/wp-json\/wp\/v2\/product_cat?post=36473"},{"taxonomy":"product_tag","embeddable":true,"href":"https:\/\/www.audacieuse-galerie.ch\/de\/wp-json\/wp\/v2\/product_tag?post=36473"}],"curies":[{"name":"wp","href":"https:\/\/api.w.org\/{rel}","templated":true}]}}