{"id":36482,"date":"2025-01-19T11:37:09","date_gmt":"2025-01-19T10:37:09","guid":{"rendered":"https:\/\/woo.audacieuse-galerie.ch\/?post_type=product&#038;p=36482"},"modified":"2025-09-14T19:03:42","modified_gmt":"2025-09-14T17:03:42","slug":"werbespots-werbefilme","status":"publish","type":"product","link":"https:\/\/www.audacieuse-galerie.ch\/de\/produit\/werbespots-werbefilme\/","title":{"rendered":"Produktion von Werbeclips, Werbefilmen"},"content":{"rendered":"<p>Als wesentlicher Bestandteil einer Kommunikationsstrategie produzieren wir Werbefilme und Werbespots, die f\u00fcr Websites und soziale Netzwerke, Showrooms, Firmenempf\u00e4nge oder Schaufenster bestimmt sind. Wenn Sie Ihre Produkte und Dienstleistungen mit einem Film bewerben, m\u00fcssen Sie eine klare, sehr attraktive Botschaft schaffen, die Ihre Zuschauer bis zum Ende des Films fesselt. <\/p>\n<h2>Eine bedeutende Errungenschaft<\/h2>\n<p>Ihre Interessenten oder Investoren mit einem Film zu fesseln, ist eine gut durchdachte Strategie vor dem Dreh. Ein gutes Skript mit gut durchdachten Marketingzielen erm\u00f6glicht eine sinnvolle Umsetzung.Wir h\u00f6ren Ihnen zu und bieten Ihnen an, dieses Skript zu schreiben, um Ihr Know-how und Ihre Dienstleistungen besser zu demonstrieren, mit einer Unterscheidung: einem Hauch von K\u00fchnheit und Reflexion, die den Unterschied ausmachen wird.  <\/p>\n","protected":false},"excerpt":{"rendered":"<p>Als wesentlicher Bestandteil einer Kommunikationsstrategie produzieren wir Werbefilme und Werbespots, die f\u00fcr Websites und soziale Netzwerke, Showrooms, Firmenempf\u00e4nge oder Schaufenster bestimmt sind.<\/p>\n","protected":false},"featured_media":36480,"comment_status":"open","ping_status":"closed","template":"","meta":{"_glsr_average":0,"_glsr_ranking":0,"_glsr_reviews":0,"jetpack_publicize_message":"","jetpack_publicize_feature_enabled":true,"jetpack_social_post_already_shared":false,"jetpack_social_options":{"image_generator_settings":{"template":"highway","default_image_id":0,"font":"","enabled":false},"version":2}},"product_brand":[],"product_cat":[117],"product_tag":[],"class_list":{"0":"post-36482","1":"product","2":"type-product","3":"status-publish","4":"has-post-thumbnail","6":"product_cat-videos-und-kuerzfilme","7":"pa_qualitedesfilms-4k_hdr_hlg-de","8":"pa_qualitedesfilms-hi_res_audio-de","9":"pa_qualitedesfilms-kompatiblenetzwerke-de","10":"pa_qualitedesphotos-qualitatsoptik-de","12":"first","13":"instock","14":"featured","15":"taxable","16":"shipping-taxable","17":"product-type-simple"},"yoast_head":"<!-- This site is optimized with the Yoast SEO plugin v27.4 - https:\/\/yoast.com\/product\/yoast-seo-wordpress\/ -->\n<title>Produktion von Werbeclips, Werbefilmen - Audacieuse-Galerie<\/title>\n<meta name=\"description\" content=\"Produktion von Werbeclips, Werbefilmen - Audacieuse-Galerie\" \/>\n<meta name=\"robots\" content=\"index, follow, max-snippet:-1, max-image-preview:large, max-video-preview:-1\" \/>\n<link rel=\"canonical\" href=\"https:\/\/www.audacieuse-galerie.ch\/de\/produit\/werbespots-werbefilme\/\" \/>\n<meta property=\"og:locale\" content=\"de_DE\" \/>\n<meta property=\"og:type\" content=\"article\" \/>\n<meta property=\"og:title\" content=\"Produktion von Werbeclips, Werbefilmen - Audacieuse-Galerie\" \/>\n<meta property=\"og:description\" content=\"Produktion von Werbeclips, Werbefilmen - Audacieuse-Galerie\" \/>\n<meta property=\"og:url\" content=\"https:\/\/www.audacieuse-galerie.ch\/de\/produit\/werbespots-werbefilme\/\" \/>\n<meta property=\"og:site_name\" content=\"Audacieuse-Galerie\" \/>\n<meta property=\"article:publisher\" content=\"https:\/\/www.facebook.com\/audacieuse.galerie\" \/>\n<meta property=\"article:modified_time\" content=\"2025-09-14T17:03:42+00:00\" \/>\n<meta property=\"og:image\" content=\"https:\/\/www.audacieuse-galerie.ch\/wp-content\/uploads\/2018\/08\/561-Realisateur.jpg\" \/>\n\t<meta property=\"og:image:width\" content=\"1000\" \/>\n\t<meta property=\"og:image:height\" content=\"1000\" \/>\n\t<meta property=\"og:image:type\" content=\"image\/jpeg\" \/>\n<meta name=\"twitter:card\" content=\"summary_large_image\" \/>\n<meta name=\"twitter:label1\" content=\"Gesch\u00e4tzte Lesezeit\" \/>\n\t<meta name=\"twitter:data1\" content=\"1 Minute\" \/>\n<script type=\"application\/ld+json\" class=\"yoast-schema-graph\">{\"@context\":\"https:\\\/\\\/schema.org\",\"@graph\":[{\"@type\":\"ImageObject\",\"inLanguage\":\"de\",\"@id\":\"https:\\\/\\\/www.audacieuse-galerie.ch\\\/de\\\/produit\\\/werbespots-werbefilme\\\/#primaryimage\",\"url\":\"https:\\\/\\\/www.audacieuse-galerie.ch\\\/wp-content\\\/uploads\\\/2018\\\/08\\\/561-Realisateur.jpg\",\"contentUrl\":\"https:\\\/\\\/www.audacieuse-galerie.ch\\\/wp-content\\\/uploads\\\/2018\\\/08\\\/561-Realisateur.jpg\",\"width\":1000,\"height\":1000,\"caption\":\"Regisseur\"}]}<\/script>\n<!-- \/ Yoast SEO plugin. -->","yoast_head_json":{"title":"Produktion von Werbeclips, Werbefilmen - Audacieuse-Galerie","description":"Produktion von Werbeclips, Werbefilmen - Audacieuse-Galerie","robots":{"index":"index","follow":"follow","max-snippet":"max-snippet:-1","max-image-preview":"max-image-preview:large","max-video-preview":"max-video-preview:-1"},"canonical":"https:\/\/www.audacieuse-galerie.ch\/de\/produit\/werbespots-werbefilme\/","og_locale":"de_DE","og_type":"article","og_title":"Produktion von Werbeclips, Werbefilmen - Audacieuse-Galerie","og_description":"Produktion von Werbeclips, Werbefilmen - Audacieuse-Galerie","og_url":"https:\/\/www.audacieuse-galerie.ch\/de\/produit\/werbespots-werbefilme\/","og_site_name":"Audacieuse-Galerie","article_publisher":"https:\/\/www.facebook.com\/audacieuse.galerie","article_modified_time":"2025-09-14T17:03:42+00:00","og_image":[{"width":1000,"height":1000,"url":"https:\/\/www.audacieuse-galerie.ch\/wp-content\/uploads\/2018\/08\/561-Realisateur.jpg","type":"image\/jpeg"}],"twitter_card":"summary_large_image","twitter_misc":{"Gesch\u00e4tzte Lesezeit":"1 Minute"},"schema":{"@context":"https:\/\/schema.org","@graph":[{"@type":"ImageObject","inLanguage":"de","@id":"https:\/\/www.audacieuse-galerie.ch\/de\/produit\/werbespots-werbefilme\/#primaryimage","url":"https:\/\/www.audacieuse-galerie.ch\/wp-content\/uploads\/2018\/08\/561-Realisateur.jpg","contentUrl":"https:\/\/www.audacieuse-galerie.ch\/wp-content\/uploads\/2018\/08\/561-Realisateur.jpg","width":1000,"height":1000,"caption":"Regisseur"}]}},"jetpack_publicize_connections":[],"_links":{"self":[{"href":"https:\/\/www.audacieuse-galerie.ch\/de\/wp-json\/wp\/v2\/product\/36482","targetHints":{"allow":["GET"]}}],"collection":[{"href":"https:\/\/www.audacieuse-galerie.ch\/de\/wp-json\/wp\/v2\/product"}],"about":[{"href":"https:\/\/www.audacieuse-galerie.ch\/de\/wp-json\/wp\/v2\/types\/product"}],"replies":[{"embeddable":true,"href":"https:\/\/www.audacieuse-galerie.ch\/de\/wp-json\/wp\/v2\/comments?post=36482"}],"version-history":[{"count":0,"href":"https:\/\/www.audacieuse-galerie.ch\/de\/wp-json\/wp\/v2\/product\/36482\/revisions"}],"wp:featuredmedia":[{"embeddable":true,"href":"https:\/\/www.audacieuse-galerie.ch\/de\/wp-json\/wp\/v2\/media\/36480"}],"wp:attachment":[{"href":"https:\/\/www.audacieuse-galerie.ch\/de\/wp-json\/wp\/v2\/media?parent=36482"}],"wp:term":[{"taxonomy":"product_brand","embeddable":true,"href":"https:\/\/www.audacieuse-galerie.ch\/de\/wp-json\/wp\/v2\/product_brand?post=36482"},{"taxonomy":"product_cat","embeddable":true,"href":"https:\/\/www.audacieuse-galerie.ch\/de\/wp-json\/wp\/v2\/product_cat?post=36482"},{"taxonomy":"product_tag","embeddable":true,"href":"https:\/\/www.audacieuse-galerie.ch\/de\/wp-json\/wp\/v2\/product_tag?post=36482"}],"curies":[{"name":"wp","href":"https:\/\/api.w.org\/{rel}","templated":true}]}}