{"id":36512,"date":"2025-01-19T11:53:57","date_gmt":"2025-01-19T10:53:57","guid":{"rendered":"https:\/\/woo.audacieuse-galerie.ch\/?post_type=product&#038;p=36512"},"modified":"2025-09-14T19:03:46","modified_gmt":"2025-09-14T17:03:46","slug":"interview-biographies-films-portrait","status":"publish","type":"product","link":"https:\/\/www.audacieuse-galerie.ch\/de\/produit\/interview-biographies-films-portrait\/","title":{"rendered":"Durchf\u00fchrung von Interviews, Biografien, Portr\u00e4tfilmen"},"content":{"rendered":"<h2>Fesseln Sie den Zuschauer und halten Sie das Publikum<\/h2>\n<p>Das Interview, sei es zu Werbe- oder Informationszwecken, ist eine Kommunikationstechnik, die die Zuschauer fesseln und alles M\u00f6gliche tun wird, um dieses Publikum zu halten.<\/p>\n<h2>Dynamische Interviews<\/h2>\n<p>Das Interview wird mit mehreren Kameras aus verschiedenen Blickwinkeln und Bildausschnitten aufgenommen. Dynamisch, ein gutes Interview ist mit illustrativen Bildern sowie verschiedenen Ausschnitten durchsetzt. Konkrete Bilder von Produkten oder Dienstleistungen veranschaulichen die Worte des Interviewten. Seine unterschiedlichen Beitr\u00e4ge und Cutaways werden die Monotonie des Interviews durchbrechen. Im Schnitt komponieren wir die T\u00f6ne und Bilder auf die gleiche Weise: Der richtige Rhythmus, eine klare Botschaft und ein attraktiver Ablauf bis zum Ende des Interviews. Ebenfalls zu entdecken, die Aufnahme von Stimmen und Interviews in unserem Studio.     <\/p>\n<h2>Zu Ihrer Verf\u00fcgung<\/h2>\n<p>Wir stehen Ihnen zur Verf\u00fcgung, um Ihr Interview und Ihre Bilder durchzuf\u00fchren, die Sie herausfordern.<\/p>\n","protected":false},"excerpt":{"rendered":"<p>Das Interview, sei es zu Werbe- oder Informationszwecken, ist eine Kommunikationstechnik, die die Zuschauer fesseln und alles M\u00f6gliche tun wird, um dieses Publikum zu halten.<\/p>\n","protected":false},"featured_media":36510,"comment_status":"open","ping_status":"closed","template":"","meta":{"_glsr_average":0,"_glsr_ranking":0,"_glsr_reviews":0,"jetpack_publicize_message":"","jetpack_publicize_feature_enabled":true,"jetpack_social_post_already_shared":false,"jetpack_social_options":{"image_generator_settings":{"template":"highway","default_image_id":0,"font":"","enabled":false},"version":2}},"product_brand":[],"product_cat":[117],"product_tag":[],"class_list":{"0":"post-36512","1":"product","2":"type-product","3":"status-publish","4":"has-post-thumbnail","6":"product_cat-videos-und-kuerzfilme","7":"pa_qualitedesfilms-4k_hdr_hlg-de","8":"pa_qualitedesfilms-hi_res_audio-de","9":"pa_qualitedesfilms-kompatiblenetzwerke-de","11":"first","12":"instock","13":"taxable","14":"shipping-taxable","15":"product-type-simple"},"yoast_head":"<!-- This site is optimized with the Yoast SEO plugin v27.4 - https:\/\/yoast.com\/product\/yoast-seo-wordpress\/ -->\n<title>Durchf\u00fchrung von Interviews, Biografien, Portr\u00e4tfilmen - Audacieuse-Galerie<\/title>\n<meta name=\"description\" content=\"Durchf\u00fchrung von Interviews, Biografien, Portr\u00e4tfilmen - Audacieuse-Galerie\" \/>\n<meta name=\"robots\" content=\"index, follow, max-snippet:-1, max-image-preview:large, max-video-preview:-1\" \/>\n<link rel=\"canonical\" href=\"https:\/\/www.audacieuse-galerie.ch\/de\/produit\/interview-biographies-films-portrait\/\" \/>\n<meta property=\"og:locale\" content=\"de_DE\" \/>\n<meta property=\"og:type\" content=\"article\" \/>\n<meta property=\"og:title\" content=\"Durchf\u00fchrung von Interviews, Biografien, Portr\u00e4tfilmen - Audacieuse-Galerie\" \/>\n<meta property=\"og:description\" content=\"Durchf\u00fchrung von Interviews, Biografien, Portr\u00e4tfilmen - Audacieuse-Galerie\" \/>\n<meta property=\"og:url\" content=\"https:\/\/www.audacieuse-galerie.ch\/de\/produit\/interview-biographies-films-portrait\/\" \/>\n<meta property=\"og:site_name\" content=\"Audacieuse-Galerie\" \/>\n<meta property=\"article:publisher\" content=\"https:\/\/www.facebook.com\/audacieuse.galerie\" \/>\n<meta property=\"article:modified_time\" content=\"2025-09-14T17:03:46+00:00\" \/>\n<meta property=\"og:image\" content=\"https:\/\/www.audacieuse-galerie.ch\/wp-content\/uploads\/2018\/09\/556-Interview-biographies-films-portrait.jpg\" \/>\n\t<meta property=\"og:image:width\" content=\"1000\" \/>\n\t<meta property=\"og:image:height\" content=\"1000\" \/>\n\t<meta property=\"og:image:type\" content=\"image\/jpeg\" \/>\n<meta name=\"twitter:card\" content=\"summary_large_image\" \/>\n<meta name=\"twitter:label1\" content=\"Gesch\u00e4tzte Lesezeit\" \/>\n\t<meta name=\"twitter:data1\" content=\"1 Minute\" \/>\n<script type=\"application\/ld+json\" class=\"yoast-schema-graph\">{\"@context\":\"https:\\\/\\\/schema.org\",\"@graph\":[{\"@type\":\"ImageObject\",\"inLanguage\":\"de\",\"@id\":\"https:\\\/\\\/www.audacieuse-galerie.ch\\\/de\\\/produit\\\/interview-biographies-films-portrait\\\/#primaryimage\",\"url\":\"https:\\\/\\\/www.audacieuse-galerie.ch\\\/wp-content\\\/uploads\\\/2018\\\/09\\\/556-Interview-biographies-films-portrait.jpg\",\"contentUrl\":\"https:\\\/\\\/www.audacieuse-galerie.ch\\\/wp-content\\\/uploads\\\/2018\\\/09\\\/556-Interview-biographies-films-portrait.jpg\",\"width\":1000,\"height\":1000,\"caption\":\"Interviews, Biografien, Portr\u00e4tfilme\"}]}<\/script>\n<!-- \/ Yoast SEO plugin. -->","yoast_head_json":{"title":"Durchf\u00fchrung von Interviews, Biografien, Portr\u00e4tfilmen - Audacieuse-Galerie","description":"Durchf\u00fchrung von Interviews, Biografien, Portr\u00e4tfilmen - Audacieuse-Galerie","robots":{"index":"index","follow":"follow","max-snippet":"max-snippet:-1","max-image-preview":"max-image-preview:large","max-video-preview":"max-video-preview:-1"},"canonical":"https:\/\/www.audacieuse-galerie.ch\/de\/produit\/interview-biographies-films-portrait\/","og_locale":"de_DE","og_type":"article","og_title":"Durchf\u00fchrung von Interviews, Biografien, Portr\u00e4tfilmen - Audacieuse-Galerie","og_description":"Durchf\u00fchrung von Interviews, Biografien, Portr\u00e4tfilmen - Audacieuse-Galerie","og_url":"https:\/\/www.audacieuse-galerie.ch\/de\/produit\/interview-biographies-films-portrait\/","og_site_name":"Audacieuse-Galerie","article_publisher":"https:\/\/www.facebook.com\/audacieuse.galerie","article_modified_time":"2025-09-14T17:03:46+00:00","og_image":[{"width":1000,"height":1000,"url":"https:\/\/www.audacieuse-galerie.ch\/wp-content\/uploads\/2018\/09\/556-Interview-biographies-films-portrait.jpg","type":"image\/jpeg"}],"twitter_card":"summary_large_image","twitter_misc":{"Gesch\u00e4tzte Lesezeit":"1 Minute"},"schema":{"@context":"https:\/\/schema.org","@graph":[{"@type":"ImageObject","inLanguage":"de","@id":"https:\/\/www.audacieuse-galerie.ch\/de\/produit\/interview-biographies-films-portrait\/#primaryimage","url":"https:\/\/www.audacieuse-galerie.ch\/wp-content\/uploads\/2018\/09\/556-Interview-biographies-films-portrait.jpg","contentUrl":"https:\/\/www.audacieuse-galerie.ch\/wp-content\/uploads\/2018\/09\/556-Interview-biographies-films-portrait.jpg","width":1000,"height":1000,"caption":"Interviews, Biografien, Portr\u00e4tfilme"}]}},"jetpack_publicize_connections":[],"_links":{"self":[{"href":"https:\/\/www.audacieuse-galerie.ch\/de\/wp-json\/wp\/v2\/product\/36512","targetHints":{"allow":["GET"]}}],"collection":[{"href":"https:\/\/www.audacieuse-galerie.ch\/de\/wp-json\/wp\/v2\/product"}],"about":[{"href":"https:\/\/www.audacieuse-galerie.ch\/de\/wp-json\/wp\/v2\/types\/product"}],"replies":[{"embeddable":true,"href":"https:\/\/www.audacieuse-galerie.ch\/de\/wp-json\/wp\/v2\/comments?post=36512"}],"version-history":[{"count":0,"href":"https:\/\/www.audacieuse-galerie.ch\/de\/wp-json\/wp\/v2\/product\/36512\/revisions"}],"wp:featuredmedia":[{"embeddable":true,"href":"https:\/\/www.audacieuse-galerie.ch\/de\/wp-json\/wp\/v2\/media\/36510"}],"wp:attachment":[{"href":"https:\/\/www.audacieuse-galerie.ch\/de\/wp-json\/wp\/v2\/media?parent=36512"}],"wp:term":[{"taxonomy":"product_brand","embeddable":true,"href":"https:\/\/www.audacieuse-galerie.ch\/de\/wp-json\/wp\/v2\/product_brand?post=36512"},{"taxonomy":"product_cat","embeddable":true,"href":"https:\/\/www.audacieuse-galerie.ch\/de\/wp-json\/wp\/v2\/product_cat?post=36512"},{"taxonomy":"product_tag","embeddable":true,"href":"https:\/\/www.audacieuse-galerie.ch\/de\/wp-json\/wp\/v2\/product_tag?post=36512"}],"curies":[{"name":"wp","href":"https:\/\/api.w.org\/{rel}","templated":true}]}}