{"id":46801,"date":"2019-07-18T16:09:14","date_gmt":"2019-07-18T14:09:14","guid":{"rendered":"https:\/\/woo.audacieuse-galerie.ch\/produit\/partieremise-kunstfotografie-stephane-stribick\/"},"modified":"2025-06-07T10:11:25","modified_gmt":"2025-06-07T08:11:25","slug":"partieremise-kunstfotografie-stephane-stribick","status":"publish","type":"product","link":"https:\/\/www.audacieuse-galerie.ch\/de\/produit\/partieremise-kunstfotografie-stephane-stribick\/","title":{"rendered":"PartDiscount Kunstfotografie"},"content":{"rendered":"<p align=\"left\">Ein originelles Werk, das durch die digitale Verschmelzung einer St\u00fctzmauer in Paris und eines Fu\u00dfballspiels in S\u00fcdafrika (2017) entstanden ist. Das RecomposeuR wandert durch eine poetische Str\u00f6mung im Herzen der St\u00e4dte. Seine Stadterkundung liefert uns einen Ausschnitt aus einer Afrikareise.<\/p><\/p>\n","protected":false},"excerpt":{"rendered":"<p align=\"left\">Eine Baustellent\u00fcr, ein Fu\u00dfballspiel wird wieder gespielt.<\/p><\/p>\n","protected":false},"featured_media":46736,"comment_status":"open","ping_status":"closed","template":"","meta":{"_glsr_average":0,"_glsr_ranking":0,"_glsr_reviews":0,"jetpack_publicize_message":"","jetpack_publicize_feature_enabled":true,"jetpack_social_post_already_shared":true,"jetpack_social_options":{"image_generator_settings":{"template":"highway","default_image_id":0,"font":"","enabled":false},"version":2}},"product_brand":[],"product_cat":[177,111,2236,153,240,108,246],"product_tag":[],"class_list":{"0":"post-46801","1":"product","2":"type-product","3":"status-publish","4":"has-post-thumbnail","6":"product_cat-experimentelle-methoden","7":"product_cat-farben","8":"product_cat-fotograf-stephane-stribick","9":"product_cat-grafik","10":"product_cat-landschaftsbilder","11":"product_cat-mensch","12":"product_cat-sport-de","13":"pa_bordureblancheautourdelimage-5cm-de","14":"pa_dimensions-40x60cm-de","15":"pa_dimensions-50x75cm-de","16":"pa_dimensions-60x90cm-de","17":"pa_encadrements-dunklesholz-de","18":"pa_encadrements-farben-de","19":"pa_encadrements-grau-de","20":"pa_encadrements-hellesholz-de","21":"pa_encadrements-keinen-de","22":"pa_encadrements-schwarz-de","23":"pa_encadrements-weiss-de","24":"pa_oeuvresnumerotees_limitees-5exemplaren-de","25":"pa_papiers-satinbarytpapier-de","26":"pa_protectionfinitionsupport-druckunterglasacrylglass-de","27":"pa_protectionfinitionsupport-20-kunstpapieraufdibondr_alu-de","28":"pa_protectionfinitionsupport-e4-kunstpapieraufholzplatteu-de","29":"pa_techniquesphotographiques-alternativeprozesse-de","30":"pa_techniquesphotographiques-farbe-de","31":"pa_themesphotographiques-afrika-de","32":"pa_themesphotographiques-grafik-de","33":"pa_themesphotographiques-mensch-de","34":"pa_themesphotographiques-sport-de","36":"first","37":"instock","38":"taxable","39":"shipping-taxable","40":"purchasable","41":"product-type-variable","42":"has-default-attributes"},"yoast_head":"<!-- This site is optimized with the Yoast SEO plugin v27.4 - https:\/\/yoast.com\/product\/yoast-seo-wordpress\/ -->\n<title>PartDiscount Kunstfotografie - Audacieuse-Galerie<\/title>\n<meta name=\"description\" content=\"PartDiscount Kunstfotografie - Audacieuse-Galerie\" \/>\n<meta name=\"robots\" content=\"index, follow, max-snippet:-1, max-image-preview:large, max-video-preview:-1\" \/>\n<link rel=\"canonical\" href=\"https:\/\/www.audacieuse-galerie.ch\/de\/produit\/partieremise-kunstfotografie-stephane-stribick\/\" \/>\n<meta property=\"og:locale\" content=\"de_DE\" \/>\n<meta property=\"og:type\" content=\"article\" \/>\n<meta property=\"og:title\" content=\"PartDiscount Kunstfotografie - Audacieuse-Galerie\" \/>\n<meta property=\"og:description\" content=\"PartDiscount Kunstfotografie - Audacieuse-Galerie\" \/>\n<meta property=\"og:url\" content=\"https:\/\/www.audacieuse-galerie.ch\/de\/produit\/partieremise-kunstfotografie-stephane-stribick\/\" \/>\n<meta property=\"og:site_name\" content=\"Audacieuse-Galerie\" \/>\n<meta property=\"article:publisher\" content=\"https:\/\/www.facebook.com\/audacieuse.galerie\" \/>\n<meta property=\"article:modified_time\" content=\"2025-06-07T08:11:25+00:00\" \/>\n<meta property=\"og:image\" content=\"https:\/\/www.audacieuse-galerie.ch\/wp-content\/uploads\/2019\/07\/635-PartieRemise-Photographie-dart-Stephane-Stribick.jpg\" \/>\n\t<meta property=\"og:image:width\" content=\"1000\" \/>\n\t<meta property=\"og:image:height\" content=\"668\" \/>\n\t<meta property=\"og:image:type\" content=\"image\/jpeg\" \/>\n<meta name=\"twitter:card\" content=\"summary_large_image\" \/>\n<script type=\"application\/ld+json\" class=\"yoast-schema-graph\">{\"@context\":\"https:\\\/\\\/schema.org\",\"@graph\":[{\"@type\":\"ImageObject\",\"inLanguage\":\"de\",\"@id\":\"https:\\\/\\\/www.audacieuse-galerie.ch\\\/de\\\/produit\\\/partieremise-kunstfotografie-stephane-stribick\\\/#primaryimage\",\"url\":\"https:\\\/\\\/www.audacieuse-galerie.ch\\\/wp-content\\\/uploads\\\/2019\\\/07\\\/635-PartieRemise-Photographie-dart-Stephane-Stribick.jpg\",\"contentUrl\":\"https:\\\/\\\/www.audacieuse-galerie.ch\\\/wp-content\\\/uploads\\\/2019\\\/07\\\/635-PartieRemise-Photographie-dart-Stephane-Stribick.jpg\",\"width\":1000,\"height\":668,\"caption\":\"PartDiscount Fine Art Fotografie St\u00e9phane Stribick\"}]}<\/script>\n<!-- \/ Yoast SEO plugin. -->","yoast_head_json":{"title":"PartDiscount Kunstfotografie - Audacieuse-Galerie","description":"PartDiscount Kunstfotografie - Audacieuse-Galerie","robots":{"index":"index","follow":"follow","max-snippet":"max-snippet:-1","max-image-preview":"max-image-preview:large","max-video-preview":"max-video-preview:-1"},"canonical":"https:\/\/www.audacieuse-galerie.ch\/de\/produit\/partieremise-kunstfotografie-stephane-stribick\/","og_locale":"de_DE","og_type":"article","og_title":"PartDiscount Kunstfotografie - Audacieuse-Galerie","og_description":"PartDiscount Kunstfotografie - Audacieuse-Galerie","og_url":"https:\/\/www.audacieuse-galerie.ch\/de\/produit\/partieremise-kunstfotografie-stephane-stribick\/","og_site_name":"Audacieuse-Galerie","article_publisher":"https:\/\/www.facebook.com\/audacieuse.galerie","article_modified_time":"2025-06-07T08:11:25+00:00","og_image":[{"width":1000,"height":668,"url":"https:\/\/www.audacieuse-galerie.ch\/wp-content\/uploads\/2019\/07\/635-PartieRemise-Photographie-dart-Stephane-Stribick.jpg","type":"image\/jpeg"}],"twitter_card":"summary_large_image","schema":{"@context":"https:\/\/schema.org","@graph":[{"@type":"ImageObject","inLanguage":"de","@id":"https:\/\/www.audacieuse-galerie.ch\/de\/produit\/partieremise-kunstfotografie-stephane-stribick\/#primaryimage","url":"https:\/\/www.audacieuse-galerie.ch\/wp-content\/uploads\/2019\/07\/635-PartieRemise-Photographie-dart-Stephane-Stribick.jpg","contentUrl":"https:\/\/www.audacieuse-galerie.ch\/wp-content\/uploads\/2019\/07\/635-PartieRemise-Photographie-dart-Stephane-Stribick.jpg","width":1000,"height":668,"caption":"PartDiscount Fine Art Fotografie St\u00e9phane Stribick"}]}},"jetpack_publicize_connections":[],"_links":{"self":[{"href":"https:\/\/www.audacieuse-galerie.ch\/de\/wp-json\/wp\/v2\/product\/46801","targetHints":{"allow":["GET"]}}],"collection":[{"href":"https:\/\/www.audacieuse-galerie.ch\/de\/wp-json\/wp\/v2\/product"}],"about":[{"href":"https:\/\/www.audacieuse-galerie.ch\/de\/wp-json\/wp\/v2\/types\/product"}],"replies":[{"embeddable":true,"href":"https:\/\/www.audacieuse-galerie.ch\/de\/wp-json\/wp\/v2\/comments?post=46801"}],"version-history":[{"count":0,"href":"https:\/\/www.audacieuse-galerie.ch\/de\/wp-json\/wp\/v2\/product\/46801\/revisions"}],"wp:featuredmedia":[{"embeddable":true,"href":"https:\/\/www.audacieuse-galerie.ch\/de\/wp-json\/wp\/v2\/media\/46736"}],"wp:attachment":[{"href":"https:\/\/www.audacieuse-galerie.ch\/de\/wp-json\/wp\/v2\/media?parent=46801"}],"wp:term":[{"taxonomy":"product_brand","embeddable":true,"href":"https:\/\/www.audacieuse-galerie.ch\/de\/wp-json\/wp\/v2\/product_brand?post=46801"},{"taxonomy":"product_cat","embeddable":true,"href":"https:\/\/www.audacieuse-galerie.ch\/de\/wp-json\/wp\/v2\/product_cat?post=46801"},{"taxonomy":"product_tag","embeddable":true,"href":"https:\/\/www.audacieuse-galerie.ch\/de\/wp-json\/wp\/v2\/product_tag?post=46801"}],"curies":[{"name":"wp","href":"https:\/\/api.w.org\/{rel}","templated":true}]}}