{"id":47776,"date":"2019-07-18T17:29:20","date_gmt":"2019-07-18T15:29:20","guid":{"rendered":"https:\/\/woo.audacieuse-galerie.ch\/produit\/ubique-kunstfotografie\/"},"modified":"2025-06-07T12:48:57","modified_gmt":"2025-06-07T10:48:57","slug":"ubique-kunstfotografie","status":"publish","type":"product","link":"https:\/\/www.audacieuse-galerie.ch\/de\/produit\/ubique-kunstfotografie\/","title":{"rendered":"UbiquE Kunstfotografie"},"content":{"rendered":"<p align=\"left\">Ein originelles Werk, das durch die digitale Verschmelzung einer stillgelegten Eisenbahnlinie in der N\u00e4he von Chamb\u00e9ry (Frankreich) 2015 und der futuristischen Architektur des Rolex Learning Center in Lausanne (Schweiz) 2015 entstanden ist. Das RecomposeuR wandert durch eine poetische Str\u00f6mung am Rande der St\u00e4dte. Seine urbane Erkundung liefert etwas Au\u00dfergew\u00f6hnliches.<\/p><\/p>\n","protected":false},"excerpt":{"rendered":"<p align=\"left\">Eine alte Eisenbahnlinie \u00f6ffnet sich f\u00fcr die Allgegenwart m\u00f6glicher Reisen.<\/p><\/p>\n","protected":false},"featured_media":47711,"comment_status":"open","ping_status":"closed","template":"","meta":{"_glsr_average":0,"_glsr_ranking":0,"_glsr_reviews":0,"jetpack_publicize_message":"","jetpack_publicize_feature_enabled":true,"jetpack_social_post_already_shared":true,"jetpack_social_options":{"image_generator_settings":{"template":"highway","default_image_id":0,"font":"","enabled":false},"version":2}},"product_brand":[],"product_cat":[231,222,177,111,2236,153,237],"product_tag":[],"class_list":{"0":"post-47776","1":"product","2":"type-product","3":"status-publish","4":"has-post-thumbnail","6":"product_cat-architektur","7":"product_cat-europa","8":"product_cat-experimentelle-methoden","9":"product_cat-farben","10":"product_cat-fotograf-stephane-stribick","11":"product_cat-grafik","12":"product_cat-natur","13":"pa_bordureblancheautourdelimage-5cm-de","14":"pa_dimensions-40x60cm-de","15":"pa_dimensions-50x75cm-de","16":"pa_dimensions-60x90cm-de","17":"pa_encadrements-dunklesholz-de","18":"pa_encadrements-farben-de","19":"pa_encadrements-grau-de","20":"pa_encadrements-hellesholz-de","21":"pa_encadrements-keinen-de","22":"pa_encadrements-schwarz-de","23":"pa_encadrements-weiss-de","24":"pa_oeuvresnumerotees_limitees-5exemplaren-de","25":"pa_papiers-satinbarytpapier-de","26":"pa_protectionfinitionsupport-druckunterglasacrylglass-de","27":"pa_protectionfinitionsupport-20-kunstpapieraufdibondr_alu-de","28":"pa_protectionfinitionsupport-e4-kunstpapieraufholzplatteu-de","29":"pa_techniquesphotographiques-alternativeprozesse-de","30":"pa_techniquesphotographiques-farbe-de","31":"pa_themesphotographiques-grafik-de","32":"pa_themesphotographiques-landschaft-de","33":"pa_themesphotographiques-natur-de","34":"pa_themesphotographiques-stadtisch-de","36":"first","37":"instock","38":"taxable","39":"shipping-taxable","40":"purchasable","41":"product-type-variable","42":"has-default-attributes"},"yoast_head":"<!-- This site is optimized with the Yoast SEO plugin v27.4 - https:\/\/yoast.com\/product\/yoast-seo-wordpress\/ -->\n<title>UbiquE Kunstfotografie - Audacieuse-Galerie<\/title>\n<meta name=\"description\" content=\"UbiquE Kunstfotografie - Audacieuse-Galerie\" \/>\n<meta name=\"robots\" content=\"index, follow, max-snippet:-1, max-image-preview:large, max-video-preview:-1\" \/>\n<link rel=\"canonical\" href=\"https:\/\/www.audacieuse-galerie.ch\/de\/produit\/ubique-kunstfotografie\/\" \/>\n<meta property=\"og:locale\" content=\"de_DE\" \/>\n<meta property=\"og:type\" content=\"article\" \/>\n<meta property=\"og:title\" content=\"UbiquE Kunstfotografie - Audacieuse-Galerie\" \/>\n<meta property=\"og:description\" content=\"UbiquE Kunstfotografie - Audacieuse-Galerie\" \/>\n<meta property=\"og:url\" content=\"https:\/\/www.audacieuse-galerie.ch\/de\/produit\/ubique-kunstfotografie\/\" \/>\n<meta property=\"og:site_name\" content=\"Audacieuse-Galerie\" \/>\n<meta property=\"article:publisher\" content=\"https:\/\/www.facebook.com\/audacieuse.galerie\" \/>\n<meta property=\"article:modified_time\" content=\"2025-06-07T10:48:57+00:00\" \/>\n<meta property=\"og:image\" content=\"https:\/\/www.audacieuse-galerie.ch\/wp-content\/uploads\/2019\/07\/640-UbiquE-Photographie-dart.jpg\" \/>\n\t<meta property=\"og:image:width\" content=\"1000\" \/>\n\t<meta property=\"og:image:height\" content=\"665\" \/>\n\t<meta property=\"og:image:type\" content=\"image\/jpeg\" \/>\n<meta name=\"twitter:card\" content=\"summary_large_image\" \/>\n<script type=\"application\/ld+json\" class=\"yoast-schema-graph\">{\"@context\":\"https:\\\/\\\/schema.org\",\"@graph\":[{\"@type\":\"ImageObject\",\"inLanguage\":\"de\",\"@id\":\"https:\\\/\\\/www.audacieuse-galerie.ch\\\/de\\\/produit\\\/ubique-kunstfotografie\\\/#primaryimage\",\"url\":\"https:\\\/\\\/www.audacieuse-galerie.ch\\\/wp-content\\\/uploads\\\/2019\\\/07\\\/640-UbiquE-Photographie-dart.jpg\",\"contentUrl\":\"https:\\\/\\\/www.audacieuse-galerie.ch\\\/wp-content\\\/uploads\\\/2019\\\/07\\\/640-UbiquE-Photographie-dart.jpg\",\"width\":1000,\"height\":665,\"caption\":\"UbiquE Kunstfotografie\"}]}<\/script>\n<!-- \/ Yoast SEO plugin. -->","yoast_head_json":{"title":"UbiquE Kunstfotografie - Audacieuse-Galerie","description":"UbiquE Kunstfotografie - Audacieuse-Galerie","robots":{"index":"index","follow":"follow","max-snippet":"max-snippet:-1","max-image-preview":"max-image-preview:large","max-video-preview":"max-video-preview:-1"},"canonical":"https:\/\/www.audacieuse-galerie.ch\/de\/produit\/ubique-kunstfotografie\/","og_locale":"de_DE","og_type":"article","og_title":"UbiquE Kunstfotografie - Audacieuse-Galerie","og_description":"UbiquE Kunstfotografie - Audacieuse-Galerie","og_url":"https:\/\/www.audacieuse-galerie.ch\/de\/produit\/ubique-kunstfotografie\/","og_site_name":"Audacieuse-Galerie","article_publisher":"https:\/\/www.facebook.com\/audacieuse.galerie","article_modified_time":"2025-06-07T10:48:57+00:00","og_image":[{"width":1000,"height":665,"url":"https:\/\/www.audacieuse-galerie.ch\/wp-content\/uploads\/2019\/07\/640-UbiquE-Photographie-dart.jpg","type":"image\/jpeg"}],"twitter_card":"summary_large_image","schema":{"@context":"https:\/\/schema.org","@graph":[{"@type":"ImageObject","inLanguage":"de","@id":"https:\/\/www.audacieuse-galerie.ch\/de\/produit\/ubique-kunstfotografie\/#primaryimage","url":"https:\/\/www.audacieuse-galerie.ch\/wp-content\/uploads\/2019\/07\/640-UbiquE-Photographie-dart.jpg","contentUrl":"https:\/\/www.audacieuse-galerie.ch\/wp-content\/uploads\/2019\/07\/640-UbiquE-Photographie-dart.jpg","width":1000,"height":665,"caption":"UbiquE Kunstfotografie"}]}},"jetpack_publicize_connections":[],"_links":{"self":[{"href":"https:\/\/www.audacieuse-galerie.ch\/de\/wp-json\/wp\/v2\/product\/47776","targetHints":{"allow":["GET"]}}],"collection":[{"href":"https:\/\/www.audacieuse-galerie.ch\/de\/wp-json\/wp\/v2\/product"}],"about":[{"href":"https:\/\/www.audacieuse-galerie.ch\/de\/wp-json\/wp\/v2\/types\/product"}],"replies":[{"embeddable":true,"href":"https:\/\/www.audacieuse-galerie.ch\/de\/wp-json\/wp\/v2\/comments?post=47776"}],"version-history":[{"count":0,"href":"https:\/\/www.audacieuse-galerie.ch\/de\/wp-json\/wp\/v2\/product\/47776\/revisions"}],"wp:featuredmedia":[{"embeddable":true,"href":"https:\/\/www.audacieuse-galerie.ch\/de\/wp-json\/wp\/v2\/media\/47711"}],"wp:attachment":[{"href":"https:\/\/www.audacieuse-galerie.ch\/de\/wp-json\/wp\/v2\/media?parent=47776"}],"wp:term":[{"taxonomy":"product_brand","embeddable":true,"href":"https:\/\/www.audacieuse-galerie.ch\/de\/wp-json\/wp\/v2\/product_brand?post=47776"},{"taxonomy":"product_cat","embeddable":true,"href":"https:\/\/www.audacieuse-galerie.ch\/de\/wp-json\/wp\/v2\/product_cat?post=47776"},{"taxonomy":"product_tag","embeddable":true,"href":"https:\/\/www.audacieuse-galerie.ch\/de\/wp-json\/wp\/v2\/product_tag?post=47776"}],"curies":[{"name":"wp","href":"https:\/\/api.w.org\/{rel}","templated":true}]}}