{"id":49336,"date":"2019-09-04T17:22:14","date_gmt":"2019-09-04T15:22:14","guid":{"rendered":"https:\/\/woo.audacieuse-galerie.ch\/produit\/retour-au-carnaval-oraci-2\/"},"modified":"2025-06-07T14:06:13","modified_gmt":"2025-06-07T12:06:13","slug":"retour-au-carnaval-oraci-2","status":"publish","type":"product","link":"https:\/\/www.audacieuse-galerie.ch\/de\/produit\/retour-au-carnaval-oraci-2\/","title":{"rendered":"Zur\u00fcck zum Karneval, &#8222;Oraci&#8220;"},"content":{"rendered":"<p>Die Oraci (Pfl\u00fcger) tragen bunte B\u00e4nder und Kost\u00fcme und schieben einen symbolischen, mit Dekorationen geschm\u00fcckten Pflug. Der Pflug enth\u00e4lt ein paar Puppen, einen Mann und eine Frau, die den Fr\u00fchling und den Beginn der fruchtbaren Jahreszeit symbolisieren. Wenn in einem der D\u00f6rfer keine Hochzeit geplant ist, findet eine weitere Zeremonie statt: Dies ist ein Ritual, bei dem alleinstehende Frauen mit einem Baum &#8222;heiraten&#8220; und den Stamm von Haus zu Haus tragen.<\/p>\n","protected":false},"excerpt":{"rendered":"<p>Die Oraci (Pfl\u00fcger) tragen bunte B\u00e4nder und Kost\u00fcme und schieben einen symbolischen, mit Dekorationen geschm\u00fcckten Pflug. Der Pflug enth\u00e4lt ein paar Puppen, einen Mann und eine Frau, die den Fr\u00fchling und den Beginn der fruchtbaren Jahreszeit symbolisieren.<\/p>\n","protected":false},"featured_media":49271,"comment_status":"open","ping_status":"closed","template":"","meta":{"_glsr_average":0,"_glsr_ranking":0,"_glsr_reviews":0,"jetpack_publicize_message":"","jetpack_publicize_feature_enabled":true,"jetpack_social_post_already_shared":true,"jetpack_social_options":{"image_generator_settings":{"template":"highway","default_image_id":0,"font":"","enabled":false},"version":2}},"product_brand":[],"product_cat":[63,111,2231,153,108,249,132],"product_tag":[],"class_list":{"0":"post-49336","1":"product","2":"type-product","3":"status-publish","4":"has-post-thumbnail","6":"product_cat-auswahlkurator","7":"product_cat-farben","8":"product_cat-fotograf-jason-gardner","9":"product_cat-grafik","10":"product_cat-mensch","11":"product_cat-mystisch","12":"product_cat-portraets","13":"pa_bordureblancheautourdelimage-3cm-de","14":"pa_bordureblancheautourdelimage-9cm-de","15":"pa_dimensions-43x56cm-de","16":"pa_dimensions-60x80cm-de","17":"pa_dimensions-70x100cm-de","18":"pa_encadrements-dunklesholz-de","19":"pa_encadrements-farben-de","20":"pa_encadrements-grau-de","21":"pa_encadrements-hellesholz-de","22":"pa_encadrements-keinen-de","23":"pa_encadrements-schwarz-de","24":"pa_encadrements-weiss-de","25":"pa_oeuvresnumerotees_limitees-18exemplaren-de","26":"pa_papiers-hahnemuhlerultrasmooth-de","27":"pa_protectionfinitionsupport-druckunterglasacrylglass-de","28":"pa_protectionfinitionsupport-20-kunstpapieraufdibondr_alu-de","29":"pa_protectionfinitionsupport-e4-kunstpapieraufholzplatteu-de","30":"pa_techniquesphotographiques-farbe-de","31":"pa_themesphotographiques-grafik-de","32":"pa_themesphotographiques-mensch-de","33":"pa_themesphotographiques-mystisch-de","34":"pa_themesphotographiques-portrat-de","36":"first","37":"instock","38":"taxable","39":"shipping-taxable","40":"purchasable","41":"product-type-variable","42":"has-default-attributes"},"yoast_head":"<!-- This site is optimized with the Yoast SEO plugin v27.4 - https:\/\/yoast.com\/product\/yoast-seo-wordpress\/ -->\n<title>Zur\u00fcck zum Karneval, &quot;Oraci&quot; - Audacieuse-Galerie<\/title>\n<meta name=\"description\" content=\"Zur\u00fcck zum Karneval, &quot;Oraci&quot; - Audacieuse-Galerie\" \/>\n<meta name=\"robots\" content=\"index, follow, max-snippet:-1, max-image-preview:large, max-video-preview:-1\" \/>\n<link rel=\"canonical\" href=\"https:\/\/www.audacieuse-galerie.ch\/de\/produit\/retour-au-carnaval-oraci-2\/\" \/>\n<meta property=\"og:locale\" content=\"de_DE\" \/>\n<meta property=\"og:type\" content=\"article\" \/>\n<meta property=\"og:title\" content=\"Zur\u00fcck zum Karneval, &quot;Oraci&quot; - Audacieuse-Galerie\" \/>\n<meta property=\"og:description\" content=\"Zur\u00fcck zum Karneval, &quot;Oraci&quot; - Audacieuse-Galerie\" \/>\n<meta property=\"og:url\" content=\"https:\/\/www.audacieuse-galerie.ch\/de\/produit\/retour-au-carnaval-oraci-2\/\" \/>\n<meta property=\"og:site_name\" content=\"Audacieuse-Galerie\" \/>\n<meta property=\"article:publisher\" content=\"https:\/\/www.facebook.com\/audacieuse.galerie\" \/>\n<meta property=\"article:modified_time\" content=\"2025-06-07T12:06:13+00:00\" \/>\n<meta property=\"og:image\" content=\"https:\/\/www.audacieuse-galerie.ch\/wp-content\/uploads\/2019\/09\/655-Retour-au-Carnaval-Oraci.jpg\" \/>\n\t<meta property=\"og:image:width\" content=\"668\" \/>\n\t<meta property=\"og:image:height\" content=\"1000\" \/>\n\t<meta property=\"og:image:type\" content=\"image\/jpeg\" \/>\n<meta name=\"twitter:card\" content=\"summary_large_image\" \/>\n<script type=\"application\/ld+json\" class=\"yoast-schema-graph\">{\"@context\":\"https:\\\/\\\/schema.org\",\"@graph\":[{\"@type\":\"ImageObject\",\"inLanguage\":\"de\",\"@id\":\"https:\\\/\\\/www.audacieuse-galerie.ch\\\/de\\\/produit\\\/retour-au-carnaval-oraci-2\\\/#primaryimage\",\"url\":\"https:\\\/\\\/www.audacieuse-galerie.ch\\\/wp-content\\\/uploads\\\/2019\\\/09\\\/655-Retour-au-Carnaval-Oraci.jpg\",\"contentUrl\":\"https:\\\/\\\/www.audacieuse-galerie.ch\\\/wp-content\\\/uploads\\\/2019\\\/09\\\/655-Retour-au-Carnaval-Oraci.jpg\",\"width\":668,\"height\":1000,\"caption\":\"Zur\u00fcck zum Karneval, \\\"Oraci\\\"\"}]}<\/script>\n<!-- \/ Yoast SEO plugin. -->","yoast_head_json":{"title":"Zur\u00fcck zum Karneval, \"Oraci\" - Audacieuse-Galerie","description":"Zur\u00fcck zum Karneval, \"Oraci\" - Audacieuse-Galerie","robots":{"index":"index","follow":"follow","max-snippet":"max-snippet:-1","max-image-preview":"max-image-preview:large","max-video-preview":"max-video-preview:-1"},"canonical":"https:\/\/www.audacieuse-galerie.ch\/de\/produit\/retour-au-carnaval-oraci-2\/","og_locale":"de_DE","og_type":"article","og_title":"Zur\u00fcck zum Karneval, \"Oraci\" - Audacieuse-Galerie","og_description":"Zur\u00fcck zum Karneval, \"Oraci\" - Audacieuse-Galerie","og_url":"https:\/\/www.audacieuse-galerie.ch\/de\/produit\/retour-au-carnaval-oraci-2\/","og_site_name":"Audacieuse-Galerie","article_publisher":"https:\/\/www.facebook.com\/audacieuse.galerie","article_modified_time":"2025-06-07T12:06:13+00:00","og_image":[{"width":668,"height":1000,"url":"https:\/\/www.audacieuse-galerie.ch\/wp-content\/uploads\/2019\/09\/655-Retour-au-Carnaval-Oraci.jpg","type":"image\/jpeg"}],"twitter_card":"summary_large_image","schema":{"@context":"https:\/\/schema.org","@graph":[{"@type":"ImageObject","inLanguage":"de","@id":"https:\/\/www.audacieuse-galerie.ch\/de\/produit\/retour-au-carnaval-oraci-2\/#primaryimage","url":"https:\/\/www.audacieuse-galerie.ch\/wp-content\/uploads\/2019\/09\/655-Retour-au-Carnaval-Oraci.jpg","contentUrl":"https:\/\/www.audacieuse-galerie.ch\/wp-content\/uploads\/2019\/09\/655-Retour-au-Carnaval-Oraci.jpg","width":668,"height":1000,"caption":"Zur\u00fcck zum Karneval, \"Oraci\""}]}},"jetpack_publicize_connections":[],"_links":{"self":[{"href":"https:\/\/www.audacieuse-galerie.ch\/de\/wp-json\/wp\/v2\/product\/49336","targetHints":{"allow":["GET"]}}],"collection":[{"href":"https:\/\/www.audacieuse-galerie.ch\/de\/wp-json\/wp\/v2\/product"}],"about":[{"href":"https:\/\/www.audacieuse-galerie.ch\/de\/wp-json\/wp\/v2\/types\/product"}],"replies":[{"embeddable":true,"href":"https:\/\/www.audacieuse-galerie.ch\/de\/wp-json\/wp\/v2\/comments?post=49336"}],"version-history":[{"count":0,"href":"https:\/\/www.audacieuse-galerie.ch\/de\/wp-json\/wp\/v2\/product\/49336\/revisions"}],"wp:featuredmedia":[{"embeddable":true,"href":"https:\/\/www.audacieuse-galerie.ch\/de\/wp-json\/wp\/v2\/media\/49271"}],"wp:attachment":[{"href":"https:\/\/www.audacieuse-galerie.ch\/de\/wp-json\/wp\/v2\/media?parent=49336"}],"wp:term":[{"taxonomy":"product_brand","embeddable":true,"href":"https:\/\/www.audacieuse-galerie.ch\/de\/wp-json\/wp\/v2\/product_brand?post=49336"},{"taxonomy":"product_cat","embeddable":true,"href":"https:\/\/www.audacieuse-galerie.ch\/de\/wp-json\/wp\/v2\/product_cat?post=49336"},{"taxonomy":"product_tag","embeddable":true,"href":"https:\/\/www.audacieuse-galerie.ch\/de\/wp-json\/wp\/v2\/product_tag?post=49336"}],"curies":[{"name":"wp","href":"https:\/\/api.w.org\/{rel}","templated":true}]}}