{"id":50896,"date":"2019-09-08T20:10:49","date_gmt":"2019-09-08T18:10:49","guid":{"rendered":"https:\/\/woo.audacieuse-galerie.ch\/produit\/retour-au-carnaval-indian-papoose-2\/"},"modified":"2025-06-07T14:18:43","modified_gmt":"2025-06-07T12:18:43","slug":"retour-au-carnaval-indian-papoose-2","status":"publish","type":"product","link":"https:\/\/www.audacieuse-galerie.ch\/de\/produit\/retour-au-carnaval-indian-papoose-2\/","title":{"rendered":"Zur\u00fcck zum Karneval, &#8222;Indian Papoose&#8220;"},"content":{"rendered":"<p>In New Orleans, weit entfernt vom ber\u00fchmten French Quarter und den Uptown-Wagen, sind die Mardi Gras Indians eine Gruppe von Afroamerikanern, deren Tradition die amerikanischen Ureinwohner ehrt, die im 19. Jahrhundert entflohene Sklaven besch\u00fctzten. Jedes Jahr n\u00e4hen sie neue fein perlenbesetzte Kost\u00fcme von Hand.<\/p>\n","protected":false},"excerpt":{"rendered":"<p>In New Orleans, weit entfernt vom ber\u00fchmten French Quarter und den Uptown-Wagen, sind die Mardi Gras Indians eine Gruppe von Afroamerikanern, deren Tradition die amerikanischen Ureinwohner ehrt, die im 19. Jahrhundert entflohene Sklaven besch\u00fctzten.<\/p>\n","protected":false},"featured_media":50831,"comment_status":"open","ping_status":"closed","template":"","meta":{"_glsr_average":0,"_glsr_ranking":0,"_glsr_reviews":0,"jetpack_publicize_message":"","jetpack_publicize_feature_enabled":true,"jetpack_social_post_already_shared":true,"jetpack_social_options":{"image_generator_settings":{"template":"highway","default_image_id":0,"font":"","enabled":false},"version":2}},"product_brand":[],"product_cat":[189,111,2231,108,249,132],"product_tag":[],"class_list":{"0":"post-50896","1":"product","2":"type-product","3":"status-publish","4":"has-post-thumbnail","6":"product_cat-amerika","7":"product_cat-farben","8":"product_cat-fotograf-jason-gardner","9":"product_cat-mensch","10":"product_cat-mystisch","11":"product_cat-portraets","12":"pa_bordureblancheautourdelimage-3cm-de","13":"pa_bordureblancheautourdelimage-9cm-de","14":"pa_dimensions-43x56cm-de","15":"pa_dimensions-60x80cm-de","16":"pa_dimensions-70x100cm-de","17":"pa_encadrements-dunklesholz-de","18":"pa_encadrements-farben-de","19":"pa_encadrements-grau-de","20":"pa_encadrements-hellesholz-de","21":"pa_encadrements-keinen-de","22":"pa_encadrements-schwarz-de","23":"pa_encadrements-weiss-de","24":"pa_oeuvresnumerotees_limitees-18exemplaren-de","25":"pa_papiers-hahnemuhlerphotoragbaryta-de","26":"pa_protectionfinitionsupport-druckunterglasacrylglass-de","27":"pa_protectionfinitionsupport-20-kunstpapieraufdibondr_alu-de","28":"pa_protectionfinitionsupport-e4-kunstpapieraufholzplatteu-de","29":"pa_techniquesphotographiques-farbe-de","30":"pa_themesphotographiques-amerika-de","31":"pa_themesphotographiques-mensch-de","32":"pa_themesphotographiques-mystisch-de","33":"pa_themesphotographiques-portrat-de","35":"first","36":"instock","37":"taxable","38":"shipping-taxable","39":"purchasable","40":"product-type-variable","41":"has-default-attributes"},"yoast_head":"<!-- This site is optimized with the Yoast SEO plugin v27.4 - https:\/\/yoast.com\/product\/yoast-seo-wordpress\/ -->\n<title>Zur\u00fcck zum Karneval, &quot;Indian Papoose&quot; - Audacieuse-Galerie<\/title>\n<meta name=\"description\" content=\"Zur\u00fcck zum Karneval, &quot;Indian Papoose&quot; - Audacieuse-Galerie\" \/>\n<meta name=\"robots\" content=\"index, follow, max-snippet:-1, max-image-preview:large, max-video-preview:-1\" \/>\n<link rel=\"canonical\" href=\"https:\/\/www.audacieuse-galerie.ch\/de\/produit\/retour-au-carnaval-indian-papoose-2\/\" \/>\n<meta property=\"og:locale\" content=\"de_DE\" \/>\n<meta property=\"og:type\" content=\"article\" \/>\n<meta property=\"og:title\" content=\"Zur\u00fcck zum Karneval, &quot;Indian Papoose&quot; - Audacieuse-Galerie\" \/>\n<meta property=\"og:description\" content=\"Zur\u00fcck zum Karneval, &quot;Indian Papoose&quot; - Audacieuse-Galerie\" \/>\n<meta property=\"og:url\" content=\"https:\/\/www.audacieuse-galerie.ch\/de\/produit\/retour-au-carnaval-indian-papoose-2\/\" \/>\n<meta property=\"og:site_name\" content=\"Audacieuse-Galerie\" \/>\n<meta property=\"article:publisher\" content=\"https:\/\/www.facebook.com\/audacieuse.galerie\" \/>\n<meta property=\"article:modified_time\" content=\"2025-06-07T12:18:43+00:00\" \/>\n<meta property=\"og:image\" content=\"https:\/\/www.audacieuse-galerie.ch\/wp-content\/uploads\/2019\/09\/669-Retour-au-Carnaval-Indian-Papoose.jpg\" \/>\n\t<meta property=\"og:image:width\" content=\"1000\" \/>\n\t<meta property=\"og:image:height\" content=\"1000\" \/>\n\t<meta property=\"og:image:type\" content=\"image\/jpeg\" \/>\n<meta name=\"twitter:card\" content=\"summary_large_image\" \/>\n<script type=\"application\/ld+json\" class=\"yoast-schema-graph\">{\"@context\":\"https:\\\/\\\/schema.org\",\"@graph\":[{\"@type\":\"ImageObject\",\"inLanguage\":\"de\",\"@id\":\"https:\\\/\\\/www.audacieuse-galerie.ch\\\/de\\\/produit\\\/retour-au-carnaval-indian-papoose-2\\\/#primaryimage\",\"url\":\"https:\\\/\\\/www.audacieuse-galerie.ch\\\/wp-content\\\/uploads\\\/2019\\\/09\\\/669-Retour-au-Carnaval-Indian-Papoose.jpg\",\"contentUrl\":\"https:\\\/\\\/www.audacieuse-galerie.ch\\\/wp-content\\\/uploads\\\/2019\\\/09\\\/669-Retour-au-Carnaval-Indian-Papoose.jpg\",\"width\":1000,\"height\":1000,\"caption\":\"Zur\u00fcck zum Karneval, \\\"Indian Papoose\\\"\"}]}<\/script>\n<!-- \/ Yoast SEO plugin. -->","yoast_head_json":{"title":"Zur\u00fcck zum Karneval, \"Indian Papoose\" - Audacieuse-Galerie","description":"Zur\u00fcck zum Karneval, \"Indian Papoose\" - Audacieuse-Galerie","robots":{"index":"index","follow":"follow","max-snippet":"max-snippet:-1","max-image-preview":"max-image-preview:large","max-video-preview":"max-video-preview:-1"},"canonical":"https:\/\/www.audacieuse-galerie.ch\/de\/produit\/retour-au-carnaval-indian-papoose-2\/","og_locale":"de_DE","og_type":"article","og_title":"Zur\u00fcck zum Karneval, \"Indian Papoose\" - Audacieuse-Galerie","og_description":"Zur\u00fcck zum Karneval, \"Indian Papoose\" - Audacieuse-Galerie","og_url":"https:\/\/www.audacieuse-galerie.ch\/de\/produit\/retour-au-carnaval-indian-papoose-2\/","og_site_name":"Audacieuse-Galerie","article_publisher":"https:\/\/www.facebook.com\/audacieuse.galerie","article_modified_time":"2025-06-07T12:18:43+00:00","og_image":[{"width":1000,"height":1000,"url":"https:\/\/www.audacieuse-galerie.ch\/wp-content\/uploads\/2019\/09\/669-Retour-au-Carnaval-Indian-Papoose.jpg","type":"image\/jpeg"}],"twitter_card":"summary_large_image","schema":{"@context":"https:\/\/schema.org","@graph":[{"@type":"ImageObject","inLanguage":"de","@id":"https:\/\/www.audacieuse-galerie.ch\/de\/produit\/retour-au-carnaval-indian-papoose-2\/#primaryimage","url":"https:\/\/www.audacieuse-galerie.ch\/wp-content\/uploads\/2019\/09\/669-Retour-au-Carnaval-Indian-Papoose.jpg","contentUrl":"https:\/\/www.audacieuse-galerie.ch\/wp-content\/uploads\/2019\/09\/669-Retour-au-Carnaval-Indian-Papoose.jpg","width":1000,"height":1000,"caption":"Zur\u00fcck zum Karneval, \"Indian Papoose\""}]}},"jetpack_publicize_connections":[],"_links":{"self":[{"href":"https:\/\/www.audacieuse-galerie.ch\/de\/wp-json\/wp\/v2\/product\/50896","targetHints":{"allow":["GET"]}}],"collection":[{"href":"https:\/\/www.audacieuse-galerie.ch\/de\/wp-json\/wp\/v2\/product"}],"about":[{"href":"https:\/\/www.audacieuse-galerie.ch\/de\/wp-json\/wp\/v2\/types\/product"}],"replies":[{"embeddable":true,"href":"https:\/\/www.audacieuse-galerie.ch\/de\/wp-json\/wp\/v2\/comments?post=50896"}],"version-history":[{"count":0,"href":"https:\/\/www.audacieuse-galerie.ch\/de\/wp-json\/wp\/v2\/product\/50896\/revisions"}],"wp:featuredmedia":[{"embeddable":true,"href":"https:\/\/www.audacieuse-galerie.ch\/de\/wp-json\/wp\/v2\/media\/50831"}],"wp:attachment":[{"href":"https:\/\/www.audacieuse-galerie.ch\/de\/wp-json\/wp\/v2\/media?parent=50896"}],"wp:term":[{"taxonomy":"product_brand","embeddable":true,"href":"https:\/\/www.audacieuse-galerie.ch\/de\/wp-json\/wp\/v2\/product_brand?post=50896"},{"taxonomy":"product_cat","embeddable":true,"href":"https:\/\/www.audacieuse-galerie.ch\/de\/wp-json\/wp\/v2\/product_cat?post=50896"},{"taxonomy":"product_tag","embeddable":true,"href":"https:\/\/www.audacieuse-galerie.ch\/de\/wp-json\/wp\/v2\/product_tag?post=50896"}],"curies":[{"name":"wp","href":"https:\/\/api.w.org\/{rel}","templated":true}]}}