{"id":51286,"date":"2019-09-08T20:22:02","date_gmt":"2019-09-08T18:22:02","guid":{"rendered":"https:\/\/woo.audacieuse-galerie.ch\/produit\/retour-au-carnaval-botarga-2\/"},"modified":"2025-06-07T14:32:54","modified_gmt":"2025-06-07T12:32:54","slug":"retour-au-carnaval-botarga-2","status":"publish","type":"product","link":"https:\/\/www.audacieuse-galerie.ch\/de\/produit\/retour-au-carnaval-botarga-2\/","title":{"rendered":"Zur\u00fcck zum Karneval, &#8222;Botarga&#8220;"},"content":{"rendered":"<p>Die Botarga ist eine traditionelle Karnevalsfigur in Zentralspanien. Er stellt den Teufel dar und f\u00fchrt die religi\u00f6se Prozession zur Kirche an, tritt aber nicht ein. Die Botarga tr\u00e4gt eine orangefarbene und eine gelbe Maske, um die Ernte und die dunkle Seite des menschlichen Geistes zu symbolisieren.<\/p>\n","protected":false},"excerpt":{"rendered":"<p>Die Botarga ist eine traditionelle Karnevalsfigur in Zentralspanien. Er stellt den Teufel dar und f\u00fchrt die religi\u00f6se Prozession zur Kirche an, tritt aber nicht ein.<\/p>\n","protected":false},"featured_media":51221,"comment_status":"open","ping_status":"closed","template":"","meta":{"_glsr_average":0,"_glsr_ranking":0,"_glsr_reviews":0,"jetpack_publicize_message":"","jetpack_publicize_feature_enabled":true,"jetpack_social_post_already_shared":true,"jetpack_social_options":{"image_generator_settings":{"template":"highway","default_image_id":0,"font":"","enabled":false},"version":2}},"product_brand":[],"product_cat":[222,111,2231,108,249],"product_tag":[],"class_list":{"0":"post-51286","1":"product","2":"type-product","3":"status-publish","4":"has-post-thumbnail","6":"product_cat-europa","7":"product_cat-farben","8":"product_cat-fotograf-jason-gardner","9":"product_cat-mensch","10":"product_cat-mystisch","11":"pa_dimensions-43x56cm-de","12":"pa_dimensions-60x80cm-de","13":"pa_dimensions-70x100cm-de","14":"pa_encadrements-dunklesholz-de","15":"pa_encadrements-farben-de","16":"pa_encadrements-grau-de","17":"pa_encadrements-hellesholz-de","18":"pa_encadrements-keinen-de","19":"pa_encadrements-schwarz-de","20":"pa_encadrements-weiss-de","21":"pa_oeuvresnumerotees_limitees-18exemplaren-de","22":"pa_papiers-hahnemuhlerphotoragbaryta-de","23":"pa_protectionfinitionsupport-druckunterglasacrylglass-de","24":"pa_protectionfinitionsupport-20-kunstpapieraufdibondr_alu-de","25":"pa_protectionfinitionsupport-e4-kunstpapieraufholzplatteu-de","26":"pa_techniquesphotographiques-farbe-de","27":"pa_themesphotographiques-europa-de","28":"pa_themesphotographiques-mensch-de","29":"pa_themesphotographiques-mystisch-de","31":"first","32":"instock","33":"taxable","34":"shipping-taxable","35":"purchasable","36":"product-type-variable","37":"has-default-attributes"},"yoast_head":"<!-- This site is optimized with the Yoast SEO plugin v27.4 - https:\/\/yoast.com\/product\/yoast-seo-wordpress\/ -->\n<title>Zur\u00fcck zum Karneval, &quot;Botarga&quot; - Audacieuse-Galerie<\/title>\n<meta name=\"description\" content=\"Zur\u00fcck zum Karneval, &quot;Botarga&quot; - Audacieuse-Galerie\" \/>\n<meta name=\"robots\" content=\"index, follow, max-snippet:-1, max-image-preview:large, max-video-preview:-1\" \/>\n<link rel=\"canonical\" href=\"https:\/\/www.audacieuse-galerie.ch\/de\/produit\/retour-au-carnaval-botarga-2\/\" \/>\n<meta property=\"og:locale\" content=\"de_DE\" \/>\n<meta property=\"og:type\" content=\"article\" \/>\n<meta property=\"og:title\" content=\"Zur\u00fcck zum Karneval, &quot;Botarga&quot; - Audacieuse-Galerie\" \/>\n<meta property=\"og:description\" content=\"Zur\u00fcck zum Karneval, &quot;Botarga&quot; - Audacieuse-Galerie\" \/>\n<meta property=\"og:url\" content=\"https:\/\/www.audacieuse-galerie.ch\/de\/produit\/retour-au-carnaval-botarga-2\/\" \/>\n<meta property=\"og:site_name\" content=\"Audacieuse-Galerie\" \/>\n<meta property=\"article:publisher\" content=\"https:\/\/www.facebook.com\/audacieuse.galerie\" \/>\n<meta property=\"article:modified_time\" content=\"2025-06-07T12:32:54+00:00\" \/>\n<meta property=\"og:image\" content=\"https:\/\/www.audacieuse-galerie.ch\/wp-content\/uploads\/2019\/09\/672-Retour-au-Carnaval-Botarga.jpg\" \/>\n\t<meta property=\"og:image:width\" content=\"1000\" \/>\n\t<meta property=\"og:image:height\" content=\"1000\" \/>\n\t<meta property=\"og:image:type\" content=\"image\/jpeg\" \/>\n<meta name=\"twitter:card\" content=\"summary_large_image\" \/>\n<script type=\"application\/ld+json\" class=\"yoast-schema-graph\">{\"@context\":\"https:\\\/\\\/schema.org\",\"@graph\":[{\"@type\":\"ImageObject\",\"inLanguage\":\"de\",\"@id\":\"https:\\\/\\\/www.audacieuse-galerie.ch\\\/de\\\/produit\\\/retour-au-carnaval-botarga-2\\\/#primaryimage\",\"url\":\"https:\\\/\\\/www.audacieuse-galerie.ch\\\/wp-content\\\/uploads\\\/2019\\\/09\\\/672-Retour-au-Carnaval-Botarga.jpg\",\"contentUrl\":\"https:\\\/\\\/www.audacieuse-galerie.ch\\\/wp-content\\\/uploads\\\/2019\\\/09\\\/672-Retour-au-Carnaval-Botarga.jpg\",\"width\":1000,\"height\":1000,\"caption\":\"Zur\u00fcck zum Karneval, \\\"Botarga\\\"\"}]}<\/script>\n<!-- \/ Yoast SEO plugin. -->","yoast_head_json":{"title":"Zur\u00fcck zum Karneval, \"Botarga\" - Audacieuse-Galerie","description":"Zur\u00fcck zum Karneval, \"Botarga\" - Audacieuse-Galerie","robots":{"index":"index","follow":"follow","max-snippet":"max-snippet:-1","max-image-preview":"max-image-preview:large","max-video-preview":"max-video-preview:-1"},"canonical":"https:\/\/www.audacieuse-galerie.ch\/de\/produit\/retour-au-carnaval-botarga-2\/","og_locale":"de_DE","og_type":"article","og_title":"Zur\u00fcck zum Karneval, \"Botarga\" - Audacieuse-Galerie","og_description":"Zur\u00fcck zum Karneval, \"Botarga\" - Audacieuse-Galerie","og_url":"https:\/\/www.audacieuse-galerie.ch\/de\/produit\/retour-au-carnaval-botarga-2\/","og_site_name":"Audacieuse-Galerie","article_publisher":"https:\/\/www.facebook.com\/audacieuse.galerie","article_modified_time":"2025-06-07T12:32:54+00:00","og_image":[{"width":1000,"height":1000,"url":"https:\/\/www.audacieuse-galerie.ch\/wp-content\/uploads\/2019\/09\/672-Retour-au-Carnaval-Botarga.jpg","type":"image\/jpeg"}],"twitter_card":"summary_large_image","schema":{"@context":"https:\/\/schema.org","@graph":[{"@type":"ImageObject","inLanguage":"de","@id":"https:\/\/www.audacieuse-galerie.ch\/de\/produit\/retour-au-carnaval-botarga-2\/#primaryimage","url":"https:\/\/www.audacieuse-galerie.ch\/wp-content\/uploads\/2019\/09\/672-Retour-au-Carnaval-Botarga.jpg","contentUrl":"https:\/\/www.audacieuse-galerie.ch\/wp-content\/uploads\/2019\/09\/672-Retour-au-Carnaval-Botarga.jpg","width":1000,"height":1000,"caption":"Zur\u00fcck zum Karneval, \"Botarga\""}]}},"jetpack_publicize_connections":[],"_links":{"self":[{"href":"https:\/\/www.audacieuse-galerie.ch\/de\/wp-json\/wp\/v2\/product\/51286","targetHints":{"allow":["GET"]}}],"collection":[{"href":"https:\/\/www.audacieuse-galerie.ch\/de\/wp-json\/wp\/v2\/product"}],"about":[{"href":"https:\/\/www.audacieuse-galerie.ch\/de\/wp-json\/wp\/v2\/types\/product"}],"replies":[{"embeddable":true,"href":"https:\/\/www.audacieuse-galerie.ch\/de\/wp-json\/wp\/v2\/comments?post=51286"}],"version-history":[{"count":0,"href":"https:\/\/www.audacieuse-galerie.ch\/de\/wp-json\/wp\/v2\/product\/51286\/revisions"}],"wp:featuredmedia":[{"embeddable":true,"href":"https:\/\/www.audacieuse-galerie.ch\/de\/wp-json\/wp\/v2\/media\/51221"}],"wp:attachment":[{"href":"https:\/\/www.audacieuse-galerie.ch\/de\/wp-json\/wp\/v2\/media?parent=51286"}],"wp:term":[{"taxonomy":"product_brand","embeddable":true,"href":"https:\/\/www.audacieuse-galerie.ch\/de\/wp-json\/wp\/v2\/product_brand?post=51286"},{"taxonomy":"product_cat","embeddable":true,"href":"https:\/\/www.audacieuse-galerie.ch\/de\/wp-json\/wp\/v2\/product_cat?post=51286"},{"taxonomy":"product_tag","embeddable":true,"href":"https:\/\/www.audacieuse-galerie.ch\/de\/wp-json\/wp\/v2\/product_tag?post=51286"}],"curies":[{"name":"wp","href":"https:\/\/api.w.org\/{rel}","templated":true}]}}