{"id":51878,"date":"2026-02-23T13:35:41","date_gmt":"2026-02-23T12:35:41","guid":{"rendered":"https:\/\/woo.audacieuse-galerie.ch\/?post_type=product&#038;p=51878"},"modified":"2026-02-23T14:05:19","modified_gmt":"2026-02-23T13:05:19","slug":"schwarzes-diadem-garniert-mit-daunenfedern-und-spitze-guipure-blume","status":"publish","type":"product","link":"https:\/\/www.audacieuse-galerie.ch\/de\/produit\/schwarzes-diadem-garniert-mit-daunenfedern-und-spitze-guipure-blume\/","title":{"rendered":"Schwarze Tiara mit Federn und Guipure-Bl\u00fcte"},"content":{"rendered":"<p>Ein sehr zartes und leichtes Finish f\u00fcr diese Tiara, mit 4 h\u00fcbschen Federn, die von einer handgeformten Blume in einer h\u00fcbschen Baumwollguipure mit einem kleinen schwarzen Kn\u00e4uelknopf besetzt ist. Es l\u00e4sst dich mit all deinem Charme an einem passenden, eleganten Outfit in denselben Farben strahlen. <\/p>\n<ul>\n<li>Material: Truthahnfedern, Baumwoll-Guipure, Polyester-Satin<\/li>\n<li>Pflege: Reinigung mit der B\u00fcrste<\/li>\n<li>Sch\u00f6pfungsort: Carouge, handgefertigt in der Werkstatt<\/li>\n<\/ul>\n","protected":false},"excerpt":{"rendered":"<p>Ein zarter und leichter Abschluss mit vier h\u00fcbschen Federn, begleitet von einer handf\u00f6rmigen Blume in einem h\u00fcbschen Baumwoll-Guipure, f\u00fcr diese elegante Tiara.<\/p>\n","protected":false},"featured_media":51875,"comment_status":"open","ping_status":"closed","template":"","meta":{"jetpack_publicize_message":"","jetpack_publicize_feature_enabled":true,"jetpack_social_post_already_shared":true,"jetpack_social_options":{"image_generator_settings":{"template":"highway","default_image_id":0,"font":"","enabled":false},"version":2}},"product_brand":[],"product_cat":[213,105,2607,2593],"product_tag":[],"class_list":{"0":"post-51878","1":"product","2":"type-product","3":"status-publish","4":"has-post-thumbnail","6":"product_cat-friseurzubehoerteile","7":"product_cat-geschenkideen-aus-pret-a-porter-und-accessoires-fuer-sie-fuer-ihn","8":"product_cat-kuhne-mode-und-accessoires-galerie","9":"product_cat-modedesigner","10":"pa_color-schwarz-de","11":"pa_composition-baumwolle-de","12":"pa_composition-ferdern-de","13":"pa_composition-spitze-de","14":"pa_entretien-bleichennichterlaubt-de","15":"pa_entretien-nichtbugeln-de","16":"pa_entretien-36-professionelletrockenrein-de","17":"pa_genre-frau-de","18":"pa_lieudefabrication-carougeschweiz-de","19":"pa_lieudefabrication-schweitz-de","20":"pa_motif-geblumt-de","21":"pa_motif-sptitze-de","22":"pa_saison-herbstwinter-de","23":"pa_style-festlich-de","24":"pa_style-glamour-de","25":"pa_style-retro-de","26":"pa_taille-einergrosse-de","28":"first","29":"onbackorder","30":"taxable","31":"shipping-taxable","32":"purchasable","33":"product-type-variable","34":"has-default-attributes"},"yoast_head":"<!-- This site is optimized with the Yoast SEO plugin v27.3 - https:\/\/yoast.com\/product\/yoast-seo-wordpress\/ -->\n<title>Schwarze Tiara mit Federn und Guipure-Bl\u00fcte - Audacieuse-Galerie<\/title>\n<meta name=\"description\" content=\"Schwarze Tiara mit Federn und Guipure-Bl\u00fcte - Audacieuse-Galerie\" \/>\n<meta name=\"robots\" content=\"index, follow, max-snippet:-1, max-image-preview:large, max-video-preview:-1\" \/>\n<link rel=\"canonical\" href=\"https:\/\/www.audacieuse-galerie.ch\/de\/produit\/schwarzes-diadem-garniert-mit-daunenfedern-und-spitze-guipure-blume\/\" \/>\n<meta property=\"og:locale\" content=\"de_DE\" \/>\n<meta property=\"og:type\" content=\"article\" \/>\n<meta property=\"og:title\" content=\"Schwarze Tiara mit Federn und Guipure-Bl\u00fcte - Audacieuse-Galerie\" \/>\n<meta property=\"og:description\" content=\"Schwarze Tiara mit Federn und Guipure-Bl\u00fcte - Audacieuse-Galerie\" \/>\n<meta property=\"og:url\" content=\"https:\/\/www.audacieuse-galerie.ch\/de\/produit\/schwarzes-diadem-garniert-mit-daunenfedern-und-spitze-guipure-blume\/\" \/>\n<meta property=\"og:site_name\" content=\"Audacieuse-Galerie\" \/>\n<meta property=\"article:publisher\" content=\"https:\/\/www.facebook.com\/audacieuse.galerie\" \/>\n<meta property=\"article:modified_time\" content=\"2026-02-23T13:05:19+00:00\" \/>\n<meta property=\"og:image\" content=\"https:\/\/www.audacieuse-galerie.ch\/wp-content\/uploads\/2019\/10\/685-Diademe-noir-garni-de-plumes-et-fleur-en-guipure.jpg\" \/>\n\t<meta property=\"og:image:width\" content=\"2130\" \/>\n\t<meta property=\"og:image:height\" content=\"2130\" \/>\n\t<meta property=\"og:image:type\" content=\"image\/jpeg\" \/>\n<meta name=\"twitter:card\" content=\"summary_large_image\" \/>\n<script type=\"application\/ld+json\" class=\"yoast-schema-graph\">{\"@context\":\"https:\\\/\\\/schema.org\",\"@graph\":[{\"@type\":\"WebPage\",\"@id\":\"https:\\\/\\\/www.audacieuse-galerie.ch\\\/de\\\/produit\\\/schwarzes-diadem-garniert-mit-daunenfedern-und-spitze-guipure-blume\\\/\",\"url\":\"https:\\\/\\\/www.audacieuse-galerie.ch\\\/de\\\/produit\\\/schwarzes-diadem-garniert-mit-daunenfedern-und-spitze-guipure-blume\\\/\",\"name\":\"Schwarze Tiara mit Federn und Guipure-Bl\u00fcte - Audacieuse-Galerie\",\"isPartOf\":{\"@id\":\"https:\\\/\\\/www.audacieuse-galerie.ch\\\/de\\\/#website\"},\"primaryImageOfPage\":{\"@id\":\"https:\\\/\\\/www.audacieuse-galerie.ch\\\/de\\\/produit\\\/schwarzes-diadem-garniert-mit-daunenfedern-und-spitze-guipure-blume\\\/#primaryimage\"},\"image\":{\"@id\":\"https:\\\/\\\/www.audacieuse-galerie.ch\\\/de\\\/produit\\\/schwarzes-diadem-garniert-mit-daunenfedern-und-spitze-guipure-blume\\\/#primaryimage\"},\"thumbnailUrl\":\"https:\\\/\\\/www.audacieuse-galerie.ch\\\/wp-content\\\/uploads\\\/2019\\\/10\\\/685-Diademe-noir-garni-de-plumes-et-fleur-en-guipure.jpg\",\"datePublished\":\"2026-02-23T12:35:41+00:00\",\"dateModified\":\"2026-02-23T13:05:19+00:00\",\"description\":\"Schwarze Tiara mit Federn und Guipure-Bl\u00fcte - Audacieuse-Galerie\",\"breadcrumb\":{\"@id\":\"https:\\\/\\\/www.audacieuse-galerie.ch\\\/de\\\/produit\\\/schwarzes-diadem-garniert-mit-daunenfedern-und-spitze-guipure-blume\\\/#breadcrumb\"},\"inLanguage\":\"de\",\"potentialAction\":[{\"@type\":\"ReadAction\",\"target\":[\"https:\\\/\\\/www.audacieuse-galerie.ch\\\/de\\\/produit\\\/schwarzes-diadem-garniert-mit-daunenfedern-und-spitze-guipure-blume\\\/\"]}]},{\"@type\":\"ImageObject\",\"inLanguage\":\"de\",\"@id\":\"https:\\\/\\\/www.audacieuse-galerie.ch\\\/de\\\/produit\\\/schwarzes-diadem-garniert-mit-daunenfedern-und-spitze-guipure-blume\\\/#primaryimage\",\"url\":\"https:\\\/\\\/www.audacieuse-galerie.ch\\\/wp-content\\\/uploads\\\/2019\\\/10\\\/685-Diademe-noir-garni-de-plumes-et-fleur-en-guipure.jpg\",\"contentUrl\":\"https:\\\/\\\/www.audacieuse-galerie.ch\\\/wp-content\\\/uploads\\\/2019\\\/10\\\/685-Diademe-noir-garni-de-plumes-et-fleur-en-guipure.jpg\",\"width\":2130,\"height\":2130,\"caption\":\"Schwarze Tiara mit Federn und Guipure-Bl\u00fcte\"},{\"@type\":\"BreadcrumbList\",\"@id\":\"https:\\\/\\\/www.audacieuse-galerie.ch\\\/de\\\/produit\\\/schwarzes-diadem-garniert-mit-daunenfedern-und-spitze-guipure-blume\\\/#breadcrumb\",\"itemListElement\":[{\"@type\":\"ListItem\",\"position\":1,\"name\":\"Heim\",\"item\":\"https:\\\/\\\/www.audacieuse-galerie.ch\\\/de\\\/\"},{\"@type\":\"ListItem\",\"position\":2,\"name\":\"Alle unsere Produkte\",\"item\":\"https:\\\/\\\/www.audacieuse-galerie.ch\\\/tous-nos-produits\\\/\"},{\"@type\":\"ListItem\",\"position\":3,\"name\":\"Schwarze Tiara mit Federn und Guipure-Bl\u00fcte\"}]},{\"@type\":\"WebSite\",\"@id\":\"https:\\\/\\\/www.audacieuse-galerie.ch\\\/de\\\/#website\",\"url\":\"https:\\\/\\\/www.audacieuse-galerie.ch\\\/de\\\/\",\"name\":\"Audacieuse-Galerie\",\"description\":\"Mode et Images\",\"potentialAction\":[{\"@type\":\"SearchAction\",\"target\":{\"@type\":\"EntryPoint\",\"urlTemplate\":\"https:\\\/\\\/www.audacieuse-galerie.ch\\\/de\\\/?s={search_term_string}\"},\"query-input\":{\"@type\":\"PropertyValueSpecification\",\"valueRequired\":true,\"valueName\":\"search_term_string\"}}],\"inLanguage\":\"de\"}]}<\/script>\n<!-- \/ Yoast SEO plugin. -->","yoast_head_json":{"title":"Schwarze Tiara mit Federn und Guipure-Bl\u00fcte - Audacieuse-Galerie","description":"Schwarze Tiara mit Federn und Guipure-Bl\u00fcte - Audacieuse-Galerie","robots":{"index":"index","follow":"follow","max-snippet":"max-snippet:-1","max-image-preview":"max-image-preview:large","max-video-preview":"max-video-preview:-1"},"canonical":"https:\/\/www.audacieuse-galerie.ch\/de\/produit\/schwarzes-diadem-garniert-mit-daunenfedern-und-spitze-guipure-blume\/","og_locale":"de_DE","og_type":"article","og_title":"Schwarze Tiara mit Federn und Guipure-Bl\u00fcte - Audacieuse-Galerie","og_description":"Schwarze Tiara mit Federn und Guipure-Bl\u00fcte - Audacieuse-Galerie","og_url":"https:\/\/www.audacieuse-galerie.ch\/de\/produit\/schwarzes-diadem-garniert-mit-daunenfedern-und-spitze-guipure-blume\/","og_site_name":"Audacieuse-Galerie","article_publisher":"https:\/\/www.facebook.com\/audacieuse.galerie","article_modified_time":"2026-02-23T13:05:19+00:00","og_image":[{"width":2130,"height":2130,"url":"https:\/\/www.audacieuse-galerie.ch\/wp-content\/uploads\/2019\/10\/685-Diademe-noir-garni-de-plumes-et-fleur-en-guipure.jpg","type":"image\/jpeg"}],"twitter_card":"summary_large_image","schema":{"@context":"https:\/\/schema.org","@graph":[{"@type":"WebPage","@id":"https:\/\/www.audacieuse-galerie.ch\/de\/produit\/schwarzes-diadem-garniert-mit-daunenfedern-und-spitze-guipure-blume\/","url":"https:\/\/www.audacieuse-galerie.ch\/de\/produit\/schwarzes-diadem-garniert-mit-daunenfedern-und-spitze-guipure-blume\/","name":"Schwarze Tiara mit Federn und Guipure-Bl\u00fcte - Audacieuse-Galerie","isPartOf":{"@id":"https:\/\/www.audacieuse-galerie.ch\/de\/#website"},"primaryImageOfPage":{"@id":"https:\/\/www.audacieuse-galerie.ch\/de\/produit\/schwarzes-diadem-garniert-mit-daunenfedern-und-spitze-guipure-blume\/#primaryimage"},"image":{"@id":"https:\/\/www.audacieuse-galerie.ch\/de\/produit\/schwarzes-diadem-garniert-mit-daunenfedern-und-spitze-guipure-blume\/#primaryimage"},"thumbnailUrl":"https:\/\/www.audacieuse-galerie.ch\/wp-content\/uploads\/2019\/10\/685-Diademe-noir-garni-de-plumes-et-fleur-en-guipure.jpg","datePublished":"2026-02-23T12:35:41+00:00","dateModified":"2026-02-23T13:05:19+00:00","description":"Schwarze Tiara mit Federn und Guipure-Bl\u00fcte - Audacieuse-Galerie","breadcrumb":{"@id":"https:\/\/www.audacieuse-galerie.ch\/de\/produit\/schwarzes-diadem-garniert-mit-daunenfedern-und-spitze-guipure-blume\/#breadcrumb"},"inLanguage":"de","potentialAction":[{"@type":"ReadAction","target":["https:\/\/www.audacieuse-galerie.ch\/de\/produit\/schwarzes-diadem-garniert-mit-daunenfedern-und-spitze-guipure-blume\/"]}]},{"@type":"ImageObject","inLanguage":"de","@id":"https:\/\/www.audacieuse-galerie.ch\/de\/produit\/schwarzes-diadem-garniert-mit-daunenfedern-und-spitze-guipure-blume\/#primaryimage","url":"https:\/\/www.audacieuse-galerie.ch\/wp-content\/uploads\/2019\/10\/685-Diademe-noir-garni-de-plumes-et-fleur-en-guipure.jpg","contentUrl":"https:\/\/www.audacieuse-galerie.ch\/wp-content\/uploads\/2019\/10\/685-Diademe-noir-garni-de-plumes-et-fleur-en-guipure.jpg","width":2130,"height":2130,"caption":"Schwarze Tiara mit Federn und Guipure-Bl\u00fcte"},{"@type":"BreadcrumbList","@id":"https:\/\/www.audacieuse-galerie.ch\/de\/produit\/schwarzes-diadem-garniert-mit-daunenfedern-und-spitze-guipure-blume\/#breadcrumb","itemListElement":[{"@type":"ListItem","position":1,"name":"Heim","item":"https:\/\/www.audacieuse-galerie.ch\/de\/"},{"@type":"ListItem","position":2,"name":"Alle unsere Produkte","item":"https:\/\/www.audacieuse-galerie.ch\/tous-nos-produits\/"},{"@type":"ListItem","position":3,"name":"Schwarze Tiara mit Federn und Guipure-Bl\u00fcte"}]},{"@type":"WebSite","@id":"https:\/\/www.audacieuse-galerie.ch\/de\/#website","url":"https:\/\/www.audacieuse-galerie.ch\/de\/","name":"Audacieuse-Galerie","description":"Mode et Images","potentialAction":[{"@type":"SearchAction","target":{"@type":"EntryPoint","urlTemplate":"https:\/\/www.audacieuse-galerie.ch\/de\/?s={search_term_string}"},"query-input":{"@type":"PropertyValueSpecification","valueRequired":true,"valueName":"search_term_string"}}],"inLanguage":"de"}]}},"jetpack_publicize_connections":[],"_links":{"self":[{"href":"https:\/\/www.audacieuse-galerie.ch\/de\/wp-json\/wp\/v2\/product\/51878","targetHints":{"allow":["GET"]}}],"collection":[{"href":"https:\/\/www.audacieuse-galerie.ch\/de\/wp-json\/wp\/v2\/product"}],"about":[{"href":"https:\/\/www.audacieuse-galerie.ch\/de\/wp-json\/wp\/v2\/types\/product"}],"replies":[{"embeddable":true,"href":"https:\/\/www.audacieuse-galerie.ch\/de\/wp-json\/wp\/v2\/comments?post=51878"}],"version-history":[{"count":0,"href":"https:\/\/www.audacieuse-galerie.ch\/de\/wp-json\/wp\/v2\/product\/51878\/revisions"}],"wp:featuredmedia":[{"embeddable":true,"href":"https:\/\/www.audacieuse-galerie.ch\/de\/wp-json\/wp\/v2\/media\/51875"}],"wp:attachment":[{"href":"https:\/\/www.audacieuse-galerie.ch\/de\/wp-json\/wp\/v2\/media?parent=51878"}],"wp:term":[{"taxonomy":"product_brand","embeddable":true,"href":"https:\/\/www.audacieuse-galerie.ch\/de\/wp-json\/wp\/v2\/product_brand?post=51878"},{"taxonomy":"product_cat","embeddable":true,"href":"https:\/\/www.audacieuse-galerie.ch\/de\/wp-json\/wp\/v2\/product_cat?post=51878"},{"taxonomy":"product_tag","embeddable":true,"href":"https:\/\/www.audacieuse-galerie.ch\/de\/wp-json\/wp\/v2\/product_tag?post=51878"}],"curies":[{"name":"wp","href":"https:\/\/api.w.org\/{rel}","templated":true}]}}