{"id":51958,"date":"2019-10-17T14:06:50","date_gmt":"2019-10-17T12:06:50","guid":{"rendered":"https:\/\/woo.audacieuse-galerie.ch\/produit\/privacy-under-your-skin-2\/"},"modified":"2025-06-07T14:48:04","modified_gmt":"2025-06-07T12:48:04","slug":"privacy-under-your-skin-2","status":"publish","type":"product","link":"https:\/\/www.audacieuse-galerie.ch\/de\/produit\/privacy-under-your-skin-2\/","title":{"rendered":"Privatsph\u00e4re \u2013 Unter der Haut"},"content":{"rendered":"<p>Hier sind die beiden Genres identifizierbar, die Intimit\u00e4t der Aufnahme l\u00e4sst uns in ein bestimmtes Universum eintauchen. Die Metapher des Schwarzes wirkt hier fast wie ein Monster, das seine Beute verschlingt, aber die Farbe \u00fcbernimmt die Rolle des Lichts, das aus den Schatten auftaucht und das Gesicht und das Bild erhellt. Wir k\u00f6nnen die Verwandlung im Gange sehen und miterleben, als ob wir auf einer B\u00fchne st\u00fcnden, das Aufstellen des Bildes bezieht sich dann nach den Vorbereitungen darauf und schickt uns direkt zur\u00fcck in den Moment der Show.<\/p>\n","protected":false},"excerpt":{"rendered":"<p>Die Metapher des Schwarzes wirkt hier fast wie ein Monster, das seine Beute verschlingt, aber die Farbe \u00fcbernimmt die Rolle des Lichts, das aus den Schatten auftaucht und das Gesicht und das Bild erhellt.  <\/p>\n","protected":false},"featured_media":51914,"comment_status":"open","ping_status":"closed","template":"","meta":{"_glsr_average":0,"_glsr_ranking":0,"_glsr_reviews":0,"jetpack_publicize_message":"","jetpack_publicize_feature_enabled":true,"jetpack_social_post_already_shared":true,"jetpack_social_options":{"image_generator_settings":{"template":"highway","default_image_id":0,"font":"","enabled":false},"version":2}},"product_brand":[],"product_cat":[63,111,2232,108,132],"product_tag":[],"class_list":{"0":"post-51958","1":"product","2":"type-product","3":"status-publish","4":"has-post-thumbnail","6":"product_cat-auswahlkurator","7":"product_cat-farben","8":"product_cat-fotografin-manon-boyer","9":"product_cat-mensch","10":"product_cat-portraets","11":"pa_dimensions-50x65cm-de","12":"pa_dimensions-60x90cm-de","13":"pa_encadrements-dunklesholz-de","14":"pa_encadrements-farben-de","15":"pa_encadrements-grau-de","16":"pa_encadrements-hellesholz-de","17":"pa_encadrements-keinen-de","18":"pa_encadrements-schwarz-de","19":"pa_encadrements-weiss-de","20":"pa_oeuvresnumerotees_limitees-15exemplaren-de","21":"pa_papiers-satinbarytpapier-de","22":"pa_protectionfinitionsupport-druckunterglasacrylglass-de","23":"pa_protectionfinitionsupport-20-kunstpapieraufdibondr_alu-de","24":"pa_protectionfinitionsupport-e4-kunstpapieraufholzplatteu-de","25":"pa_techniquesphotographiques-farbe-de","26":"pa_themesphotographiques-grafik-de","27":"pa_themesphotographiques-mensch-de","28":"pa_themesphotographiques-mode-de","29":"pa_themesphotographiques-portrat-de","31":"first","32":"instock","33":"taxable","34":"shipping-taxable","35":"purchasable","36":"product-type-variable","37":"has-default-attributes"},"yoast_head":"<!-- This site is optimized with the Yoast SEO plugin v27.4 - https:\/\/yoast.com\/product\/yoast-seo-wordpress\/ -->\n<title>Privatsph\u00e4re - Unter der Haut - Audacieuse-Galerie<\/title>\n<meta name=\"description\" content=\"Privatsph\u00e4re - Unter der Haut - Audacieuse-Galerie\" \/>\n<meta name=\"robots\" content=\"index, follow, max-snippet:-1, max-image-preview:large, max-video-preview:-1\" \/>\n<link rel=\"canonical\" href=\"https:\/\/www.audacieuse-galerie.ch\/de\/produit\/privacy-under-your-skin-2\/\" \/>\n<meta property=\"og:locale\" content=\"de_DE\" \/>\n<meta property=\"og:type\" content=\"article\" \/>\n<meta property=\"og:title\" content=\"Privatsph\u00e4re - Unter der Haut - Audacieuse-Galerie\" \/>\n<meta property=\"og:description\" content=\"Privatsph\u00e4re - Unter der Haut - Audacieuse-Galerie\" \/>\n<meta property=\"og:url\" content=\"https:\/\/www.audacieuse-galerie.ch\/de\/produit\/privacy-under-your-skin-2\/\" \/>\n<meta property=\"og:site_name\" content=\"Audacieuse-Galerie\" \/>\n<meta property=\"article:publisher\" content=\"https:\/\/www.facebook.com\/audacieuse.galerie\" \/>\n<meta property=\"article:modified_time\" content=\"2025-06-07T12:48:04+00:00\" \/>\n<meta property=\"og:image\" content=\"https:\/\/www.audacieuse-galerie.ch\/wp-content\/uploads\/2019\/10\/677-Privacy-Under-your-skin.jpg\" \/>\n\t<meta property=\"og:image:width\" content=\"800\" \/>\n\t<meta property=\"og:image:height\" content=\"1200\" \/>\n\t<meta property=\"og:image:type\" content=\"image\/jpeg\" \/>\n<meta name=\"twitter:card\" content=\"summary_large_image\" \/>\n<script type=\"application\/ld+json\" class=\"yoast-schema-graph\">{\"@context\":\"https:\\\/\\\/schema.org\",\"@graph\":[{\"@type\":\"ImageObject\",\"inLanguage\":\"de\",\"@id\":\"https:\\\/\\\/www.audacieuse-galerie.ch\\\/de\\\/produit\\\/privacy-under-your-skin-2\\\/#primaryimage\",\"url\":\"https:\\\/\\\/www.audacieuse-galerie.ch\\\/wp-content\\\/uploads\\\/2019\\\/10\\\/677-Privacy-Under-your-skin.jpg\",\"contentUrl\":\"https:\\\/\\\/www.audacieuse-galerie.ch\\\/wp-content\\\/uploads\\\/2019\\\/10\\\/677-Privacy-Under-your-skin.jpg\",\"width\":800,\"height\":1200,\"caption\":\"Privatsph\u00e4re - Unter der Haut\"}]}<\/script>\n<!-- \/ Yoast SEO plugin. -->","yoast_head_json":{"title":"Privatsph\u00e4re - Unter der Haut - Audacieuse-Galerie","description":"Privatsph\u00e4re - Unter der Haut - Audacieuse-Galerie","robots":{"index":"index","follow":"follow","max-snippet":"max-snippet:-1","max-image-preview":"max-image-preview:large","max-video-preview":"max-video-preview:-1"},"canonical":"https:\/\/www.audacieuse-galerie.ch\/de\/produit\/privacy-under-your-skin-2\/","og_locale":"de_DE","og_type":"article","og_title":"Privatsph\u00e4re - Unter der Haut - Audacieuse-Galerie","og_description":"Privatsph\u00e4re - Unter der Haut - Audacieuse-Galerie","og_url":"https:\/\/www.audacieuse-galerie.ch\/de\/produit\/privacy-under-your-skin-2\/","og_site_name":"Audacieuse-Galerie","article_publisher":"https:\/\/www.facebook.com\/audacieuse.galerie","article_modified_time":"2025-06-07T12:48:04+00:00","og_image":[{"width":800,"height":1200,"url":"https:\/\/www.audacieuse-galerie.ch\/wp-content\/uploads\/2019\/10\/677-Privacy-Under-your-skin.jpg","type":"image\/jpeg"}],"twitter_card":"summary_large_image","schema":{"@context":"https:\/\/schema.org","@graph":[{"@type":"ImageObject","inLanguage":"de","@id":"https:\/\/www.audacieuse-galerie.ch\/de\/produit\/privacy-under-your-skin-2\/#primaryimage","url":"https:\/\/www.audacieuse-galerie.ch\/wp-content\/uploads\/2019\/10\/677-Privacy-Under-your-skin.jpg","contentUrl":"https:\/\/www.audacieuse-galerie.ch\/wp-content\/uploads\/2019\/10\/677-Privacy-Under-your-skin.jpg","width":800,"height":1200,"caption":"Privatsph\u00e4re - Unter der Haut"}]}},"jetpack_publicize_connections":[],"_links":{"self":[{"href":"https:\/\/www.audacieuse-galerie.ch\/de\/wp-json\/wp\/v2\/product\/51958","targetHints":{"allow":["GET"]}}],"collection":[{"href":"https:\/\/www.audacieuse-galerie.ch\/de\/wp-json\/wp\/v2\/product"}],"about":[{"href":"https:\/\/www.audacieuse-galerie.ch\/de\/wp-json\/wp\/v2\/types\/product"}],"replies":[{"embeddable":true,"href":"https:\/\/www.audacieuse-galerie.ch\/de\/wp-json\/wp\/v2\/comments?post=51958"}],"version-history":[{"count":0,"href":"https:\/\/www.audacieuse-galerie.ch\/de\/wp-json\/wp\/v2\/product\/51958\/revisions"}],"wp:featuredmedia":[{"embeddable":true,"href":"https:\/\/www.audacieuse-galerie.ch\/de\/wp-json\/wp\/v2\/media\/51914"}],"wp:attachment":[{"href":"https:\/\/www.audacieuse-galerie.ch\/de\/wp-json\/wp\/v2\/media?parent=51958"}],"wp:term":[{"taxonomy":"product_brand","embeddable":true,"href":"https:\/\/www.audacieuse-galerie.ch\/de\/wp-json\/wp\/v2\/product_brand?post=51958"},{"taxonomy":"product_cat","embeddable":true,"href":"https:\/\/www.audacieuse-galerie.ch\/de\/wp-json\/wp\/v2\/product_cat?post=51958"},{"taxonomy":"product_tag","embeddable":true,"href":"https:\/\/www.audacieuse-galerie.ch\/de\/wp-json\/wp\/v2\/product_tag?post=51958"}],"curies":[{"name":"wp","href":"https:\/\/api.w.org\/{rel}","templated":true}]}}