{"id":52090,"date":"2019-10-17T14:41:00","date_gmt":"2019-10-17T12:41:00","guid":{"rendered":"https:\/\/woo.audacieuse-galerie.ch\/produit\/lip-sync-for-your-life-show-must-go-on-2\/"},"modified":"2025-06-07T14:47:02","modified_gmt":"2025-06-07T12:47:02","slug":"lip-sync-for-your-life-show-must-go-on-2","status":"publish","type":"product","link":"https:\/\/www.audacieuse-galerie.ch\/de\/produit\/lip-sync-for-your-life-show-must-go-on-2\/","title":{"rendered":"Lippensynchronisation f\u00fcr Ihr Leben \u2013 Show must go on"},"content":{"rendered":"<p>Der sehr theatralische Charakter dieses Bildes bezieht sich insbesondere auf die Szene und die Art und Weise, wie man sich entscheidet, sich anderen zu zeigen. Die Weichheit des Lichts, das auf den Menschen f\u00e4llt, und die Art und Weise, wie er es ergreift, verweist auf Emanzipation und Selbstakzeptanz. Als ob dieses Rosa eine Identit\u00e4t im Entstehen darstellte und dass es in der H\u00f6hle seiner Arme ruhte, in der Hoffnung, wiedergefunden zu werden. Ein Geist, der endlich die Wahl des K\u00f6rpers hat, in dem er leben wird.<\/p>\n","protected":false},"excerpt":{"rendered":"<p>Der sehr theatralische Charakter dieses Bildes bezieht sich insbesondere auf die Szene und die Art und Weise, wie man sich entscheidet, sich anderen zu zeigen. Die Weichheit des Lichts, das auf den Menschen f\u00e4llt, und die Art und Weise, wie er es ergreift, verweist auf Emanzipation und Selbstakzeptanz.<\/p>\n","protected":false},"featured_media":52046,"comment_status":"open","ping_status":"closed","template":"","meta":{"_glsr_average":0,"_glsr_ranking":0,"_glsr_reviews":0,"jetpack_publicize_message":"","jetpack_publicize_feature_enabled":true,"jetpack_social_post_already_shared":true,"jetpack_social_options":{"image_generator_settings":{"template":"highway","default_image_id":0,"font":"","enabled":false},"version":2}},"product_brand":[],"product_cat":[111,2232,153,108,132],"product_tag":[],"class_list":{"0":"post-52090","1":"product","2":"type-product","3":"status-publish","4":"has-post-thumbnail","6":"product_cat-farben","7":"product_cat-fotografin-manon-boyer","8":"product_cat-grafik","9":"product_cat-mensch","10":"product_cat-portraets","11":"pa_dimensions-50x65cm-de","12":"pa_dimensions-60x90cm-de","13":"pa_encadrements-dunklesholz-de","14":"pa_encadrements-farben-de","15":"pa_encadrements-grau-de","16":"pa_encadrements-hellesholz-de","17":"pa_encadrements-keinen-de","18":"pa_encadrements-schwarz-de","19":"pa_encadrements-weiss-de","20":"pa_oeuvresnumerotees_limitees-15exemplaren-de","21":"pa_papiers-satinbarytpapier-de","22":"pa_protectionfinitionsupport-druckunterglasacrylglass-de","23":"pa_protectionfinitionsupport-20-kunstpapieraufdibondr_alu-de","24":"pa_protectionfinitionsupport-e4-kunstpapieraufholzplatteu-de","25":"pa_techniquesphotographiques-farbe-de","26":"pa_themesphotographiques-grafik-de","27":"pa_themesphotographiques-mensch-de","28":"pa_themesphotographiques-mode-de","29":"pa_themesphotographiques-portrat-de","31":"first","32":"instock","33":"taxable","34":"shipping-taxable","35":"purchasable","36":"product-type-variable","37":"has-default-attributes"},"yoast_head":"<!-- This site is optimized with the Yoast SEO plugin v27.4 - https:\/\/yoast.com\/product\/yoast-seo-wordpress\/ -->\n<title>Lippensynchronisation f\u00fcr Ihr Leben - Show must go on - Audacieuse-Galerie<\/title>\n<meta name=\"description\" content=\"Lippensynchronisation f\u00fcr Ihr Leben - Show must go on - Audacieuse-Galerie\" \/>\n<meta name=\"robots\" content=\"index, follow, max-snippet:-1, max-image-preview:large, max-video-preview:-1\" \/>\n<link rel=\"canonical\" href=\"https:\/\/www.audacieuse-galerie.ch\/de\/produit\/lip-sync-for-your-life-show-must-go-on-2\/\" \/>\n<meta property=\"og:locale\" content=\"de_DE\" \/>\n<meta property=\"og:type\" content=\"article\" \/>\n<meta property=\"og:title\" content=\"Lippensynchronisation f\u00fcr Ihr Leben - Show must go on - Audacieuse-Galerie\" \/>\n<meta property=\"og:description\" content=\"Lippensynchronisation f\u00fcr Ihr Leben - Show must go on - Audacieuse-Galerie\" \/>\n<meta property=\"og:url\" content=\"https:\/\/www.audacieuse-galerie.ch\/de\/produit\/lip-sync-for-your-life-show-must-go-on-2\/\" \/>\n<meta property=\"og:site_name\" content=\"Audacieuse-Galerie\" \/>\n<meta property=\"article:publisher\" content=\"https:\/\/www.facebook.com\/audacieuse.galerie\" \/>\n<meta property=\"article:modified_time\" content=\"2025-06-07T12:47:02+00:00\" \/>\n<meta property=\"og:image\" content=\"https:\/\/www.audacieuse-galerie.ch\/wp-content\/uploads\/2019\/10\/678-Lip-sync-for-your-life-Show-must-go-on.jpg\" \/>\n\t<meta property=\"og:image:width\" content=\"1000\" \/>\n\t<meta property=\"og:image:height\" content=\"667\" \/>\n\t<meta property=\"og:image:type\" content=\"image\/jpeg\" \/>\n<meta name=\"twitter:card\" content=\"summary_large_image\" \/>\n<script type=\"application\/ld+json\" class=\"yoast-schema-graph\">{\"@context\":\"https:\\\/\\\/schema.org\",\"@graph\":[{\"@type\":\"ImageObject\",\"inLanguage\":\"de\",\"@id\":\"https:\\\/\\\/www.audacieuse-galerie.ch\\\/de\\\/produit\\\/lip-sync-for-your-life-show-must-go-on-2\\\/#primaryimage\",\"url\":\"https:\\\/\\\/www.audacieuse-galerie.ch\\\/wp-content\\\/uploads\\\/2019\\\/10\\\/678-Lip-sync-for-your-life-Show-must-go-on.jpg\",\"contentUrl\":\"https:\\\/\\\/www.audacieuse-galerie.ch\\\/wp-content\\\/uploads\\\/2019\\\/10\\\/678-Lip-sync-for-your-life-Show-must-go-on.jpg\",\"width\":1000,\"height\":667,\"caption\":\"Lippensynchronisation f\u00fcr Ihr Leben - Show must go on\"}]}<\/script>\n<!-- \/ Yoast SEO plugin. -->","yoast_head_json":{"title":"Lippensynchronisation f\u00fcr Ihr Leben - Show must go on - Audacieuse-Galerie","description":"Lippensynchronisation f\u00fcr Ihr Leben - Show must go on - Audacieuse-Galerie","robots":{"index":"index","follow":"follow","max-snippet":"max-snippet:-1","max-image-preview":"max-image-preview:large","max-video-preview":"max-video-preview:-1"},"canonical":"https:\/\/www.audacieuse-galerie.ch\/de\/produit\/lip-sync-for-your-life-show-must-go-on-2\/","og_locale":"de_DE","og_type":"article","og_title":"Lippensynchronisation f\u00fcr Ihr Leben - Show must go on - Audacieuse-Galerie","og_description":"Lippensynchronisation f\u00fcr Ihr Leben - Show must go on - Audacieuse-Galerie","og_url":"https:\/\/www.audacieuse-galerie.ch\/de\/produit\/lip-sync-for-your-life-show-must-go-on-2\/","og_site_name":"Audacieuse-Galerie","article_publisher":"https:\/\/www.facebook.com\/audacieuse.galerie","article_modified_time":"2025-06-07T12:47:02+00:00","og_image":[{"width":1000,"height":667,"url":"https:\/\/www.audacieuse-galerie.ch\/wp-content\/uploads\/2019\/10\/678-Lip-sync-for-your-life-Show-must-go-on.jpg","type":"image\/jpeg"}],"twitter_card":"summary_large_image","schema":{"@context":"https:\/\/schema.org","@graph":[{"@type":"ImageObject","inLanguage":"de","@id":"https:\/\/www.audacieuse-galerie.ch\/de\/produit\/lip-sync-for-your-life-show-must-go-on-2\/#primaryimage","url":"https:\/\/www.audacieuse-galerie.ch\/wp-content\/uploads\/2019\/10\/678-Lip-sync-for-your-life-Show-must-go-on.jpg","contentUrl":"https:\/\/www.audacieuse-galerie.ch\/wp-content\/uploads\/2019\/10\/678-Lip-sync-for-your-life-Show-must-go-on.jpg","width":1000,"height":667,"caption":"Lippensynchronisation f\u00fcr Ihr Leben - Show must go on"}]}},"jetpack_publicize_connections":[],"_links":{"self":[{"href":"https:\/\/www.audacieuse-galerie.ch\/de\/wp-json\/wp\/v2\/product\/52090","targetHints":{"allow":["GET"]}}],"collection":[{"href":"https:\/\/www.audacieuse-galerie.ch\/de\/wp-json\/wp\/v2\/product"}],"about":[{"href":"https:\/\/www.audacieuse-galerie.ch\/de\/wp-json\/wp\/v2\/types\/product"}],"replies":[{"embeddable":true,"href":"https:\/\/www.audacieuse-galerie.ch\/de\/wp-json\/wp\/v2\/comments?post=52090"}],"version-history":[{"count":0,"href":"https:\/\/www.audacieuse-galerie.ch\/de\/wp-json\/wp\/v2\/product\/52090\/revisions"}],"wp:featuredmedia":[{"embeddable":true,"href":"https:\/\/www.audacieuse-galerie.ch\/de\/wp-json\/wp\/v2\/media\/52046"}],"wp:attachment":[{"href":"https:\/\/www.audacieuse-galerie.ch\/de\/wp-json\/wp\/v2\/media?parent=52090"}],"wp:term":[{"taxonomy":"product_brand","embeddable":true,"href":"https:\/\/www.audacieuse-galerie.ch\/de\/wp-json\/wp\/v2\/product_brand?post=52090"},{"taxonomy":"product_cat","embeddable":true,"href":"https:\/\/www.audacieuse-galerie.ch\/de\/wp-json\/wp\/v2\/product_cat?post=52090"},{"taxonomy":"product_tag","embeddable":true,"href":"https:\/\/www.audacieuse-galerie.ch\/de\/wp-json\/wp\/v2\/product_tag?post=52090"}],"curies":[{"name":"wp","href":"https:\/\/api.w.org\/{rel}","templated":true}]}}