{"id":52438,"date":"2019-10-17T15:49:12","date_gmt":"2019-10-17T13:49:12","guid":{"rendered":"https:\/\/woo.audacieuse-galerie.ch\/produit\/lip-sync-for-your-life-on-stage-2\/"},"modified":"2025-06-07T14:47:00","modified_gmt":"2025-06-07T12:47:00","slug":"lip-sync-for-your-life-on-stage-2","status":"publish","type":"product","link":"https:\/\/www.audacieuse-galerie.ch\/de\/produit\/lip-sync-for-your-life-on-stage-2\/","title":{"rendered":"Lippensynchronisation f\u00fcr Ihr Leben \u2013 Auf der B\u00fchne"},"content":{"rendered":"<p>Das Erscheinen dieser Figur, die das Bild &#8222;frisst&#8220; und sich vollst\u00e4ndig im Bild wiederfindet, zeigt uns jemanden, der neutral ist. Ihr Kost\u00fcm und ihr halb ausgeschnittenes Gesicht geben uns nicht wirklich Auskunft \u00fcber das Genre und lassen uns daher sehen, wen wir wollen. Farben sind sehr wichtig und bringen das Bild in die Sph\u00e4re des Spektakels und der Repr\u00e4sentation.<\/p><\/p>\n","protected":false},"excerpt":{"rendered":"<p>Das Erscheinen dieser Figur, die das Bild &#8222;frisst&#8220; und sich vollst\u00e4ndig im Bild wiederfindet, zeigt uns jemanden, der neutral ist.<\/p>\n","protected":false},"featured_media":52373,"comment_status":"open","ping_status":"closed","template":"","meta":{"_glsr_average":0,"_glsr_ranking":0,"_glsr_reviews":0,"jetpack_publicize_message":"","jetpack_publicize_feature_enabled":true,"jetpack_social_post_already_shared":true,"jetpack_social_options":{"image_generator_settings":{"template":"highway","default_image_id":0,"font":"","enabled":false},"version":2}},"product_brand":[],"product_cat":[111,2232,153,108,132],"product_tag":[],"class_list":{"0":"post-52438","1":"product","2":"type-product","3":"status-publish","4":"has-post-thumbnail","6":"product_cat-farben","7":"product_cat-fotografin-manon-boyer","8":"product_cat-grafik","9":"product_cat-mensch","10":"product_cat-portraets","11":"pa_dimensions-40x60cm-de","12":"pa_dimensions-50x65cm-de","13":"pa_dimensions-60x90cm-de","14":"pa_encadrements-dunklesholz-de","15":"pa_encadrements-farben-de","16":"pa_encadrements-grau-de","17":"pa_encadrements-hellesholz-de","18":"pa_encadrements-keinen-de","19":"pa_encadrements-schwarz-de","20":"pa_encadrements-weiss-de","21":"pa_oeuvresnumerotees_limitees-15exemplaren-de","22":"pa_papiers-satinbarytpapier-de","23":"pa_protectionfinitionsupport-druckunterglasacrylglass-de","24":"pa_protectionfinitionsupport-20-kunstpapieraufdibondr_alu-de","25":"pa_protectionfinitionsupport-e4-kunstpapieraufholzplatteu-de","26":"pa_techniquesphotographiques-farbe-de","27":"pa_themesphotographiques-grafik-de","28":"pa_themesphotographiques-mensch-de","29":"pa_themesphotographiques-portrat-de","31":"first","32":"instock","33":"taxable","34":"shipping-taxable","35":"purchasable","36":"product-type-variable","37":"has-default-attributes"},"yoast_head":"<!-- This site is optimized with the Yoast SEO plugin v27.4 - https:\/\/yoast.com\/product\/yoast-seo-wordpress\/ -->\n<title>Lippensynchronisation f\u00fcr Ihr Leben - Auf der B\u00fchne - Audacieuse-Galerie<\/title>\n<meta name=\"description\" content=\"Lippensynchronisation f\u00fcr Ihr Leben - Auf der B\u00fchne - Audacieuse-Galerie\" \/>\n<meta name=\"robots\" content=\"index, follow, max-snippet:-1, max-image-preview:large, max-video-preview:-1\" \/>\n<link rel=\"canonical\" href=\"https:\/\/www.audacieuse-galerie.ch\/de\/produit\/lip-sync-for-your-life-on-stage-2\/\" \/>\n<meta property=\"og:locale\" content=\"de_DE\" \/>\n<meta property=\"og:type\" content=\"article\" \/>\n<meta property=\"og:title\" content=\"Lippensynchronisation f\u00fcr Ihr Leben - Auf der B\u00fchne - Audacieuse-Galerie\" \/>\n<meta property=\"og:description\" content=\"Lippensynchronisation f\u00fcr Ihr Leben - Auf der B\u00fchne - Audacieuse-Galerie\" \/>\n<meta property=\"og:url\" content=\"https:\/\/www.audacieuse-galerie.ch\/de\/produit\/lip-sync-for-your-life-on-stage-2\/\" \/>\n<meta property=\"og:site_name\" content=\"Audacieuse-Galerie\" \/>\n<meta property=\"article:publisher\" content=\"https:\/\/www.facebook.com\/audacieuse.galerie\" \/>\n<meta property=\"article:modified_time\" content=\"2025-06-07T12:47:00+00:00\" \/>\n<meta property=\"og:image\" content=\"https:\/\/www.audacieuse-galerie.ch\/wp-content\/uploads\/2019\/10\/680-Lip-sync-for-your-life-On-stage.jpg\" \/>\n\t<meta property=\"og:image:width\" content=\"1000\" \/>\n\t<meta property=\"og:image:height\" content=\"667\" \/>\n\t<meta property=\"og:image:type\" content=\"image\/jpeg\" \/>\n<meta name=\"twitter:card\" content=\"summary_large_image\" \/>\n<script type=\"application\/ld+json\" class=\"yoast-schema-graph\">{\"@context\":\"https:\\\/\\\/schema.org\",\"@graph\":[{\"@type\":\"ImageObject\",\"inLanguage\":\"de\",\"@id\":\"https:\\\/\\\/www.audacieuse-galerie.ch\\\/de\\\/produit\\\/lip-sync-for-your-life-on-stage-2\\\/#primaryimage\",\"url\":\"https:\\\/\\\/www.audacieuse-galerie.ch\\\/wp-content\\\/uploads\\\/2019\\\/10\\\/680-Lip-sync-for-your-life-On-stage.jpg\",\"contentUrl\":\"https:\\\/\\\/www.audacieuse-galerie.ch\\\/wp-content\\\/uploads\\\/2019\\\/10\\\/680-Lip-sync-for-your-life-On-stage.jpg\",\"width\":1000,\"height\":667,\"caption\":\"Lippensynchronisation f\u00fcr Ihr Leben - Auf der B\u00fchne\"}]}<\/script>\n<!-- \/ Yoast SEO plugin. -->","yoast_head_json":{"title":"Lippensynchronisation f\u00fcr Ihr Leben - Auf der B\u00fchne - Audacieuse-Galerie","description":"Lippensynchronisation f\u00fcr Ihr Leben - Auf der B\u00fchne - Audacieuse-Galerie","robots":{"index":"index","follow":"follow","max-snippet":"max-snippet:-1","max-image-preview":"max-image-preview:large","max-video-preview":"max-video-preview:-1"},"canonical":"https:\/\/www.audacieuse-galerie.ch\/de\/produit\/lip-sync-for-your-life-on-stage-2\/","og_locale":"de_DE","og_type":"article","og_title":"Lippensynchronisation f\u00fcr Ihr Leben - Auf der B\u00fchne - Audacieuse-Galerie","og_description":"Lippensynchronisation f\u00fcr Ihr Leben - Auf der B\u00fchne - Audacieuse-Galerie","og_url":"https:\/\/www.audacieuse-galerie.ch\/de\/produit\/lip-sync-for-your-life-on-stage-2\/","og_site_name":"Audacieuse-Galerie","article_publisher":"https:\/\/www.facebook.com\/audacieuse.galerie","article_modified_time":"2025-06-07T12:47:00+00:00","og_image":[{"width":1000,"height":667,"url":"https:\/\/www.audacieuse-galerie.ch\/wp-content\/uploads\/2019\/10\/680-Lip-sync-for-your-life-On-stage.jpg","type":"image\/jpeg"}],"twitter_card":"summary_large_image","schema":{"@context":"https:\/\/schema.org","@graph":[{"@type":"ImageObject","inLanguage":"de","@id":"https:\/\/www.audacieuse-galerie.ch\/de\/produit\/lip-sync-for-your-life-on-stage-2\/#primaryimage","url":"https:\/\/www.audacieuse-galerie.ch\/wp-content\/uploads\/2019\/10\/680-Lip-sync-for-your-life-On-stage.jpg","contentUrl":"https:\/\/www.audacieuse-galerie.ch\/wp-content\/uploads\/2019\/10\/680-Lip-sync-for-your-life-On-stage.jpg","width":1000,"height":667,"caption":"Lippensynchronisation f\u00fcr Ihr Leben - Auf der B\u00fchne"}]}},"jetpack_publicize_connections":[],"_links":{"self":[{"href":"https:\/\/www.audacieuse-galerie.ch\/de\/wp-json\/wp\/v2\/product\/52438","targetHints":{"allow":["GET"]}}],"collection":[{"href":"https:\/\/www.audacieuse-galerie.ch\/de\/wp-json\/wp\/v2\/product"}],"about":[{"href":"https:\/\/www.audacieuse-galerie.ch\/de\/wp-json\/wp\/v2\/types\/product"}],"replies":[{"embeddable":true,"href":"https:\/\/www.audacieuse-galerie.ch\/de\/wp-json\/wp\/v2\/comments?post=52438"}],"version-history":[{"count":0,"href":"https:\/\/www.audacieuse-galerie.ch\/de\/wp-json\/wp\/v2\/product\/52438\/revisions"}],"wp:featuredmedia":[{"embeddable":true,"href":"https:\/\/www.audacieuse-galerie.ch\/de\/wp-json\/wp\/v2\/media\/52373"}],"wp:attachment":[{"href":"https:\/\/www.audacieuse-galerie.ch\/de\/wp-json\/wp\/v2\/media?parent=52438"}],"wp:term":[{"taxonomy":"product_brand","embeddable":true,"href":"https:\/\/www.audacieuse-galerie.ch\/de\/wp-json\/wp\/v2\/product_brand?post=52438"},{"taxonomy":"product_cat","embeddable":true,"href":"https:\/\/www.audacieuse-galerie.ch\/de\/wp-json\/wp\/v2\/product_cat?post=52438"},{"taxonomy":"product_tag","embeddable":true,"href":"https:\/\/www.audacieuse-galerie.ch\/de\/wp-json\/wp\/v2\/product_tag?post=52438"}],"curies":[{"name":"wp","href":"https:\/\/api.w.org\/{rel}","templated":true}]}}