{"id":52633,"date":"2019-10-17T16:09:07","date_gmt":"2019-10-17T14:09:07","guid":{"rendered":"https:\/\/woo.audacieuse-galerie.ch\/produit\/the-gate-2\/"},"modified":"2025-06-07T14:47:37","modified_gmt":"2025-06-07T12:47:37","slug":"the-gate-2","status":"publish","type":"product","link":"https:\/\/www.audacieuse-galerie.ch\/de\/produit\/the-gate-2\/","title":{"rendered":"Das Tor"},"content":{"rendered":"<p>Dieses Bild stellt einen doppelten Eingang dar, der als Metapher f\u00fcr die Geschlechtsidentit\u00e4t dient, ein Portal, das den Zugang zu einer freieren und einfacheren Welt ohne Regeln, Zw\u00e4nge oder Urteile erm\u00f6glichen k\u00f6nnte. Jeder hat die Wahl zu entscheiden, wer er sein wird und wie er aussehen wird, und hat auch die M\u00f6glichkeit, keine Worte zu fassen und zu w\u00e4hlen, ob er mehrere Welten auf einmal oder gar keine erschaffen m\u00f6chte. Die T\u00fcr \u00f6ffnet sich zu einer wahren Freiheit der Identit\u00e4t, einem unendlichen \u00dcbergang vom Schatten zum Licht.<\/p>\n","protected":false},"excerpt":{"rendered":"<p>Dieses Bild stellt einen doppelten Eingang dar, der als Metapher f\u00fcr die Geschlechtsidentit\u00e4t dient, ein Portal, das den Zugang zu einer freieren und einfacheren Welt ohne Regeln, Zw\u00e4nge oder Urteile erm\u00f6glichen k\u00f6nnte.<\/p>\n","protected":false},"featured_media":52568,"comment_status":"open","ping_status":"closed","template":"","meta":{"_glsr_average":0,"_glsr_ranking":0,"_glsr_reviews":0,"jetpack_publicize_message":"","jetpack_publicize_feature_enabled":true,"jetpack_social_post_already_shared":true,"jetpack_social_options":{"image_generator_settings":{"template":"highway","default_image_id":0,"font":"","enabled":false},"version":2}},"product_brand":[],"product_cat":[222,111,2232,228,240,234],"product_tag":[],"class_list":{"0":"post-52633","1":"product","2":"type-product","3":"status-publish","4":"has-post-thumbnail","6":"product_cat-europa","7":"product_cat-farben","8":"product_cat-fotografin-manon-boyer","9":"product_cat-innen","10":"product_cat-landschaftsbilder","11":"product_cat-staedtisch","12":"pa_dimensions-40x60cm-de","13":"pa_dimensions-50x65cm-de","14":"pa_dimensions-60x90cm-de","15":"pa_encadrements-dunklesholz-de","16":"pa_encadrements-farben-de","17":"pa_encadrements-grau-de","18":"pa_encadrements-hellesholz-de","19":"pa_encadrements-keinen-de","20":"pa_encadrements-schwarz-de","21":"pa_encadrements-weiss-de","22":"pa_oeuvresnumerotees_limitees-15exemplaren-de","23":"pa_papiers-satinbarytpapier-de","24":"pa_protectionfinitionsupport-druckunterglasacrylglass-de","25":"pa_protectionfinitionsupport-20-kunstpapieraufdibondr_alu-de","26":"pa_protectionfinitionsupport-e4-kunstpapieraufholzplatteu-de","27":"pa_techniquesphotographiques-farbe-de","28":"pa_themesphotographiques-architektur-de","29":"pa_themesphotographiques-europa-de","30":"pa_themesphotographiques-innen-de","31":"pa_themesphotographiques-landschaft-de","32":"pa_themesphotographiques-stadtisch-de","34":"first","35":"instock","36":"taxable","37":"shipping-taxable","38":"purchasable","39":"product-type-variable","40":"has-default-attributes"},"yoast_head":"<!-- This site is optimized with the Yoast SEO plugin v27.4 - https:\/\/yoast.com\/product\/yoast-seo-wordpress\/ -->\n<title>Das Tor - Audacieuse-Galerie<\/title>\n<meta name=\"description\" content=\"Das Tor - Audacieuse-Galerie\" \/>\n<meta name=\"robots\" content=\"index, follow, max-snippet:-1, max-image-preview:large, max-video-preview:-1\" \/>\n<link rel=\"canonical\" href=\"https:\/\/www.audacieuse-galerie.ch\/de\/produit\/the-gate-2\/\" \/>\n<meta property=\"og:locale\" content=\"de_DE\" \/>\n<meta property=\"og:type\" content=\"article\" \/>\n<meta property=\"og:title\" content=\"Das Tor - Audacieuse-Galerie\" \/>\n<meta property=\"og:description\" content=\"Das Tor - Audacieuse-Galerie\" \/>\n<meta property=\"og:url\" content=\"https:\/\/www.audacieuse-galerie.ch\/de\/produit\/the-gate-2\/\" \/>\n<meta property=\"og:site_name\" content=\"Audacieuse-Galerie\" \/>\n<meta property=\"article:publisher\" content=\"https:\/\/www.facebook.com\/audacieuse.galerie\" \/>\n<meta property=\"article:modified_time\" content=\"2025-06-07T12:47:37+00:00\" \/>\n<meta property=\"og:image\" content=\"https:\/\/www.audacieuse-galerie.ch\/wp-content\/uploads\/2019\/10\/681-The-gate.jpg\" \/>\n\t<meta property=\"og:image:width\" content=\"667\" \/>\n\t<meta property=\"og:image:height\" content=\"1000\" \/>\n\t<meta property=\"og:image:type\" content=\"image\/jpeg\" \/>\n<meta name=\"twitter:card\" content=\"summary_large_image\" \/>\n<script type=\"application\/ld+json\" class=\"yoast-schema-graph\">{\"@context\":\"https:\\\/\\\/schema.org\",\"@graph\":[{\"@type\":\"ImageObject\",\"inLanguage\":\"de\",\"@id\":\"https:\\\/\\\/www.audacieuse-galerie.ch\\\/de\\\/produit\\\/the-gate-2\\\/#primaryimage\",\"url\":\"https:\\\/\\\/www.audacieuse-galerie.ch\\\/wp-content\\\/uploads\\\/2019\\\/10\\\/681-The-gate.jpg\",\"contentUrl\":\"https:\\\/\\\/www.audacieuse-galerie.ch\\\/wp-content\\\/uploads\\\/2019\\\/10\\\/681-The-gate.jpg\",\"width\":667,\"height\":1000,\"caption\":\"Das Tor\"}]}<\/script>\n<!-- \/ Yoast SEO plugin. -->","yoast_head_json":{"title":"Das Tor - Audacieuse-Galerie","description":"Das Tor - Audacieuse-Galerie","robots":{"index":"index","follow":"follow","max-snippet":"max-snippet:-1","max-image-preview":"max-image-preview:large","max-video-preview":"max-video-preview:-1"},"canonical":"https:\/\/www.audacieuse-galerie.ch\/de\/produit\/the-gate-2\/","og_locale":"de_DE","og_type":"article","og_title":"Das Tor - Audacieuse-Galerie","og_description":"Das Tor - Audacieuse-Galerie","og_url":"https:\/\/www.audacieuse-galerie.ch\/de\/produit\/the-gate-2\/","og_site_name":"Audacieuse-Galerie","article_publisher":"https:\/\/www.facebook.com\/audacieuse.galerie","article_modified_time":"2025-06-07T12:47:37+00:00","og_image":[{"width":667,"height":1000,"url":"https:\/\/www.audacieuse-galerie.ch\/wp-content\/uploads\/2019\/10\/681-The-gate.jpg","type":"image\/jpeg"}],"twitter_card":"summary_large_image","schema":{"@context":"https:\/\/schema.org","@graph":[{"@type":"ImageObject","inLanguage":"de","@id":"https:\/\/www.audacieuse-galerie.ch\/de\/produit\/the-gate-2\/#primaryimage","url":"https:\/\/www.audacieuse-galerie.ch\/wp-content\/uploads\/2019\/10\/681-The-gate.jpg","contentUrl":"https:\/\/www.audacieuse-galerie.ch\/wp-content\/uploads\/2019\/10\/681-The-gate.jpg","width":667,"height":1000,"caption":"Das Tor"}]}},"jetpack_publicize_connections":[],"_links":{"self":[{"href":"https:\/\/www.audacieuse-galerie.ch\/de\/wp-json\/wp\/v2\/product\/52633","targetHints":{"allow":["GET"]}}],"collection":[{"href":"https:\/\/www.audacieuse-galerie.ch\/de\/wp-json\/wp\/v2\/product"}],"about":[{"href":"https:\/\/www.audacieuse-galerie.ch\/de\/wp-json\/wp\/v2\/types\/product"}],"replies":[{"embeddable":true,"href":"https:\/\/www.audacieuse-galerie.ch\/de\/wp-json\/wp\/v2\/comments?post=52633"}],"version-history":[{"count":0,"href":"https:\/\/www.audacieuse-galerie.ch\/de\/wp-json\/wp\/v2\/product\/52633\/revisions"}],"wp:featuredmedia":[{"embeddable":true,"href":"https:\/\/www.audacieuse-galerie.ch\/de\/wp-json\/wp\/v2\/media\/52568"}],"wp:attachment":[{"href":"https:\/\/www.audacieuse-galerie.ch\/de\/wp-json\/wp\/v2\/media?parent=52633"}],"wp:term":[{"taxonomy":"product_brand","embeddable":true,"href":"https:\/\/www.audacieuse-galerie.ch\/de\/wp-json\/wp\/v2\/product_brand?post=52633"},{"taxonomy":"product_cat","embeddable":true,"href":"https:\/\/www.audacieuse-galerie.ch\/de\/wp-json\/wp\/v2\/product_cat?post=52633"},{"taxonomy":"product_tag","embeddable":true,"href":"https:\/\/www.audacieuse-galerie.ch\/de\/wp-json\/wp\/v2\/product_tag?post=52633"}],"curies":[{"name":"wp","href":"https:\/\/api.w.org\/{rel}","templated":true}]}}